{"id":102574,"date":"2026-05-04T06:59:00","date_gmt":"2026-05-04T09:59:00","guid":{"rendered":"https:\/\/www.hediyepazar.com\/?product=turk-katlanabilir-mini-canta-aynasi-2-li-set"},"modified":"2026-05-04T06:59:00","modified_gmt":"2026-05-04T09:59:00","slug":"turk-katlanabilir-mini-canta-aynasi-2-li-set","status":"publish","type":"product","link":"https:\/\/www.hediyepazar.com\/?product=turk-katlanabilir-mini-canta-aynasi-2-li-set","title":{"rendered":"Turk Katlanabilir Mini \u00c7anta Aynas\u0131 2 li SET"},"content":{"rendered":"<p>\t<strong>\u00dcr\u00fcn \u00d6zellikleri : <\/strong><\/p>\n<p>\t<strong>Materyal : Cam + Plastik d\u0131\u015f y\u00fczey\u00a0<\/strong><\/p>\n<p>\t<strong>Adet \/ Renk \/ Tasar\u0131m : 2\u00a0<\/strong>Adet (\u00c7ANTA \u00dcR\u00dcNE DAH\u0130L DE\u011e\u0130LD\u0130R. ) ,\u00a0 resimde yer alan S\u0130YAH rengi, s\u00fcrpriz ya\u015famaman\u0131z i\u00e7in birebir g\u00f6nderiyoruz<\/p>\n<p>\t<strong>\u00d6l\u00e7\u00fcler :\u00a0<\/strong>Mini boy *\u00a0<strong style=\"box-sizing: border-box; color: rgb(0, 0, 0); font-family: \"Source Sans Pro\", sans-serif; font-size: 14px; background-color: rgb(248, 248, 248);\">6.3 CM \u00e7ap\u0131nda<\/strong><\/p>\n<p>\t<strong>GEN\u0130\u015e KULLANIM ALANI : Hem Bayan hem erkek kullanabilir, S\u0130YAH renkte Unisex tasar\u0131m . Bu kompakt ta\u015f\u0131nabilir aynalar, seyahat cilt kontrol\u00fc, g\u00fczellik bak\u0131m\u0131 ve daha fazlas\u0131na ek olarak makyaj yapmak, sa\u00e7 modelleri tasarlamak, g\u00fcnl\u00fck ki\u015fisel cilt bak\u0131m\u0131 veya kullan\u0131\u015fl\u0131 aksesuarlar yapmak gibi \u00e7e\u015fitli g\u00fcnl\u00fck durumlarda uygulanabilir.<\/strong><\/p>\n<p>\t<strong>K\u00dc\u00c7\u00dcK BOYUTLU : <\/strong>Mini boy *\u00a0<strong style=\"box-sizing: border-box; color: rgb(0, 0, 0); font-family: \"Source Sans Pro\", sans-serif; font-size: 14px; background-color: rgb(248, 248, 248);\">6.3 CM \u00e7ap\u0131nda<\/strong><strong>\u00a0<\/strong>* ve hafif, ta\u015f\u0131mas\u0131 kolay, kozmetik \u00e7antan\u0131zda veya bayan s\u0131rt \u00e7antan\u0131zda saklanabilir, size \u00e7ok kolayl\u0131k sa\u011flarken az yer kaplar.<\/p>\n<p>\t<strong>\u0130NCE \u0130\u015e\u00c7\u0130L\u0130K : Kaliteli plastik d\u0131\u015f y\u00fczey ve ger\u00e7ek cam<\/strong> malzemeden \u00fcretilmi\u015ftir ve g\u00fcvenilirdir, k\u0131r\u0131lmas\u0131 veya solmas\u0131 kolay de\u011fildir, renkler uzun s\u00fcre dayan\u0131r;<\/p>\n<p>\t<strong>KATLANAB\u0130L\u0130R TASARIM : <\/strong>Kapak ayna y\u00fczeyindeki tozu \u00f6nler, sivri nesneleri izole eder ve aynan\u0131n kullan\u0131m \u00f6mr\u00fcn\u00fc uzat\u0131r.<\/p>\n<p>\t<strong>M\u00dcKEMMEL SATI\u015e SONRASI H\u0130ZMET : <\/strong>Turk \/ Turk olarak m\u00fc\u015fterilerimize en iyi hizmeti sunmay\u0131 ama\u00e7l\u0131yor, g\u00fcvenle sat\u0131n alabilmeniz i\u00e7in, ambalaj kalitemize g\u00fcveniyor, her \u00fcr\u00fcn sorunsuz teslimat i\u00e7in \u00f6zenle paketliyor ve resimde belirtilen renk, ebat, \u00f6zelikte \u00fcr\u00fcn g\u00f6ndermeyi taahh\u00fct ediyoruz. Hasarl\u0131 \u00fcr\u00fcn ald\u0131ysan\u0131z veya di\u011fer \u00fcr\u00fcn ve paket teslimat sorunlar\u0131 oldu\u011funda bizimle ileti\u015fime ge\u00e7mekten \u00e7ekinmeyin.<\/p>\n<p>\t\u00a0<\/p>\n<p>\t<strong>Detayl\u0131 bilgi i\u00e7in ek resimleri inceleyebilirsiniz<\/strong><\/p>\n<p><\/p>\n<p>\t<strong><strong> <\/strong><\/strong><\/p>\n<p>\t\u00a0<\/p>\n","protected":false},"excerpt":{"rendered":"<p>\u00dcr\u00fcn \u00d6zellikleri : Materyal : Cam + Plastik d\u0131\u015f y\u00fczey\u00a0 Adet \/ Renk \/ Tasar\u0131m : 2\u00a0Adet (\u00c7ANTA \u00dcR\u00dcNE DAH\u0130L DE\u011e\u0130LD\u0130R. ) ,\u00a0 resimde yer alan S\u0130YAH rengi, s\u00fcrpriz ya\u015famaman\u0131z i\u00e7in birebir g\u00f6nderiyoruz \u00d6l\u00e7\u00fcler :\u00a0Mini boy *\u00a06.3 CM \u00e7ap\u0131nda GEN\u0130\u015e KULLANIM ALANI : Hem Bayan hem erkek kullanabilir, S\u0130YAH renkte Unisex tasar\u0131m . Bu kompakt&#8230;<\/p>\n","protected":false},"featured_media":102573,"comment_status":"open","ping_status":"closed","template":"","meta":{"_kad_post_transparent":"","_kad_post_title":"","_kad_post_layout":"","_kad_post_sidebar_id":"","_kad_post_content_style":"","_kad_post_vertical_padding":"","_kad_post_feature":"","_kad_post_feature_position":"","_kad_post_header":false,"_kad_post_footer":false,"_kad_post_classname":""},"product_brand":[],"product_cat":[14357],"product_tag":[],"class_list":{"0":"post-102574","1":"product","2":"type-product","3":"status-publish","4":"has-post-thumbnail","6":"product_cat-makyaj-organizeri-makyaj-kozmetik-makyaj-organizeri-makyaj-kozmetik","8":"first","9":"instock","10":"purchasable","11":"product-type-simple","12":"entry","13":"content-bg","14":"loop-entry"},"_links":{"self":[{"href":"https:\/\/www.hediyepazar.com\/index.php?rest_route=\/wp\/v2\/product\/102574","targetHints":{"allow":["GET"]}}],"collection":[{"href":"https:\/\/www.hediyepazar.com\/index.php?rest_route=\/wp\/v2\/product"}],"about":[{"href":"https:\/\/www.hediyepazar.com\/index.php?rest_route=\/wp\/v2\/types\/product"}],"replies":[{"embeddable":true,"href":"https:\/\/www.hediyepazar.com\/index.php?rest_route=%2Fwp%2Fv2%2Fcomments&post=102574"}],"wp:featuredmedia":[{"embeddable":true,"href":"https:\/\/www.hediyepazar.com\/index.php?rest_route=\/wp\/v2\/media\/102573"}],"wp:attachment":[{"href":"https:\/\/www.hediyepazar.com\/index.php?rest_route=%2Fwp%2Fv2%2Fmedia&parent=102574"}],"wp:term":[{"taxonomy":"product_brand","embeddable":true,"href":"https:\/\/www.hediyepazar.com\/index.php?rest_route=%2Fwp%2Fv2%2Fproduct_brand&post=102574"},{"taxonomy":"product_cat","embeddable":true,"href":"https:\/\/www.hediyepazar.com\/index.php?rest_route=%2Fwp%2Fv2%2Fproduct_cat&post=102574"},{"taxonomy":"product_tag","embeddable":true,"href":"https:\/\/www.hediyepazar.com\/index.php?rest_route=%2Fwp%2Fv2%2Fproduct_tag&post=102574"}],"curies":[{"name":"wp","href":"https:\/\/api.w.org\/{rel}","templated":true}]}}