{"id":102578,"date":"2026-05-04T06:59:08","date_gmt":"2026-05-04T09:59:08","guid":{"rendered":"https:\/\/www.hediyepazar.com\/?product=turk-5-girisli-priz-cogaltici"},"modified":"2026-05-04T06:59:08","modified_gmt":"2026-05-04T09:59:08","slug":"turk-5-girisli-priz-cogaltici","status":"publish","type":"product","link":"https:\/\/www.hediyepazar.com\/?product=turk-5-girisli-priz-cogaltici","title":{"rendered":"Turk 5 Giri\u015fli Priz \u00c7o\u011falt\u0131c\u0131"},"content":{"rendered":"<p>\n\t<strong>\u00dcr\u00fcn \u00d6zellikleri : <\/strong><\/p>\n<p>\t<strong>Adet \/ Renk \/ Tasar\u0131m : <\/strong> 1 Adet, HSNET Design olarak tasarlad\u0131\u011f\u0131m\u0131z, resimde yer alan \u00fcr\u00fcn\u00fc, s\u00fcrpriz ya\u015famaman\u0131z i\u00e7in birebir g\u00f6nderiyoruz<\/p>\n<p>\tBenzersiz Tasar\u0131m. 1 Duvara tak\u0131lan ana g\u00fc\u00e7 giri\u015finden 5 tane \u00e7\u0131k\u0131\u015f sa\u011flars\u0131n\u0131z.\u00a0<\/p>\n<p>\n\tTV, \u015earj, lamba vb birden fazla elektrikli cihaz\u0131 ayn\u0131 anda ba\u011flamak i\u00e7in \u00e7ok uygundur|<br \/>\n\tPratik tasar\u0131m: Pratik tasar\u0131m\u0131 sayesinde ula\u015f\u0131lmas\u0131 zor veya dar alanlar i\u00e7in m\u00fckemmeldir.<\/p>\n<p>\n\tD\u0130KKAT: Birden fazla y\u00fcksek \u0131s\u0131 \u00e7eken malzemeleri takmay\u0131n\u00a0<\/p>\n<p>\n\t<strong>M\u00dcKEMMEL SATI\u015e SONRASI H\u0130ZMET : <\/strong>HSNET \/ HSNET olarak m\u00fc\u015fterilerimize en iyi hizmeti sunmay\u0131 ama\u00e7l\u0131yor, g\u00fcvenle sat\u0131n alabilmeniz i\u00e7in, ambalaj kalitemize g\u00fcveniyor, her \u00fcr\u00fcn sorunsuz teslimat i\u00e7in \u00f6zenle paketliyor ve resimde belirtilen renk, ebat, \u00f6zelikte \u00fcr\u00fcn g\u00f6ndermeyi taahh\u00fct ediyoruz. Hasarl\u0131 \u00fcr\u00fcn ald\u0131ysan\u0131z veya di\u011fer \u00fcr\u00fcn ve paket teslimat sorunlar\u0131 oldu\u011funda bizimle ileti\u015fime ge\u00e7mekten \u00e7ekinmeyin.<\/p>\n","protected":false},"excerpt":{"rendered":"<p>\u00dcr\u00fcn \u00d6zellikleri : Adet \/ Renk \/ Tasar\u0131m : 1 Adet, HSNET Design olarak tasarlad\u0131\u011f\u0131m\u0131z, resimde yer alan \u00fcr\u00fcn\u00fc, s\u00fcrpriz ya\u015famaman\u0131z i\u00e7in birebir g\u00f6nderiyoruz Benzersiz Tasar\u0131m. 1 Duvara tak\u0131lan ana g\u00fc\u00e7 giri\u015finden 5 tane \u00e7\u0131k\u0131\u015f sa\u011flars\u0131n\u0131z.\u00a0 TV, \u015earj, lamba vb birden fazla elektrikli cihaz\u0131 ayn\u0131 anda ba\u011flamak i\u00e7in \u00e7ok uygundur| Pratik tasar\u0131m: Pratik tasar\u0131m\u0131 sayesinde&#8230;<\/p>\n","protected":false},"featured_media":102577,"comment_status":"open","ping_status":"closed","template":"","meta":{"_kad_post_transparent":"","_kad_post_title":"","_kad_post_layout":"","_kad_post_sidebar_id":"","_kad_post_content_style":"","_kad_post_vertical_padding":"","_kad_post_feature":"","_kad_post_feature_position":"","_kad_post_header":false,"_kad_post_footer":false,"_kad_post_classname":""},"product_brand":[],"product_cat":[14429],"product_tag":[],"class_list":{"0":"post-102578","1":"product","2":"type-product","3":"status-publish","4":"has-post-thumbnail","6":"product_cat-elektrik-tesisat-malzemeleri-yapi-market-bahce-yapi-market-ev-yasam-elektrik-ekipmanlari","8":"first","9":"instock","10":"purchasable","11":"product-type-simple","12":"entry","13":"content-bg","14":"loop-entry"},"_links":{"self":[{"href":"https:\/\/www.hediyepazar.com\/index.php?rest_route=\/wp\/v2\/product\/102578","targetHints":{"allow":["GET"]}}],"collection":[{"href":"https:\/\/www.hediyepazar.com\/index.php?rest_route=\/wp\/v2\/product"}],"about":[{"href":"https:\/\/www.hediyepazar.com\/index.php?rest_route=\/wp\/v2\/types\/product"}],"replies":[{"embeddable":true,"href":"https:\/\/www.hediyepazar.com\/index.php?rest_route=%2Fwp%2Fv2%2Fcomments&post=102578"}],"wp:featuredmedia":[{"embeddable":true,"href":"https:\/\/www.hediyepazar.com\/index.php?rest_route=\/wp\/v2\/media\/102577"}],"wp:attachment":[{"href":"https:\/\/www.hediyepazar.com\/index.php?rest_route=%2Fwp%2Fv2%2Fmedia&parent=102578"}],"wp:term":[{"taxonomy":"product_brand","embeddable":true,"href":"https:\/\/www.hediyepazar.com\/index.php?rest_route=%2Fwp%2Fv2%2Fproduct_brand&post=102578"},{"taxonomy":"product_cat","embeddable":true,"href":"https:\/\/www.hediyepazar.com\/index.php?rest_route=%2Fwp%2Fv2%2Fproduct_cat&post=102578"},{"taxonomy":"product_tag","embeddable":true,"href":"https:\/\/www.hediyepazar.com\/index.php?rest_route=%2Fwp%2Fv2%2Fproduct_tag&post=102578"}],"curies":[{"name":"wp","href":"https:\/\/api.w.org\/{rel}","templated":true}]}}