{"id":102582,"date":"2026-05-04T06:59:15","date_gmt":"2026-05-04T09:59:15","guid":{"rendered":"https:\/\/www.hediyepazar.com\/?product=turk-12-adet-yapiskanli-sinek-kapani-74-cm"},"modified":"2026-05-04T06:59:15","modified_gmt":"2026-05-04T09:59:15","slug":"turk-12-adet-yapiskanli-sinek-kapani-74-cm","status":"publish","type":"product","link":"https:\/\/www.hediyepazar.com\/?product=turk-12-adet-yapiskanli-sinek-kapani-74-cm","title":{"rendered":"Turk 12 Adet Yap\u0131\u015fkanl\u0131 Sinek Kapan\u0131 74 cm"},"content":{"rendered":"<p>\t<strong>\u00dcr\u00fcn \u00d6zellikleri :\u00a0<\/strong><\/p>\n<p>\t<strong>Ne alacaks\u0131n\u0131z ? : 12 Adet\u00a0<\/strong><\/p>\n<p>\t<strong>\u00d6l\u00e7\u00fcler : <\/strong> 74 cm uzunluk &#8211; Ekran yan\u0131lmalar\u0131na kar\u015f\u0131 l\u00fctfen \u00f6l\u00e7\u00fcleri kar\u015f\u0131la\u015ft\u0131r\u0131n.<\/p>\n<p>\t<strong>GEN\u0130\u015e KULLANIM ALANI : Sinekleri \u00f6ld\u00fcrmek i\u00e7in ila\u00e7 veya sprey kullan\u0131m\u0131n\u0131n uygun olmad\u0131\u011f\u0131 yerler, bah\u00e7e,ev, mutfak akl\u0131n\u0131za gelebilecek her yer, a\u00e7\u0131k veya kapal\u0131 alan, (oteller, restoranlar, hastaneler, depolar) i\u00e7in uygundur. <\/strong><\/p>\n<p>\t<strong>\u00d6NE \u00c7IKAN \u00d6ZELL\u0130K : Yap\u0131\u015fkanl\u0131 ve \u00e7ok daha sa\u011flam tutmas\u0131 i\u00e7in raptiyeyle birlikte g\u00f6nderilir. <\/strong><\/p>\n<p>\t<strong>ZEH\u0130RL\u0130 OLMAYAN &#8211; KULLANIMI G\u00dcVENL\u0130 &#8211; <\/strong>Bu tuzaklar toksik de\u011fildir ve evinizin \u00e7evresinde bulundurman\u0131z g\u00fcvenlidir. Fiziksel tuzak hi\u00e7bir kimyasal i\u00e7erik i\u00e7ermez. Ailenizde hamile kad\u0131nlar ve \u00e7ocuklar olsa bile kullan\u0131n.<\/p>\n<p>\t<strong>\u00c7E\u015e\u0130TL\u0130 DURUMLAR \u0130\u00c7\u0130N UYGULANAB\u0130L\u0130R:<\/strong> Sinekleri \u00f6ld\u00fcrmek i\u00e7in ila\u00e7 veya sprey kullan\u0131m\u0131n\u0131n uygun olmad\u0131\u011f\u0131 yerler (oteller, restoranlar, hastaneler, depolar) i\u00e7in uygundur. Sinek \u015feritleri, s\u00fcper yap\u0131\u015fkan yap\u0131\u015ft\u0131r\u0131c\u0131, \u00e7ok g\u00fc\u00e7l\u00fc yap\u0131\u015fma ile su ge\u00e7irmez ka\u011f\u0131ttan yap\u0131lm\u0131\u015ft\u0131r, sinekler \u00e7ekildikten sonra ka\u00e7malar\u0131n\u0131n bir yolu yoktur .<\/p>\n<p>\tG\u00dc\u00c7L\u00dc YAPI\u015eTIRMA: Yap\u0131\u015fkan S\u0130NEK tutkal\u0131 g\u00fc\u00e7l\u00fc ve dayan\u0131kl\u0131d\u0131r. Ger\u00e7ekten i\u015fe yar\u0131yor \u00e7\u00fcnk\u00fc sinekler, b\u00f6cek tutkal\u0131 taraf\u0131ndan \u00e7ekildiklerinde s\u0131k\u0131\u015f\u0131p kalacaklar.<\/p>\n<p>\t<strong>KULLANIMI KOLAY: <\/strong>Boruyu d\u0131\u015far\u0131 \u00e7ekin ve kap\u0131 \u00e7er\u00e7evesine veya sineklerin girdi\u011fi di\u011fer yerlere ellerinizi kar\u0131\u015ft\u0131rmadan yap\u0131\u015ft\u0131r\u0131n. \u00c7\u0130FT TARAFLI YAPI\u015eTIRICI: \u00c7al\u0131\u015ft\u0131rmas\u0131 ve kullanmas\u0131 kolayd\u0131r. B\u00f6cek tuza\u011f\u0131n\u0131n \u00e7ift tarafl\u0131 oldu\u011funu l\u00fctfen unutmay\u0131n. \u015eerit doldu\u011funda veya u\u00e7u\u015f kontrol\u00fc sa\u011fland\u0131\u011f\u0131nda atabilirsiniz. Tek yapman\u0131z gereken sinek band\u0131n\u0131 paketinden \u00e7\u0131karmak, sinek tutucuyu \u00e7\u0131karmak ve ard\u0131ndan sivrisinek \u015feritlerini asmak. Sinek band\u0131 \u015fimdi ayarland\u0131! Temiz ve verimli.<\/p>\n<p><strong> Ekran fark\u0131 nedeniyle, renk tonlar\u0131 %0,5 oran\u0131nda fark, Manuel \u00f6l\u00e7\u00fcm nedeniyle MM fark olabilir. anlay\u0131\u015f g\u00f6stermenizi rica ederiz. <\/strong> <br \/><strong> DETAYLI B\u0130LG\u0130 \u0130\u00c7\u0130N EK RES\u0130MLER\u0130 \u0130NCELEYEB\u0130L\u0130RS\u0130N\u0130Z. <\/strong> <\/p>\n<p><img decoding=\"async\"  src=\"https:\/\/hepsicdn.com.tr\/static\/product_detail\/hbnet861bc4c4_4825801.jpg\"><\/center><\/p>\n","protected":false},"excerpt":{"rendered":"<p>\u00dcr\u00fcn \u00d6zellikleri :\u00a0 Ne alacaks\u0131n\u0131z ? : 12 Adet\u00a0 \u00d6l\u00e7\u00fcler : 74 cm uzunluk &#8211; Ekran yan\u0131lmalar\u0131na kar\u015f\u0131 l\u00fctfen \u00f6l\u00e7\u00fcleri kar\u015f\u0131la\u015ft\u0131r\u0131n. GEN\u0130\u015e KULLANIM ALANI : Sinekleri \u00f6ld\u00fcrmek i\u00e7in ila\u00e7 veya sprey kullan\u0131m\u0131n\u0131n uygun olmad\u0131\u011f\u0131 yerler, bah\u00e7e,ev, mutfak akl\u0131n\u0131za gelebilecek her yer, a\u00e7\u0131k veya kapal\u0131 alan, (oteller, restoranlar, hastaneler, depolar) i\u00e7in uygundur. \u00d6NE \u00c7IKAN \u00d6ZELL\u0130K :&#8230;<\/p>\n","protected":false},"featured_media":102581,"comment_status":"open","ping_status":"closed","template":"","meta":{"_kad_post_transparent":"","_kad_post_title":"","_kad_post_layout":"","_kad_post_sidebar_id":"","_kad_post_content_style":"","_kad_post_vertical_padding":"","_kad_post_feature":"","_kad_post_feature_position":"","_kad_post_header":false,"_kad_post_footer":false,"_kad_post_classname":""},"product_brand":[],"product_cat":[14333],"product_tag":[],"class_list":{"0":"post-102582","1":"product","2":"type-product","3":"status-publish","4":"has-post-thumbnail","6":"product_cat-hasere-ilaclari-ev-gerecleri-ev-yasam-hasere-ilaclari","8":"first","9":"instock","10":"purchasable","11":"product-type-simple","12":"entry","13":"content-bg","14":"loop-entry"},"_links":{"self":[{"href":"https:\/\/www.hediyepazar.com\/index.php?rest_route=\/wp\/v2\/product\/102582","targetHints":{"allow":["GET"]}}],"collection":[{"href":"https:\/\/www.hediyepazar.com\/index.php?rest_route=\/wp\/v2\/product"}],"about":[{"href":"https:\/\/www.hediyepazar.com\/index.php?rest_route=\/wp\/v2\/types\/product"}],"replies":[{"embeddable":true,"href":"https:\/\/www.hediyepazar.com\/index.php?rest_route=%2Fwp%2Fv2%2Fcomments&post=102582"}],"wp:featuredmedia":[{"embeddable":true,"href":"https:\/\/www.hediyepazar.com\/index.php?rest_route=\/wp\/v2\/media\/102581"}],"wp:attachment":[{"href":"https:\/\/www.hediyepazar.com\/index.php?rest_route=%2Fwp%2Fv2%2Fmedia&parent=102582"}],"wp:term":[{"taxonomy":"product_brand","embeddable":true,"href":"https:\/\/www.hediyepazar.com\/index.php?rest_route=%2Fwp%2Fv2%2Fproduct_brand&post=102582"},{"taxonomy":"product_cat","embeddable":true,"href":"https:\/\/www.hediyepazar.com\/index.php?rest_route=%2Fwp%2Fv2%2Fproduct_cat&post=102582"},{"taxonomy":"product_tag","embeddable":true,"href":"https:\/\/www.hediyepazar.com\/index.php?rest_route=%2Fwp%2Fv2%2Fproduct_tag&post=102582"}],"curies":[{"name":"wp","href":"https:\/\/api.w.org\/{rel}","templated":true}]}}