{"id":102590,"date":"2026-05-04T07:00:07","date_gmt":"2026-05-04T10:00:07","guid":{"rendered":"https:\/\/www.hediyepazar.com\/?product=turk-kancali-at-kuyrugu-lastik-toka-10-adet"},"modified":"2026-05-04T07:00:07","modified_gmt":"2026-05-04T10:00:07","slug":"turk-kancali-at-kuyrugu-lastik-toka-10-adet","status":"publish","type":"product","link":"https:\/\/www.hediyepazar.com\/?product=turk-kancali-at-kuyrugu-lastik-toka-10-adet","title":{"rendered":"Turk Kancal\u0131 At Kuyru\u011fu Lastik Toka 10 ADET"},"content":{"rendered":"<p>\n\t<strong>\u00dcr\u00fcn \u00d6zellikleri : <\/strong><\/p>\n<p>\t<strong>Materyal :\u00a0<\/strong><strong>Elastik<\/strong><\/p>\n<p>\t<strong>Adet \/ Renk \/ Tasar\u0131m : 10\u00a0<\/strong>Adet, HSNET\u00a0<span style=\"color: rgb(1, 15, 38); font-family: Roboto, sans-serif; font-size: 13px;\">Viloria\u00a0<\/span>Design olarak tasarlad\u0131\u011f\u0131m\u0131z, resimde yer alan S\u0130YAH rengi, s\u00fcrpriz ya\u015famaman\u0131z i\u00e7in birebir g\u00f6nderiyoruz<\/p>\n<p>\n\t<strong>\u00d6l\u00e7\u00fcler :\u00a0<\/strong>15 cm toplam uzunluk x lastik uzunlu\u011fu 10,5 cm<br \/>\n\t<b>\u00a0<\/b><\/p>\n<p>\n\t<strong>ZAMAN TASARRUFU :<\/strong> Bu lastikler, sa\u00e7 yap\u0131n\u0131z ne olursa olsun ki\u015fiye \u00f6zel atkuyru\u011fu yapman\u0131z\u0131 sa\u011flar. Saniyeler i\u00e7inde en p\u00fcr\u00fczs\u00fcz do\u011fal at kuyru\u011funu olu\u015fturmaya yard\u0131mc\u0131 olur..<\/p>\n<p>\n\t<strong>ZARARSIZ VE NAR\u0130N <\/strong>: Elastik sa\u00e7 tokas\u0131, sa\u00e7\u0131n\u0131z\u0131 \u00e7ekmeden veya \u00e7ekmeden sarman\u0131z\u0131 ve a\u00e7man\u0131z\u0131 sa\u011flar. A\u00e7\u0131k sa\u00e7 kancas\u0131 tasar\u0131m\u0131, sa\u00e7\u0131n\u0131z\u0131n \u00e7ekilmesini ve kar\u0131\u015fmas\u0131n\u0131 \u00f6nlemenizi sa\u011flar ve sa\u00e7\u0131n\u0131za ve sa\u00e7 derinize zarar vermez. Sa\u00e7\u0131n\u0131z\u0131 \u00e7ekmeden veya \u00e7ekmeden sarabilir ve \u00e7\u00f6zebilir.<\/p>\n<p>\n\t<strong>\u00c7OKLU KULLANIM :<\/strong> Bu sa\u00e7 tokas\u0131n\u0131 at kuyru\u011fu veya yar\u0131m d\u00fc\u011f\u00fcm ve \u00f6rg\u00fc gibi di\u011fer stillerde kullanabilirsiniz. Tekrar tekrar kullan\u0131labilir \u00f6zeliktedir.\u00a0<\/p>\n<p>\n\t<strong>\u00c7OK AMA\u00c7LI KULLANIM :<\/strong> Elastik sa\u00e7 kancas\u0131, veri kablolar\u0131n\u0131 vb. ba\u011flamak i\u00e7in de kullan\u0131labilir. \u00c7ok fonksiyonlu bir ara\u00e7t\u0131r.<\/p>\n<p>\n\t\u00a0<\/p>\n<p>\n\t<strong>M\u00dcKEMMEL SATI\u015e SONRASI H\u0130ZMET : <\/strong>HSNET \/ HSNET olarak m\u00fc\u015fterilerimize en iyi hizmeti sunmay\u0131 ama\u00e7l\u0131yor, g\u00fcvenle sat\u0131n alabilmeniz i\u00e7in, ambalaj kalitemize g\u00fcveniyor, her \u00fcr\u00fcn sorunsuz teslimat i\u00e7in \u00f6zenle paketliyor ve resimde belirtilen renk, ebat, \u00f6zelikte \u00fcr\u00fcn g\u00f6ndermeyi taahh\u00fct ediyoruz. Hasarl\u0131 \u00fcr\u00fcn ald\u0131ysan\u0131z veya di\u011fer \u00fcr\u00fcn ve paket teslimat sorunlar\u0131 oldu\u011funda bizimle ileti\u015fime ge\u00e7mekten \u00e7ekinmeyin.<\/p>\n<p>\n\tDETAYLI B\u0130LG\u0130 \u0130\u00c7\u0130N EK RES\u0130MLER\u0130 \u0130NCELEYEB\u0130L\u0130RS\u0130N\u0130Z.<br \/>\n\t<img decoding=\"async\"  src=\"https:\/\/hepsicdn.com.tr\/static\/product_detail\/hbnet68845c41_4827101.webp\"><\/p>\n","protected":false},"excerpt":{"rendered":"<p>\u00dcr\u00fcn \u00d6zellikleri : Materyal :\u00a0Elastik Adet \/ Renk \/ Tasar\u0131m : 10\u00a0Adet, HSNET\u00a0Viloria\u00a0Design olarak tasarlad\u0131\u011f\u0131m\u0131z, resimde yer alan S\u0130YAH rengi, s\u00fcrpriz ya\u015famaman\u0131z i\u00e7in birebir g\u00f6nderiyoruz \u00d6l\u00e7\u00fcler :\u00a015 cm toplam uzunluk x lastik uzunlu\u011fu 10,5 cm \u00a0 ZAMAN TASARRUFU : Bu lastikler, sa\u00e7 yap\u0131n\u0131z ne olursa olsun ki\u015fiye \u00f6zel atkuyru\u011fu yapman\u0131z\u0131 sa\u011flar. Saniyeler i\u00e7inde en p\u00fcr\u00fczs\u00fcz&#8230;<\/p>\n","protected":false},"featured_media":102589,"comment_status":"open","ping_status":"closed","template":"","meta":{"_kad_post_transparent":"","_kad_post_title":"","_kad_post_layout":"","_kad_post_sidebar_id":"","_kad_post_content_style":"","_kad_post_vertical_padding":"","_kad_post_feature":"","_kad_post_feature_position":"","_kad_post_header":false,"_kad_post_footer":false,"_kad_post_classname":""},"product_brand":[],"product_cat":[7813],"product_tag":[],"class_list":{"0":"post-102590","1":"product","2":"type-product","3":"status-publish","4":"has-post-thumbnail","6":"product_cat-toka-tac-sac-bandi-toka-aksesuar-kadin-toka","8":"first","9":"instock","10":"purchasable","11":"product-type-simple","12":"entry","13":"content-bg","14":"loop-entry"},"_links":{"self":[{"href":"https:\/\/www.hediyepazar.com\/index.php?rest_route=\/wp\/v2\/product\/102590","targetHints":{"allow":["GET"]}}],"collection":[{"href":"https:\/\/www.hediyepazar.com\/index.php?rest_route=\/wp\/v2\/product"}],"about":[{"href":"https:\/\/www.hediyepazar.com\/index.php?rest_route=\/wp\/v2\/types\/product"}],"replies":[{"embeddable":true,"href":"https:\/\/www.hediyepazar.com\/index.php?rest_route=%2Fwp%2Fv2%2Fcomments&post=102590"}],"wp:featuredmedia":[{"embeddable":true,"href":"https:\/\/www.hediyepazar.com\/index.php?rest_route=\/wp\/v2\/media\/102589"}],"wp:attachment":[{"href":"https:\/\/www.hediyepazar.com\/index.php?rest_route=%2Fwp%2Fv2%2Fmedia&parent=102590"}],"wp:term":[{"taxonomy":"product_brand","embeddable":true,"href":"https:\/\/www.hediyepazar.com\/index.php?rest_route=%2Fwp%2Fv2%2Fproduct_brand&post=102590"},{"taxonomy":"product_cat","embeddable":true,"href":"https:\/\/www.hediyepazar.com\/index.php?rest_route=%2Fwp%2Fv2%2Fproduct_cat&post=102590"},{"taxonomy":"product_tag","embeddable":true,"href":"https:\/\/www.hediyepazar.com\/index.php?rest_route=%2Fwp%2Fv2%2Fproduct_tag&post=102590"}],"curies":[{"name":"wp","href":"https:\/\/api.w.org\/{rel}","templated":true}]}}