{"id":102591,"date":"2026-05-04T07:00:30","date_gmt":"2026-05-04T10:00:30","guid":{"rendered":"https:\/\/www.hediyepazar.com\/?product=turk-ahsap-gorunum-plastik-aski-20-adet-beyaz"},"modified":"2026-05-04T07:00:30","modified_gmt":"2026-05-04T10:00:30","slug":"turk-ahsap-gorunum-plastik-aski-20-adet-beyaz","status":"publish","type":"product","link":"https:\/\/www.hediyepazar.com\/?product=turk-ahsap-gorunum-plastik-aski-20-adet-beyaz","title":{"rendered":"Turk Ah\u015fap G\u00f6r\u00fcn\u00fcm Plastik Ask\u0131 20 ADET Beyaz"},"content":{"rendered":"<p>\n\t<strong>\u00dcr\u00fcn \u00d6zellikleri :\u00a0<\/strong><\/p>\n<p>\t<strong>Renk : <\/strong>Resimdeki BEYAZ Renk birebir g\u00f6nderilir ve s\u00fcrpriz ya\u015famazs\u0131n\u0131z.<\/p>\n<p>\t<strong>Materyal : Plastik (AH\u015eAP G\u00d6R\u00dcN\u00dcML\u00dc )\u00a0<\/strong><\/p>\n<p>\t<strong>Ne alacaks\u0131n\u0131z ? : 20 adet <\/strong><\/p>\n<p>\t<strong>G\u00dc\u00c7LEND\u0130R\u0130LM\u0130\u015e PLAST\u0130K MATERYAL : <\/strong>\u00c7evre dostu dayan\u0131kl\u0131 plastikten yap\u0131lm\u0131\u015f bu elbise ask\u0131lar\u0131 y\u0131llarca s\u00fcrecek. Boyun ve k\u00f6\u015feler, giysileriniz i\u00e7in daha iyi destek sa\u011flamak i\u00e7in g\u00fc\u00e7lendirilmi\u015ftir, bu nedenle di\u011fer elbise ask\u0131lar\u0131 plastiklerinden daha g\u00fc\u00e7l\u00fcd\u00fcr, dolap ask\u0131lar\u0131m\u0131z, a\u011f\u0131r paltolar ve kot pantolonlar gibi, giysilerinizin \u00e7o\u011funu tutar.<\/p>\n<p>\t<strong>UYGUN \u00c7ENT\u0130KL\u0130 ASKILAR &#8211; <\/strong>Plastik g\u00f6mlek ask\u0131lar\u0131n\u0131n her bir omzunda geni\u015fleyen oluk, kay\u0131\u015fl\u0131 k\u0131yafetleri kaymadan s\u0131k\u0131ca asmak i\u00e7in m\u00fckemmeldir. Bu ince ask\u0131lar, atletleriniz, elbiseleriniz, s\u00fctyenleriniz, kravatlar\u0131n\u0131z, kemerleriniz, gecelikleriniz, \u015fallar\u0131n\u0131z, etekleriniz i\u00e7in harika.<\/p>\n<p>\tBu ask\u0131lar, g\u00fcnl\u00fck kullan\u0131m i\u00e7in yeterince sa\u011flam ve dayan\u0131kl\u0131d\u0131r, ince tasar\u0131m, dolap alan\u0131ndan %50&#8217;den fazla tasarruf sa\u011flar.Dolab\u0131n\u0131z\u0131 daha kolay y\u00f6netilebilir hale getirir &#8211; sadece daha d\u00fczenli g\u00f6r\u00fcnmekle kalmaz, ayn\u0131 zamanda darmada\u011f\u0131n ask\u0131larla sava\u015fmak i\u00e7in daha az zaman harcayaca\u011f\u0131n\u0131z anlam\u0131na gelir.<\/p>\n<p><\/p>\n<p>\n\t<strong>M\u00dcKEMMEL SATI\u015e SONRASI H\u0130ZMET : <\/strong>HSNET \/ HSNET olarak m\u00fc\u015fterilerimize en iyi hizmeti sunmay\u0131 ama\u00e7l\u0131yor, g\u00fcvenle sat\u0131n alabilmeniz i\u00e7in, ambalaj kalitemize g\u00fcveniyor, her \u00fcr\u00fcn sorunsuz teslimat i\u00e7in \u00f6zenle paketliyor ve resimde belirtilen renk, ebat, \u00f6zelikte \u00fcr\u00fcn g\u00f6ndermeyi taahh\u00fct ediyoruz. Hasarl\u0131 \u00fcr\u00fcn ald\u0131ysan\u0131z veya di\u011fer \u00fcr\u00fcn ve paket teslimat sorunlar\u0131 oldu\u011funda bizimle ileti\u015fime ge\u00e7mekten \u00e7ekinmeyin.<\/p>\n<p>\n\t<strong>Detayl\u0131 bilgi i\u00e7in ek resimleri inceleyebilirsiniz<\/strong><\/p>\n<p><\/p>\n<p>\n\t<strong><img decoding=\"async\"  src=\"https:\/\/hepsicdn.com.tr\/static\/product_detail\/hbnetc58dd1f3_4827301.jpg\"><\/strong><\/p>\n<p>\n\t\u00a0<\/p>\n","protected":false},"excerpt":{"rendered":"<p>\u00dcr\u00fcn \u00d6zellikleri :\u00a0 Renk : Resimdeki BEYAZ Renk birebir g\u00f6nderilir ve s\u00fcrpriz ya\u015famazs\u0131n\u0131z. Materyal : Plastik (AH\u015eAP G\u00d6R\u00dcN\u00dcML\u00dc )\u00a0 Ne alacaks\u0131n\u0131z ? : 20 adet G\u00dc\u00c7LEND\u0130R\u0130LM\u0130\u015e PLAST\u0130K MATERYAL : \u00c7evre dostu dayan\u0131kl\u0131 plastikten yap\u0131lm\u0131\u015f bu elbise ask\u0131lar\u0131 y\u0131llarca s\u00fcrecek. Boyun ve k\u00f6\u015feler, giysileriniz i\u00e7in daha iyi destek sa\u011flamak i\u00e7in g\u00fc\u00e7lendirilmi\u015ftir, bu nedenle di\u011fer elbise ask\u0131lar\u0131&#8230;<\/p>\n","protected":false},"featured_media":0,"comment_status":"open","ping_status":"closed","template":"","meta":{"_kad_post_transparent":"","_kad_post_title":"","_kad_post_layout":"","_kad_post_sidebar_id":"","_kad_post_content_style":"","_kad_post_vertical_padding":"","_kad_post_feature":"","_kad_post_feature_position":"","_kad_post_header":false,"_kad_post_footer":false,"_kad_post_classname":""},"product_brand":[],"product_cat":[14199],"product_tag":[],"class_list":{"0":"post-102591","1":"product","2":"type-product","3":"status-publish","5":"product_cat-aski-depolama-duzenleme-urunleri-ev-gerecleri-ev-yasam-aski","7":"first","8":"instock","9":"purchasable","10":"product-type-simple","11":"entry","12":"content-bg","13":"loop-entry"},"_links":{"self":[{"href":"https:\/\/www.hediyepazar.com\/index.php?rest_route=\/wp\/v2\/product\/102591","targetHints":{"allow":["GET"]}}],"collection":[{"href":"https:\/\/www.hediyepazar.com\/index.php?rest_route=\/wp\/v2\/product"}],"about":[{"href":"https:\/\/www.hediyepazar.com\/index.php?rest_route=\/wp\/v2\/types\/product"}],"replies":[{"embeddable":true,"href":"https:\/\/www.hediyepazar.com\/index.php?rest_route=%2Fwp%2Fv2%2Fcomments&post=102591"}],"wp:attachment":[{"href":"https:\/\/www.hediyepazar.com\/index.php?rest_route=%2Fwp%2Fv2%2Fmedia&parent=102591"}],"wp:term":[{"taxonomy":"product_brand","embeddable":true,"href":"https:\/\/www.hediyepazar.com\/index.php?rest_route=%2Fwp%2Fv2%2Fproduct_brand&post=102591"},{"taxonomy":"product_cat","embeddable":true,"href":"https:\/\/www.hediyepazar.com\/index.php?rest_route=%2Fwp%2Fv2%2Fproduct_cat&post=102591"},{"taxonomy":"product_tag","embeddable":true,"href":"https:\/\/www.hediyepazar.com\/index.php?rest_route=%2Fwp%2Fv2%2Fproduct_tag&post=102591"}],"curies":[{"name":"wp","href":"https:\/\/api.w.org\/{rel}","templated":true}]}}