{"id":102602,"date":"2026-05-04T07:01:38","date_gmt":"2026-05-04T10:01:38","guid":{"rendered":"https:\/\/www.hediyepazar.com\/?product=turk-tronnes-pilav-helva-sekillendirici-kalip-seti-71"},"modified":"2026-05-04T07:01:38","modified_gmt":"2026-05-04T10:01:38","slug":"turk-tronnes-pilav-helva-sekillendirici-kalip-seti-71","status":"publish","type":"product","link":"https:\/\/www.hediyepazar.com\/?product=turk-tronnes-pilav-helva-sekillendirici-kalip-seti-71","title":{"rendered":"Turk Tronnes Pilav Helva \u015eekillendirici Kal\u0131p Seti 71"},"content":{"rendered":"<p>\n\t<strong>\u00dcr\u00fcn \u00d6zellikleri : <\/strong><\/p>\n<p>\n\t<strong>Renk : Resimdeki Renk \u00f6rnek, gri veya pudra renk g\u00f6ndeirlebilir.<\/strong><\/p>\n<p>\n\t<strong>Adet : 2 <\/strong><\/p>\n<p>\n\t<strong>\u00d6l\u00e7\u00fcler : 9,5 x 4,5 cm <\/strong><\/p>\n<p>\t<strong>GEN\u0130\u015e KULLANIM ALANI : Pilav, Helva, Bulgur Pilav\u0131, Kek vb <\/strong><\/p>\n<p>\t<strong>\u00d6NE \u00c7IKAN \u00d6ZELL\u0130K : 2 model i\u00e7erir, Biri yuvarlak biri kalp desenli kal\u0131pt\u0131r<\/strong><\/p>\n<p>\n\tTronnes, Misafirlerinize \u00f6zenle haz\u0131rlad\u0131\u011f\u0131n\u0131z pilavlar\u0131n\u0131z, un ve irmik helvalar\u0131n\u0131z\u0131 pilav ve helva kal\u0131b\u0131 ile daha lezzetli g\u00f6sterecek<\/p>\n<p>\n\t<strong>KAL\u0130TEL\u0130 MATERYAL :<\/strong> Sa\u011fl\u0131\u011fa zararl\u0131 maddeler i\u00e7ermeyen plastik malzemeden yap\u0131lm\u0131\u015ft\u0131r, p\u00fcr\u00fczs\u00fcz ve yap\u0131\u015fmaz bir y\u00fczey sa\u011flar, kal\u0131ptan \u00e7\u0131kar\u0131lmas\u0131 kolayd\u0131r, size uzun s\u00fcre kullan\u0131m, dayan\u0131kl\u0131l\u0131kla e\u015flik edebilir.<\/p>\n<p>\n\t<strong>KOLAY KULLANIM : <\/strong>Sadece pirinci kal\u0131ba yerle\u015ftirin, en sevdi\u011finiz malzemeleri ekleyin ve pirin\u00e7le kaplay\u0131n, sonunda kapa\u011f\u0131 kapat\u0131n ve birka\u00e7 kez bast\u0131r\u0131n, yap\u0131\u015fmaz yap\u0131s\u0131 sayesinde kullan\u0131mdan sonra y\u0131kanmas\u0131 kolayd\u0131r.<\/p>\n<p>\n\t<strong>TEM\u0130ZL\u0130\u011e\u0130 KOLAY : <\/strong>Yap\u0131\u015fmaz y\u00fczeyi sayesinde temizlemesi kolayd\u0131r, bula\u015f\u0131k makinesine uygundur. K\u00fc\u00e7\u00fck boyutlu, saklamas\u0131 kolay, hayat\u0131n\u0131za daha fazla kolayl\u0131k getirin.<br \/>\n\t<strong>Ekran fark\u0131 nedeniyle, renk tonlar\u0131 %0,5 oran\u0131nda fark, Manuel \u00f6l\u00e7\u00fcm nedeniyle MM fark olabilir. anlay\u0131\u015f g\u00f6stermenizi rica ederiz. <\/strong><\/p>\n<p>\n\tDETAYLI B\u0130LG\u0130 \u0130\u00c7\u0130N EK RES\u0130MLER\u0130 \u0130NCELEYEB\u0130L\u0130RS\u0130N\u0130Z.<br \/>\n\t<img decoding=\"async\"  src=\"https:\/\/hepsicdn.com.tr\/static\/product_detail\/hbnet2b147b24_4829001.webp\"><\/p>\n","protected":false},"excerpt":{"rendered":"<p>\u00dcr\u00fcn \u00d6zellikleri : Renk : Resimdeki Renk \u00f6rnek, gri veya pudra renk g\u00f6ndeirlebilir. Adet : 2 \u00d6l\u00e7\u00fcler : 9,5 x 4,5 cm GEN\u0130\u015e KULLANIM ALANI : Pilav, Helva, Bulgur Pilav\u0131, Kek vb \u00d6NE \u00c7IKAN \u00d6ZELL\u0130K : 2 model i\u00e7erir, Biri yuvarlak biri kalp desenli kal\u0131pt\u0131r Tronnes, Misafirlerinize \u00f6zenle haz\u0131rlad\u0131\u011f\u0131n\u0131z pilavlar\u0131n\u0131z, un ve irmik helvalar\u0131n\u0131z\u0131 pilav&#8230;<\/p>\n","protected":false},"featured_media":0,"comment_status":"open","ping_status":"closed","template":"","meta":{"_kad_post_transparent":"","_kad_post_title":"","_kad_post_layout":"","_kad_post_sidebar_id":"","_kad_post_content_style":"","_kad_post_vertical_padding":"","_kad_post_feature":"","_kad_post_feature_position":"","_kad_post_header":false,"_kad_post_footer":false,"_kad_post_classname":""},"product_brand":[],"product_cat":[7826],"product_tag":[],"class_list":{"0":"post-102602","1":"product","2":"type-product","3":"status-publish","5":"product_cat-endustriyel-mutfak-ekipmanlari-sofra-sofra-mutfak-ev-yasam-endustriyel-mutfak-ekipmanlari","7":"first","8":"instock","9":"purchasable","10":"product-type-simple","11":"entry","12":"content-bg","13":"loop-entry"},"_links":{"self":[{"href":"https:\/\/www.hediyepazar.com\/index.php?rest_route=\/wp\/v2\/product\/102602","targetHints":{"allow":["GET"]}}],"collection":[{"href":"https:\/\/www.hediyepazar.com\/index.php?rest_route=\/wp\/v2\/product"}],"about":[{"href":"https:\/\/www.hediyepazar.com\/index.php?rest_route=\/wp\/v2\/types\/product"}],"replies":[{"embeddable":true,"href":"https:\/\/www.hediyepazar.com\/index.php?rest_route=%2Fwp%2Fv2%2Fcomments&post=102602"}],"wp:attachment":[{"href":"https:\/\/www.hediyepazar.com\/index.php?rest_route=%2Fwp%2Fv2%2Fmedia&parent=102602"}],"wp:term":[{"taxonomy":"product_brand","embeddable":true,"href":"https:\/\/www.hediyepazar.com\/index.php?rest_route=%2Fwp%2Fv2%2Fproduct_brand&post=102602"},{"taxonomy":"product_cat","embeddable":true,"href":"https:\/\/www.hediyepazar.com\/index.php?rest_route=%2Fwp%2Fv2%2Fproduct_cat&post=102602"},{"taxonomy":"product_tag","embeddable":true,"href":"https:\/\/www.hediyepazar.com\/index.php?rest_route=%2Fwp%2Fv2%2Fproduct_tag&post=102602"}],"curies":[{"name":"wp","href":"https:\/\/api.w.org\/{rel}","templated":true}]}}