{"id":102609,"date":"2026-05-04T07:02:58","date_gmt":"2026-05-04T10:02:58","guid":{"rendered":"https:\/\/www.hediyepazar.com\/?product=turk-bayan-banyo-jileti-bikini-bolgeleri-7-li-paket"},"modified":"2026-05-04T07:02:58","modified_gmt":"2026-05-04T10:02:58","slug":"turk-bayan-banyo-jileti-bikini-bolgeleri-7-li-paket","status":"publish","type":"product","link":"https:\/\/www.hediyepazar.com\/?product=turk-bayan-banyo-jileti-bikini-bolgeleri-7-li-paket","title":{"rendered":"Turk Bayan Banyo Jileti Bikini B\u00f6lgeleri 7 li PAKET"},"content":{"rendered":"<p>\t<strong>\u00dcr\u00fcn \u00d6zellikleri : <\/strong><\/p>\n<p>\t<strong>Adet \/ Renk \/ Tasar\u0131m : <\/strong> 7 Adet, Turk ad\u0131na Derby taraf\u0131ndan \u00fcretilen, resimde yer alan rengi, s\u00fcrpriz ya\u015famaman\u0131z i\u00e7in birebir g\u00f6nderiyoruz<\/p>\n<p>\t7 adet kad\u0131n bikini t\u0131ra\u015f b\u0131\u00e7a\u011f\u0131 alacaks\u0131n\u0131z, miktar size evde bir spa deneyimi ya\u015fatmak i\u00e7in kullanman\u0131z i\u00e7in yeterlidir.<\/p>\n<p>\t<strong>KAL\u0130TEL\u0130 \u0130\u015eLEV : <\/strong>T\u00fcyleri sorunsuz ve rahat bir \u015fekilde kesmenizi sa\u011flar, t\u0131ra\u015f b\u0131\u00e7aklar\u0131m\u0131z \u00f6zel b\u00f6lgeleri hassas bir \u015fekilde t\u0131ra\u015f etmek i\u00e7in de kullan\u0131labilir<\/p>\n<p>\t<strong>KORUYUCU KAPAKLI: <\/strong>D\u00fczelticimiz, yaln\u0131zca \u00fcr\u00fcn\u00fc korumakla kalmayan, ayn\u0131 zamanda kullan\u0131c\u0131n\u0131n dikkatsizce \u00e7izilmesini \u00f6nleyen, saklamas\u0131 ve ta\u015f\u0131mas\u0131 kolay, bu da size uzun s\u00fcre hizmet etmesini sa\u011flayan koruyucu bir kapa\u011fa sahiptir.<\/p>\n<p>\t<strong>\u00d6ZENL\u0130 SAP TASARIMI :<\/strong> Bikini t\u0131ra\u015f makinemiz do\u011fru \u00fcretime sahiptir, kullan\u0131m\u0131 kolayd\u0131r, kavramas\u0131 kolayd\u0131r ve kayd\u0131rmas\u0131 kolay de\u011fildir<\/p>\n<p>\t<strong>ZAHMETS\u0130Z TIRA\u015e :<\/strong> \u00c7ift b\u0131\u00e7a\u011f\u0131 ve kullan\u0131c\u0131 dostu tasar\u0131m\u0131yla sorunsuz bir t\u0131ra\u015f deneyimi i\u00e7in idealdir.<\/p>\n<p>\t<strong>NEMLEND\u0130R\u0130C\u0130 \u015eER\u0130T :<\/strong> Yeni t\u0131ra\u015f edilmi\u015f cilde nemlendirici bir etki vermek i\u00e7in b\u0131\u00e7aklar\u0131n \u00fczerine bir NEM \u015feridi sabitlenmi\u015ftir.<\/p>\n<p>\t<strong>PASLANMAZ \u00c7EL\u0130K <\/strong>: 2 b\u0131\u00e7a\u011f\u0131 y\u00fcksek kaliteli paslanmaz \u00e7elikten yap\u0131lm\u0131\u015ft\u0131r, kesiklere neden olmadan yak\u0131n ve p\u00fcr\u00fczs\u00fcz bir t\u0131ra\u015f sa\u011flar.<\/p>\n<p>\t<strong>KES\u0130K YOK, A\u011eRI YOK: T<\/strong>\u0131ra\u015f b\u0131\u00e7a\u011f\u0131, herhangi bir ac\u0131ya neden olmadan yak\u0131n bir t\u0131ra\u015f sa\u011flamak \u00fczere tasarlanm\u0131\u015ft\u0131r. B\u0131\u00e7ak, t\u0131ra\u015f s\u0131ras\u0131nda s\u0131f\u0131r kesim sa\u011flayan ince bir di\u015f koruyucu koruma a\u011f\u0131na sahiptir.<\/p>\n<p>\t<strong>M\u00dcKEMMEL SATI\u015e SONRASI H\u0130ZMET : <\/strong>Turk \/ Turk olarak m\u00fc\u015fterilerimize en iyi hizmeti sunmay\u0131 ama\u00e7l\u0131yor, g\u00fcvenle sat\u0131n alabilmeniz i\u00e7in, ambalaj kalitemize g\u00fcveniyor, her \u00fcr\u00fcn sorunsuz teslimat i\u00e7in \u00f6zenle paketliyor ve resimde belirtilen renk, ebat, \u00f6zelikte \u00fcr\u00fcn g\u00f6ndermeyi taahh\u00fct ediyoruz. Hasarl\u0131 \u00fcr\u00fcn ald\u0131ysan\u0131z veya di\u011fer \u00fcr\u00fcn ve paket teslimat sorunlar\u0131 oldu\u011funda bizimle ileti\u015fime ge\u00e7mekten \u00e7ekinmeyin.<\/p>\n<p>\t<strong>Detayl\u0131 bilgi i\u00e7in ek resimleri inceleyebilirsiniz<\/strong><\/p>\n<p><\/p>\n<p>\t<strong><strong> <\/strong><\/strong><\/p>\n<p>\t\u00a0<\/p>\n","protected":false},"excerpt":{"rendered":"<p>\u00dcr\u00fcn \u00d6zellikleri : Adet \/ Renk \/ Tasar\u0131m : 7 Adet, Turk ad\u0131na Derby taraf\u0131ndan \u00fcretilen, resimde yer alan rengi, s\u00fcrpriz ya\u015famaman\u0131z i\u00e7in birebir g\u00f6nderiyoruz 7 adet kad\u0131n bikini t\u0131ra\u015f b\u0131\u00e7a\u011f\u0131 alacaks\u0131n\u0131z, miktar size evde bir spa deneyimi ya\u015fatmak i\u00e7in kullanman\u0131z i\u00e7in yeterlidir. KAL\u0130TEL\u0130 \u0130\u015eLEV : T\u00fcyleri sorunsuz ve rahat bir \u015fekilde kesmenizi sa\u011flar, t\u0131ra\u015f&#8230;<\/p>\n","protected":false},"featured_media":102608,"comment_status":"open","ping_status":"closed","template":"","meta":{"_kad_post_transparent":"","_kad_post_title":"","_kad_post_layout":"","_kad_post_sidebar_id":"","_kad_post_content_style":"","_kad_post_vertical_padding":"","_kad_post_feature":"","_kad_post_feature_position":"","_kad_post_header":false,"_kad_post_footer":false,"_kad_post_classname":""},"product_brand":[],"product_cat":[14176],"product_tag":[],"class_list":{"0":"post-102609","1":"product","2":"type-product","3":"status-publish","4":"has-post-thumbnail","6":"product_cat-agda-agda-ve-tuy-dokucu-epilasyon-tiras-kozmetik-agda","8":"first","9":"instock","10":"purchasable","11":"product-type-simple","12":"entry","13":"content-bg","14":"loop-entry"},"_links":{"self":[{"href":"https:\/\/www.hediyepazar.com\/index.php?rest_route=\/wp\/v2\/product\/102609","targetHints":{"allow":["GET"]}}],"collection":[{"href":"https:\/\/www.hediyepazar.com\/index.php?rest_route=\/wp\/v2\/product"}],"about":[{"href":"https:\/\/www.hediyepazar.com\/index.php?rest_route=\/wp\/v2\/types\/product"}],"replies":[{"embeddable":true,"href":"https:\/\/www.hediyepazar.com\/index.php?rest_route=%2Fwp%2Fv2%2Fcomments&post=102609"}],"wp:featuredmedia":[{"embeddable":true,"href":"https:\/\/www.hediyepazar.com\/index.php?rest_route=\/wp\/v2\/media\/102608"}],"wp:attachment":[{"href":"https:\/\/www.hediyepazar.com\/index.php?rest_route=%2Fwp%2Fv2%2Fmedia&parent=102609"}],"wp:term":[{"taxonomy":"product_brand","embeddable":true,"href":"https:\/\/www.hediyepazar.com\/index.php?rest_route=%2Fwp%2Fv2%2Fproduct_brand&post=102609"},{"taxonomy":"product_cat","embeddable":true,"href":"https:\/\/www.hediyepazar.com\/index.php?rest_route=%2Fwp%2Fv2%2Fproduct_cat&post=102609"},{"taxonomy":"product_tag","embeddable":true,"href":"https:\/\/www.hediyepazar.com\/index.php?rest_route=%2Fwp%2Fv2%2Fproduct_tag&post=102609"}],"curies":[{"name":"wp","href":"https:\/\/api.w.org\/{rel}","templated":true}]}}