{"id":102622,"date":"2026-05-04T07:06:57","date_gmt":"2026-05-04T10:06:57","guid":{"rendered":"https:\/\/www.hediyepazar.com\/?product=turk-4-fonksiyon-tirnak-torpu-ve-parlatma-solingen"},"modified":"2026-05-04T07:06:57","modified_gmt":"2026-05-04T10:06:57","slug":"turk-4-fonksiyon-tirnak-torpu-ve-parlatma-solingen","status":"publish","type":"product","link":"https:\/\/www.hediyepazar.com\/?product=turk-4-fonksiyon-tirnak-torpu-ve-parlatma-solingen","title":{"rendered":"Turk 4 Fonksiyon T\u0131rnak T\u00f6rp\u00fc ve Parlatma Solingen"},"content":{"rendered":"<p>\n\t<strong>\u00dcr\u00fcn \u00d6zellikleri : <\/strong><\/p>\n<p>\t<strong>1 Adet , HSNET\u00a0<\/strong><span style=\"color: rgb(1, 15, 38); font-family: Roboto, sans-serif; font-size: 13px;\">Solingen\u00a0<\/span><strong>Professional Design olarak tasarlad\u0131\u011f\u0131m\u0131z, resimde yer alan renk kombinasyonunu, s\u00fcrpriz ya\u015famaman\u0131z i\u00e7in birebir g\u00f6nderiyoruz .<\/strong><\/p>\n<p>\n\tT\u0131rnak bak\u0131m\u0131 i\u00e7in \u00f6zel olarak tasarlanm\u0131\u015f bu t\u00f6rp\u00fc, t\u0131rnaklar\u0131n\u0131z\u0131n p\u00fcr\u00fczs\u00fcz ve bak\u0131ml\u0131 g\u00f6r\u00fcnmesini sa\u011flar. \u0130ki y\u00fczeyi ve 4 fonksiyonu sayesinde hem t\u00f6rp\u00fcleme hem de parlatma i\u015flemlerini ger\u00e7ekle\u015ftirebilirsiniz. T\u0131rnaklar\u0131n\u0131z\u0131 besleyip g\u00fc\u00e7lendiren yap\u0131s\u0131, do\u011fal parlakl\u0131k efekti yaratarak t\u0131rnak cilas\u0131na gerek b\u0131rakmaz. Ergonomik ve \u015f\u0131k tasar\u0131m\u0131, kolay kullan\u0131m ve ta\u015f\u0131ma imk\u00e2n\u0131 sunar. Hem profesyonel kullan\u0131m hem de evde t\u0131rnak bak\u0131m rutinleri i\u00e7in idealdir<\/p>\n<p>\n\t<strong>M\u00dcKEMMEL SATI\u015e SONRASI H\u0130ZMET : <\/strong>Bu \u00fcr\u00fcne daha avantajl\u0131 sahip olabilmeniz i\u00e7in ma\u011fazam\u0131z\u0131 ziyaret ederek, kampanyalar\u0131 inceleyebilirsiniz. HSNET \/ HSNET olarak m\u00fc\u015fterilerimize en iyi hizmeti sunmay\u0131 ama\u00e7l\u0131yor, g\u00fcvenle sat\u0131n alabilmeniz i\u00e7in, ambalaj kalitemize g\u00fcveniyor, her \u00fcr\u00fcn sorunsuz teslimat i\u00e7in \u00f6zenle paketliyor ve resimde belirtilen renk, ebat, \u00f6zelikte \u00fcr\u00fcn g\u00f6ndermeyi taahh\u00fct ediyoruz. Hasarl\u0131 \u00fcr\u00fcn ald\u0131ysan\u0131z veya di\u011fer \u00fcr\u00fcn ve paket teslimat sorunlar\u0131 oldu\u011funda bizimle ileti\u015fime ge\u00e7mekten \u00e7ekinmeyin.<\/p>\n<p>\n\t<strong>Detayl\u0131 bilgi i\u00e7in ek resimleri inceleyebilirsiniz<\/strong><\/p>\n<p><\/p>\n<p>\n\t<strong><img decoding=\"async\"  src=\"https:\/\/hepsicdn.com.tr\/static\/product_detail\/hbnet450d6357_4833001.webp\"><\/strong><\/p>\n<p>\n\t\u00a0<\/p>\n","protected":false},"excerpt":{"rendered":"<p>\u00dcr\u00fcn \u00d6zellikleri : 1 Adet , HSNET\u00a0Solingen\u00a0Professional Design olarak tasarlad\u0131\u011f\u0131m\u0131z, resimde yer alan renk kombinasyonunu, s\u00fcrpriz ya\u015famaman\u0131z i\u00e7in birebir g\u00f6nderiyoruz . T\u0131rnak bak\u0131m\u0131 i\u00e7in \u00f6zel olarak tasarlanm\u0131\u015f bu t\u00f6rp\u00fc, t\u0131rnaklar\u0131n\u0131z\u0131n p\u00fcr\u00fczs\u00fcz ve bak\u0131ml\u0131 g\u00f6r\u00fcnmesini sa\u011flar. \u0130ki y\u00fczeyi ve 4 fonksiyonu sayesinde hem t\u00f6rp\u00fcleme hem de parlatma i\u015flemlerini ger\u00e7ekle\u015ftirebilirsiniz. T\u0131rnaklar\u0131n\u0131z\u0131 besleyip g\u00fc\u00e7lendiren yap\u0131s\u0131, do\u011fal parlakl\u0131k efekti&#8230;<\/p>\n","protected":false},"featured_media":102621,"comment_status":"open","ping_status":"closed","template":"","meta":{"_kad_post_transparent":"","_kad_post_title":"","_kad_post_layout":"","_kad_post_sidebar_id":"","_kad_post_content_style":"","_kad_post_vertical_padding":"","_kad_post_feature":"","_kad_post_feature_position":"","_kad_post_header":false,"_kad_post_footer":false,"_kad_post_classname":""},"product_brand":[],"product_cat":[14207],"product_tag":[],"class_list":{"0":"post-102622","1":"product","2":"type-product","3":"status-publish","4":"has-post-thumbnail","6":"product_cat-el-tirnak-bakim-ve-aksesuarlar-kisisel-bakim-aletleri-elektronik-el-tirnak-bakim-ve-aksesuarlar","8":"first","9":"instock","10":"purchasable","11":"product-type-simple","12":"entry","13":"content-bg","14":"loop-entry"},"_links":{"self":[{"href":"https:\/\/www.hediyepazar.com\/index.php?rest_route=\/wp\/v2\/product\/102622","targetHints":{"allow":["GET"]}}],"collection":[{"href":"https:\/\/www.hediyepazar.com\/index.php?rest_route=\/wp\/v2\/product"}],"about":[{"href":"https:\/\/www.hediyepazar.com\/index.php?rest_route=\/wp\/v2\/types\/product"}],"replies":[{"embeddable":true,"href":"https:\/\/www.hediyepazar.com\/index.php?rest_route=%2Fwp%2Fv2%2Fcomments&post=102622"}],"wp:featuredmedia":[{"embeddable":true,"href":"https:\/\/www.hediyepazar.com\/index.php?rest_route=\/wp\/v2\/media\/102621"}],"wp:attachment":[{"href":"https:\/\/www.hediyepazar.com\/index.php?rest_route=%2Fwp%2Fv2%2Fmedia&parent=102622"}],"wp:term":[{"taxonomy":"product_brand","embeddable":true,"href":"https:\/\/www.hediyepazar.com\/index.php?rest_route=%2Fwp%2Fv2%2Fproduct_brand&post=102622"},{"taxonomy":"product_cat","embeddable":true,"href":"https:\/\/www.hediyepazar.com\/index.php?rest_route=%2Fwp%2Fv2%2Fproduct_cat&post=102622"},{"taxonomy":"product_tag","embeddable":true,"href":"https:\/\/www.hediyepazar.com\/index.php?rest_route=%2Fwp%2Fv2%2Fproduct_tag&post=102622"}],"curies":[{"name":"wp","href":"https:\/\/api.w.org\/{rel}","templated":true}]}}