{"id":102625,"date":"2026-05-04T07:07:24","date_gmt":"2026-05-04T10:07:24","guid":{"rendered":"https:\/\/www.hediyepazar.com\/?product=turk-celik-bardak-seti-4-adet-fazio-giacinto-design"},"modified":"2026-05-04T07:07:24","modified_gmt":"2026-05-04T10:07:24","slug":"turk-celik-bardak-seti-4-adet-fazio-giacinto-design","status":"publish","type":"product","link":"https:\/\/www.hediyepazar.com\/?product=turk-celik-bardak-seti-4-adet-fazio-giacinto-design","title":{"rendered":"Turk \u00c7elik Bardak Seti 4 Adet Fazio Giacinto Design"},"content":{"rendered":"<p>\n\t<strong>\u00dcr\u00fcn \u00d6zellikleri : <\/strong><\/p>\n<p>\t<strong>Materyal : Paslanmaz \u00c7elik<\/strong><\/p>\n<p>\n\t<strong>Adet \/ Renk \/ Tasar\u0131m : 4\u00a0<\/strong>Adet, HSNET\u00a0<span style=\"color: rgb(1, 15, 38); font-family: Roboto, sans-serif; font-size: 13px;\">Fazio Giacinto<\/span>Design olarak tasarlad\u0131\u011f\u0131m\u0131z, resimde yer alan tasar\u0131m\u0131, s\u00fcrpriz ya\u015famaman\u0131z i\u00e7in birebir g\u00f6nderiyoruz<\/p>\n<p>\t<strong>\u00d6l\u00e7\u00fcler : 9,5 x 7,5 cm x dip 5,5 cm &#8211; 210 ml kapasite\u00a0<\/strong><\/p>\n<p>\n\tS\u0131cak su, meyve suyu, kokteyller, dondurulmu\u015f i\u00e7ecekler i\u00e7in uygun olan bardaktaki i\u00e7ece\u011fin s\u0131cakl\u0131k kayb\u0131n\u0131 etkili bir \u015fekilde yava\u015flatabilir ve uzun s\u00fcre tekrar tekrar kullan\u0131labilir.<\/p>\n<p>\t\u0130stifleme Tasar\u0131m\u0131 ve Kolay Depolama : 1 pakette, \u00fcst \u00fcste istiflenebilen d\u00f6rt bardak bulunur; bu, bir barda\u011f\u0131n ba\u015fka bir barda\u011fa s\u0131\u011fmas\u0131n\u0131 sa\u011flar, yerden tasarruf sa\u011flar ve herhangi bir dolaba ve \u00e7ekmeceye yerle\u015ftirilmesi kolayd\u0131r. \u00c7ok ta\u015f\u0131nabilir, seyahat, kamp, \u200b\u200bplaj, piknik i\u00e7in m\u00fckemmel.<\/p>\n<p>\tCam ve Plastik Bardaklara Daha \u0130yi Bir Alternatif : Paslanmaz \u00e7elik bardaklar, korozyona daha iyi diren\u00e7 g\u00f6sterebilen 18\/8 paslanmaz \u00e7elikten yap\u0131lm\u0131\u015ft\u0131r. K\u0131r\u0131lgan cam yerine, paslanmaz \u00e7elik kab\u0131m\u0131z yere d\u00fc\u015ft\u00fc\u011f\u00fcnde par\u00e7alanmaz veya k\u0131r\u0131lmaz. Kokmaya meyilli plastik gibi olmayan olduk\u00e7a hafif ve kullan\u0131\u015fl\u0131 bu bardaklar, i\u00e7eceklerin orijinal lezzetini koruyacakt\u0131r. Fincan\u0131n i\u00e7i ve d\u0131\u015f\u0131 cilalanm\u0131\u015ft\u0131r ve y\u00fczeyi p\u00fcr\u00fczs\u00fczd\u00fcr. Y\u00fcksek kaliteli malzemeden yap\u0131lm\u0131\u015f olan bardaklar g\u00fc\u00e7l\u00fc ve sa\u011flamd\u0131r.<\/p>\n<p>\t\u00c7ocuklar ve Yeti\u015fkinler \u0130\u00e7in Uygun : Hem yeti\u015fkinler hem de \u00e7ocuklar kullan\u0131m i\u00e7in bardak duvar\u0131n\u0131 kolayca tutabilirler. Bardak, geleneksel plastik bardaklara ve cam bardaklara g\u00f6re avantajlar\u0131 olan, her duruma uygun ve ayn\u0131 zamanda hediye vermek i\u00e7in de \u00e7ok uygun olan modern tasar\u0131m stilini ve \u00fcretim s\u00fcrecini benimser.<\/p>\n<p>\tTemizlemesi Kolay : Su barda\u011f\u0131 \u00e7ok sa\u011flamd\u0131r, bula\u015f\u0131k makinesinde y\u0131kanabilir. Bardak g\u00f6vdesinin i\u00e7i ve d\u0131\u015f\u0131 \u00f6zel olarak i\u015flenmi\u015ftir, su lekesi b\u0131rakmas\u0131 kolay de\u011fildir, temizlenmesi \u00e7ok kolayd\u0131r. \u00dcr\u00fcn uzun \u00f6m\u00fcrl\u00fcd\u00fcr ve temizlendikten sonra tekrar tekrar kullan\u0131labilir.<\/p>\n<p>\n\t<strong>M\u00dcKEMMEL SATI\u015e SONRASI H\u0130ZMET : <\/strong>HSNET \/ HSNET olarak m\u00fc\u015fterilerimize en iyi hizmeti sunmay\u0131 ama\u00e7l\u0131yor, g\u00fcvenle sat\u0131n alabilmeniz i\u00e7in, ambalaj kalitemize g\u00fcveniyor, her \u00fcr\u00fcn sorunsuz teslimat i\u00e7in \u00f6zenle paketliyor ve resimde belirtilen renk, ebat, \u00f6zelikte \u00fcr\u00fcn g\u00f6ndermeyi taahh\u00fct ediyoruz. Hasarl\u0131 \u00fcr\u00fcn ald\u0131ysan\u0131z veya di\u011fer \u00fcr\u00fcn ve paket teslimat sorunlar\u0131 oldu\u011funda bizimle ileti\u015fime ge\u00e7mekten \u00e7ekinmeyin.<\/p>\n<p>\n\t<strong>Detayl\u0131 bilgi i\u00e7in ek resimleri inceleyebilirsiniz<\/strong><\/p>\n<p><\/p>\n<p>\n\t<strong><img decoding=\"async\"  src=\"https:\/\/hepsicdn.com.tr\/static\/product_detail\/hbnet3e80d278_4834101.webp\"><\/strong><\/p>\n<p>\n\t\u00a0<\/p>\n","protected":false},"excerpt":{"rendered":"<p>\u00dcr\u00fcn \u00d6zellikleri : Materyal : Paslanmaz \u00c7elik Adet \/ Renk \/ Tasar\u0131m : 4\u00a0Adet, HSNET\u00a0Fazio GiacintoDesign olarak tasarlad\u0131\u011f\u0131m\u0131z, resimde yer alan tasar\u0131m\u0131, s\u00fcrpriz ya\u015famaman\u0131z i\u00e7in birebir g\u00f6nderiyoruz \u00d6l\u00e7\u00fcler : 9,5 x 7,5 cm x dip 5,5 cm &#8211; 210 ml kapasite\u00a0 S\u0131cak su, meyve suyu, kokteyller, dondurulmu\u015f i\u00e7ecekler i\u00e7in uygun olan bardaktaki i\u00e7ece\u011fin s\u0131cakl\u0131k kayb\u0131n\u0131&#8230;<\/p>\n","protected":false},"featured_media":0,"comment_status":"open","ping_status":"closed","template":"","meta":{"_kad_post_transparent":"","_kad_post_title":"","_kad_post_layout":"","_kad_post_sidebar_id":"","_kad_post_content_style":"","_kad_post_vertical_padding":"","_kad_post_feature":"","_kad_post_feature_position":"","_kad_post_header":false,"_kad_post_footer":false,"_kad_post_classname":""},"product_brand":[],"product_cat":[7826],"product_tag":[],"class_list":{"0":"post-102625","1":"product","2":"type-product","3":"status-publish","5":"product_cat-endustriyel-mutfak-ekipmanlari-sofra-sofra-mutfak-ev-yasam-endustriyel-mutfak-ekipmanlari","7":"first","8":"instock","9":"purchasable","10":"product-type-simple","11":"entry","12":"content-bg","13":"loop-entry"},"_links":{"self":[{"href":"https:\/\/www.hediyepazar.com\/index.php?rest_route=\/wp\/v2\/product\/102625","targetHints":{"allow":["GET"]}}],"collection":[{"href":"https:\/\/www.hediyepazar.com\/index.php?rest_route=\/wp\/v2\/product"}],"about":[{"href":"https:\/\/www.hediyepazar.com\/index.php?rest_route=\/wp\/v2\/types\/product"}],"replies":[{"embeddable":true,"href":"https:\/\/www.hediyepazar.com\/index.php?rest_route=%2Fwp%2Fv2%2Fcomments&post=102625"}],"wp:attachment":[{"href":"https:\/\/www.hediyepazar.com\/index.php?rest_route=%2Fwp%2Fv2%2Fmedia&parent=102625"}],"wp:term":[{"taxonomy":"product_brand","embeddable":true,"href":"https:\/\/www.hediyepazar.com\/index.php?rest_route=%2Fwp%2Fv2%2Fproduct_brand&post=102625"},{"taxonomy":"product_cat","embeddable":true,"href":"https:\/\/www.hediyepazar.com\/index.php?rest_route=%2Fwp%2Fv2%2Fproduct_cat&post=102625"},{"taxonomy":"product_tag","embeddable":true,"href":"https:\/\/www.hediyepazar.com\/index.php?rest_route=%2Fwp%2Fv2%2Fproduct_tag&post=102625"}],"curies":[{"name":"wp","href":"https:\/\/api.w.org\/{rel}","templated":true}]}}