{"id":102627,"date":"2026-05-04T07:07:57","date_gmt":"2026-05-04T10:07:57","guid":{"rendered":"https:\/\/www.hediyepazar.com\/?product=turk-lastik-sisirici-ayak-hava-pompasi"},"modified":"2026-05-04T07:07:57","modified_gmt":"2026-05-04T10:07:57","slug":"turk-lastik-sisirici-ayak-hava-pompasi","status":"publish","type":"product","link":"https:\/\/www.hediyepazar.com\/?product=turk-lastik-sisirici-ayak-hava-pompasi","title":{"rendered":"Turk Lastik \u015ei\u015firici Ayak Hava Pompas\u0131"},"content":{"rendered":"<p>\t<strong>\u00dcr\u00fcn \u00d6zellikleri : <\/strong><\/p>\n<p>\t<strong>Materyal : <\/strong>Sertle\u015ftirilmi\u015f Demir<\/p>\n<p>\t<strong>Adet \/ Renk \/ Tasar\u0131m : <\/strong> 1 Adet, Turk\u00a0 olarak tasarlad\u0131\u011f\u0131m\u0131z, resimde yer alan modeli , s\u00fcrpriz ya\u015famaman\u0131z i\u00e7in birebir g\u00f6nderiyoruz<\/p>\n<p>\t<strong>\u00d6l\u00e7\u00fcler :<\/strong><span style=\"color: rgb(255, 0, 0);\"><strong>\u00a0\u00a0<\/strong><\/span>10 cm Silindir Uzunlu\u011fundad\u0131r \u2013 20 PSI = 7,5 dk da (ortalama) basabilir<\/p>\n<p>\tAyaktan \u00e7al\u0131\u015fabilen pompalarla \u015fi\u015firme i\u015flemi \u00e7ok daha kolayla\u015ft\u0131r\u0131lm\u0131\u015ft\u0131r.<br \/>\tOto lasti\u011fi,bot,top,yatak,balon,deniz oyuncaklar\u0131 gibi malzemeleri kolayl\u0131kla \u015fi\u015firebilirsiniz.<br \/>\tMetal sa\u011flam g\u00f6vde yap\u0131s\u0131 ile \u00e7ok dayan\u0131kl\u0131d\u0131r.<br \/>\tB\u00fcy\u00fck g\u00f6sterge saatinden bas\u0131nc\u0131 \u00f6l\u00e7ebilirsiniz.<br \/>\t47 cm uzun \u015fi\u015firme hortumu ile \u00fcr\u00fcn\u00fc \u015fi\u015firmede \u00e7ok daha fazla konfor sa\u011flar.<br \/>\tDe\u011fi\u015fik \u015fi\u015firme u\u00e7lar\u0131n\u0131 de\u011fi\u015fik \u00fcr\u00fcnleri \u015fi\u015firmeden kullanabilirsiniz.<br \/>\t100 PSI veya 7 bar 2 \u00f6l\u00e7\u00fcm sistemi kullan\u0131lm\u0131\u015ft\u0131r.<\/p>\n<p>\t<span style=\"color: rgb(255, 0, 0);\"><strong>Nas\u0131l Kullan\u0131r\u0131m ?\u00a0<\/strong><\/span>Hortum ucundaki rekoru sibopa tak\u0131n\u0131z ve kapa\u011f\u0131 kapat\u0131n\u0131z.\u015ei\u015firmeye ba\u015flayabilirsiniz.<br \/>\tAyak \u00fczerindeki kancay\u0131 tak\u0131n\u0131z.<br \/>\tHortum ucunu sibopa yerle\u015ftirip kilidi ile kitleyiniz..<br \/>\tSaatten okudu\u011funuz bas\u0131n\u00e7 yeterli seviyeye geldi\u011finde kilidi a\u00e7\u0131n\u0131z.<br \/>\tDikkat: Kilidi a\u00e7madan hortumu \u00e7eker iseniz \u00fcr\u00fcne ve Lastik sibopunuza zarar verebilirsiniz.<\/p>\n<p><strong>M\u00dcKEMMEL SATI\u015e SONRASI H\u0130ZMET : <\/strong>Turk \/ Turk olarak m\u00fc\u015fterilerimize en iyi hizmeti sunmay\u0131 ama\u00e7l\u0131yor, g\u00fcvenle sat\u0131n alabilmeniz i\u00e7in, ambalaj kalitemize g\u00fcveniyor, her \u00fcr\u00fcn sorunsuz teslimat i\u00e7in \u00f6zenle paketliyor ve resimde belirtilen renk, ebat, \u00f6zelikte \u00fcr\u00fcn g\u00f6ndermeyi taahh\u00fct ediyoruz. Hasarl\u0131 \u00fcr\u00fcn ald\u0131ysan\u0131z veya di\u011fer \u00fcr\u00fcn ve paket teslimat sorunlar\u0131 oldu\u011funda bizimle ileti\u015fime ge\u00e7mekten \u00e7ekinmeyin.<\/p>\n<p><strong>Detayl\u0131 bilgi i\u00e7in ek resimleri inceleyebilirsiniz<\/p>\n<p> <strong> <\/strong><\/strong><\/strong><\/p>\n","protected":false},"excerpt":{"rendered":"<p>\u00dcr\u00fcn \u00d6zellikleri : Materyal : Sertle\u015ftirilmi\u015f Demir Adet \/ Renk \/ Tasar\u0131m : 1 Adet, Turk\u00a0 olarak tasarlad\u0131\u011f\u0131m\u0131z, resimde yer alan modeli , s\u00fcrpriz ya\u015famaman\u0131z i\u00e7in birebir g\u00f6nderiyoruz \u00d6l\u00e7\u00fcler :\u00a0\u00a010 cm Silindir Uzunlu\u011fundad\u0131r \u2013 20 PSI = 7,5 dk da (ortalama) basabilir Ayaktan \u00e7al\u0131\u015fabilen pompalarla \u015fi\u015firme i\u015flemi \u00e7ok daha kolayla\u015ft\u0131r\u0131lm\u0131\u015ft\u0131r. Oto lasti\u011fi,bot,top,yatak,balon,deniz oyuncaklar\u0131 gibi malzemeleri&#8230;<\/p>\n","protected":false},"featured_media":102626,"comment_status":"open","ping_status":"closed","template":"","meta":{"_kad_post_transparent":"","_kad_post_title":"","_kad_post_layout":"","_kad_post_sidebar_id":"","_kad_post_content_style":"","_kad_post_vertical_padding":"","_kad_post_feature":"","_kad_post_feature_position":"","_kad_post_header":false,"_kad_post_footer":false,"_kad_post_classname":""},"product_brand":[],"product_cat":[7892],"product_tag":[],"class_list":{"0":"post-102627","1":"product","2":"type-product","3":"status-publish","4":"has-post-thumbnail","6":"product_cat-oto-aksesuarlari-oto-aksesuarlari-cep-telefonu-elektronik-trafik-yol-yardimci-urunler","8":"first","9":"instock","10":"purchasable","11":"product-type-simple","12":"entry","13":"content-bg","14":"loop-entry"},"_links":{"self":[{"href":"https:\/\/www.hediyepazar.com\/index.php?rest_route=\/wp\/v2\/product\/102627","targetHints":{"allow":["GET"]}}],"collection":[{"href":"https:\/\/www.hediyepazar.com\/index.php?rest_route=\/wp\/v2\/product"}],"about":[{"href":"https:\/\/www.hediyepazar.com\/index.php?rest_route=\/wp\/v2\/types\/product"}],"replies":[{"embeddable":true,"href":"https:\/\/www.hediyepazar.com\/index.php?rest_route=%2Fwp%2Fv2%2Fcomments&post=102627"}],"wp:featuredmedia":[{"embeddable":true,"href":"https:\/\/www.hediyepazar.com\/index.php?rest_route=\/wp\/v2\/media\/102626"}],"wp:attachment":[{"href":"https:\/\/www.hediyepazar.com\/index.php?rest_route=%2Fwp%2Fv2%2Fmedia&parent=102627"}],"wp:term":[{"taxonomy":"product_brand","embeddable":true,"href":"https:\/\/www.hediyepazar.com\/index.php?rest_route=%2Fwp%2Fv2%2Fproduct_brand&post=102627"},{"taxonomy":"product_cat","embeddable":true,"href":"https:\/\/www.hediyepazar.com\/index.php?rest_route=%2Fwp%2Fv2%2Fproduct_cat&post=102627"},{"taxonomy":"product_tag","embeddable":true,"href":"https:\/\/www.hediyepazar.com\/index.php?rest_route=%2Fwp%2Fv2%2Fproduct_tag&post=102627"}],"curies":[{"name":"wp","href":"https:\/\/api.w.org\/{rel}","templated":true}]}}