{"id":102634,"date":"2026-05-04T07:09:57","date_gmt":"2026-05-04T10:09:57","guid":{"rendered":"https:\/\/www.hediyepazar.com\/?product=turk-2-boy-sicak-su-torbasi-2-li-set"},"modified":"2026-05-04T07:09:57","modified_gmt":"2026-05-04T10:09:57","slug":"turk-2-boy-sicak-su-torbasi-2-li-set","status":"publish","type":"product","link":"https:\/\/www.hediyepazar.com\/?product=turk-2-boy-sicak-su-torbasi-2-li-set","title":{"rendered":"Turk 2 Boy S\u0131cak Su Torbas\u0131 2 li SET"},"content":{"rendered":"<p>\n\t<strong>\u00dcr\u00fcn \u00d6zellikleri : <\/strong><\/p>\n<p>\t<strong>Materyal : Silikon Kau\u00e7uk\u00a0<\/strong><\/p>\n<p>\t<strong>Adet \/ Renk \/ Tasar\u0131m : <\/strong> 2 Adet (2 farkl\u0131 boyutta) , HSNET\u00a0 Design olarak tasarlad\u0131\u011f\u0131m\u0131z, resimde yer alan modeli, s\u00fcrpriz ya\u015famaman\u0131z i\u00e7in birebir g\u00f6nderiyoruz. Renkler resimdekinden farkl\u0131 olarak g\u00f6nderilebilir.<\/p>\n<p>\t<strong>\u00d6l\u00e7\u00fcler :\u00a0 25 x 18 cm ve 20 x 16 cm\u00a0<\/strong><\/p>\n<p>\tIs\u0131y\u0131 da\u011f\u0131tmak i\u00e7in yivli olarak tasarlad\u0131k.<\/p>\n<p>\tYaln\u0131zca \u2154&#8217;ye kadar doldurulmas\u0131 ve 80 derece c&#8217;yi a\u015fmamas\u0131 \u00f6nerilir. G\u00fcnd\u00fczleri veya geceleri yatakta s\u0131cak tutmak i\u00e7in idealdir veya a\u011fr\u0131lar\u0131, s\u0131z\u0131lar\u0131 ve kramplar\u0131 hafifletmeye yard\u0131mc\u0131 olmak i\u00e7in idealdir.<\/p>\n<p>\n\t<strong>M\u00dcKEMMEL SATI\u015e SONRASI H\u0130ZMET : <\/strong>HSNET \/ HSNET olarak m\u00fc\u015fterilerimize en iyi hizmeti sunmay\u0131 ama\u00e7l\u0131yor, g\u00fcvenle sat\u0131n alabilmeniz i\u00e7in, ambalaj kalitemize g\u00fcveniyor, her \u00fcr\u00fcn sorunsuz teslimat i\u00e7in \u00f6zenle paketliyor ve resimde belirtilen renk, ebat, \u00f6zelikte \u00fcr\u00fcn g\u00f6ndermeyi taahh\u00fct ediyoruz. Hasarl\u0131 \u00fcr\u00fcn ald\u0131ysan\u0131z veya di\u011fer \u00fcr\u00fcn ve paket teslimat sorunlar\u0131 oldu\u011funda bizimle ileti\u015fime ge\u00e7mekten \u00e7ekinmeyin.<\/p>\n<p>\n\t<strong>Detayl\u0131 bilgi i\u00e7in ek resimleri inceleyebilirsiniz<\/strong><\/p>\n<p><\/p>\n<p>\n\t<strong><img decoding=\"async\"  src=\"https:\/\/hepsicdn.com.tr\/static\/product_detail\/hbnet39adbc03_4836201.webp\"><\/strong><\/p>\n<p>\n\t\u00a0<\/p>\n","protected":false},"excerpt":{"rendered":"<p>\u00dcr\u00fcn \u00d6zellikleri : Materyal : Silikon Kau\u00e7uk\u00a0 Adet \/ Renk \/ Tasar\u0131m : 2 Adet (2 farkl\u0131 boyutta) , HSNET\u00a0 Design olarak tasarlad\u0131\u011f\u0131m\u0131z, resimde yer alan modeli, s\u00fcrpriz ya\u015famaman\u0131z i\u00e7in birebir g\u00f6nderiyoruz. Renkler resimdekinden farkl\u0131 olarak g\u00f6nderilebilir. \u00d6l\u00e7\u00fcler :\u00a0 25 x 18 cm ve 20 x 16 cm\u00a0 Is\u0131y\u0131 da\u011f\u0131tmak i\u00e7in yivli olarak tasarlad\u0131k. Yaln\u0131zca&#8230;<\/p>\n","protected":false},"featured_media":102633,"comment_status":"open","ping_status":"closed","template":"","meta":{"_kad_post_transparent":"","_kad_post_title":"","_kad_post_layout":"","_kad_post_sidebar_id":"","_kad_post_content_style":"","_kad_post_vertical_padding":"","_kad_post_feature":"","_kad_post_feature_position":"","_kad_post_header":false,"_kad_post_footer":false,"_kad_post_classname":""},"product_brand":[],"product_cat":[14289],"product_tag":[],"class_list":{"0":"post-102634","1":"product","2":"type-product","3":"status-publish","4":"has-post-thumbnail","6":"product_cat-diger-saglik-urunleri-genel-saglik-saglik-supermarket-diger-saglik-urunleri","8":"first","9":"instock","10":"purchasable","11":"product-type-simple","12":"entry","13":"content-bg","14":"loop-entry"},"_links":{"self":[{"href":"https:\/\/www.hediyepazar.com\/index.php?rest_route=\/wp\/v2\/product\/102634","targetHints":{"allow":["GET"]}}],"collection":[{"href":"https:\/\/www.hediyepazar.com\/index.php?rest_route=\/wp\/v2\/product"}],"about":[{"href":"https:\/\/www.hediyepazar.com\/index.php?rest_route=\/wp\/v2\/types\/product"}],"replies":[{"embeddable":true,"href":"https:\/\/www.hediyepazar.com\/index.php?rest_route=%2Fwp%2Fv2%2Fcomments&post=102634"}],"wp:featuredmedia":[{"embeddable":true,"href":"https:\/\/www.hediyepazar.com\/index.php?rest_route=\/wp\/v2\/media\/102633"}],"wp:attachment":[{"href":"https:\/\/www.hediyepazar.com\/index.php?rest_route=%2Fwp%2Fv2%2Fmedia&parent=102634"}],"wp:term":[{"taxonomy":"product_brand","embeddable":true,"href":"https:\/\/www.hediyepazar.com\/index.php?rest_route=%2Fwp%2Fv2%2Fproduct_brand&post=102634"},{"taxonomy":"product_cat","embeddable":true,"href":"https:\/\/www.hediyepazar.com\/index.php?rest_route=%2Fwp%2Fv2%2Fproduct_cat&post=102634"},{"taxonomy":"product_tag","embeddable":true,"href":"https:\/\/www.hediyepazar.com\/index.php?rest_route=%2Fwp%2Fv2%2Fproduct_tag&post=102634"}],"curies":[{"name":"wp","href":"https:\/\/api.w.org\/{rel}","templated":true}]}}