{"id":102636,"date":"2026-05-04T07:10:01","date_gmt":"2026-05-04T10:10:01","guid":{"rendered":"https:\/\/www.hediyepazar.com\/?product=turk-kendinden-donerli-merdane-2-li-set-fabelle-design"},"modified":"2026-05-04T07:10:01","modified_gmt":"2026-05-04T10:10:01","slug":"turk-kendinden-donerli-merdane-2-li-set-fabelle-design","status":"publish","type":"product","link":"https:\/\/www.hediyepazar.com\/?product=turk-kendinden-donerli-merdane-2-li-set-fabelle-design","title":{"rendered":"Turk Kendinden D\u00f6nerli Merdane 2 li SET Fabelle Design"},"content":{"rendered":"<p>\n\t<strong>\u00dcr\u00fcn \u00d6zellikleri : <\/strong>Kendiden d\u00f6nerli modeldir. Siz hareket ettirdik\u00e7e takviye olarak orta k\u0131s\u0131mda d\u00f6ner.<\/p>\n<p>\t<strong>Materyal : <\/strong> %100 Me\u015fe A\u011fac\u0131<\/p>\n<p>\t<strong>Adet \/ Renk \/ Tasar\u0131m : <\/strong> 1 Adet\u00a0<strong>D\u00d6NERL\u0130 MERDANE + 1 adet\u00a0<\/strong>\u00a0d\u00f6nerli olmayan HED\u0130YE MERDANE Toplam 26 cm &#8211; merdane b\u00f6l\u00fcm\u00fc 14 cm &#8211; \u00c7ap 3,3 cm\u00a0 \u00a0, HSNET\u00a0<span style=\"color: rgb(1, 15, 38); font-family: Roboto, sans-serif; font-size: 13px;\">Fabelle\u00a0<\/span>Design olarak tasarlad\u0131\u011f\u0131m\u0131z, resimde yer alan rengi, s\u00fcrpriz ya\u015famaman\u0131z i\u00e7in birebir g\u00f6nderiyoruz<\/p>\n<p>\t<strong>\u00d6l\u00e7\u00fcler : D\u00d6NERL\u0130 MERDANE\u00a0<\/strong>Toplam 43 cm &#8211; merdane b\u00f6l\u00fcm\u00fc 35 cm &#8211; \u00c7ap 5 cm<\/p>\n<p>\n\tDAYANIKLI OLARAK YAPILMI\u015eTIR: Sert Me\u015fe A\u011fac\u0131ndan \u00fcretilmi\u015ftir. Son derece p\u00fcr\u00fczs\u00fcz bir y\u00fczeye sahiptir. Do\u011fal Ah\u015fap merdane, d\u00fcnyan\u0131n d\u00f6rt bir yan\u0131ndaki \u015fefler taraf\u0131ndan \u00f6nerilmi\u015ftir, bu nedenle HSNET\u00a0olarak biz, m\u00fc\u015fterilerine d\u00fc\u015f\u00fck maliyetle \u00dcst\u00fcn Kalite sunman\u0131n \u00f6tesine ge\u00e7tik.<\/p>\n<p>\tERGONOM\u0130K TASARIM: Merdanemizin tutu\u015fu, her t\u00fcrl\u00fc ihtiya\u00e7 i\u00e7in d\u00fczg\u00fcn yuvarlanma g\u00f6z \u00f6n\u00fcnde bulundurularak tasarlanm\u0131\u015ft\u0131r. Bunlar t\u00fcm end\u00fcstriyel, ticari ve konut ihtiya\u00e7lar\u0131 i\u00e7in kullan\u0131lmak \u00fczere yap\u0131lm\u0131\u015ft\u0131r. Merdanemiz, restoran a\u015f\u00e7\u0131lar\u0131, ev \u015fefleri, \u00e7ocuklar, gen\u00e7ler, erkekler ve kad\u0131nlar taraf\u0131ndan \u00e7ok kolay bir \u015fekilde kullan\u0131labilir.<\/p>\n<p>\tYIKANMASI KOLAY: Do\u011fal sert ah\u015fap me\u015fe malzeme, y\u0131kamay\u0131 \u00e7ok kolayla\u015ft\u0131r\u0131r. Merdane bula\u015f\u0131k makinesinde y\u0131kanabilir, bu nedenle her zaman bir y\u0131kama kolayl\u0131\u011f\u0131 olabilir. Oklavan\u0131n y\u00fczeyinin su alt\u0131nda y\u0131kand\u0131ktan sonra her zaman yumu\u015fak pamuklu bir bezle temizlenmesini tavsiye ederiz. Yumu\u015fak \u00e7izilmelere kar\u015f\u0131 dayan\u0131kl\u0131 olduklar\u0131 i\u00e7in di\u011fer silikon haddeleme malzemelerine g\u00f6re \u00e7ok daha iyidirler.<\/p>\n<p>\tYAPI\u015eMAZ: Yap\u0131\u015fmaz ve p\u00fcr\u00fczs\u00fcz yumu\u015fak bir y\u00fczeye sahiptir. Normalde y\u00fczeyi bitirmek i\u00e7in kullan\u0131lan t\u00fcm sentetik kimyasallardan ar\u0131nd\u0131r\u0131lm\u0131\u015f, do\u011fal y\u00fczeyimiz yap\u0131\u015fmaz oldu\u011fundan her t\u00fcrl\u00fc ama\u00e7 i\u00e7in kullan\u0131m\u0131 \u00e7ok kolayd\u0131r.<\/p>\n<p>\t\u00c7OK AMA\u00c7LI : Hamur a\u00e7ma, makarna, pizza, kurabiye, pasta, tortilla, mant\u0131 ve \u00e7ok daha fazlas\u0131 i\u00e7in kullan\u0131labilir. Oklavam\u0131z\u0131n b\u00fcy\u00fck boyutu, t\u00fcm ihtiya\u00e7lar i\u00e7in en iyi \u015fekilde geni\u015f bir kullan\u0131m yelpazesi sunar.<\/p>\n<p>\n\t<strong>M\u00dcKEMMEL SATI\u015e SONRASI H\u0130ZMET : <\/strong>HSNET \/ HSNET olarak m\u00fc\u015fterilerimize en iyi hizmeti sunmay\u0131 ama\u00e7l\u0131yor, g\u00fcvenle sat\u0131n alabilmeniz i\u00e7in, ambalaj kalitemize g\u00fcveniyor, her \u00fcr\u00fcn sorunsuz teslimat i\u00e7in \u00f6zenle paketliyor ve resimde belirtilen renk, ebat, \u00f6zelikte \u00fcr\u00fcn g\u00f6ndermeyi taahh\u00fct ediyoruz. Hasarl\u0131 \u00fcr\u00fcn ald\u0131ysan\u0131z veya di\u011fer \u00fcr\u00fcn ve paket teslimat sorunlar\u0131 oldu\u011funda bizimle ileti\u015fime ge\u00e7mekten \u00e7ekinmeyin.<\/p>\n<p>\n\t<strong>Detayl\u0131 bilgi i\u00e7in ek resimleri inceleyebilirsiniz<\/strong><\/p>\n<p><\/p>\n<p>\n\t<strong><img decoding=\"async\"  src=\"https:\/\/hepsicdn.com.tr\/static\/product_detail\/hbnet0d7c5d50_4836401.jpg\"><\/strong><\/p>\n<p>\n\t\u00a0<\/p>\n","protected":false},"excerpt":{"rendered":"<p>\u00dcr\u00fcn \u00d6zellikleri : Kendiden d\u00f6nerli modeldir. Siz hareket ettirdik\u00e7e takviye olarak orta k\u0131s\u0131mda d\u00f6ner. Materyal : %100 Me\u015fe A\u011fac\u0131 Adet \/ Renk \/ Tasar\u0131m : 1 Adet\u00a0D\u00d6NERL\u0130 MERDANE + 1 adet\u00a0\u00a0d\u00f6nerli olmayan HED\u0130YE MERDANE Toplam 26 cm &#8211; merdane b\u00f6l\u00fcm\u00fc 14 cm &#8211; \u00c7ap 3,3 cm\u00a0 \u00a0, HSNET\u00a0Fabelle\u00a0Design olarak tasarlad\u0131\u011f\u0131m\u0131z, resimde yer alan rengi, s\u00fcrpriz&#8230;<\/p>\n","protected":false},"featured_media":102635,"comment_status":"open","ping_status":"closed","template":"","meta":{"_kad_post_transparent":"","_kad_post_title":"","_kad_post_layout":"","_kad_post_sidebar_id":"","_kad_post_content_style":"","_kad_post_vertical_padding":"","_kad_post_feature":"","_kad_post_feature_position":"","_kad_post_header":false,"_kad_post_footer":false,"_kad_post_classname":""},"product_brand":[],"product_cat":[7826],"product_tag":[],"class_list":{"0":"post-102636","1":"product","2":"type-product","3":"status-publish","4":"has-post-thumbnail","6":"product_cat-endustriyel-mutfak-ekipmanlari-sofra-sofra-mutfak-ev-yasam-endustriyel-mutfak-ekipmanlari","8":"first","9":"instock","10":"purchasable","11":"product-type-simple","12":"entry","13":"content-bg","14":"loop-entry"},"_links":{"self":[{"href":"https:\/\/www.hediyepazar.com\/index.php?rest_route=\/wp\/v2\/product\/102636","targetHints":{"allow":["GET"]}}],"collection":[{"href":"https:\/\/www.hediyepazar.com\/index.php?rest_route=\/wp\/v2\/product"}],"about":[{"href":"https:\/\/www.hediyepazar.com\/index.php?rest_route=\/wp\/v2\/types\/product"}],"replies":[{"embeddable":true,"href":"https:\/\/www.hediyepazar.com\/index.php?rest_route=%2Fwp%2Fv2%2Fcomments&post=102636"}],"wp:featuredmedia":[{"embeddable":true,"href":"https:\/\/www.hediyepazar.com\/index.php?rest_route=\/wp\/v2\/media\/102635"}],"wp:attachment":[{"href":"https:\/\/www.hediyepazar.com\/index.php?rest_route=%2Fwp%2Fv2%2Fmedia&parent=102636"}],"wp:term":[{"taxonomy":"product_brand","embeddable":true,"href":"https:\/\/www.hediyepazar.com\/index.php?rest_route=%2Fwp%2Fv2%2Fproduct_brand&post=102636"},{"taxonomy":"product_cat","embeddable":true,"href":"https:\/\/www.hediyepazar.com\/index.php?rest_route=%2Fwp%2Fv2%2Fproduct_cat&post=102636"},{"taxonomy":"product_tag","embeddable":true,"href":"https:\/\/www.hediyepazar.com\/index.php?rest_route=%2Fwp%2Fv2%2Fproduct_tag&post=102636"}],"curies":[{"name":"wp","href":"https:\/\/api.w.org\/{rel}","templated":true}]}}