{"id":102637,"date":"2026-05-04T07:10:27","date_gmt":"2026-05-04T10:10:27","guid":{"rendered":"https:\/\/www.hediyepazar.com\/?product=turk-tek-kullanimlik-seffaf-eldiven-100-adet"},"modified":"2026-05-04T07:10:27","modified_gmt":"2026-05-04T10:10:27","slug":"turk-tek-kullanimlik-seffaf-eldiven-100-adet","status":"publish","type":"product","link":"https:\/\/www.hediyepazar.com\/?product=turk-tek-kullanimlik-seffaf-eldiven-100-adet","title":{"rendered":"Turk Tek Kullan\u0131ml\u0131k \u015eeffaf Eldiven 100 Adet"},"content":{"rendered":"<p>\n\t<strong>\u00dcr\u00fcn \u00d6zellikleri : <\/strong><\/p>\n<p>\t<strong>Adet \/ Renk \/ Tasar\u0131m : <\/strong> 1 paket-   100 l\u00fc   ,\u00a0 resimde yer alan \u015feffaf rengi, s\u00fcrpriz ya\u015famaman\u0131z i\u00e7in birebir g\u00f6nderiyoruz<\/p>\n<p>\t<strong>\u00d6l\u00e7\u00fcler :\u00a0<\/strong>polietilen &#8211; Yeti\u015fkinler \/ unisex erkekler ve kad\u0131nlar \/ Sol ve sa\u011f eller i\u00e7in bir B\u00fcy\u00fck Boy Herkese uyar.<\/p>\n<p>\n\t<strong>GEN\u0130\u015e KULLANIM ALANI : 1000\u2019e yak\u0131n alanda kullan\u0131labilir. Yemek hizmetleri<\/strong><\/p>\n<p>\n\t<strong>Mutfak Yemek Haz\u0131rlama ve Ta\u015f\u0131ma<br \/>\n\tEvde Yemek Pi\u015firme Uygulamalar\u0131<br \/>\n\tSandvi\u00e7 haz\u0131rlama<br \/>\n\tBarbek\u00fc<br \/>\n\tRestoranlar<br \/>\n\t\u015eark\u00fcteri \u0130\u015fleme<br \/>\n\tEt Haz\u0131rlama<br \/>\n\tTezgah g\u00f6revleri, Temizleme \u0130\u015flemi<br \/>\n\tBula\u015f\u0131k Y\u0131kama<br \/>\n\tevde koruma gibi hafif i\u015f uygulamalar\u0131 i\u00e7in idealdir.<\/strong><\/p>\n<p>\n\t<strong>Ev \u0130\u015fleri, T\u0131bbi S\u0131navlar, Resim, El Sanatlar\u0131, G\u00fczellik ve Kuaf\u00f6r Salonlar\u0131, End\u00fcstriyel Uygulama, Laboratuvar, Kuaf\u00f6rl\u00fck ve Di\u015f Klini\u011fi, Evcil Hayvan Besleme&#038;Temizlik ve \u00c7ok Daha Genel Ama\u00e7l\u0131 \u0130htiya\u00e7lar! <\/strong><\/p>\n<p>\n\tBu tek kullan\u0131ml\u0131k g\u0131da eldivenleri tam olarak ihtiyac\u0131n\u0131z olan \u015fey! \u00d6zellikle g\u0131da i\u015fleme eldivenleri olarak kullan\u0131lmak \u00fczere tasarlanm\u0131\u015f olup, dokulu y\u00fcksek yo\u011funluklu polietilenden yap\u0131lm\u0131\u015ft\u0131r<\/p>\n<p>\n\t%100 polietilen ve Toz \u0130\u00e7ermez, Alerjisiz, Steril Olmayan, \u0130yi kayma direnci, asit direnci, alkali direnci, ya\u011f direnci, deterjan direnci, korozyon direnci ve yap\u0131\u015fmaz. Y\u00fcksek kaliteli polietilen, hafif, toksik olmayan, g\u00fcvenli, sa\u011fl\u0131kl\u0131, dayan\u0131kl\u0131d\u0131r.<\/p>\n<p>\n\tEsnek, hasars\u0131z y\u00fczeyin kullan\u0131lmas\u0131 kaymaz ve daha iyi tutu\u015f sa\u011flar!<\/p>\n<p>\n\t\u0130yi tokluk ve ekstra gerginlik, gerilmesi kolay, dayan\u0131kl\u0131, k\u0131r\u0131lmas\u0131 ve y\u0131rt\u0131lmas\u0131 kolay de\u011fil;<\/p>\n<p>\n\tElde rahat ve p\u00fcr\u00fczs\u00fcz dokunu\u015f, giymesi kolay, delik ve s\u0131z\u0131nt\u0131 yok.<\/p>\n<p>\n\t<strong>M\u00dcKEMMEL SATI\u015e SONRASI H\u0130ZMET : <\/strong>HSNET \/ HSNET olarak m\u00fc\u015fterilerimize en iyi hizmeti sunmay\u0131 ama\u00e7l\u0131yor, g\u00fcvenle sat\u0131n alabilmeniz i\u00e7in, ambalaj kalitemize g\u00fcveniyor, her \u00fcr\u00fcn sorunsuz teslimat i\u00e7in \u00f6zenle paketliyor ve resimde belirtilen renk, ebat, \u00f6zelikte \u00fcr\u00fcn g\u00f6ndermeyi taahh\u00fct ediyoruz. Hasarl\u0131 \u00fcr\u00fcn ald\u0131ysan\u0131z veya di\u011fer \u00fcr\u00fcn ve paket teslimat sorunlar\u0131 oldu\u011funda bizimle ileti\u015fime ge\u00e7mekten \u00e7ekinmeyin.<\/p>\n<p>\n\t<strong>Detayl\u0131 bilgi i\u00e7in ek resimleri inceleyebilirsiniz<\/strong><\/p>\n<p>\n\t<img decoding=\"async\"  src=\"https:\/\/hepsicdn.com.tr\/static\/product_detail\/hbnet2e24485d_4836501.jpg\"><\/p>\n<p>\n\t\u00a0<\/p>\n","protected":false},"excerpt":{"rendered":"<p>\u00dcr\u00fcn \u00d6zellikleri : Adet \/ Renk \/ Tasar\u0131m : 1 paket- 100 l\u00fc ,\u00a0 resimde yer alan \u015feffaf rengi, s\u00fcrpriz ya\u015famaman\u0131z i\u00e7in birebir g\u00f6nderiyoruz \u00d6l\u00e7\u00fcler :\u00a0polietilen &#8211; Yeti\u015fkinler \/ unisex erkekler ve kad\u0131nlar \/ Sol ve sa\u011f eller i\u00e7in bir B\u00fcy\u00fck Boy Herkese uyar. GEN\u0130\u015e KULLANIM ALANI : 1000\u2019e yak\u0131n alanda kullan\u0131labilir. Yemek hizmetleri Mutfak&#8230;<\/p>\n","protected":false},"featured_media":0,"comment_status":"open","ping_status":"closed","template":"","meta":{"_kad_post_transparent":"","_kad_post_title":"","_kad_post_layout":"","_kad_post_sidebar_id":"","_kad_post_content_style":"","_kad_post_vertical_padding":"","_kad_post_feature":"","_kad_post_feature_position":"","_kad_post_header":false,"_kad_post_footer":false,"_kad_post_classname":""},"product_brand":[],"product_cat":[14156],"product_tag":[],"class_list":{"0":"post-102637","1":"product","2":"type-product","3":"status-publish","5":"product_cat-pratik-ev-esyalari-ev-gerecleri-ev-yasam-pratik-ev-esyalari-ev-gerecleri-ev-yasam","7":"first","8":"instock","9":"purchasable","10":"product-type-simple","11":"entry","12":"content-bg","13":"loop-entry"},"_links":{"self":[{"href":"https:\/\/www.hediyepazar.com\/index.php?rest_route=\/wp\/v2\/product\/102637","targetHints":{"allow":["GET"]}}],"collection":[{"href":"https:\/\/www.hediyepazar.com\/index.php?rest_route=\/wp\/v2\/product"}],"about":[{"href":"https:\/\/www.hediyepazar.com\/index.php?rest_route=\/wp\/v2\/types\/product"}],"replies":[{"embeddable":true,"href":"https:\/\/www.hediyepazar.com\/index.php?rest_route=%2Fwp%2Fv2%2Fcomments&post=102637"}],"wp:attachment":[{"href":"https:\/\/www.hediyepazar.com\/index.php?rest_route=%2Fwp%2Fv2%2Fmedia&parent=102637"}],"wp:term":[{"taxonomy":"product_brand","embeddable":true,"href":"https:\/\/www.hediyepazar.com\/index.php?rest_route=%2Fwp%2Fv2%2Fproduct_brand&post=102637"},{"taxonomy":"product_cat","embeddable":true,"href":"https:\/\/www.hediyepazar.com\/index.php?rest_route=%2Fwp%2Fv2%2Fproduct_cat&post=102637"},{"taxonomy":"product_tag","embeddable":true,"href":"https:\/\/www.hediyepazar.com\/index.php?rest_route=%2Fwp%2Fv2%2Fproduct_tag&post=102637"}],"curies":[{"name":"wp","href":"https:\/\/api.w.org\/{rel}","templated":true}]}}