{"id":102639,"date":"2026-05-04T07:12:04","date_gmt":"2026-05-04T10:12:04","guid":{"rendered":"https:\/\/www.hediyepazar.com\/?product=turk-elena-12-parca-cantali-agac-oyma-ve-kesici-set"},"modified":"2026-05-04T07:12:04","modified_gmt":"2026-05-04T10:12:04","slug":"turk-elena-12-parca-cantali-agac-oyma-ve-kesici-set","status":"publish","type":"product","link":"https:\/\/www.hediyepazar.com\/?product=turk-elena-12-parca-cantali-agac-oyma-ve-kesici-set","title":{"rendered":"Turk Elena 12 Par\u00e7a \u00c7antal\u0131 A\u011fa\u00e7 Oyma ve Kesici Set"},"content":{"rendered":"<p>\t<span style=\"color:#ff0000;\"><strong>Spesifikasyonlar : <\/strong><\/span><\/p>\n<p>\t<span style=\"color:#ff0000;\"><strong>Materyal : Karbon \u00c7elik <\/strong><\/span><\/p>\n<p>\t<span style=\"color:#ff0000;\"><strong>Adet : 1 set \/ 12 adet <\/strong><\/span><\/p>\n<p>\t<span style=\"color:#ff0000;\"><strong>\u00d6l\u00e7\u00fcler : 20 cm uzunluk <\/strong><\/span><\/p>\n<p>\tY\u0131llarca dayanacak \u015fekilde sertle\u015ftirilmi\u015f karbon \u00e7elikten yap\u0131lm\u0131\u015ft\u0131r.<\/p>\n<p>\tErgonomik ve do\u011fal tutu\u015f i\u00e7in ah\u015fap saplar\u0131 mevcuttur.<\/p>\n<p>\t1 x Yuvarlak Burun Keski: 5\/16&#8243;<br \/>\t1x E\u011fri Ah\u015fap Torna Keski: 5\/16&#8243;<br \/>\t3x D\u00fcz Oyuk: 7\/16&#8243;, 1\/2&#8243; ve 9\/16&#8243;<br \/>\t1x V-D\u00fcz Ay\u0131rma Aleti: 9\/16&#8243;<br \/>\t1x B\u00fck\u00fclm\u00fc\u015f Keski: 5\/16&#8243;<br \/>\t1x Ah\u015fap Keski: 5\/16&#8243;<br \/>\t1x E\u011fri Ah\u015fap Tornal\u0131 Keski: 5\/16&#8243;<br \/>\t2x D\u00fcz Keski: 5\/16&#8243; ve 1\/2&#8243;<br \/>\t1x Sivri Ah\u015fap Keski: 5\/16&#8243;<br \/>\t1x Ta\u015f\u0131ma \u00c7antas\u0131<br \/>\tDETAYLI B\u0130LG\u0130 \u0130\u00c7\u0130N EK RES\u0130MLER\u0130 \u0130NCELEYEB\u0130L\u0130RS\u0130N\u0130Z.<\/p>\n<p>\t<span br=\"\"> <\/span><\/p>\n","protected":false},"excerpt":{"rendered":"<p>Spesifikasyonlar : Materyal : Karbon \u00c7elik Adet : 1 set \/ 12 adet \u00d6l\u00e7\u00fcler : 20 cm uzunluk Y\u0131llarca dayanacak \u015fekilde sertle\u015ftirilmi\u015f karbon \u00e7elikten yap\u0131lm\u0131\u015ft\u0131r. Ergonomik ve do\u011fal tutu\u015f i\u00e7in ah\u015fap saplar\u0131 mevcuttur. 1 x Yuvarlak Burun Keski: 5\/16&#8243; 1x E\u011fri Ah\u015fap Torna Keski: 5\/16&#8243; 3x D\u00fcz Oyuk: 7\/16&#8243;, 1\/2&#8243; ve 9\/16&#8243; 1x V-D\u00fcz Ay\u0131rma&#8230;<\/p>\n","protected":false},"featured_media":102638,"comment_status":"open","ping_status":"closed","template":"","meta":{"_kad_post_transparent":"","_kad_post_title":"","_kad_post_layout":"","_kad_post_sidebar_id":"","_kad_post_content_style":"","_kad_post_vertical_padding":"","_kad_post_feature":"","_kad_post_feature_position":"","_kad_post_header":false,"_kad_post_footer":false,"_kad_post_classname":""},"product_brand":[],"product_cat":[14269],"product_tag":[],"class_list":{"0":"post-102639","1":"product","2":"type-product","3":"status-publish","4":"has-post-thumbnail","6":"product_cat-hirdavat-urunleri-yapi-market-bahce-yapi-market-ev-yasam-torpu-ve-ege-setleri","8":"first","9":"instock","10":"purchasable","11":"product-type-simple","12":"entry","13":"content-bg","14":"loop-entry"},"_links":{"self":[{"href":"https:\/\/www.hediyepazar.com\/index.php?rest_route=\/wp\/v2\/product\/102639","targetHints":{"allow":["GET"]}}],"collection":[{"href":"https:\/\/www.hediyepazar.com\/index.php?rest_route=\/wp\/v2\/product"}],"about":[{"href":"https:\/\/www.hediyepazar.com\/index.php?rest_route=\/wp\/v2\/types\/product"}],"replies":[{"embeddable":true,"href":"https:\/\/www.hediyepazar.com\/index.php?rest_route=%2Fwp%2Fv2%2Fcomments&post=102639"}],"wp:featuredmedia":[{"embeddable":true,"href":"https:\/\/www.hediyepazar.com\/index.php?rest_route=\/wp\/v2\/media\/102638"}],"wp:attachment":[{"href":"https:\/\/www.hediyepazar.com\/index.php?rest_route=%2Fwp%2Fv2%2Fmedia&parent=102639"}],"wp:term":[{"taxonomy":"product_brand","embeddable":true,"href":"https:\/\/www.hediyepazar.com\/index.php?rest_route=%2Fwp%2Fv2%2Fproduct_brand&post=102639"},{"taxonomy":"product_cat","embeddable":true,"href":"https:\/\/www.hediyepazar.com\/index.php?rest_route=%2Fwp%2Fv2%2Fproduct_cat&post=102639"},{"taxonomy":"product_tag","embeddable":true,"href":"https:\/\/www.hediyepazar.com\/index.php?rest_route=%2Fwp%2Fv2%2Fproduct_tag&post=102639"}],"curies":[{"name":"wp","href":"https:\/\/api.w.org\/{rel}","templated":true}]}}