{"id":102643,"date":"2026-05-04T07:12:12","date_gmt":"2026-05-04T10:12:12","guid":{"rendered":"https:\/\/www.hediyepazar.com\/?product=turk-kopek-kaka-poseti-90-adet-kopek-diski-poseti"},"modified":"2026-05-04T07:12:12","modified_gmt":"2026-05-04T10:12:12","slug":"turk-kopek-kaka-poseti-90-adet-kopek-diski-poseti","status":"publish","type":"product","link":"https:\/\/www.hediyepazar.com\/?product=turk-kopek-kaka-poseti-90-adet-kopek-diski-poseti","title":{"rendered":"Turk K\u00f6pek Kaka Po\u015feti 90 Adet K\u00f6pek D\u0131\u015fk\u0131 Po\u015feti"},"content":{"rendered":"<p>\n\t<strong>\u00dcr\u00fcn \u00d6zellikleri : <\/strong><\/p>\n<p>\t<strong>Adet : <\/strong>6  rulo x 90 adet<\/p>\n<p>\t<strong>\u00d6l\u00e7\u00fcler : <\/strong>30 x 21 cm<\/p>\n<p>\n\t<strong>GER\u0130 D\u00d6N\u00dc\u015e\u00dcML\u00dc :<\/strong> Daha s\u00fcrd\u00fcr\u00fclebilir ve sa\u011fl\u0131kl\u0131 bir \u00e7evreyi desteklemek i\u00e7in GER\u0130 D\u00d6N\u00dc\u015eT\u00dcR\u00dcLEB\u0130L\u0130R materyalden \u00fcrettik<\/p>\n<p>\t<strong>EKONOM\u0130K PAKET :<\/strong> 90 kompostlanabilir at\u0131k po\u015feti paketimizle ister evde ister hareket halindeyken her zaman haz\u0131rl\u0131kl\u0131 olun! 6 rulo, her ruloda 15 evcil hayvan at\u0131k torbas\u0131, her biri 30X21 cm \u00f6l\u00e7\u00fclerinde, en \u00e7ok ihtiya\u00e7 duydu\u011funuzda torbalar\u0131n\u0131z asla bitmeyecek<\/p>\n<p>\t<strong>KALIN VE SIZDIRMAZ: <\/strong>Son derece dayan\u0131kl\u0131, s\u0131zd\u0131rmaz ve inan\u0131lmaz derecede kal\u0131n torbam\u0131zla evcil hayvan\u0131n\u0131za bir mola verin.<\/p>\n<p>\n\t<strong>M\u00dcKEMMEL SATI\u015e SONRASI H\u0130ZMET : <\/strong>HSNET \/ HSNET olarak m\u00fc\u015fterilerimize en iyi hizmeti sunmay\u0131 ama\u00e7l\u0131yor, g\u00fcvenle sat\u0131n alabilmeniz i\u00e7in, ambalaj kalitemize g\u00fcveniyor, her \u00fcr\u00fcn sorunsuz teslimat i\u00e7in \u00f6zenle paketliyor ve resimde belirtilen renk, ebat, \u00f6zelikte \u00fcr\u00fcn g\u00f6ndermeyi taahh\u00fct ediyoruz. Hasarl\u0131 \u00fcr\u00fcn ald\u0131ysan\u0131z veya di\u011fer \u00fcr\u00fcn ve paket teslimat sorunlar\u0131 oldu\u011funda bizimle ileti\u015fime ge\u00e7mekten \u00e7ekinmeyin.<\/p>\n<p>\n\t<strong>Detayl\u0131 bilgi i\u00e7in ek resimleri inceleyebilirsiniz<\/strong><\/p>\n<p><\/p>\n<p>\n\t<strong><img decoding=\"async\"  src=\"https:\/\/hepsicdn.com.tr\/static\/product_detail\/hbnete2a7e7e2_4837701.webp\"><\/strong><\/p>\n<p>\n\t\u00a0<\/p>\n","protected":false},"excerpt":{"rendered":"<p>\u00dcr\u00fcn \u00d6zellikleri : Adet : 6 rulo x 90 adet \u00d6l\u00e7\u00fcler : 30 x 21 cm GER\u0130 D\u00d6N\u00dc\u015e\u00dcML\u00dc : Daha s\u00fcrd\u00fcr\u00fclebilir ve sa\u011fl\u0131kl\u0131 bir \u00e7evreyi desteklemek i\u00e7in GER\u0130 D\u00d6N\u00dc\u015eT\u00dcR\u00dcLEB\u0130L\u0130R materyalden \u00fcrettik EKONOM\u0130K PAKET : 90 kompostlanabilir at\u0131k po\u015feti paketimizle ister evde ister hareket halindeyken her zaman haz\u0131rl\u0131kl\u0131 olun! 6 rulo, her ruloda 15 evcil hayvan&#8230;<\/p>\n","protected":false},"featured_media":102642,"comment_status":"open","ping_status":"closed","template":"","meta":{"_kad_post_transparent":"","_kad_post_title":"","_kad_post_layout":"","_kad_post_sidebar_id":"","_kad_post_content_style":"","_kad_post_vertical_padding":"","_kad_post_feature":"","_kad_post_feature_position":"","_kad_post_header":false,"_kad_post_footer":false,"_kad_post_classname":""},"product_brand":[],"product_cat":[14338],"product_tag":[],"class_list":{"0":"post-102643","1":"product","2":"type-product","3":"status-publish","4":"has-post-thumbnail","6":"product_cat-evcil-hayvan-urunleri-pet-shop-supermarket-evcil-hayvan-urunleri","8":"first","9":"instock","10":"purchasable","11":"product-type-simple","12":"entry","13":"content-bg","14":"loop-entry"},"_links":{"self":[{"href":"https:\/\/www.hediyepazar.com\/index.php?rest_route=\/wp\/v2\/product\/102643","targetHints":{"allow":["GET"]}}],"collection":[{"href":"https:\/\/www.hediyepazar.com\/index.php?rest_route=\/wp\/v2\/product"}],"about":[{"href":"https:\/\/www.hediyepazar.com\/index.php?rest_route=\/wp\/v2\/types\/product"}],"replies":[{"embeddable":true,"href":"https:\/\/www.hediyepazar.com\/index.php?rest_route=%2Fwp%2Fv2%2Fcomments&post=102643"}],"wp:featuredmedia":[{"embeddable":true,"href":"https:\/\/www.hediyepazar.com\/index.php?rest_route=\/wp\/v2\/media\/102642"}],"wp:attachment":[{"href":"https:\/\/www.hediyepazar.com\/index.php?rest_route=%2Fwp%2Fv2%2Fmedia&parent=102643"}],"wp:term":[{"taxonomy":"product_brand","embeddable":true,"href":"https:\/\/www.hediyepazar.com\/index.php?rest_route=%2Fwp%2Fv2%2Fproduct_brand&post=102643"},{"taxonomy":"product_cat","embeddable":true,"href":"https:\/\/www.hediyepazar.com\/index.php?rest_route=%2Fwp%2Fv2%2Fproduct_cat&post=102643"},{"taxonomy":"product_tag","embeddable":true,"href":"https:\/\/www.hediyepazar.com\/index.php?rest_route=%2Fwp%2Fv2%2Fproduct_tag&post=102643"}],"curies":[{"name":"wp","href":"https:\/\/api.w.org\/{rel}","templated":true}]}}