{"id":102652,"date":"2026-05-04T07:13:00","date_gmt":"2026-05-04T10:13:00","guid":{"rendered":"https:\/\/www.hediyepazar.com\/?product=turk-sac-klipsi-toka-6-adet-absolute-design"},"modified":"2026-05-04T07:13:00","modified_gmt":"2026-05-04T10:13:00","slug":"turk-sac-klipsi-toka-6-adet-absolute-design","status":"publish","type":"product","link":"https:\/\/www.hediyepazar.com\/?product=turk-sac-klipsi-toka-6-adet-absolute-design","title":{"rendered":"Turk Sa\u00e7 Klipsi Toka 6 Adet Absolute Design"},"content":{"rendered":"<div class=\"embed-responsive embed-responsive-16by9\">\n\t<iframe class=\"embed-responsive-item\" src=\"https:\/\/www.youtube.com\/embed\/34_Uf3t7kZo\"><\/iframe><\/div>\n<p><\/p>\n<p>\n\t<strong>\u00dcr\u00fcn \u00d6zellikleri : <\/strong><\/p>\n<p>\t<strong>NE G\u00d6NDER\u0130YORUZ ? <\/strong>6 ADET, Karbon Plastik, Profesyonel Tasar\u0131m, HSNET Absolute Design olarak tasarlad\u0131\u011f\u0131m\u0131z \u00fcr\u00fcn\u00fc g\u00f6nderiyoruz. S\u0130YAH Renk birebir g\u00f6nderilir ve s\u00fcrpriz ya\u015famazs\u0131n\u0131z.<\/p>\n<p>\n\t<strong>GEN\u0130\u015e KULLANIM ALANI : \u00c7o\u011fu sa\u00e7 stiline uyar ve partilerde, danslarda, g\u00fcnl\u00fck ya\u015famda vb. \u00e7e\u015fitli durumlarda kullan\u0131labilir. Salon \u015fekillendirme, F\u00f6n \u00e7ekerken, sa\u00e7 kurutma, renklendirme, d\u00fczle\u015ftirme, k\u0131v\u0131rma ve makyaj uygulamalar\u0131 i\u00e7in m\u00fckemmeldir.Uzun ve sa\u00e7 k\u0131s\u0131mlar\u0131n\u0131 tutacak kadar s\u0131k\u0131d\u0131r. Plastik sa\u00e7 tokalar\u0131n\u0131n kullan\u0131m\u0131 metal olanlardan daha kolayd\u0131r. Bu harika sa\u00e7 kesme klipsleri, \u015fekillendirmeyi ve f\u00f6n \u00e7ekmeyi kolayla\u015ft\u0131r\u0131r.<\/strong><\/p>\n<p>\n\t<strong>SA\u00c7INIZI M\u00dcKEMMEL TUTAR &#8211;<\/strong> Kliplerimiz, \u00e7al\u0131\u015f\u0131rken ve \u015fekillendirirken sa\u00e7a zarar vermeden veya k\u0131vr\u0131lmadan ince veya kal\u0131n sa\u00e7lar\u0131 g\u00fcvenli bir \u015fekilde tutar. Plastik klipslerin kaymaz tasar\u0131m\u0131 sayesinde \u0131slak veya kuru hassas sa\u00e7lar\u0131n\u0131z\u0131 s\u0131k\u0131ca tutarlar.<\/p>\n<p>\t<strong>PREMIUM MALZEME: <\/strong>Profesyonel Klips-tokalar sa\u011flam karbon plastikten yap\u0131lm\u0131\u015ft\u0131r. Y\u00fcz maskenizi uygularken ve y\u00fcz\u00fcn\u00fcz\u00fc y\u0131karken sa\u00e7\u0131n\u0131z\u0131 gergin tutabilir.<\/p>\n<p>\t<strong>SA\u00c7INIZI M\u00dcKEMMEL TUTUN : <\/strong>Sa\u00e7\u0131n\u0131z \u0131slak veya kuru olursa olsun, \u015fekillendirici klipsler sa\u00e7\u0131n\u0131z\u0131n b\u00fcy\u00fck veya k\u00fc\u00e7\u00fck b\u00f6l\u00fcmlerini sa\u00e7\u0131n\u0131za zarar vermeden veya b\u00fckmeden tutmak i\u00e7in kullan\u0131labilir. Uzant\u0131lara y\u00f6nelik bu \u015fekillendirici klipslerin tutma yerinde, sa\u00e7\u0131n\u0131z\u0131n yerinde kalmas\u0131n\u0131 ve sa\u00e7\u0131 tutmamas\u0131n\u0131 sa\u011flayan kaymay\u0131 \u00f6nleyici par\u00e7ac\u0131klar bulunur. Ve bu sa\u00e7 aksesuarlar\u0131 minimalist tasar\u0131mlar\u0131 sayesinde \u00e7ok hafif hissettiriyor. Di\u011fer sa\u00e7 tokalar\u0131ndan farkl\u0131 olarak sa\u00e7\u0131n\u0131za a\u011f\u0131rl\u0131k katmazlar.<\/p>\n<p>\t<strong>B\u00dcY\u00dcK VE KAYMAZ : <\/strong>Sa\u00e7\u0131n\u0131z kal\u0131n veya ince olursa olsun, sa\u00e7 k\u0131s\u0131mlar\u0131n\u0131 s\u0131k\u0131ca tutun. Tekrarlanan kullan\u0131mdan sonra bile uzun s\u00fcre dayanan y\u00fcksek elastikiyetli yayl\u0131 sa\u00e7 tokas\u0131. Kesit klipsleri ince fakat g\u00fc\u00e7l\u00fcd\u00fcr, bu da hassas alanlar\u0131n kesilmesi i\u00e7in iyidir. Kad\u0131nlara y\u00f6nelik bu sa\u00e7 tokalar\u0131, sa\u00e7lar\u0131 b\u00f6lmek ve g\u00fczel bukleler olu\u015fturmak i\u00e7in idealdir.<\/p>\n<p>\t<strong>KOLAY KULLANIM : <\/strong>T\u00fcm sa\u00e7lar\u0131 klipslerle sabitleyin ve sa\u00e7\u0131n kurumas\u0131 ve \u015fekillendirilmesi i\u00e7in yeterli zaman verin; ard\u0131ndan her bir klipsi \u00e7\u0131kar\u0131n ve g\u00f6z al\u0131c\u0131 bir g\u00f6r\u00fcn\u00fcm i\u00e7in \u015fekillendirici bir tarakla bukleleri nazik\u00e7e taray\u0131n.<\/p>\n<p>\n\t<strong>Ekran fark\u0131 nedeniyle, renk tonlar\u0131 %0,5 oran\u0131nda fark, Manuel \u00f6l\u00e7\u00fcm nedeniyle MM fark olabilir. anlay\u0131\u015f g\u00f6stermenizi rica ederiz. <\/strong><br \/>\n\t<strong>DETAYLI B\u0130LG\u0130 \u0130\u00c7\u0130N EK RES\u0130MLER\u0130 \u0130NCELEYEB\u0130L\u0130RS\u0130N\u0130Z. <img decoding=\"async\" height=\"100%\" width=\"100%\" src=\"https:\/\/hepsicdn.com.tr\/static\/product_detail\/hbnet903438db_4838901.webp\"><\/strong><\/p>\n","protected":false},"excerpt":{"rendered":"<p>\u00dcr\u00fcn \u00d6zellikleri : NE G\u00d6NDER\u0130YORUZ ? 6 ADET, Karbon Plastik, Profesyonel Tasar\u0131m, HSNET Absolute Design olarak tasarlad\u0131\u011f\u0131m\u0131z \u00fcr\u00fcn\u00fc g\u00f6nderiyoruz. S\u0130YAH Renk birebir g\u00f6nderilir ve s\u00fcrpriz ya\u015famazs\u0131n\u0131z. GEN\u0130\u015e KULLANIM ALANI : \u00c7o\u011fu sa\u00e7 stiline uyar ve partilerde, danslarda, g\u00fcnl\u00fck ya\u015famda vb. \u00e7e\u015fitli durumlarda kullan\u0131labilir. Salon \u015fekillendirme, F\u00f6n \u00e7ekerken, sa\u00e7 kurutma, renklendirme, d\u00fczle\u015ftirme, k\u0131v\u0131rma ve makyaj uygulamalar\u0131&#8230;<\/p>\n","protected":false},"featured_media":102651,"comment_status":"open","ping_status":"closed","template":"","meta":{"_kad_post_transparent":"","_kad_post_title":"","_kad_post_layout":"","_kad_post_sidebar_id":"","_kad_post_content_style":"","_kad_post_vertical_padding":"","_kad_post_feature":"","_kad_post_feature_position":"","_kad_post_header":false,"_kad_post_footer":false,"_kad_post_classname":""},"product_brand":[],"product_cat":[7813],"product_tag":[],"class_list":{"0":"post-102652","1":"product","2":"type-product","3":"status-publish","4":"has-post-thumbnail","6":"product_cat-toka-tac-sac-bandi-toka-aksesuar-kadin-toka","8":"first","9":"instock","10":"purchasable","11":"product-type-simple","12":"entry","13":"content-bg","14":"loop-entry"},"_links":{"self":[{"href":"https:\/\/www.hediyepazar.com\/index.php?rest_route=\/wp\/v2\/product\/102652","targetHints":{"allow":["GET"]}}],"collection":[{"href":"https:\/\/www.hediyepazar.com\/index.php?rest_route=\/wp\/v2\/product"}],"about":[{"href":"https:\/\/www.hediyepazar.com\/index.php?rest_route=\/wp\/v2\/types\/product"}],"replies":[{"embeddable":true,"href":"https:\/\/www.hediyepazar.com\/index.php?rest_route=%2Fwp%2Fv2%2Fcomments&post=102652"}],"wp:featuredmedia":[{"embeddable":true,"href":"https:\/\/www.hediyepazar.com\/index.php?rest_route=\/wp\/v2\/media\/102651"}],"wp:attachment":[{"href":"https:\/\/www.hediyepazar.com\/index.php?rest_route=%2Fwp%2Fv2%2Fmedia&parent=102652"}],"wp:term":[{"taxonomy":"product_brand","embeddable":true,"href":"https:\/\/www.hediyepazar.com\/index.php?rest_route=%2Fwp%2Fv2%2Fproduct_brand&post=102652"},{"taxonomy":"product_cat","embeddable":true,"href":"https:\/\/www.hediyepazar.com\/index.php?rest_route=%2Fwp%2Fv2%2Fproduct_cat&post=102652"},{"taxonomy":"product_tag","embeddable":true,"href":"https:\/\/www.hediyepazar.com\/index.php?rest_route=%2Fwp%2Fv2%2Fproduct_tag&post=102652"}],"curies":[{"name":"wp","href":"https:\/\/api.w.org\/{rel}","templated":true}]}}