{"id":102655,"date":"2026-05-04T07:13:27","date_gmt":"2026-05-04T10:13:27","guid":{"rendered":"https:\/\/www.hediyepazar.com\/?product=turk-2-li-celik-spiral-cirpici-solingen-professional"},"modified":"2026-05-04T07:13:27","modified_gmt":"2026-05-04T10:13:27","slug":"turk-2-li-celik-spiral-cirpici-solingen-professional","status":"publish","type":"product","link":"https:\/\/www.hediyepazar.com\/?product=turk-2-li-celik-spiral-cirpici-solingen-professional","title":{"rendered":"Turk 2 li \u00c7elik Spiral \u00c7\u0131rp\u0131c\u0131 Solingen Professional"},"content":{"rendered":"<p>\n\t<strong>\u00dcr\u00fcn \u00d6zellikleri : <\/strong><\/p>\n<p>\t<strong>Materyal : Paslanmaz \u00c7elik\u00a0<\/strong><\/p>\n<p>\t<strong>Adet : 2<\/strong><\/p>\n<p>\t<strong>\u00d6l\u00e7\u00fcler :\u00a0 uzunluk 27 x 8 cm \u00e7\u0131\u0131rp\u0131c\u0131 \u00e7ap\u0131\u00a0<\/strong><\/p>\n<p>\t<strong>Renk : <\/strong>Resimdeki renk birebir g\u00f6nderilir ve s\u00fcrpriz ya\u015famazs\u0131n\u0131z<\/p>\n<p>\t<strong>Tasar\u0131m <\/strong> HSNET Solingen Professional Design olarak tasarlad\u0131\u011f\u0131m\u0131z \u00fcr\u00fcn\u00fc g\u00f6nderiyoruz.<\/p>\n<p>\n\tK\u00fc\u00e7\u00fck ve s\u0131\u011f kaplarda, teflon tavalarda, tencerelerde, kaselerde, tabaklarda vb. yiyecekleri ortal\u0131\u011f\u0131 kar\u0131\u015ft\u0131rmadan \u00e7\u0131rpmak i\u00e7in \u00f6zel olarak tasarlanm\u0131\u015ft\u0131r.<\/p>\n<p>\n\tP\u00fcr\u00fczs\u00fcz biti\u015f, yap\u0131\u015fmaz kaplamal\u0131 y\u00fczeylere zarar vermez<br \/>\n\tUzun s\u00fcreli kullan\u0131m i\u00e7in \u00e7elik<br \/>\n\tBula\u015f\u0131k makinesinde y\u0131kanabilir yap\u0131, zahmetsizce temizlemenizi sa\u011flar.<br \/>\n\tG\u00fc\u00e7l\u00fc, dayan\u0131kl\u0131, hafif ve \u00e7ok y\u00f6nl\u00fcd\u00fcr.<br \/>\n\tTabandan tencere duvar aras\u0131ndaki k\u00f6\u015felere kadar tencerenin t\u00fcm alanlar\u0131na ula\u015f\u0131r.<br \/>\n\tBula\u015f\u0131k Makinesinde Y\u0131kanabilir:<br \/>\n\tSon derece cilal\u0131, kolay deforme olmaz ve dayan\u0131kl\u0131.<br \/>\n\tYay \u00e7evrili, da\u011f\u0131l\u0131m homojendir ve s\u0131v\u0131, s\u00fct, krema vb.<\/p>\n<p><strong>M\u00dcKEMMEL SATI\u015e SONRASI H\u0130ZMET : <\/strong>HSNET \/ HSNET olarak m\u00fc\u015fterilerimize en iyi hizmeti sunmay\u0131 ama\u00e7l\u0131yor, g\u00fcvenle sat\u0131n alabilmeniz i\u00e7in, ambalaj kalitemize g\u00fcveniyor, her \u00fcr\u00fcn sorunsuz teslimat i\u00e7in \u00f6zenle paketliyor ve resimde belirtilen renk, ebat, \u00f6zelikte \u00fcr\u00fcn g\u00f6ndermeyi taahh\u00fct ediyoruz. Hasarl\u0131 \u00fcr\u00fcn ald\u0131ysan\u0131z veya di\u011fer \u00fcr\u00fcn ve paket teslimat sorunlar\u0131 oldu\u011funda bizimle ileti\u015fime ge\u00e7mekten \u00e7ekinmeyin.<\/p>\n<p><strong>Detayl\u0131 bilgi i\u00e7in ek resimleri inceleyebilirsiniz<\/p>\n<p> <img decoding=\"async\"  src=\"https:\/\/hepsicdn.com.tr\/static\/product_detail\/hbnetf1ee566e_4839501.jpg\"><\/strong><\/strong><\/p>\n","protected":false},"excerpt":{"rendered":"<p>\u00dcr\u00fcn \u00d6zellikleri : Materyal : Paslanmaz \u00c7elik\u00a0 Adet : 2 \u00d6l\u00e7\u00fcler :\u00a0 uzunluk 27 x 8 cm \u00e7\u0131\u0131rp\u0131c\u0131 \u00e7ap\u0131\u00a0 Renk : Resimdeki renk birebir g\u00f6nderilir ve s\u00fcrpriz ya\u015famazs\u0131n\u0131z Tasar\u0131m HSNET Solingen Professional Design olarak tasarlad\u0131\u011f\u0131m\u0131z \u00fcr\u00fcn\u00fc g\u00f6nderiyoruz. K\u00fc\u00e7\u00fck ve s\u0131\u011f kaplarda, teflon tavalarda, tencerelerde, kaselerde, tabaklarda vb. yiyecekleri ortal\u0131\u011f\u0131 kar\u0131\u015ft\u0131rmadan \u00e7\u0131rpmak i\u00e7in \u00f6zel olarak tasarlanm\u0131\u015ft\u0131r&#8230;.<\/p>\n","protected":false},"featured_media":0,"comment_status":"open","ping_status":"closed","template":"","meta":{"_kad_post_transparent":"","_kad_post_title":"","_kad_post_layout":"","_kad_post_sidebar_id":"","_kad_post_content_style":"","_kad_post_vertical_padding":"","_kad_post_feature":"","_kad_post_feature_position":"","_kad_post_header":false,"_kad_post_footer":false,"_kad_post_classname":""},"product_brand":[],"product_cat":[14352],"product_tag":[],"class_list":{"0":"post-102655","1":"product","2":"type-product","3":"status-publish","5":"product_cat-cirpici-yemek-hazirlik-sofra-mutfak-ev-yasam-cirpici","7":"first","8":"instock","9":"purchasable","10":"product-type-simple","11":"entry","12":"content-bg","13":"loop-entry"},"_links":{"self":[{"href":"https:\/\/www.hediyepazar.com\/index.php?rest_route=\/wp\/v2\/product\/102655","targetHints":{"allow":["GET"]}}],"collection":[{"href":"https:\/\/www.hediyepazar.com\/index.php?rest_route=\/wp\/v2\/product"}],"about":[{"href":"https:\/\/www.hediyepazar.com\/index.php?rest_route=\/wp\/v2\/types\/product"}],"replies":[{"embeddable":true,"href":"https:\/\/www.hediyepazar.com\/index.php?rest_route=%2Fwp%2Fv2%2Fcomments&post=102655"}],"wp:attachment":[{"href":"https:\/\/www.hediyepazar.com\/index.php?rest_route=%2Fwp%2Fv2%2Fmedia&parent=102655"}],"wp:term":[{"taxonomy":"product_brand","embeddable":true,"href":"https:\/\/www.hediyepazar.com\/index.php?rest_route=%2Fwp%2Fv2%2Fproduct_brand&post=102655"},{"taxonomy":"product_cat","embeddable":true,"href":"https:\/\/www.hediyepazar.com\/index.php?rest_route=%2Fwp%2Fv2%2Fproduct_cat&post=102655"},{"taxonomy":"product_tag","embeddable":true,"href":"https:\/\/www.hediyepazar.com\/index.php?rest_route=%2Fwp%2Fv2%2Fproduct_tag&post=102655"}],"curies":[{"name":"wp","href":"https:\/\/api.w.org\/{rel}","templated":true}]}}