{"id":102658,"date":"2026-05-04T07:14:22","date_gmt":"2026-05-04T10:14:22","guid":{"rendered":"https:\/\/www.hediyepazar.com\/?product=turk-gorunmez-peruk-yapistirici-bold-hold"},"modified":"2026-05-04T07:14:22","modified_gmt":"2026-05-04T10:14:22","slug":"turk-gorunmez-peruk-yapistirici-bold-hold","status":"publish","type":"product","link":"https:\/\/www.hediyepazar.com\/?product=turk-gorunmez-peruk-yapistirici-bold-hold","title":{"rendered":"Turk G\u00f6r\u00fcnmez Peruk Yap\u0131\u015ft\u0131r\u0131c\u0131 Bold Hold"},"content":{"rendered":"<p>\n\t<strong>\u00dcr\u00fcn \u00d6zellikleri : <\/strong><\/p>\n<p>\t<strong>Adet \/ Renk \/ Tasar\u0131m : <\/strong> 1 Adet, THE HAIR DIAGRAM BOLD HOLD EXTREME CREME\u00ae g\u00f6nderiyoruz<\/p>\n<p>\t<strong>\u00d6l\u00e7\u00fcler : <\/strong> 38 ML<\/p>\n<p>\t<strong>BOLD HOLD EXTREME CREME:<\/strong> Yeni vazge\u00e7ilmeziniz, hafif yap\u0131\u015fan dantel yap\u0131\u015ft\u0131r\u0131c\u0131n\u0131z! Tipik ge\u00e7ici yap\u0131\u015ft\u0131r\u0131c\u0131n\u0131z olmayan Bold Hold Extreme Creme, sa\u00e7 derinize, dantellerinize veya kenarlar\u0131n\u0131za zarar vermeden dantel \u00f6n peruklar ve sa\u00e7 sistemleri i\u00e7in hafif, \u00fcst\u00fcn, kal\u0131c\u0131 bir tutu\u015f sa\u011flamak \u00fczere tasarlanm\u0131\u015f, toksik olmayan, su bazl\u0131 bir yap\u0131\u015ft\u0131r\u0131c\u0131d\u0131r.<\/p>\n<p>\t<strong>G\u00dc\u00c7L\u00dc G\u00d6R\u00dcNMEZ BA\u011e<\/strong>: Su ge\u00e7irmez ve neme dayan\u0131kl\u0131! Bold Hold Extreme Creme, normal ve ya\u011fl\u0131 cilde sahip olanlar i\u00e7in m\u00fckemmeldir. Bu e\u015fsiz, su bazl\u0131 form\u00fcl, normal ko\u015fullarda 2-3 hafta s\u00fcrecek g\u00fc\u00e7l\u00fc, g\u00f6r\u00fcnmez bir ba\u011f i\u00e7in beyaz \u00fczerine s\u00fcr\u00fcl\u00fcr ve \u015feffaf kurur.<\/p>\n<p>\t<strong>LATEX FREE:<\/strong> Kokusuz, cilt dostu form\u00fcl! Sert bile\u015fenler i\u00e7eren di\u011fer dantel yap\u0131\u015ft\u0131r\u0131c\u0131lar\u0131n\u0131n ve peruk yap\u0131\u015ft\u0131r\u0131c\u0131lar\u0131n\u0131n aksine, Bold Hold Extreme Creme toksik olmayan i\u00e7eriklerden yap\u0131lm\u0131\u015ft\u0131r ve %100 lateks i\u00e7ermez; laboratuvarda test edilmi\u015ftir ve sertifikal\u0131 bir profesyonel taraf\u0131ndan uyguland\u0131\u011f\u0131nda cilt i\u00e7in g\u00fcvenlidir. Tavsiye edilen Skin Protect \u00fcr\u00fcn\u00fc ile birlikte kullan\u0131n. Hassasiyet i\u00e7in kullanmadan \u00f6nce daima 24 saatlik yama testi yap\u0131n.<\/p>\n<p>\t<strong>NASIL UYGULANIR: <\/strong>Cildi sabunlu suyla nazik\u00e7e temizleyin ve v\u00fccut ya\u011flar\u0131n\u0131 \u00e7\u0131kar\u0131n. Cildi ovalamay\u0131n veya a\u015f\u0131nd\u0131rmay\u0131n. 7 kata kadar ince bir Bold Hold Extreme Creme tabakas\u0131 uygulay\u0131n. Yap\u0131\u015ft\u0131r\u0131c\u0131n\u0131n uygulamalar aras\u0131nda kurumas\u0131n\u0131 bekleyin. So\u011fuk bir sa\u00e7 kurutma makinesi ve stil ile kurutun.<\/p>\n<p>\t<strong>SA\u00c7 \u015eEMASI: <\/strong>En yeni \u00f6zel peruklar\u0131, dantel aksesuarlar\u0131n\u0131, birinci s\u0131n\u0131f yap\u0131\u015ft\u0131r\u0131c\u0131lar\u0131 ve di\u011fer ge\u00e7ici tutu\u015f \u00fcr\u00fcnlerini \u00fcretiyoruz; g\u00fcvenebilece\u011finiz g\u00fcvenli, cilt dostu form\u00fcllerle tutu\u015f ve sa\u00e7 \u015fekillendirme ihtiya\u00e7lar\u0131n\u0131za uygun yenilik\u00e7i \u00e7\u00f6z\u00fcmler.<b>\u00a0<\/b><\/p>\n<p>\n\t<strong>M\u00dcKEMMEL SATI\u015e SONRASI H\u0130ZMET : <\/strong>HSNET \/ HSNET olarak m\u00fc\u015fterilerimize en iyi hizmeti sunmay\u0131 ama\u00e7l\u0131yor, g\u00fcvenle sat\u0131n alabilmeniz i\u00e7in, ambalaj kalitemize g\u00fcveniyor, her \u00fcr\u00fcn sorunsuz teslimat i\u00e7in \u00f6zenle paketliyor ve resimde belirtilen renk, ebat, \u00f6zelikte \u00fcr\u00fcn g\u00f6ndermeyi taahh\u00fct ediyoruz. Hasarl\u0131 \u00fcr\u00fcn ald\u0131ysan\u0131z veya di\u011fer \u00fcr\u00fcn ve paket teslimat sorunlar\u0131 oldu\u011funda bizimle ileti\u015fime ge\u00e7mekten \u00e7ekinmeyin.<\/p>\n<p>\n\t<strong>Detayl\u0131 bilgi i\u00e7in ek resimleri inceleyebilirsiniz<\/strong><\/p>\n<p><\/p>\n<p>\n\t<strong><img decoding=\"async\"  src=\"https:\/\/hepsicdn.com.tr\/static\/product_detail\/hbnetdffe9591_4840301.webp\"><\/strong><\/p>\n<p>\n\t\u00a0<\/p>\n","protected":false},"excerpt":{"rendered":"<p>\u00dcr\u00fcn \u00d6zellikleri : Adet \/ Renk \/ Tasar\u0131m : 1 Adet, THE HAIR DIAGRAM BOLD HOLD EXTREME CREME\u00ae g\u00f6nderiyoruz \u00d6l\u00e7\u00fcler : 38 ML BOLD HOLD EXTREME CREME: Yeni vazge\u00e7ilmeziniz, hafif yap\u0131\u015fan dantel yap\u0131\u015ft\u0131r\u0131c\u0131n\u0131z! Tipik ge\u00e7ici yap\u0131\u015ft\u0131r\u0131c\u0131n\u0131z olmayan Bold Hold Extreme Creme, sa\u00e7 derinize, dantellerinize veya kenarlar\u0131n\u0131za zarar vermeden dantel \u00f6n peruklar ve sa\u00e7 sistemleri i\u00e7in&#8230;<\/p>\n","protected":false},"featured_media":0,"comment_status":"open","ping_status":"closed","template":"","meta":{"_kad_post_transparent":"","_kad_post_title":"","_kad_post_layout":"","_kad_post_sidebar_id":"","_kad_post_content_style":"","_kad_post_vertical_padding":"","_kad_post_feature":"","_kad_post_feature_position":"","_kad_post_header":false,"_kad_post_footer":false,"_kad_post_classname":""},"product_brand":[],"product_cat":[7881],"product_tag":[],"class_list":{"0":"post-102658","1":"product","2":"type-product","3":"status-publish","5":"product_cat-unisex-sac-ve-sakal-bakimi-erkek-kuafor-unisex-sac-ve-sakal-bakimi","7":"first","8":"instock","9":"purchasable","10":"product-type-simple","11":"entry","12":"content-bg","13":"loop-entry"},"_links":{"self":[{"href":"https:\/\/www.hediyepazar.com\/index.php?rest_route=\/wp\/v2\/product\/102658","targetHints":{"allow":["GET"]}}],"collection":[{"href":"https:\/\/www.hediyepazar.com\/index.php?rest_route=\/wp\/v2\/product"}],"about":[{"href":"https:\/\/www.hediyepazar.com\/index.php?rest_route=\/wp\/v2\/types\/product"}],"replies":[{"embeddable":true,"href":"https:\/\/www.hediyepazar.com\/index.php?rest_route=%2Fwp%2Fv2%2Fcomments&post=102658"}],"wp:attachment":[{"href":"https:\/\/www.hediyepazar.com\/index.php?rest_route=%2Fwp%2Fv2%2Fmedia&parent=102658"}],"wp:term":[{"taxonomy":"product_brand","embeddable":true,"href":"https:\/\/www.hediyepazar.com\/index.php?rest_route=%2Fwp%2Fv2%2Fproduct_brand&post=102658"},{"taxonomy":"product_cat","embeddable":true,"href":"https:\/\/www.hediyepazar.com\/index.php?rest_route=%2Fwp%2Fv2%2Fproduct_cat&post=102658"},{"taxonomy":"product_tag","embeddable":true,"href":"https:\/\/www.hediyepazar.com\/index.php?rest_route=%2Fwp%2Fv2%2Fproduct_tag&post=102658"}],"curies":[{"name":"wp","href":"https:\/\/api.w.org\/{rel}","templated":true}]}}