{"id":102662,"date":"2026-05-04T07:15:01","date_gmt":"2026-05-04T10:15:01","guid":{"rendered":"https:\/\/www.hediyepazar.com\/?product=turk-kivircik-afro-sac-sungeri"},"modified":"2026-05-04T07:15:01","modified_gmt":"2026-05-04T10:15:01","slug":"turk-kivircik-afro-sac-sungeri","status":"publish","type":"product","link":"https:\/\/www.hediyepazar.com\/?product=turk-kivircik-afro-sac-sungeri","title":{"rendered":"Turk K\u0131v\u0131rc\u0131k Afro Sa\u00e7 S\u00fcngeri"},"content":{"rendered":"<div class=\"embed-responsive embed-responsive-16by9\"> <iframe class=\"embed-responsive-item\" src=\"https:\/\/www.youtube.com\/embed\/ppEpd6oIPBk\"> <\/iframe> <\/div>\n<p>\n\t<strong>\u00dcr\u00fcn \u00d6zellikleri : <\/strong><\/p>\n<p>\n\t<strong>Renk : Resimdeki Renk\/tasar\u0131m birebir g\u00f6nderilir ve s\u00fcrpriz ya\u015famazs\u0131n\u0131z. DETAY RES\u0130MLERDEK\u0130 RENKLER \u00d6RNEKT\u0130R. <\/strong><\/p>\n<p>\n\t<strong><strong>Adet : 1 <\/strong><\/strong><\/p>\n<p>\n\t<strong><strong>\u00d6l\u00e7\u00fcler : 12 x 7 x 4,5 cm<\/strong><\/strong><\/p>\n<p>\tBir sa\u00e7 arac\u0131 olarak bukle s\u00fcngeri, dokulu sa\u00e7a, ba\u015fka t\u00fcrl\u00fc elde edilmesi zor olabilecek kabarma olmadan m\u00fckemmel, d\u00fczg\u00fcn, s\u0131k\u0131ca k\u0131vr\u0131lm\u0131\u015f bir g\u00f6r\u00fcn\u00fcm verir.<\/p>\n<p>\t<strong>\u00c7\u0130FT TARAFLI TASARIM: <\/strong>Dalga taraf\u0131, dalgalar olu\u015fturmak i\u00e7in hacim ve doku ekler ve d\u00fcz taraf, sa\u00e7la k\u00fc\u00e7\u00fck bobin\/b\u00fck\u00fcm ve daha belirgin d\u00fc\u011f\u00fcmler olu\u015fturur<\/p>\n<p>\t<strong>UNISEX S\u00dcNGER: <\/strong>Ddo\u011fal k\u0131v\u0131rc\u0131k (afro) dokulu sa\u00e7lar\u0131n\u0131z oldu\u011fu s\u00fcrece hem erkek hem de kad\u0131nlarda kullan\u0131labilir. Ancak bu d\u00fcz sa\u00e7larda i\u015fe yaramaz.<\/p>\n<p>\t<strong>\u015eEK\u0130LLEND\u0130RME S\u00dcRES\u0130 AZALTILIR: <\/strong>Sa\u00e7a dakikalar i\u00e7inde parmak k\u0131vr\u0131ml\u0131 bir g\u00f6r\u00fcn\u00fcm veren dokulu deliklere sahip f\u0131r\u00e7a gibi. Sa\u00e7\u0131n\u0131z\u0131 parmakla sarmak, o s\u0131rada sa\u00e7\u0131n\u0131z\u0131n uzunlu\u011funa ba\u011fl\u0131 olarak birka\u00e7 saat kadar s\u00fcrebilir, bu nedenle bunun dakikalar i\u00e7inde i\u015fe yaramas\u0131 etkileyici.<\/p>\n<p>\t<strong>PREMIUM MATERYAL : <\/strong>Afro f\u0131r\u00e7alar, toksik olmayan, temizlenmesi kolay, k\u0131r\u0131lmas\u0131 kolay olmayan, sa\u011flam ama yumu\u015fak ve uzun s\u00fcreli kullan\u0131m i\u00e7in dayan\u0131kl\u0131 olan ola\u011fan\u00fcst\u00fc \u00e7evre koruma s\u00fcngerinden yap\u0131lm\u0131\u015ft\u0131r. \u00c7ift kullan\u0131ml\u0131 tasar\u0131m ve makul boyut size g\u00fczel bir deneyim getiriyor.<\/p>\n<p>\t<strong>KOLAY KULLANIM : <\/strong>lk olarak, sa\u00e7\u0131n\u0131z\u0131 taramak i\u00e7in metal \u015fekillendirici tarak kullan\u0131n. Daha sonra hafif nemli olan sa\u00e7\u0131n\u0131z\u0131 nemlendirin, \u015fekillendirici \u00fcr\u00fcn\u00fcn\u00fcz\u00fcn bir k\u0131sm\u0131n\u0131 s\u00fcngere de uygulayabilirsiniz. S\u00fcngeri kullan\u0131n ve ba\u015f\u0131n\u0131z\u0131n \u00fczerinden dairesel bir hareketle gidin. Sa\u00e7a \u00e7ok fazla bast\u0131rmay\u0131n, sadece tek y\u00f6nde d\u00f6nd\u00fcr\u00fcn. 15 dakika i\u00e7inde, m\u00fckemmel bi\u00e7imli k\u0131vr\u0131mlardan olu\u015fan bir kafaya sahip olacaks\u0131n\u0131z.<\/p>\n<p>\t<strong>G\u00dc\u00c7L\u00dc FONKS\u0130YON:<\/strong> Daha k\u0131sa sa\u00e7lar, bobinlerle dolgun hale gelirken, daha uzun sa\u00e7lar \u015fekillendirilmi\u015f bir Bobin halinde olu\u015fturulabilir. Sa\u00e7\u0131n\u0131za zarar vermeden sadece birka\u00e7 dakika i\u00e7inde size harika bir moda sa\u00e7 modeli verir.<\/p>\n<p><\/p>\n<p>\n\t<strong>Ekran fark\u0131 nedeniyle, renk tonlar\u0131 %0,5 oran\u0131nda fark, Manuel \u00f6l\u00e7\u00fcm nedeniyle MM fark olabilir. anlay\u0131\u015f g\u00f6stermenizi rica ederiz. <\/strong><br \/>\n\t<strong>DETAYLI B\u0130LG\u0130 \u0130\u00c7\u0130N EK RES\u0130MLER\u0130 \u0130NCELEYEB\u0130L\u0130RS\u0130N\u0130Z. <img decoding=\"async\" height=\"100%\" width=\"100%\" src=\"https:\/\/hepsicdn.com.tr\/static\/product_detail\/hbnet69c8c27b_4840501.jpg\"><\/strong><\/p>\n<p>\n\t\u00a0<\/p>\n","protected":false},"excerpt":{"rendered":"<p>\u00dcr\u00fcn \u00d6zellikleri : Renk : Resimdeki Renk\/tasar\u0131m birebir g\u00f6nderilir ve s\u00fcrpriz ya\u015famazs\u0131n\u0131z. DETAY RES\u0130MLERDEK\u0130 RENKLER \u00d6RNEKT\u0130R. Adet : 1 \u00d6l\u00e7\u00fcler : 12 x 7 x 4,5 cm Bir sa\u00e7 arac\u0131 olarak bukle s\u00fcngeri, dokulu sa\u00e7a, ba\u015fka t\u00fcrl\u00fc elde edilmesi zor olabilecek kabarma olmadan m\u00fckemmel, d\u00fczg\u00fcn, s\u0131k\u0131ca k\u0131vr\u0131lm\u0131\u015f bir g\u00f6r\u00fcn\u00fcm verir. \u00c7\u0130FT TARAFLI TASARIM: Dalga taraf\u0131,&#8230;<\/p>\n","protected":false},"featured_media":102661,"comment_status":"open","ping_status":"closed","template":"","meta":{"_kad_post_transparent":"","_kad_post_title":"","_kad_post_layout":"","_kad_post_sidebar_id":"","_kad_post_content_style":"","_kad_post_vertical_padding":"","_kad_post_feature":"","_kad_post_feature_position":"","_kad_post_header":false,"_kad_post_footer":false,"_kad_post_classname":""},"product_brand":[],"product_cat":[7881],"product_tag":[],"class_list":{"0":"post-102662","1":"product","2":"type-product","3":"status-publish","4":"has-post-thumbnail","6":"product_cat-unisex-sac-ve-sakal-bakimi-erkek-kuafor-unisex-sac-ve-sakal-bakimi","8":"first","9":"instock","10":"purchasable","11":"product-type-simple","12":"entry","13":"content-bg","14":"loop-entry"},"_links":{"self":[{"href":"https:\/\/www.hediyepazar.com\/index.php?rest_route=\/wp\/v2\/product\/102662","targetHints":{"allow":["GET"]}}],"collection":[{"href":"https:\/\/www.hediyepazar.com\/index.php?rest_route=\/wp\/v2\/product"}],"about":[{"href":"https:\/\/www.hediyepazar.com\/index.php?rest_route=\/wp\/v2\/types\/product"}],"replies":[{"embeddable":true,"href":"https:\/\/www.hediyepazar.com\/index.php?rest_route=%2Fwp%2Fv2%2Fcomments&post=102662"}],"wp:featuredmedia":[{"embeddable":true,"href":"https:\/\/www.hediyepazar.com\/index.php?rest_route=\/wp\/v2\/media\/102661"}],"wp:attachment":[{"href":"https:\/\/www.hediyepazar.com\/index.php?rest_route=%2Fwp%2Fv2%2Fmedia&parent=102662"}],"wp:term":[{"taxonomy":"product_brand","embeddable":true,"href":"https:\/\/www.hediyepazar.com\/index.php?rest_route=%2Fwp%2Fv2%2Fproduct_brand&post=102662"},{"taxonomy":"product_cat","embeddable":true,"href":"https:\/\/www.hediyepazar.com\/index.php?rest_route=%2Fwp%2Fv2%2Fproduct_cat&post=102662"},{"taxonomy":"product_tag","embeddable":true,"href":"https:\/\/www.hediyepazar.com\/index.php?rest_route=%2Fwp%2Fv2%2Fproduct_tag&post=102662"}],"curies":[{"name":"wp","href":"https:\/\/api.w.org\/{rel}","templated":true}]}}