{"id":102667,"date":"2026-05-04T07:15:32","date_gmt":"2026-05-04T10:15:32","guid":{"rendered":"https:\/\/www.hediyepazar.com\/?product=turk-10lu-arac-bicak-sigorta-2"},"modified":"2026-05-04T07:15:32","modified_gmt":"2026-05-04T10:15:32","slug":"turk-10lu-arac-bicak-sigorta-2","status":"publish","type":"product","link":"https:\/\/www.hediyepazar.com\/?product=turk-10lu-arac-bicak-sigorta-2","title":{"rendered":"Turk 10&#8217;lu Ara\u00e7 B\u0131\u00e7ak Sigorta"},"content":{"rendered":"<p>\n\t12 volt&#8217;a veya 24 volt\u2019a sahip otomobil,hafif ve ticari ara\u00e7lar,yat,tekne vb ara\u00e7larda kullan\u0131l\u0131r<\/p>\n<p>\n\tPakette, 7,5 amper, 10 amper, 20 amper, 25 amper ve 30 amper olmak \u00fczere 5 de\u011fi\u015fik sigorta bulunur.<\/p>\n<p>\n\tBenzer ve alakal\u0131 \u00fcr\u00fcn olarak, HSNET Ara\u00e7 Mini B\u0131\u00e7ak Sigorta 10 Adet 840893\u2019e bakabilirsiniz.<\/p>\n","protected":false},"excerpt":{"rendered":"<p>12 volt&#8217;a veya 24 volt\u2019a sahip otomobil,hafif ve ticari ara\u00e7lar,yat,tekne vb ara\u00e7larda kullan\u0131l\u0131r Pakette, 7,5 amper, 10 amper, 20 amper, 25 amper ve 30 amper olmak \u00fczere 5 de\u011fi\u015fik sigorta bulunur. Benzer ve alakal\u0131 \u00fcr\u00fcn olarak, HSNET Ara\u00e7 Mini B\u0131\u00e7ak Sigorta 10 Adet 840893\u2019e bakabilirsiniz.<\/p>\n","protected":false},"featured_media":0,"comment_status":"open","ping_status":"closed","template":"","meta":{"_kad_post_transparent":"","_kad_post_title":"","_kad_post_layout":"","_kad_post_sidebar_id":"","_kad_post_content_style":"","_kad_post_vertical_padding":"","_kad_post_feature":"","_kad_post_feature_position":"","_kad_post_header":false,"_kad_post_footer":false,"_kad_post_classname":""},"product_brand":[],"product_cat":[7892],"product_tag":[],"class_list":{"0":"post-102667","1":"product","2":"type-product","3":"status-publish","5":"product_cat-oto-aksesuarlari-oto-aksesuarlari-cep-telefonu-elektronik-trafik-yol-yardimci-urunler","7":"first","8":"instock","9":"purchasable","10":"product-type-simple","11":"entry","12":"content-bg","13":"loop-entry"},"_links":{"self":[{"href":"https:\/\/www.hediyepazar.com\/index.php?rest_route=\/wp\/v2\/product\/102667","targetHints":{"allow":["GET"]}}],"collection":[{"href":"https:\/\/www.hediyepazar.com\/index.php?rest_route=\/wp\/v2\/product"}],"about":[{"href":"https:\/\/www.hediyepazar.com\/index.php?rest_route=\/wp\/v2\/types\/product"}],"replies":[{"embeddable":true,"href":"https:\/\/www.hediyepazar.com\/index.php?rest_route=%2Fwp%2Fv2%2Fcomments&post=102667"}],"wp:attachment":[{"href":"https:\/\/www.hediyepazar.com\/index.php?rest_route=%2Fwp%2Fv2%2Fmedia&parent=102667"}],"wp:term":[{"taxonomy":"product_brand","embeddable":true,"href":"https:\/\/www.hediyepazar.com\/index.php?rest_route=%2Fwp%2Fv2%2Fproduct_brand&post=102667"},{"taxonomy":"product_cat","embeddable":true,"href":"https:\/\/www.hediyepazar.com\/index.php?rest_route=%2Fwp%2Fv2%2Fproduct_cat&post=102667"},{"taxonomy":"product_tag","embeddable":true,"href":"https:\/\/www.hediyepazar.com\/index.php?rest_route=%2Fwp%2Fv2%2Fproduct_tag&post=102667"}],"curies":[{"name":"wp","href":"https:\/\/api.w.org\/{rel}","templated":true}]}}