{"id":102690,"date":"2026-05-04T07:25:59","date_gmt":"2026-05-04T10:25:59","guid":{"rendered":"https:\/\/www.hediyepazar.com\/?product=turk-dondurma-kasesi-304-paslanmaz-celik-profesyonel-6-adet"},"modified":"2026-05-04T07:25:59","modified_gmt":"2026-05-04T10:25:59","slug":"turk-dondurma-kasesi-304-paslanmaz-celik-profesyonel-6-adet","status":"publish","type":"product","link":"https:\/\/www.hediyepazar.com\/?product=turk-dondurma-kasesi-304-paslanmaz-celik-profesyonel-6-adet","title":{"rendered":"Turk Dondurma Kasesi 304 Paslanmaz \u00c7elik Profesyonel 6 ADET"},"content":{"rendered":"<div>\n<h2>304 Paslanmaz \u00c7elik Profesyonel Dondurma Kasesi \u2013 6 Adet<br \/>\n\t<br \/><\/h2>\n<p>304 paslanmaz \u00e7elik nedir ? Genel kullan\u0131m alanlar\u0131nda ve 50 y\u0131la dayanabilen kullan\u0131m \u00f6mr\u00fcylr, 304 kalite paslanmaz \u00e7elik, korozyon dayan\u0131m\u0131, \u0131s\u0131 dayan\u0131m\u0131, mekanik \u00f6zellikleri, kaynak yap\u0131labilirli\u011fi, i\u015flenebilirli\u011fi ve d\u00f6v\u00fclebilmeye yatk\u0131nl\u0131\u011f\u0131 konular\u0131nda de\u011ferlendirilebilir. Korozyon Dayan\u0131m\u0131: 304 kalite paslanmaz \u00e7elik, di\u011fer paslanmaz \u00e7eliklere oranla \u00e7ok daha iyi korozyon dayan\u0131m\u0131na sahiptir.<br \/>\n\t<\/p>\n<p>304 Paslanmaz \u00c7elik Profesyonel Dondurma Kasesi, dondurma servisi i\u00e7in \u015f\u0131k ve dayan\u0131kl\u0131 bir se\u00e7enektir. Her bir kase 10 cm x 6.3 cm y\u00fcksekli\u011finde, 6 adet olarak sunulmaktad\u0131r. Paslanmaz \u00e7elik malzeme sayesinde uzun \u00f6m\u00fcrl\u00fc kullan\u0131m ve kolay temizlik sa\u011flar.<br \/>\n\t<\/p>\n<h3>\u00dcr\u00fcn \u00d6zellikleri<br \/>\n\t<br \/><\/h3>\n<p><div>\n\t\t<b>Malzeme:<\/b>304 paslanmaz \u00e7elik.<br \/>\n\t\t\n\t<\/div>\n<div>\n\t\t<b>\u00d6l\u00e7\u00fcler:<\/b>10 cm x 6.3 cm (y\u00fckseklik).<br \/>\n\t\t\n\t<\/div>\n<div>\n\t\t<b>Adet:<\/b>6 adet.<br \/>\n\t\t\n\t<\/div>\n<div>\n\t\t<b>Kullan\u0131m:<\/b>Dondurma servisi, tatl\u0131 sunumu.<br \/>\n\t\t\n\t<\/div>\n<div>\n\t\t<b>\u00d6zellik:<\/b>Profesyonel tasar\u0131m, dayan\u0131kl\u0131l\u0131k.<br \/>\n\t\t\n\t<\/div>\n<\/p>\n<h3>Faydalar ve \u00d6zellikler<br \/>\n\t<br \/><\/h3>\n<p>\n\t<b>Dayan\u0131kl\u0131l\u0131k:<\/b>304 paslanmaz \u00e7elik ile \u00e7izilme ve paslanmaya kar\u015f\u0131 diren\u00e7.<br \/>\n\t<\/p>\n<p>\n\t<b>\u015e\u0131k Tasar\u0131m:<\/b>Modern ve zarif g\u00f6r\u00fcn\u00fcm ile her masaya uyum sa\u011flar.<br \/>\n\t<\/p>\n<p>\n\t<b>Kolay Temizlik:<\/b>P\u00fcr\u00fczs\u00fcz y\u00fczeyi ile h\u0131zl\u0131 ve hijyenik temizlik.<br \/>\n\t<\/p>\n<p>\n\t<b>So\u011fuk Tutma:<\/b>Dondurman\u0131n uzun s\u00fcre so\u011fuk kalmas\u0131na yard\u0131mc\u0131 olur.<br \/>\n\t<\/p>\n<h3>Kullan\u0131m Alanlar\u0131<br \/>\n\t<br \/><\/h3>\n<p>\n\t<b>Dondurma Servisi:<\/b>Farkl\u0131 tatlar i\u00e7in ideal porsiyon sunumu.<br \/>\n\t<\/p>\n<p>\n\t<b>Tatl\u0131 Sunumu:<\/b>Meyve salatas\u0131, sorbe gibi tatl\u0131lar i\u00e7in uygun.<br \/>\n\t<\/p>\n<p>\n\t<b>Sosyal Etkinlikler:<\/b>Parti ve davetlerde \u015f\u0131k bir sunum sa\u011flar.<br \/>\n\t<\/p>\n<h3>Neden Bu \u00dcr\u00fcn\u00fc Se\u00e7melisiniz?<br \/>\n\t<br \/><\/h3>\n<p>\n\t<b>Profesyonel Kalite:<\/b>304 paslanmaz \u00e7elik ile \u00fcst\u00fcn dayan\u0131kl\u0131l\u0131k.<br \/>\n\t<\/p>\n<p>\n\t<b>Pratik Kullan\u0131m:<\/b>6 adet ile birden fazla misafir i\u00e7in kullan\u0131m.<br \/>\n\t<\/p>\n<p>\n\t<b>Estetik Sunum:<\/b>\u015e\u0131k tasar\u0131m\u0131 ile mutfakta fark yarat\u0131r.<br \/>\n\t<\/p>\n<h3>Kullan\u0131m ve Bak\u0131m Talimatlar\u0131<br \/>\n\t<br \/><\/h3>\n<p><div>Dondurma veya tatl\u0131y\u0131 kaseye yerle\u015ftirerek servis yap\u0131n.<br \/>\n\t\t\n\t<\/div>\n<div>Kullan\u0131mdan sonra \u0131l\u0131k su ve yumu\u015fak bir s\u00fcnger ile temizleyin.<br \/>\n\t\t\n\t<\/div>\n<div>Bula\u015f\u0131k makinesinde g\u00fcvenle y\u0131kanabilir.<br \/>\n\t\t\n\t<\/div>\n<div>Kuru bir yerde saklayarak parlakl\u0131\u011f\u0131n\u0131 koruyun.<br \/>\n\t\t\n\t<\/div>\n<\/p>\n<p>\u00a0<br \/>\n\t<\/p>\n<h3>\u00dcr\u00fcn Detaylar\u0131<br \/>\n\t<br \/><\/h3>\n<p><div>\n\t\t<b>\u00dcr\u00fcn Ad\u0131:<\/b>304 Paslanmaz \u00c7elik Profesyonel Dondurma Kasesi<br \/>\n\t\t\n\t<\/div>\n<div>\n\t\t<b>\u00d6l\u00e7\u00fcler:<\/b>10 cm x 6.3 cm (y\u00fckseklik)<br \/>\n\t\t\n\t<\/div>\n<div>\n\t\t<b>Adet:<\/b>6 adet<br \/>\n\t\t\n\t<\/div>\n<div>\n\t\t<b>\u00d6zellik:<\/b>Paslanmaz \u00e7elik, profesyonel kullan\u0131m, \u015f\u0131k tasar\u0131m<br \/>\n\t\t\n\t<\/div>\n<\/p>\n<p>304 Paslanmaz \u00c7elik Profesyonel Dondurma Kasesi, dondurma servisi i\u00e7in m\u00fckemmel bir se\u00e7imdir. 10 cm x 6.3 cm \u00f6l\u00e7\u00fcleri ve 6 adet paketi ile \u015f\u0131k ve pratik bir \u00e7\u00f6z\u00fcmd\u00fcr! Dondurma kasesi, paslanmaz \u00e7elik kase, profesyonel dondurma sunumu, mutfak kasesi arayanlar i\u00e7in harika bir \u00fcr\u00fcn.\u00a0<br \/>\n\t<\/p>\n<p dir=\"auto\" style=\"white-space-collapse: preserve;\">\u00c7elik dondurma kasesi, dondurma kasesi, paslanmaz \u00e7elik kase, 6\u2019li dondurma kasesi, \u015f\u0131k dondurma kasesi, tatl\u0131 sunum kasesi, dayan\u0131kl\u0131 \u00e7elik kase, dondurma kasesi fiyatlar\u0131, en iyi dondurma kasesi, pratik dondurma kasesi, 6 li \u00e7elik dondurma kasesi, paslanmaz \u00e7elik tatl\u0131 kasesi, \u015f\u0131k paslanmaz \u00e7elik dondurma kasesi, dayan\u0131kl\u0131 6\u2019li dondurma kasesi, ucuz \u00e7elik dondurma kasesi, pratik tatl\u0131 sunum kasesi, \u00e7elik dondurma kasesi seti ve estetik \u00e7elik dondurma kasesi arayanlar i\u00e7in paslanmaz \u00e7elikten yap\u0131lm\u0131\u015f, dayan\u0131kl\u0131, \u015f\u0131k ve pratik 6\u2019li kase setimizle uygun fiyatlarla dondurma ve tatl\u0131 sunumlar\u0131n\u0131z\u0131 g\u00fczelle\u015ftiriyoruz!\u201d<br \/>\n\t<\/p>\n<div>\n\t<\/div>\n<\/div>\n","protected":false},"excerpt":{"rendered":"<p>304 Paslanmaz \u00c7elik Profesyonel Dondurma Kasesi \u2013 6 Adet 304 paslanmaz \u00e7elik nedir ? Genel kullan\u0131m alanlar\u0131nda ve 50 y\u0131la dayanabilen kullan\u0131m \u00f6mr\u00fcylr, 304 kalite paslanmaz \u00e7elik, korozyon dayan\u0131m\u0131, \u0131s\u0131 dayan\u0131m\u0131, mekanik \u00f6zellikleri, kaynak yap\u0131labilirli\u011fi, i\u015flenebilirli\u011fi ve d\u00f6v\u00fclebilmeye yatk\u0131nl\u0131\u011f\u0131 konular\u0131nda de\u011ferlendirilebilir. Korozyon Dayan\u0131m\u0131: 304 kalite paslanmaz \u00e7elik, di\u011fer paslanmaz \u00e7eliklere oranla \u00e7ok daha iyi korozyon&#8230;<\/p>\n","protected":false},"featured_media":102689,"comment_status":"open","ping_status":"closed","template":"","meta":{"_kad_post_transparent":"","_kad_post_title":"","_kad_post_layout":"","_kad_post_sidebar_id":"","_kad_post_content_style":"","_kad_post_vertical_padding":"","_kad_post_feature":"","_kad_post_feature_position":"","_kad_post_header":false,"_kad_post_footer":false,"_kad_post_classname":""},"product_brand":[],"product_cat":[7826],"product_tag":[],"class_list":{"0":"post-102690","1":"product","2":"type-product","3":"status-publish","4":"has-post-thumbnail","6":"product_cat-endustriyel-mutfak-ekipmanlari-sofra-sofra-mutfak-ev-yasam-endustriyel-mutfak-ekipmanlari","8":"first","9":"instock","10":"purchasable","11":"product-type-simple","12":"entry","13":"content-bg","14":"loop-entry"},"_links":{"self":[{"href":"https:\/\/www.hediyepazar.com\/index.php?rest_route=\/wp\/v2\/product\/102690","targetHints":{"allow":["GET"]}}],"collection":[{"href":"https:\/\/www.hediyepazar.com\/index.php?rest_route=\/wp\/v2\/product"}],"about":[{"href":"https:\/\/www.hediyepazar.com\/index.php?rest_route=\/wp\/v2\/types\/product"}],"replies":[{"embeddable":true,"href":"https:\/\/www.hediyepazar.com\/index.php?rest_route=%2Fwp%2Fv2%2Fcomments&post=102690"}],"wp:featuredmedia":[{"embeddable":true,"href":"https:\/\/www.hediyepazar.com\/index.php?rest_route=\/wp\/v2\/media\/102689"}],"wp:attachment":[{"href":"https:\/\/www.hediyepazar.com\/index.php?rest_route=%2Fwp%2Fv2%2Fmedia&parent=102690"}],"wp:term":[{"taxonomy":"product_brand","embeddable":true,"href":"https:\/\/www.hediyepazar.com\/index.php?rest_route=%2Fwp%2Fv2%2Fproduct_brand&post=102690"},{"taxonomy":"product_cat","embeddable":true,"href":"https:\/\/www.hediyepazar.com\/index.php?rest_route=%2Fwp%2Fv2%2Fproduct_cat&post=102690"},{"taxonomy":"product_tag","embeddable":true,"href":"https:\/\/www.hediyepazar.com\/index.php?rest_route=%2Fwp%2Fv2%2Fproduct_tag&post=102690"}],"curies":[{"name":"wp","href":"https:\/\/api.w.org\/{rel}","templated":true}]}}