{"id":102709,"date":"2026-05-04T07:32:59","date_gmt":"2026-05-04T10:32:59","guid":{"rendered":"https:\/\/www.hediyepazar.com\/?product=turk-etek-pantolon-esarp-kiskacli-aski-18-li-set"},"modified":"2026-05-04T07:32:59","modified_gmt":"2026-05-04T10:32:59","slug":"turk-etek-pantolon-esarp-kiskacli-aski-18-li-set","status":"publish","type":"product","link":"https:\/\/www.hediyepazar.com\/?product=turk-etek-pantolon-esarp-kiskacli-aski-18-li-set","title":{"rendered":"Turk Etek Pantolon E\u015farp K\u0131ska\u00e7l\u0131 Ask\u0131 18 li SET"},"content":{"rendered":"<p>\n\t<strong>\u00dcr\u00fcn \u00d6zellikleri : <\/strong><\/p>\n<p>\t<strong>Materyal :\u00a0<\/strong><strong>Plastik + Metal mekanizma<\/strong><\/p>\n<p>\t<strong>Adet \/ Renk \/ Tasar\u0131m : <\/strong> 18 Adet, HSNET olarak tasarlad\u0131\u011f\u0131m\u0131z, resimde yer alan S\u0130YAH rengi, s\u00fcrpriz ya\u015famaman\u0131z i\u00e7in birebir g\u00f6nderiyoruz<\/p>\n<p>\n\t<strong>\u00d6l\u00e7\u00fcler : <\/strong>38 CM GEN\u0130\u015e\u0130L\u0130K\u00a0&#8211; 16 cm&#8217;e kadar daralt\u0131labilir\u00a0<\/p>\n<p>\n\t<br \/>\n\t<strong>GEN\u0130\u015e KULLANIM ALANI : Etek, pantolon, Bluz, G\u00f6mlek, kot pantolon,havlu, \u00e7ar\u015faf, masa \u00f6rt\u00fcs\u00fc ve e\u015farp i\u00e7in idealdir. Hepsini sabit ve bozulmam\u0131\u015f tutacak. <\/strong><\/p>\n<p>\t<strong>\u00d6NE \u00c7IKAN \u00d6ZELL\u0130K : 360 derece d\u00f6nebilir, 16 cm&#8217;e kadar daralt\u0131labilir\u00a0 ve Ask\u0131lardaki klips, giysileri \u00e7irkin izlerden korumak i\u00e7in i\u00e7 k\u0131s\u0131mda vinil korumal\u0131 u\u00e7lara sahiptir. <\/strong><\/p>\n<p>\tEkstra g\u00fc\u00e7l\u00fc ama vinil korumal\u0131 klipsler, en a\u011f\u0131r giysilerinizi tutabilir ve pantolonun veya ete\u011fin kaymas\u0131n\u0131, tak\u0131lmas\u0131n\u0131 veya giysilerinizi y\u0131rtmas\u0131n\u0131 \u00f6nleyebilir.<\/p>\n<p>\n\tGiysilerinizi koruyun ve dolab\u0131n\u0131z\u0131n d\u00fczenli ve bozulmam\u0131\u015f g\u00f6r\u00fcnmesini sa\u011flay\u0131n. Pantolonlar\u0131, pantolonlar\u0131 ve e\u015farplar\u0131 her zaman sabit ve k\u0131r\u0131\u015f\u0131ks\u0131z tutmak i\u00e7in \u00f6zel olarak tasarlanm\u0131\u015ft\u0131r.<\/p>\n<p>\n\t<strong>G\u0130YS\u0130LERDE UZUN \u00d6M\u00dcR : <\/strong>Giysilerin \u00fcst\u00fcn kaymaz tutu\u015fu ve uzun \u00f6m\u00fcrl\u00fc olmas\u0131 i\u00e7in tasarlanm\u0131\u015ft\u0131r.<\/p>\n<p>\n\t<strong>ERGONOM\u0130K :<\/strong> Elbise ask\u0131lar\u0131ndaki 18 adet ayarlanabilir klips, etekleri ve pantolonlar\u0131 kolayl\u0131kla tutar ve pantolon ask\u0131lar\u0131ndaki kesik \u00e7entikler, ince omuz ask\u0131lar\u0131n\u0131 g\u00fcvenli bir \u015fekilde yerinde tutar. Klipsli ask\u0131lar\u0131 sayesinde pantolon veya etek g\u00f6mleklere kolayca as\u0131labilir.<\/p>\n<p>\n\t<strong>FONKS\u0130YONEL : <\/strong>Sap\u0131n 360 derece d\u00f6nd\u00fcr\u00fclmesi verimlilik sa\u011flar. .Pantolon ask\u0131lar\u0131, giysilerin boyutuna g\u00f6re serbest\u00e7e hareket ettirilebilir. Etek ask\u0131lar\u0131 hem yeti\u015fkin k\u0131yafetleri hem de \u00e7ocuk k\u0131yafetleri i\u00e7in kullan\u0131labilir.<\/p>\n<p>\n\t<strong>\u00c7OK Y\u00d6NL\u00dc :<\/strong> Klipsler, bu elbise ask\u0131s\u0131n\u0131 yerden tasarruf sa\u011flayan m\u00fckemmel bir depolama \u00e7\u00f6z\u00fcm\u00fc haline getirir. Ba\u015fta etekler, pantolonlar ve kot pantolonlar olmak \u00fczere, havlular, \u00e7ar\u015faflar ve di\u011fer kuma\u015flar olmak \u00fczere bir dizi \u00fcr\u00fcn i\u00e7in kullan\u0131labilir.<\/p>\n<p>\n\t<strong>AYARLANAB\u0130L\u0130R KL\u0130PSLER :<\/strong> Klipslerin \u00e7ubuk boyunca hareket ettirilmesi kolayd\u0131r. Bu, onu \u00e7o\u011fu boydaki \u00e7ocuk ve yeti\u015fkin giyimi i\u00e7in son derece ayarlanabilir bir ask\u0131 yapar 16 ila 38 cm geni\u015fli\u011fe kadar<\/p>\n<p>\t<strong>G\u0130YS\u0130LERE KAR\u015eI NAZ\u0130K : <\/strong>Klipslerin i\u00e7inde yumu\u015fak k\u00f6p\u00fck kulplar vard\u0131r. Kaymazlar, bu nedenle giysileri s\u0131k\u0131ca yerinde tutarlar, ancak i\u015faretlemeden veya zarar vermeden.<\/p>\n<p>\t<strong>D\u00d6NER KANCA : <\/strong>Krom kapl\u0131 pas \u00f6nleyici kanca tamamen d\u00f6nebilir. Bu, elbiseleri ask\u0131ya asmay\u0131 ve \u00e7\u0131karmay\u0131 \u00e7ok daha kolay hale getirir. B\u00f6ylece gard\u0131ropta giysi asarken daha fazla kolayl\u0131k sa\u011flar.<\/p>\n<p>\tAsk\u0131lar\u0131n her iki ucunda kancalar vard\u0131r. Bu nedenle, elbiseleri ve di\u011fer ilmekli k\u0131yafetleri asmak i\u00e7in de uygundur. Yani bu klipsli pantolon ve etek ask\u0131s\u0131, gard\u0131robunuza ger\u00e7ekten faydal\u0131 bir katk\u0131 olacak.<\/p>\n<p>\n\t<strong>M\u00dcKEMMEL SATI\u015e SONRASI H\u0130ZMET : <\/strong>HSNET \/ HSNET olarak m\u00fc\u015fterilerimize en iyi hizmeti sunmay\u0131 ama\u00e7l\u0131yor, g\u00fcvenle sat\u0131n alabilmeniz i\u00e7in, ambalaj kalitemize g\u00fcveniyor, her \u00fcr\u00fcn sorunsuz teslimat i\u00e7in \u00f6zenle paketliyor ve resimde belirtilen renk, ebat, \u00f6zelikte \u00fcr\u00fcn g\u00f6ndermeyi taahh\u00fct ediyoruz. Hasarl\u0131 \u00fcr\u00fcn ald\u0131ysan\u0131z veya di\u011fer \u00fcr\u00fcn ve paket teslimat sorunlar\u0131 oldu\u011funda bizimle ileti\u015fime ge\u00e7mekten \u00e7ekinmeyin.<\/p>\n<p>\n\t<strong>Detayl\u0131 bilgi i\u00e7in ek resimleri inceleyebilirsiniz<\/strong><\/p>\n<p>\n\t<img decoding=\"async\" height=\"100%\" width=\"100%\" src=\"https:\/\/hepsicdn.com.tr\/static\/product_detail\/hbnet1ac650b8_4848601.jpg\"><\/p>\n<p>\n\t\u00a0<\/p>\n<p>\n\t\u00a0<\/p>\n","protected":false},"excerpt":{"rendered":"<p>\u00dcr\u00fcn \u00d6zellikleri : Materyal :\u00a0Plastik + Metal mekanizma Adet \/ Renk \/ Tasar\u0131m : 18 Adet, HSNET olarak tasarlad\u0131\u011f\u0131m\u0131z, resimde yer alan S\u0130YAH rengi, s\u00fcrpriz ya\u015famaman\u0131z i\u00e7in birebir g\u00f6nderiyoruz \u00d6l\u00e7\u00fcler : 38 CM GEN\u0130\u015e\u0130L\u0130K\u00a0&#8211; 16 cm&#8217;e kadar daralt\u0131labilir\u00a0 GEN\u0130\u015e KULLANIM ALANI : Etek, pantolon, Bluz, G\u00f6mlek, kot pantolon,havlu, \u00e7ar\u015faf, masa \u00f6rt\u00fcs\u00fc ve e\u015farp i\u00e7in idealdir&#8230;.<\/p>\n","protected":false},"featured_media":102708,"comment_status":"open","ping_status":"closed","template":"","meta":{"_kad_post_transparent":"","_kad_post_title":"","_kad_post_layout":"","_kad_post_sidebar_id":"","_kad_post_content_style":"","_kad_post_vertical_padding":"","_kad_post_feature":"","_kad_post_feature_position":"","_kad_post_header":false,"_kad_post_footer":false,"_kad_post_classname":""},"product_brand":[],"product_cat":[14199],"product_tag":[],"class_list":{"0":"post-102709","1":"product","2":"type-product","3":"status-publish","4":"has-post-thumbnail","6":"product_cat-aski-depolama-duzenleme-urunleri-ev-gerecleri-ev-yasam-aski","8":"first","9":"instock","10":"purchasable","11":"product-type-simple","12":"entry","13":"content-bg","14":"loop-entry"},"_links":{"self":[{"href":"https:\/\/www.hediyepazar.com\/index.php?rest_route=\/wp\/v2\/product\/102709","targetHints":{"allow":["GET"]}}],"collection":[{"href":"https:\/\/www.hediyepazar.com\/index.php?rest_route=\/wp\/v2\/product"}],"about":[{"href":"https:\/\/www.hediyepazar.com\/index.php?rest_route=\/wp\/v2\/types\/product"}],"replies":[{"embeddable":true,"href":"https:\/\/www.hediyepazar.com\/index.php?rest_route=%2Fwp%2Fv2%2Fcomments&post=102709"}],"wp:featuredmedia":[{"embeddable":true,"href":"https:\/\/www.hediyepazar.com\/index.php?rest_route=\/wp\/v2\/media\/102708"}],"wp:attachment":[{"href":"https:\/\/www.hediyepazar.com\/index.php?rest_route=%2Fwp%2Fv2%2Fmedia&parent=102709"}],"wp:term":[{"taxonomy":"product_brand","embeddable":true,"href":"https:\/\/www.hediyepazar.com\/index.php?rest_route=%2Fwp%2Fv2%2Fproduct_brand&post=102709"},{"taxonomy":"product_cat","embeddable":true,"href":"https:\/\/www.hediyepazar.com\/index.php?rest_route=%2Fwp%2Fv2%2Fproduct_cat&post=102709"},{"taxonomy":"product_tag","embeddable":true,"href":"https:\/\/www.hediyepazar.com\/index.php?rest_route=%2Fwp%2Fv2%2Fproduct_tag&post=102709"}],"curies":[{"name":"wp","href":"https:\/\/api.w.org\/{rel}","templated":true}]}}