{"id":102719,"date":"2026-05-04T07:35:57","date_gmt":"2026-05-04T10:35:57","guid":{"rendered":"https:\/\/www.hediyepazar.com\/?product=turk-sac-pudra-topik-toz-vb-puskurtucu"},"modified":"2026-05-04T07:35:57","modified_gmt":"2026-05-04T10:35:57","slug":"turk-sac-pudra-topik-toz-vb-puskurtucu","status":"publish","type":"product","link":"https:\/\/www.hediyepazar.com\/?product=turk-sac-pudra-topik-toz-vb-puskurtucu","title":{"rendered":"Turk Sa\u00e7 Pudra Topik Toz Vb P\u00fcsk\u00fcrt\u00fcc\u00fc"},"content":{"rendered":"<p>\n\t<strong>\u00dcr\u00fcn \u00d6zellikleri : <\/strong><\/p>\n<p>\n\t<strong>Adet : 1 ADET &#8211; BU \u00dcR\u00dcN SADECE BO\u015e-UYGULAMA \u015e\u0130\u015eES\u0130D\u0130R. \u0130\u00c7\u0130NE UYGULAYACA\u011eINIZ MATERYAL\u0130 KOYDU\u011eUNUZDA APL\u0130KAT\u00d6R G\u00d6REV\u0130N\u0130 YAPACAKTIR<\/strong><\/p>\n<p>\n\t<strong>\u00d6l\u00e7\u00fcler : 10 CM X 4,2 CM \u00c7AP<\/strong><\/p>\n<p>\t<strong>GEN\u0130\u015e KULLANIM ALANI : Pudra, sa\u00e7 tozu vb ince toz materyallerin p\u00fcsk\u00fcrt\u00fclmesini sa\u011flar. <\/strong><\/p>\n<p>\t<strong>\u00d6NE \u00c7IKAN \u00d6ZELL\u0130K : SADECE ERKEKLER DE\u011e\u0130L, BAYANLAR \u0130\u00c7\u0130N DE UYGUNDUR. <\/strong><\/p>\n<p>\t<strong>HASSAS POMPA : <\/strong>P\u00fcsk\u00fcrtme aplikat\u00f6r\u00fc, incelme alanlar\u0131nda liflerin hassas bir \u015fekilde uygulanmas\u0131 i\u00e7in \u00f6zel olarak geli\u015ftirilmi\u015ftir. \u00d6rne\u011fin sa\u00e7 \u00e7izgisi veya d\u00fcz sa\u00e7 \u00e7izgisi i\u00e7in hassas bir p\u00fcsk\u00fcrt\u00fcc\u00fc kullanarak hassas uygulama.<\/p>\n<p>\t<strong>E\u015e\u0130T OLARAK DA\u011eITIR :<\/strong> P\u00fcsk\u00fcrt\u00fcc\u00fcn\u00fcn kullan\u0131lmas\u0131, liflerin e\u015fit \u015fekilde da\u011f\u0131lmas\u0131n\u0131 kolayla\u015ft\u0131r\u0131r.<\/p>\n<p>\t<strong>KULLANIMI KOLAY &#8211; <\/strong>Sadece \u015fi\u015feyi d\u0131\u015far\u0131 \u00e7ekin ve sa\u00e7 tellerini sa\u00e7a da\u011f\u0131tmak i\u00e7in pompay\u0131 hafif\u00e7e s\u0131k\u0131n. Sa\u00e7 lifi aplikat\u00f6r\u00fc, her sa\u00e7 lifi kullan\u0131c\u0131s\u0131 i\u00e7in m\u00fckemmel bir aksesuard\u0131r. Sa\u00e7 pompas\u0131n\u0131n, \u00f6zellikle sa\u00e7 \u00e7izgisi ve kenarlarda kullan\u0131m\u0131 kolayd\u0131r. Fiber aplikat\u00f6r\u00fc yele\u011finize uyan sa\u00e7 lifleriyle doldurun ve ince, \u00e7\u0131plak sa\u00e7 derinizi istedi\u011finiz zaman, istedi\u011finiz yerde kamufle edin.<\/p>\n<p>\tHassas, Da\u011f\u0131n\u0131k Olmayan Uygulama i\u00e7in Tasarland\u0131 : Aplikat\u00f6r\u00fcn\u00fc kullanmak, sa\u00e7 liflerinin sa\u00e7 \u00e7izgisi boyunca, \u015fakaklar\u0131n etraf\u0131nda ve al\u0131n boyunca da\u011f\u0131l\u0131m\u0131n\u0131 kontrol etmenin ve iyile\u015ftirmenin kolay bir yoludur.<\/p>\n<p>\t<strong>DAHA FAZLA KAYIP NOKTA YOK : <\/strong>Sa\u00e7 lifi aplikat\u00f6r pompas\u0131, incelme b\u00f6lgelerini ve kel noktalar\u0131n\u0131 hassas bir \u015fekilde hedeflerken sa\u00e7 liflerini e\u015fit olarak da\u011f\u0131tmak i\u00e7in tasarlanm\u0131\u015ft\u0131r.<\/p>\n<p><\/p>\n<p>\n\t<strong>Ekran fark\u0131 nedeniyle, renk tonlar\u0131 %0,5 oran\u0131nda fark, Manuel \u00f6l\u00e7\u00fcm nedeniyle MM fark olabilir. anlay\u0131\u015f g\u00f6stermenizi rica ederiz. <\/strong><br \/>\n\t<strong>DETAYLI B\u0130LG\u0130 \u0130\u00c7\u0130N EK RES\u0130MLER\u0130 \u0130NCELEYEB\u0130L\u0130RS\u0130N\u0130Z. <img decoding=\"async\" height=\"100%\" width=\"100%\" src=\"https:\/\/hepsicdn.com.tr\/static\/product_detail\/hbnetbf17a21a_4850401.webp\"><\/strong><\/p>\n<p>\n\t\u00a0<\/p>\n","protected":false},"excerpt":{"rendered":"<p>\u00dcr\u00fcn \u00d6zellikleri : Adet : 1 ADET &#8211; BU \u00dcR\u00dcN SADECE BO\u015e-UYGULAMA \u015e\u0130\u015eES\u0130D\u0130R. \u0130\u00c7\u0130NE UYGULAYACA\u011eINIZ MATERYAL\u0130 KOYDU\u011eUNUZDA APL\u0130KAT\u00d6R G\u00d6REV\u0130N\u0130 YAPACAKTIR \u00d6l\u00e7\u00fcler : 10 CM X 4,2 CM \u00c7AP GEN\u0130\u015e KULLANIM ALANI : Pudra, sa\u00e7 tozu vb ince toz materyallerin p\u00fcsk\u00fcrt\u00fclmesini sa\u011flar. \u00d6NE \u00c7IKAN \u00d6ZELL\u0130K : SADECE ERKEKLER DE\u011e\u0130L, BAYANLAR \u0130\u00c7\u0130N DE UYGUNDUR. HASSAS POMPA :&#8230;<\/p>\n","protected":false},"featured_media":102718,"comment_status":"open","ping_status":"closed","template":"","meta":{"_kad_post_transparent":"","_kad_post_title":"","_kad_post_layout":"","_kad_post_sidebar_id":"","_kad_post_content_style":"","_kad_post_vertical_padding":"","_kad_post_feature":"","_kad_post_feature_position":"","_kad_post_header":false,"_kad_post_footer":false,"_kad_post_classname":""},"product_brand":[],"product_cat":[7881],"product_tag":[],"class_list":{"0":"post-102719","1":"product","2":"type-product","3":"status-publish","4":"has-post-thumbnail","6":"product_cat-unisex-sac-ve-sakal-bakimi-erkek-kuafor-unisex-sac-ve-sakal-bakimi","8":"first","9":"instock","10":"purchasable","11":"product-type-simple","12":"entry","13":"content-bg","14":"loop-entry"},"_links":{"self":[{"href":"https:\/\/www.hediyepazar.com\/index.php?rest_route=\/wp\/v2\/product\/102719","targetHints":{"allow":["GET"]}}],"collection":[{"href":"https:\/\/www.hediyepazar.com\/index.php?rest_route=\/wp\/v2\/product"}],"about":[{"href":"https:\/\/www.hediyepazar.com\/index.php?rest_route=\/wp\/v2\/types\/product"}],"replies":[{"embeddable":true,"href":"https:\/\/www.hediyepazar.com\/index.php?rest_route=%2Fwp%2Fv2%2Fcomments&post=102719"}],"wp:featuredmedia":[{"embeddable":true,"href":"https:\/\/www.hediyepazar.com\/index.php?rest_route=\/wp\/v2\/media\/102718"}],"wp:attachment":[{"href":"https:\/\/www.hediyepazar.com\/index.php?rest_route=%2Fwp%2Fv2%2Fmedia&parent=102719"}],"wp:term":[{"taxonomy":"product_brand","embeddable":true,"href":"https:\/\/www.hediyepazar.com\/index.php?rest_route=%2Fwp%2Fv2%2Fproduct_brand&post=102719"},{"taxonomy":"product_cat","embeddable":true,"href":"https:\/\/www.hediyepazar.com\/index.php?rest_route=%2Fwp%2Fv2%2Fproduct_cat&post=102719"},{"taxonomy":"product_tag","embeddable":true,"href":"https:\/\/www.hediyepazar.com\/index.php?rest_route=%2Fwp%2Fv2%2Fproduct_tag&post=102719"}],"curies":[{"name":"wp","href":"https:\/\/api.w.org\/{rel}","templated":true}]}}