{"id":102728,"date":"2026-05-04T07:38:28","date_gmt":"2026-05-04T10:38:28","guid":{"rendered":"https:\/\/www.hediyepazar.com\/?product=turk-sut-kopurtucu-kahve-karistirici-mini-pilli-mixer-cirpici"},"modified":"2026-05-04T07:38:28","modified_gmt":"2026-05-04T10:38:28","slug":"turk-sut-kopurtucu-kahve-karistirici-mini-pilli-mixer-cirpici","status":"publish","type":"product","link":"https:\/\/www.hediyepazar.com\/?product=turk-sut-kopurtucu-kahve-karistirici-mini-pilli-mixer-cirpici","title":{"rendered":"Turk S\u00fct K\u00f6p\u00fcrt\u00fcc\u00fc Kahve Kar\u0131\u015ft\u0131r\u0131c\u0131 Mini Pilli Mixer \u00c7\u0131rp\u0131c\u0131"},"content":{"rendered":"<p>\t<strong>Spesifikasyonlar :\u00a0 \u00a0<\/strong><\/p>\n<p>\t<strong>Materyal : Plastik g\u00f6vde + Paslanmaz \u00c7elik \u00c7\u0131rp\u0131c\u0131 <\/strong><\/p>\n<p>\t<strong>\u00d6l\u00e7\u00fcler : 22 cm x 4 cm x \u00c7\u0131rp\u0131c\u0131 2,5 cm \u00e7ap\u0131ndad\u0131r\u00a0\u00a0<\/strong><\/p>\n<p>\t<span style=\"color:#008000;\"><strong>GEN\u0130\u015e KULLANIM ALANI : Bir kar\u0131\u015ft\u0131r\u0131c\u0131dan \u00e7ok daha fazlas\u0131 ! S\u00fct, kahve vb s\u0131cak i\u00e7ecekleri kar\u0131\u015ft\u0131r\u0131c\u0131, \u015fekil verici ve mini mikser! <\/strong><\/span><\/p>\n<p>\tG\u00fc\u00e7l\u00fc motora sahip elektrikli s\u00fct k\u00f6p\u00fcrt\u00fcc\u00fc, latte, cappuccino, macchiato, mocha, s\u0131cak \u00e7ikolata vb. s\u0131cak i\u00e7eceklerinize profesyonel bir sonland\u0131rma sa\u011flamak i\u00e7in tasarlanm\u0131\u015ft\u0131r. M\u00fckemmel k\u00f6p\u00fcrme sonu\u00e7lar\u0131 elde etmek i\u00e7in uzun s\u00fcreli g\u00fcce ve y\u00fcksek h\u0131zl\u0131 d\u00f6n\u00fc\u015fe sahiptir. ve sa\u011flam tasar\u0131m, y\u0131llarca s\u00fcrmesine izin verir.<\/p>\n<p>\t<strong>KOLAY KULLANIM. <\/strong>Pille \u00e7al\u0131\u015fan s\u00fct k\u00f6p\u00fcrt\u00fcc\u00fcn\u00fcn kontrol\u00fc ve temizlenmesi kolayd\u0131r, 2 adet AA pil ile kullan\u0131l\u0131r(dahil de\u011fildir) . El tipi versiyon, k\u00f6p\u00fcrt\u00fcc\u00fcn\u00fcn elle kullan\u0131m\u0131n\u0131 kolayla\u015ft\u0131r\u0131r. Pille \u00e7al\u0131\u015fan s\u00fct k\u00f6p\u00fcrt\u00fcc\u00fcn\u00fcn kurulumu \u00e7ok kolay olacakt\u0131r<\/p>\n<p>\t<strong>HIZLI K\u00d6P\u00dcK. <\/strong>Bu elektrikli s\u00fct k\u00f6p\u00fcrt\u00fcc\u00fc ile b\u00fcy\u00fck bir bardak k\u00f6p\u00fckl\u00fc i\u00e7ecek yapmak i\u00e7in 15 saniye yeterlidir, g\u00fc\u00e7l\u00fc g\u00fcc\u00fc sayesinde kahve k\u00f6p\u00fcrt\u00fcc\u00fc, latte k\u00f6p\u00fcrt\u00fcc\u00fc, k\u00f6p\u00fck yap\u0131c\u0131, s\u0131cak \u00e7ikolata makinesi, matcha \u00e7\u0131rp\u0131c\u0131 ve di\u011fer i\u00e7ecek kar\u0131\u015ft\u0131r\u0131c\u0131 olarak kullanabilirsiniz.<\/p>\n<p>\t<strong>\u00c7OK AMA\u00c7LI. <\/strong>S\u00fct k\u00f6p\u00fcrt\u00fcc\u00fc capuccino, caff\u00e8 latte, s\u0131cak \u00e7ikolata, frapp\u00e8, milkshake ve di\u011fer i\u00e7ecekler i\u00e7in kullan\u0131labilir. Bu s\u00fct k\u00f6p\u00fcrt\u00fcc\u00fcn\u00fcn el tipi versiyonuyla i\u00e7ecek yapmak \u00e7ok kolay.<\/p>\n<p>\t<strong>G\u00dcVENL\u0130 MALZEME. <\/strong>Paslanmaz \u00e7elik\u00a0 \u00e7\u0131rp\u0131c\u0131, kahve k\u00f6p\u00fcrt\u00fcc\u00fcy\u00fc sizin i\u00e7in \u00e7ok g\u00fcvenli hale getirir.<\/p>\n<p>\tG\u00fc\u00e7l\u00fc bir motora sahip basit tek dokunu\u015flu anahtar\u0131n kullan\u0131m\u0131 kolayd\u0131r. Sadece 1\/3 s\u0131v\u0131 g\u0131da i\u00e7eren bir kaba koyun.<\/p>\n<p>\t<strong>G\u00fc\u00e7l\u00fc K\u00f6p\u00fcrtme Arac\u0131 &#8211;<\/strong> G\u00fc\u00e7l\u00fc motor, \u00e7\u0131rpma i\u00e7in b\u00fcy\u00fck g\u00fc\u00e7 \u00fcreterek saniyeler i\u00e7inde l\u00fcks bir k\u00f6p\u00fck tabakas\u0131 olu\u015fturmaya olanak tan\u0131r.<\/p>\n<p>\t<strong>Lezzetli \u0130\u00e7ecekler Yap\u0131n &#8211;<\/strong> De\u011firmen k\u00f6p\u00fcrt\u00fcc\u00fc, latte, cappuccino, macchiato, s\u0131cak \u00e7ikolata, moka gibi s\u0131cak i\u00e7eceklerinize profesyonel bir son kat vermek i\u00e7in tasarlanm\u0131\u015ft\u0131r.<\/p>\n<p>\t<strong>Kahve Sanat\u0131n\u0131z\u0131 Yarat\u0131n <\/strong>&#8211; Bitmi\u015f s\u00fct k\u00f6p\u00fc\u011f\u00fcn\u00fcz\u00fc d\u00f6kerek ve da\u011flayarak sanatsal par\u00e7alar deneyin. S\u0131cak i\u00e7eceklerinize profesyonel bir biti\u015f sa\u011flar.<\/p>\n<p>\t<strong>Ergonomik Tutma Yeri Tasar\u0131m\u0131 &#8211; <\/strong>A\u011f\u0131r hizmet tipi ABS kabuk ve aerodinamik g\u00f6vde, k\u00f6p\u00fcrmeyi ve kolayca hassas k\u00f6p\u00fck olu\u015fturmay\u0131 sa\u011flayan rahat bir tutu\u015f sa\u011flar.<\/p>\n<p>\tDETAYLI B\u0130LG\u0130 \u0130\u00c7\u0130N EK RES\u0130MLER\u0130 \u0130NCELEYEB\u0130L\u0130RS\u0130N\u0130Z.\t<\/p>\n","protected":false},"excerpt":{"rendered":"<p>Spesifikasyonlar :\u00a0 \u00a0 Materyal : Plastik g\u00f6vde + Paslanmaz \u00c7elik \u00c7\u0131rp\u0131c\u0131 \u00d6l\u00e7\u00fcler : 22 cm x 4 cm x \u00c7\u0131rp\u0131c\u0131 2,5 cm \u00e7ap\u0131ndad\u0131r\u00a0\u00a0 GEN\u0130\u015e KULLANIM ALANI : Bir kar\u0131\u015ft\u0131r\u0131c\u0131dan \u00e7ok daha fazlas\u0131 ! S\u00fct, kahve vb s\u0131cak i\u00e7ecekleri kar\u0131\u015ft\u0131r\u0131c\u0131, \u015fekil verici ve mini mikser! G\u00fc\u00e7l\u00fc motora sahip elektrikli s\u00fct k\u00f6p\u00fcrt\u00fcc\u00fc, latte, cappuccino, macchiato, mocha, s\u0131cak&#8230;<\/p>\n","protected":false},"featured_media":0,"comment_status":"open","ping_status":"closed","template":"","meta":{"_kad_post_transparent":"","_kad_post_title":"","_kad_post_layout":"","_kad_post_sidebar_id":"","_kad_post_content_style":"","_kad_post_vertical_padding":"","_kad_post_feature":"","_kad_post_feature_position":"","_kad_post_header":false,"_kad_post_footer":false,"_kad_post_classname":""},"product_brand":[],"product_cat":[14352],"product_tag":[],"class_list":{"0":"post-102728","1":"product","2":"type-product","3":"status-publish","5":"product_cat-cirpici-yemek-hazirlik-sofra-mutfak-ev-yasam-cirpici","7":"first","8":"instock","9":"purchasable","10":"product-type-simple","11":"entry","12":"content-bg","13":"loop-entry"},"_links":{"self":[{"href":"https:\/\/www.hediyepazar.com\/index.php?rest_route=\/wp\/v2\/product\/102728","targetHints":{"allow":["GET"]}}],"collection":[{"href":"https:\/\/www.hediyepazar.com\/index.php?rest_route=\/wp\/v2\/product"}],"about":[{"href":"https:\/\/www.hediyepazar.com\/index.php?rest_route=\/wp\/v2\/types\/product"}],"replies":[{"embeddable":true,"href":"https:\/\/www.hediyepazar.com\/index.php?rest_route=%2Fwp%2Fv2%2Fcomments&post=102728"}],"wp:attachment":[{"href":"https:\/\/www.hediyepazar.com\/index.php?rest_route=%2Fwp%2Fv2%2Fmedia&parent=102728"}],"wp:term":[{"taxonomy":"product_brand","embeddable":true,"href":"https:\/\/www.hediyepazar.com\/index.php?rest_route=%2Fwp%2Fv2%2Fproduct_brand&post=102728"},{"taxonomy":"product_cat","embeddable":true,"href":"https:\/\/www.hediyepazar.com\/index.php?rest_route=%2Fwp%2Fv2%2Fproduct_cat&post=102728"},{"taxonomy":"product_tag","embeddable":true,"href":"https:\/\/www.hediyepazar.com\/index.php?rest_route=%2Fwp%2Fv2%2Fproduct_tag&post=102728"}],"curies":[{"name":"wp","href":"https:\/\/api.w.org\/{rel}","templated":true}]}}