{"id":102732,"date":"2026-05-04T07:40:24","date_gmt":"2026-05-04T10:40:24","guid":{"rendered":"https:\/\/www.hediyepazar.com\/?product=turk-buz-akusu-buz-kasedi-2-adet"},"modified":"2026-05-04T07:40:24","modified_gmt":"2026-05-04T10:40:24","slug":"turk-buz-akusu-buz-kasedi-2-adet","status":"publish","type":"product","link":"https:\/\/www.hediyepazar.com\/?product=turk-buz-akusu-buz-kasedi-2-adet","title":{"rendered":"Turk Buz Ak\u00fcs\u00fc Buz Kasedi 2 ADET"},"content":{"rendered":"<p>\n\t<strong>\u00dcr\u00fcn \u00d6zellikleri : <\/strong><\/p>\n<p>\t<strong>AKSESUARLAR \u00dcR\u00dcNE DAH\u0130L DE\u011e\u0130LD\u0130R. <\/strong><\/p>\n<p>\t<strong>Adet \/ Renk \/ Tasar\u0131m : <\/strong> 2 Adet , renkler farkl\u0131l\u0131k g\u00f6sterebilir\u00a0<\/p>\n<p>\n\t<strong>\u00d6l\u00e7\u00fcler (bir cep telefonu ortalama 16 cm dir. K\u0131yaslaman\u0131z i\u00e7in kolayl\u0131k de\u011fil mi ? ) :\u00a0<\/strong>16.5 x 9 X 3.3 cm<\/p>\n<p>\tYeni Nesil Su So\u011futmal\u0131 ev tipi so\u011futucular i\u00e7in, Yiyecekleri Taze ve \u0130\u00e7ecekleri So\u011fuk Tutun : Kompakt \u00f6l\u00e7\u00fclerindedir ve standart boyutlu bir beslenme \u00e7antas\u0131na, so\u011futma kutusuna veya so\u011futma \u00e7antas\u0131na rahat\u00e7a s\u0131\u011fmalar\u0131n\u0131 sa\u011flar. \u0130\u015f, okul, piknik, y\u00fcr\u00fcy\u00fc\u015f, bal\u0131k tutma ve daha fazlas\u0131 i\u00e7in ideal<\/p>\n<p>\t<strong>TEKRAR TEKRAR KULLANIN :<\/strong> Buz gibi de\u011fil, buz paketleri \u00e7\u00f6z\u00fcl\u00fcrken etrafa da\u011f\u0131lmaz ve daha uzun s\u00fcre donmu\u015f halde kal\u0131r. buz paketleri erimeye ba\u015flad\u0131\u011f\u0131nda sandvi\u00e7ler ve di\u011fer yiyecekler bozulmaz. Tekrar dondurarak, tekrar kullan\u0131n.<\/p>\n<p>\t<strong>BUZ PAKET\u0130 SO\u011eUTMA BLOKLARI \u2013<\/strong> Bu 2 buz blo\u011fu seti, yiyecek ve i\u00e7eceklerinizi g\u00fcn boyu g\u00fczel ve so\u011fuk tutacak an\u0131nda bir so\u011futma etkisi sa\u011flayacakt\u0131r.<\/p>\n<p>\t<strong>\u00c7OK AMA\u00c7LI <\/strong>&#8211; Buz bloklar\u0131, kamp gezilerinde, plajda ge\u00e7irilen g\u00fcnlerde, \u00e7ocuklar\u0131n\u0131z\u0131n spor kar\u015f\u0131la\u015fmalar\u0131n\u0131 izlerken veya di\u011fer bir\u00e7ok etkinlikte yiyecek ve i\u00e7eceklerinizi so\u011fuk tutmak i\u00e7in m\u00fckemmeldir.<\/p>\n<p>\n\t<strong>M\u00dcKEMMEL SATI\u015e SONRASI H\u0130ZMET : <\/strong>Bu \u00fcr\u00fcne daha avantajl\u0131 sahip olabilmeniz i\u00e7in ma\u011fazam\u0131z\u0131 ziyaret ederek, kampanyalar\u0131 inceleyebilirsiniz. HSNET \/ HSNET olarak m\u00fc\u015fterilerimize en iyi hizmeti sunmay\u0131 ama\u00e7l\u0131yor, g\u00fcvenle sat\u0131n alabilmeniz i\u00e7in, ambalaj kalitemize g\u00fcveniyor, her \u00fcr\u00fcn sorunsuz teslimat i\u00e7in \u00f6zenle paketliyor ve resimde belirtilen renk, ebat, \u00f6zelikte \u00fcr\u00fcn g\u00f6ndermeyi taahh\u00fct ediyoruz. Hasarl\u0131 \u00fcr\u00fcn ald\u0131ysan\u0131z veya di\u011fer \u00fcr\u00fcn ve paket teslimat sorunlar\u0131 oldu\u011funda bizimle ileti\u015fime ge\u00e7mekten \u00e7ekinmeyin.<\/p>\n<p>\n\t<strong>Detayl\u0131 bilgi i\u00e7in ek resimleri inceleyebilirsiniz<\/strong><\/p>\n<p><\/p>\n<p>\n\t<strong><img decoding=\"async\"  src=\"https:\/\/hepsicdn.com.tr\/static\/product_detail\/hbnete8bb1780_4852501.jpg\"><\/strong><\/p>\n<p>\n\t\u00a0<\/p>\n","protected":false},"excerpt":{"rendered":"<p>\u00dcr\u00fcn \u00d6zellikleri : AKSESUARLAR \u00dcR\u00dcNE DAH\u0130L DE\u011e\u0130LD\u0130R. Adet \/ Renk \/ Tasar\u0131m : 2 Adet , renkler farkl\u0131l\u0131k g\u00f6sterebilir\u00a0 \u00d6l\u00e7\u00fcler (bir cep telefonu ortalama 16 cm dir. K\u0131yaslaman\u0131z i\u00e7in kolayl\u0131k de\u011fil mi ? ) :\u00a016.5 x 9 X 3.3 cm Yeni Nesil Su So\u011futmal\u0131 ev tipi so\u011futucular i\u00e7in, Yiyecekleri Taze ve \u0130\u00e7ecekleri So\u011fuk Tutun :&#8230;<\/p>\n","protected":false},"featured_media":0,"comment_status":"open","ping_status":"closed","template":"","meta":{"_kad_post_transparent":"","_kad_post_title":"","_kad_post_layout":"","_kad_post_sidebar_id":"","_kad_post_content_style":"","_kad_post_vertical_padding":"","_kad_post_feature":"","_kad_post_feature_position":"","_kad_post_header":false,"_kad_post_footer":false,"_kad_post_classname":""},"product_brand":[],"product_cat":[14239],"product_tag":[],"class_list":{"0":"post-102732","1":"product","2":"type-product","3":"status-publish","5":"product_cat-seyahat-urunleri-oto-aksesuarlari-cep-telefonu-elektronik-seyahat-urunleri","7":"first","8":"instock","9":"purchasable","10":"product-type-simple","11":"entry","12":"content-bg","13":"loop-entry"},"_links":{"self":[{"href":"https:\/\/www.hediyepazar.com\/index.php?rest_route=\/wp\/v2\/product\/102732","targetHints":{"allow":["GET"]}}],"collection":[{"href":"https:\/\/www.hediyepazar.com\/index.php?rest_route=\/wp\/v2\/product"}],"about":[{"href":"https:\/\/www.hediyepazar.com\/index.php?rest_route=\/wp\/v2\/types\/product"}],"replies":[{"embeddable":true,"href":"https:\/\/www.hediyepazar.com\/index.php?rest_route=%2Fwp%2Fv2%2Fcomments&post=102732"}],"wp:attachment":[{"href":"https:\/\/www.hediyepazar.com\/index.php?rest_route=%2Fwp%2Fv2%2Fmedia&parent=102732"}],"wp:term":[{"taxonomy":"product_brand","embeddable":true,"href":"https:\/\/www.hediyepazar.com\/index.php?rest_route=%2Fwp%2Fv2%2Fproduct_brand&post=102732"},{"taxonomy":"product_cat","embeddable":true,"href":"https:\/\/www.hediyepazar.com\/index.php?rest_route=%2Fwp%2Fv2%2Fproduct_cat&post=102732"},{"taxonomy":"product_tag","embeddable":true,"href":"https:\/\/www.hediyepazar.com\/index.php?rest_route=%2Fwp%2Fv2%2Fproduct_tag&post=102732"}],"curies":[{"name":"wp","href":"https:\/\/api.w.org\/{rel}","templated":true}]}}