{"id":102742,"date":"2026-05-04T07:44:07","date_gmt":"2026-05-04T10:44:07","guid":{"rendered":"https:\/\/www.hediyepazar.com\/?product=turk-kaydirmaz-rulo-mat-hali-cekmece-sofra-dolap-kaydirmazi-60x100cm"},"modified":"2026-05-04T07:44:07","modified_gmt":"2026-05-04T10:44:07","slug":"turk-kaydirmaz-rulo-mat-hali-cekmece-sofra-dolap-kaydirmazi-60x100cm","status":"publish","type":"product","link":"https:\/\/www.hediyepazar.com\/?product=turk-kaydirmaz-rulo-mat-hali-cekmece-sofra-dolap-kaydirmazi-60x100cm","title":{"rendered":"Turk Kayd\u0131rmaz Rulo Mat Hal\u0131 \u00c7ekmece Sofra Dolap Kayd\u0131rmaz\u0131 60x100cm"},"content":{"rendered":"<p>\n\t<strong>\u00dcr\u00fcn \u00d6zellikleri : <\/strong><\/p>\n<p>\t<strong>NE G\u00d6NDER\u0130YORUZ ? <\/strong> 1 rulo, pvc k\u00f6p\u00fck materyal ,\u00a0 \u00a060&#215;100 cm boyutunda, renkler k\u0131rm\u0131z\u0131, mavi, pembe, mor, beyaz se\u00e7eneklerinden stok durumuna g\u00f6re g\u00f6nderilecektir.<\/p>\n<p>\n\tHal\u0131 alt\u0131na tutturularak kullan\u0131l\u0131r.<\/p>\n<p>\n\tTekrar tekrar y\u0131kanabilir<\/p>\n<p>\n\tHal\u0131 ve kilimlerinizin yere sabitlenmesini sa\u011flar<\/p>\n<p>\n\t<strong>GEN\u0130\u015e KULLANIM ALANI : Sofra, \u00e7ekmece i\u00e7leri, dolap y\u00fczeyleri,\u00a0<\/strong>Hal\u0131 ve paspas alt\u0131 vb yerlerde \u00e7ekmece veya masa\u00fcst\u00fc gibi her yerde kullan\u0131l\u0131r.<\/p>\n<p>\n\tHer iki taraf\u0131da kayd\u0131rmaz \u00f6zelliktedir ve uyguland\u0131\u011f\u0131 yerde iz yapmayan materyal ile rakiplerinden ayr\u0131l\u0131r<\/p>\n<p>\n\t\u00dczerine koyaca\u011f\u0131n\u0131z her materyal,kesinlikle kaymaz. Sanki yap\u0131\u015ft\u0131r\u0131lm\u0131\u015f hissi verir ve materyalede hi\u00e7bir zarar vermez.<\/p>\n<p>\n\t<strong>S\u0130ZE NE KOLAYLIK SA\u011eLAYACAK? <\/strong>\u0130stedi\u011finiz \u00f6l\u00e7\u00fclerde keserek kullanabilisiniz. Bula\u015f\u0131k makinesinde y\u0131kanabilir, temizlenmesi \u00e7ok kolayd\u0131r\u00a0<\/p>\n<p>\n\t\u00a0<\/p>\n<p>\n\t<br \/>\n\tDETAYLI B\u0130LG\u0130 \u0130\u00c7\u0130N EK RES\u0130MLER\u0130 \u0130NCELEYEB\u0130L\u0130RS\u0130N\u0130Z.<\/p>\n<p>\n\t<span br=\"\"><img decoding=\"async\"  src=\"https:\/\/hepsicdn.com.tr\/static\/product_detail\/hbnet8cc8acf7_4853701.jpg\"> <\/span><\/p>\n","protected":false},"excerpt":{"rendered":"<p>\u00dcr\u00fcn \u00d6zellikleri : NE G\u00d6NDER\u0130YORUZ ? 1 rulo, pvc k\u00f6p\u00fck materyal ,\u00a0 \u00a060&#215;100 cm boyutunda, renkler k\u0131rm\u0131z\u0131, mavi, pembe, mor, beyaz se\u00e7eneklerinden stok durumuna g\u00f6re g\u00f6nderilecektir. Hal\u0131 alt\u0131na tutturularak kullan\u0131l\u0131r. Tekrar tekrar y\u0131kanabilir Hal\u0131 ve kilimlerinizin yere sabitlenmesini sa\u011flar GEN\u0130\u015e KULLANIM ALANI : Sofra, \u00e7ekmece i\u00e7leri, dolap y\u00fczeyleri,\u00a0Hal\u0131 ve paspas alt\u0131 vb yerlerde \u00e7ekmece veya&#8230;<\/p>\n","protected":false},"featured_media":102741,"comment_status":"open","ping_status":"closed","template":"","meta":{"_kad_post_transparent":"","_kad_post_title":"","_kad_post_layout":"","_kad_post_sidebar_id":"","_kad_post_content_style":"","_kad_post_vertical_padding":"","_kad_post_feature":"","_kad_post_feature_position":"","_kad_post_header":false,"_kad_post_footer":false,"_kad_post_classname":""},"product_brand":[],"product_cat":[14156],"product_tag":[],"class_list":{"0":"post-102742","1":"product","2":"type-product","3":"status-publish","4":"has-post-thumbnail","6":"product_cat-pratik-ev-esyalari-ev-gerecleri-ev-yasam-pratik-ev-esyalari-ev-gerecleri-ev-yasam","8":"first","9":"instock","10":"purchasable","11":"product-type-simple","12":"entry","13":"content-bg","14":"loop-entry"},"_links":{"self":[{"href":"https:\/\/www.hediyepazar.com\/index.php?rest_route=\/wp\/v2\/product\/102742","targetHints":{"allow":["GET"]}}],"collection":[{"href":"https:\/\/www.hediyepazar.com\/index.php?rest_route=\/wp\/v2\/product"}],"about":[{"href":"https:\/\/www.hediyepazar.com\/index.php?rest_route=\/wp\/v2\/types\/product"}],"replies":[{"embeddable":true,"href":"https:\/\/www.hediyepazar.com\/index.php?rest_route=%2Fwp%2Fv2%2Fcomments&post=102742"}],"wp:featuredmedia":[{"embeddable":true,"href":"https:\/\/www.hediyepazar.com\/index.php?rest_route=\/wp\/v2\/media\/102741"}],"wp:attachment":[{"href":"https:\/\/www.hediyepazar.com\/index.php?rest_route=%2Fwp%2Fv2%2Fmedia&parent=102742"}],"wp:term":[{"taxonomy":"product_brand","embeddable":true,"href":"https:\/\/www.hediyepazar.com\/index.php?rest_route=%2Fwp%2Fv2%2Fproduct_brand&post=102742"},{"taxonomy":"product_cat","embeddable":true,"href":"https:\/\/www.hediyepazar.com\/index.php?rest_route=%2Fwp%2Fv2%2Fproduct_cat&post=102742"},{"taxonomy":"product_tag","embeddable":true,"href":"https:\/\/www.hediyepazar.com\/index.php?rest_route=%2Fwp%2Fv2%2Fproduct_tag&post=102742"}],"curies":[{"name":"wp","href":"https:\/\/api.w.org\/{rel}","templated":true}]}}