{"id":102760,"date":"2026-05-04T07:50:18","date_gmt":"2026-05-04T10:50:18","guid":{"rendered":"https:\/\/www.hediyepazar.com\/?product=turk-miknatisli-cift-tarafli-cam-temizleyici"},"modified":"2026-05-04T07:50:18","modified_gmt":"2026-05-04T10:50:18","slug":"turk-miknatisli-cift-tarafli-cam-temizleyici","status":"publish","type":"product","link":"https:\/\/www.hediyepazar.com\/?product=turk-miknatisli-cift-tarafli-cam-temizleyici","title":{"rendered":"Turk M\u0131knat\u0131sl\u0131 \u00c7ift Tarafl\u0131 Cam Temizleyici"},"content":{"rendered":"<div class=\"embed-responsive embed-responsive-16by9\"> <iframe class=\"embed-responsive-item\" src=\"https:\/\/www.youtube.com\/embed\/OJ105zasO64\"> <\/iframe> <\/div>\n<p>\n\t<strong>\u00dcr\u00fcn \u00d6zellikleri : <\/strong><\/p>\n<p>\n\t<strong>Renk : Resimdeki tasar\u0131m birebir g\u00f6nderilir ve s\u00fcrpriz ya\u015famazs\u0131n\u0131z.\u00a0\u00a0<\/strong><\/p>\n<p>\n\t<strong>\u00d6l\u00e7\u00fcler :<\/strong><\/p>\n<p>\n\t<strong>\u00d6NEML\u0130 : <\/strong>\u00c7\u0130FT CAM pencerelere uygun de\u011fildir. L\u00fctfen BU B\u0130LG\u0130N\u0130N d\u0131\u015f\u0131nda bir kal\u0131nl\u0131k kullanmay\u0131n, aksi takdirde camdan hareket edemez veya d\u00fc\u015femez. Temizleme pamu\u011funa deterjan uygulad\u0131\u011f\u0131n\u0131zdan emin olun. Kullan\u0131m s\u0131ras\u0131nda manyetik cam temizleyiciyi yava\u015f\u00e7a hareket ettirin, hareket h\u0131z\u0131 ne kadar yava\u015fsa temizleme etkisi o kadar iyi olur.<\/p>\n<p>\n\t<strong>\u00c7\u0130FT TARAFLI MANYET\u0130K :<\/strong> \u0130ki temizleme taraf\u0131n\u0131 birbirine kilitleyen g\u00fc\u00e7l\u00fc dahili m\u0131knat\u0131sl\u0131 manyetik cam silecek, size her yerde kapsaml\u0131 bir temizlik sa\u011flar. Bir taraf\u0131 hareket ettirdi\u011finizde, di\u011feri onu takip eder.<\/p>\n<p>\n\tCama zarar vermeden cam\u0131 etkili bir \u015fekilde temizleyebilen farkl\u0131 cam kal\u0131nl\u0131klar\u0131 i\u00e7in tasarlad\u0131k. s\u00fcper manyetik ve kolayca d\u00fc\u015fmez tasar\u0131m! G\u00fc\u00e7l\u00fc manyetik kuvvet sa\u011flamak i\u00e7in ABS malzeme, Do\u011fal Lateks, \u00fcst\u00fcn kaliteli NdFeB m\u0131knat\u0131s ile yap\u0131lm\u0131\u015ft\u0131r. Bu Manyetik Cam Temizleyici Silecek, y\u00fcksek katl\u0131 villa pencere temizli\u011fi, \u00fcst d\u00fczey ofis binalar\u0131, otel pencere temizli\u011fi, okul s\u0131n\u0131f\u0131 cam temizli\u011fi gibi Y\u00fcksek katl\u0131 bina cam\u0131 temizli\u011fi i\u00e7in etkilidir.<\/p>\n<p>\n\t<strong>\u00dc\u00c7GEN D\u0130P-K\u00d6\u015eE TASARIMI : <\/strong>Araba silecek s\u0131n\u0131f\u0131 s\u0131y\u0131r\u0131c\u0131 malzemeden yap\u0131lm\u0131\u015f, yumu\u015fak ve a\u015f\u0131nmaya dayan\u0131kl\u0131, \u00e7\u0131kar\u0131labilir, dik a\u00e7\u0131l\u0131 s\u0131y\u0131r\u0131c\u0131 kenar tasar\u0131m\u0131, \u00f6l\u00fc k\u00f6\u015fe kirlerini \u00e7\u0131karmak kolayd\u0131r. Pratik, sa\u011flam, d\u00fc\u015fmeye dayan\u0131kl\u0131 ve dayan\u0131kl\u0131.<\/p>\n<p>\n\t<strong>AKSESUARLAR VE M\u00dcKEMMEL TASARIM :<\/strong> 2m ekstra uzun g\u00fcvenlik ipi, d\u00fc\u015fmeleri \u00f6nlemek ve temizleme aral\u0131\u011f\u0131n\u0131z\u0131 geni\u015fletmek i\u00e7in tasarlanm\u0131\u015ft\u0131r. B\u00f6ylece cam\u0131 temizlemeden \u00f6nce bile\u011finize veya korkulu\u011fa ba\u011flayarak d\u00fc\u015fmeyi \u00f6nleyebilirsiniz; G\u00fcvenli\u011fi sa\u011flamak i\u00e7in ortada ellerin s\u0131k\u0131\u015fmas\u0131n\u0131 \u00f6nlemek i\u00e7in g\u00fcvenli bir mesafe ayr\u0131lm\u0131\u015ft\u0131r. S\u0131k\u0131\u015fma \u00f6nleyici manyetik bariyer ile donat\u0131lm\u0131\u015f, kullan\u0131m\u0131 g\u00fcvenlidir.<\/p>\n<p>\n\t<strong>\u00d6NLEMLER : <\/strong>Pencere temizleyicisinin g\u00fc\u00e7l\u00fc m\u0131knat\u0131slar\u0131 oldu\u011fundan, yaralanmalar\u0131 \u00f6nlemek i\u00e7in l\u00fctfen birle\u015ftirirken veya s\u00f6kerken ellerinizin g\u00fcvenli\u011fine dikkat edin. Birle\u015ftirirken ortaya koymay\u0131 unutmay\u0131n.<\/p>\n<p>\n\t<strong>GEN\u0130\u015e KULLANIM ALANI : <\/strong>Bu pencere temizleme arac\u0131n\u0131 y\u00fcksek kaliteli ABS malzeme kullanarak geli\u015ftirdik. \u00c7ift tarafl\u0131 manyetik pencere temizleyicisi, kullan\u0131m\u0131 daha g\u00fcvenli hale getiren iyi mukavemet, y\u00fcksek tokluk ve daha g\u00fc\u00e7l\u00fc doku \u00f6zelliklerine sahiptir. \u0130\u00e7 mekan camlar\u0131, d\u0131\u015f mekan camlar\u0131 ve y\u00fcksek irtifa camlar\u0131n\u0131n temizli\u011fi i\u00e7in \u00e7ok uygundur.<\/p>\n<p><strong>  Ekran fark\u0131 nedeniyle, renk tonlar\u0131 %0,5 oran\u0131nda fark, Manuel \u00f6l\u00e7\u00fcm nedeniyle Milimetre fark olabilir. anlay\u0131\u015f g\u00f6stermenizi rica ederiz. <\/strong>  <\/p>\n<p>DETAYLI B\u0130LG\u0130 \u0130\u00c7\u0130N EK RES\u0130MLER\u0130 \u0130NCELEYEB\u0130L\u0130RS\u0130N\u0130Z.<br \/> <img decoding=\"async\"  src=\"https:\/\/hepsicdn.com.tr\/static\/product_detail\/hbnet87ff0e1d_4856201.jpg\"><\/p>\n","protected":false},"excerpt":{"rendered":"<p>\u00dcr\u00fcn \u00d6zellikleri : Renk : Resimdeki tasar\u0131m birebir g\u00f6nderilir ve s\u00fcrpriz ya\u015famazs\u0131n\u0131z.\u00a0\u00a0 \u00d6l\u00e7\u00fcler : \u00d6NEML\u0130 : \u00c7\u0130FT CAM pencerelere uygun de\u011fildir. L\u00fctfen BU B\u0130LG\u0130N\u0130N d\u0131\u015f\u0131nda bir kal\u0131nl\u0131k kullanmay\u0131n, aksi takdirde camdan hareket edemez veya d\u00fc\u015femez. Temizleme pamu\u011funa deterjan uygulad\u0131\u011f\u0131n\u0131zdan emin olun. Kullan\u0131m s\u0131ras\u0131nda manyetik cam temizleyiciyi yava\u015f\u00e7a hareket ettirin, hareket h\u0131z\u0131 ne kadar yava\u015fsa temizleme&#8230;<\/p>\n","protected":false},"featured_media":102759,"comment_status":"open","ping_status":"closed","template":"","meta":{"_kad_post_transparent":"","_kad_post_title":"","_kad_post_layout":"","_kad_post_sidebar_id":"","_kad_post_content_style":"","_kad_post_vertical_padding":"","_kad_post_feature":"","_kad_post_feature_position":"","_kad_post_header":false,"_kad_post_footer":false,"_kad_post_classname":""},"product_brand":[],"product_cat":[14360],"product_tag":[],"class_list":{"0":"post-102760","1":"product","2":"type-product","3":"status-publish","4":"has-post-thumbnail","6":"product_cat-temizlik-gerecleri-ev-temizlik-supermarket-temizlik-gerecleri-ev-temizlik-supermarket","8":"first","9":"instock","10":"purchasable","11":"product-type-simple","12":"entry","13":"content-bg","14":"loop-entry"},"_links":{"self":[{"href":"https:\/\/www.hediyepazar.com\/index.php?rest_route=\/wp\/v2\/product\/102760","targetHints":{"allow":["GET"]}}],"collection":[{"href":"https:\/\/www.hediyepazar.com\/index.php?rest_route=\/wp\/v2\/product"}],"about":[{"href":"https:\/\/www.hediyepazar.com\/index.php?rest_route=\/wp\/v2\/types\/product"}],"replies":[{"embeddable":true,"href":"https:\/\/www.hediyepazar.com\/index.php?rest_route=%2Fwp%2Fv2%2Fcomments&post=102760"}],"wp:featuredmedia":[{"embeddable":true,"href":"https:\/\/www.hediyepazar.com\/index.php?rest_route=\/wp\/v2\/media\/102759"}],"wp:attachment":[{"href":"https:\/\/www.hediyepazar.com\/index.php?rest_route=%2Fwp%2Fv2%2Fmedia&parent=102760"}],"wp:term":[{"taxonomy":"product_brand","embeddable":true,"href":"https:\/\/www.hediyepazar.com\/index.php?rest_route=%2Fwp%2Fv2%2Fproduct_brand&post=102760"},{"taxonomy":"product_cat","embeddable":true,"href":"https:\/\/www.hediyepazar.com\/index.php?rest_route=%2Fwp%2Fv2%2Fproduct_cat&post=102760"},{"taxonomy":"product_tag","embeddable":true,"href":"https:\/\/www.hediyepazar.com\/index.php?rest_route=%2Fwp%2Fv2%2Fproduct_tag&post=102760"}],"curies":[{"name":"wp","href":"https:\/\/api.w.org\/{rel}","templated":true}]}}