{"id":102761,"date":"2026-05-04T07:51:17","date_gmt":"2026-05-04T10:51:17","guid":{"rendered":"https:\/\/www.hediyepazar.com\/?product=turk-nano-dolasik-sac-taragi-kavisli-havalandirmali"},"modified":"2026-05-04T07:51:17","modified_gmt":"2026-05-04T10:51:17","slug":"turk-nano-dolasik-sac-taragi-kavisli-havalandirmali","status":"publish","type":"product","link":"https:\/\/www.hediyepazar.com\/?product=turk-nano-dolasik-sac-taragi-kavisli-havalandirmali","title":{"rendered":"Turk Nano Dola\u015f\u0131k Sa\u00e7 Tara\u011f\u0131 Kavisli Havaland\u0131rmal\u0131"},"content":{"rendered":"<p>\n\t<strong>\u00dcr\u00fcn \u00d6zellikleri : <\/strong><\/p>\n<p>\t<strong>AKSESUARLAR \u00dcR\u00dcNE DAH\u0130L DE\u011e\u0130LD\u0130R. <\/strong><\/p>\n<p>\t<strong>Materyal : PP Nano Plastik\u00a0<\/strong><\/p>\n<p>\t<strong>Adet \/ Renk \/ Tasar\u0131m : <\/strong> 1 Adet, HSNET Nano Absolute Professional olarak tasarlad\u0131\u011f\u0131m\u0131z, resimde yer alan rengi, s\u00fcrpriz ya\u015famaman\u0131z i\u00e7in birebir g\u00f6nderiyoruz<\/p>\n<p>\t<strong>\u00d6l\u00e7\u00fcler (bir cep telefonu ortalama 16 cm dir. K\u0131yaslaman\u0131z i\u00e7in kolayl\u0131k de\u011fil mi ? ) : 20 cm\u00a0<\/strong><\/p>\n<p>\n\tH\u0131zl\u0131 kuruma deneyimi: Bu kolay dola\u015f\u0131k a\u00e7\u0131c\u0131 sa\u00e7 f\u0131r\u00e7as\u0131 tasar\u0131m\u0131, \u0131s\u0131 ve havan\u0131n faydalar\u0131n\u0131 art\u0131rmak i\u00e7in kurutucunuzla birlikte uygulanmal\u0131d\u0131r; F\u0131r\u00e7a g\u00f6vdesi, hava ak\u0131\u015f\u0131n\u0131n b\u00f6l\u00fcm boyunca hareket etmesini ve sa\u00e7\u0131n daha h\u0131zl\u0131 kurumas\u0131n\u0131 sa\u011flar, sa\u00e7\u0131n yumu\u015famas\u0131na ve p\u00fcr\u00fczs\u00fczle\u015fmesine yard\u0131mc\u0131 olur<\/p>\n<p>\tHafif ve kavramas\u0131 kompakt: Yuvarlak u\u00e7lu k\u0131llara sahip havaland\u0131rma f\u0131r\u00e7alar\u0131, kolay \u015fekillendirme, h\u0131zl\u0131 f\u00f6nleme i\u00e7in tasarlanm\u0131\u015ft\u0131r ve \u00e7o\u011fu sa\u00e7 t\u00fcr\u00fc ve dokuya uygun havaland\u0131rmal\u0131 bir tasar\u0131md\u0131r; hafif ve h\u0131zl\u0131 tasar\u0131m, bunlar\u0131n sa\u00e7 boyunca h\u0131zla hareket etmesini sa\u011flar<\/p>\n<p>\tG\u00fcvenilir i\u015f\u00e7ilik: havaland\u0131rmal\u0131 sa\u00e7 f\u0131r\u00e7alar\u0131 kaliteli PP malzemeden yap\u0131lm\u0131\u015ft\u0131r, bu nedenle bu havaland\u0131rmal\u0131 sa\u00e7 f\u0131r\u00e7alar\u0131 sa\u011flaml\u0131k ve dayan\u0131kl\u0131l\u0131k a\u00e7\u0131s\u0131ndan iyidir, sa\u00e7 kurutmaya iyi \u00e7\u00f6z\u00fcmler sunar, sa\u00e7\u0131n\u0131za ve sa\u00e7 derinize dosttur<\/p>\n<p>\t\u00d6zel boyut bilgisi: Hafif kavrama ve kontrole sahip dola\u015f\u0131k a\u00e7ma f\u0131r\u00e7as\u0131n\u0131n uzunlu\u011fu 20 CM ve geni\u015fli\u011fi 4.5 cm di, ta\u015f\u0131mas\u0131 \u00e7ok kolayd\u0131r ve seyahat ederken \u00e7ok fazla yer kaplamadan bir \u00e7antaya veya s\u0131rt \u00e7antas\u0131na yerle\u015ftirilebilir.<\/p>\n<p>\tUygun bristol f\u0131r\u00e7a say\u0131s\u0131 : : \u015eekillendirici sa\u00e7 f\u0131r\u00e7as\u0131n\u0131n kullan\u0131m\u0131 g\u00fcvenilirdir, sa\u00e7\u0131n\u0131z \u0131slak veya kuru olsun uygulanabilir, yumu\u015fak naylon k\u0131llar sa\u00e7\u0131n\u0131z\u0131n kullan\u0131m s\u0131ras\u0131nda k\u0131r\u0131lmamas\u0131n\u0131 sa\u011flar, yeti\u015fkinler ve \u00e7ocuklar kullanabilir<\/p>\n<p>\n\t<strong>M\u00dcKEMMEL SATI\u015e SONRASI H\u0130ZMET : <\/strong>Bu \u00fcr\u00fcne daha avantajl\u0131 sahip olabilmeniz i\u00e7in ma\u011fazam\u0131z\u0131 ziyaret ederek, kampanyalar\u0131 inceleyebilirsiniz. HSNET \/ HSNET olarak m\u00fc\u015fterilerimize en iyi hizmeti sunmay\u0131 ama\u00e7l\u0131yor, g\u00fcvenle sat\u0131n alabilmeniz i\u00e7in, ambalaj kalitemize g\u00fcveniyor, her \u00fcr\u00fcn sorunsuz teslimat i\u00e7in \u00f6zenle paketliyor ve resimde belirtilen renk, ebat, \u00f6zelikte \u00fcr\u00fcn g\u00f6ndermeyi taahh\u00fct ediyoruz. Hasarl\u0131 \u00fcr\u00fcn ald\u0131ysan\u0131z veya di\u011fer \u00fcr\u00fcn ve paket teslimat sorunlar\u0131 oldu\u011funda bizimle ileti\u015fime ge\u00e7mekten \u00e7ekinmeyin.<\/p>\n<p>\n\t<strong>Detayl\u0131 bilgi i\u00e7in ek resimleri inceleyebilirsiniz<\/strong><\/p>\n<p><\/p>\n<p>\n\t<strong><img decoding=\"async\"  src=\"https:\/\/hepsicdn.com.tr\/static\/product_detail\/hbnetcf96a6dc_4856401.jpg\"><\/strong><\/p>\n<p>\n\t\u00a0<\/p>\n","protected":false},"excerpt":{"rendered":"<p>\u00dcr\u00fcn \u00d6zellikleri : AKSESUARLAR \u00dcR\u00dcNE DAH\u0130L DE\u011e\u0130LD\u0130R. Materyal : PP Nano Plastik\u00a0 Adet \/ Renk \/ Tasar\u0131m : 1 Adet, HSNET Nano Absolute Professional olarak tasarlad\u0131\u011f\u0131m\u0131z, resimde yer alan rengi, s\u00fcrpriz ya\u015famaman\u0131z i\u00e7in birebir g\u00f6nderiyoruz \u00d6l\u00e7\u00fcler (bir cep telefonu ortalama 16 cm dir. K\u0131yaslaman\u0131z i\u00e7in kolayl\u0131k de\u011fil mi ? ) : 20 cm\u00a0 H\u0131zl\u0131 kuruma&#8230;<\/p>\n","protected":false},"featured_media":0,"comment_status":"open","ping_status":"closed","template":"","meta":{"_kad_post_transparent":"","_kad_post_title":"","_kad_post_layout":"","_kad_post_sidebar_id":"","_kad_post_content_style":"","_kad_post_vertical_padding":"","_kad_post_feature":"","_kad_post_feature_position":"","_kad_post_header":false,"_kad_post_footer":false,"_kad_post_classname":""},"product_brand":[],"product_cat":[14302],"product_tag":[],"class_list":{"0":"post-102761","1":"product","2":"type-product","3":"status-publish","5":"product_cat-sac-fircasi-ve-tarak-sac-bakimi-kozmetik-sac-fircasi-ve-tarak-sac-bakimi-kozmetik","7":"first","8":"instock","9":"purchasable","10":"product-type-simple","11":"entry","12":"content-bg","13":"loop-entry"},"_links":{"self":[{"href":"https:\/\/www.hediyepazar.com\/index.php?rest_route=\/wp\/v2\/product\/102761","targetHints":{"allow":["GET"]}}],"collection":[{"href":"https:\/\/www.hediyepazar.com\/index.php?rest_route=\/wp\/v2\/product"}],"about":[{"href":"https:\/\/www.hediyepazar.com\/index.php?rest_route=\/wp\/v2\/types\/product"}],"replies":[{"embeddable":true,"href":"https:\/\/www.hediyepazar.com\/index.php?rest_route=%2Fwp%2Fv2%2Fcomments&post=102761"}],"wp:attachment":[{"href":"https:\/\/www.hediyepazar.com\/index.php?rest_route=%2Fwp%2Fv2%2Fmedia&parent=102761"}],"wp:term":[{"taxonomy":"product_brand","embeddable":true,"href":"https:\/\/www.hediyepazar.com\/index.php?rest_route=%2Fwp%2Fv2%2Fproduct_brand&post=102761"},{"taxonomy":"product_cat","embeddable":true,"href":"https:\/\/www.hediyepazar.com\/index.php?rest_route=%2Fwp%2Fv2%2Fproduct_cat&post=102761"},{"taxonomy":"product_tag","embeddable":true,"href":"https:\/\/www.hediyepazar.com\/index.php?rest_route=%2Fwp%2Fv2%2Fproduct_tag&post=102761"}],"curies":[{"name":"wp","href":"https:\/\/api.w.org\/{rel}","templated":true}]}}