{"id":102769,"date":"2026-05-04T07:54:23","date_gmt":"2026-05-04T10:54:23","guid":{"rendered":"https:\/\/www.hediyepazar.com\/?product=turk-kurukafa-viski-ve-kokteyl-cam-2-adet"},"modified":"2026-05-04T07:54:23","modified_gmt":"2026-05-04T10:54:23","slug":"turk-kurukafa-viski-ve-kokteyl-cam-2-adet","status":"publish","type":"product","link":"https:\/\/www.hediyepazar.com\/?product=turk-kurukafa-viski-ve-kokteyl-cam-2-adet","title":{"rendered":"Turk Kurukafa Viski ve Kokteyl Cam 2 ADET"},"content":{"rendered":"<p>\t<strong>\u00dcr\u00fcn \u00d6zellikleri : <\/strong><\/p>\n<p>\t<strong>Materyal : Cam\u00a0<\/strong><\/p>\n<p>\t<strong>Adet \/ Renk \/ Tasar\u0131m : <\/strong> 2 Adet, Turk Design olarak tasarlad\u0131\u011f\u0131m\u0131z, resimde yer alan tasar\u0131m\u0131 , s\u00fcrpriz ya\u015famaman\u0131z i\u00e7in birebir g\u00f6nderiyoruz<\/p>\n<p>\t<strong>\u00d6l\u00e7\u00fcler (bir cep telefonu ortalama 16 cm dir. K\u0131yaslaman\u0131z i\u00e7in kolayl\u0131k de\u011fil mi ? ) : 10 cm geni\u015flik x 7.5 cm y\u00fckseklik\u00a0<\/strong><\/p>\n<p>\tEn \u0130yi Hediye Fikirleri : Bu 110ML kurukafa \u015feklindeki barda\u011f\u0131 g\u00f6rd\u00fc\u011f\u00fcn\u00fczde daha mant\u0131kl\u0131 bir hediye ne olabilir? G\u00fczel yap\u0131lm\u0131\u015f, a\u011f\u0131r ve net. S\u00fcper sevimli ve ilgin\u00e7 birkurukafa dekorasyonu olarak iki kat\u0131na \u00e7\u0131kar. Kafataslar\u0131 gibi s\u0131ra d\u0131\u015f\u0131 \u015feyleri seven bir gen\u00e7 i\u00e7in hediyeydi. Babalar G\u00fcn\u00fc Hediyeleri.Sevgililer g\u00fcn\u00fc hediyeleri i\u00e7in uygun \/kad\u0131nlar i\u00e7in hediyeler\/erkekler i\u00e7in hediyeler\/ofis dekoru\/masa dekoru, komik hediyeler\/en iyi arkada\u015f hediyeleri\/y\u0131ld\u00f6n\u00fcm\u00fc hediyeleri.<\/p>\n<p>\t\u00c7ok Fonksiyonlu : Kafatas\u0131 dekoru olarak. shot bardaklar\u0131 komik, bu \u015farap bardaklar\u0131 g\u00fczel, a\u011f\u0131r cam, saks\u0131 olarak kullan\u0131labilir veya en sevdi\u011fi yeti\u015fkin i\u00e7eceklerini yudumlamak i\u00e7in kullan\u0131labilir; k\u00fcp \u015feker tutucusu, ata\u00e7lar i\u00e7in bir yer, e\u011flenceli \u015farap bardaklar\u0131, saks\u0131, tomurcuk vazosu olarak veya t\u00fcm makyaj f\u0131r\u00e7alar\u0131n\u0131z\u0131 veya t\u00fckenmez kalemlerinizi saklaman\u0131n bir yolu olarak kullan\u0131labilecek kadar b\u00fcy\u00fckt\u00fcr&#8230; Ad\u0131n\u0131 siz koyun!<\/p>\n<p>\tBilmen gerekiyor : Kafatas\u0131 barda\u011f\u0131n\u0131n sap\u0131 yoktur ve alt k\u0131sm\u0131nda delik yoktur, sat\u0131n almadan \u00f6nce bunu bilmeniz gerekiyor. . Harika i\u00e7ecek barda\u011f\u0131, cam kafataslar\u0131 g\u00fc\u00e7l\u00fc, dayan\u0131kl\u0131 ve sevimlidir. Kafatas\u0131n\u0131n \u00fcst k\u0131sm\u0131na a\u00e7\u0131lan a\u00e7\u0131kl\u0131k olduk\u00e7a b\u00fcy\u00fckt\u00fcr. Kafatas\u0131 ev dekorasyonu olarak, kafatas\u0131 kaplar\u0131 keskin kenarlara sahip de\u011fildir<\/p>\n<p>\t<strong>M\u00dcKEMMEL SATI\u015e SONRASI H\u0130ZMET : <\/strong>Bu \u00fcr\u00fcne daha avantajl\u0131 sahip olabilmeniz i\u00e7in ma\u011fazam\u0131z\u0131 ziyaret ederek, kampanyalar\u0131 inceleyebilirsiniz. Turk \/ Turk olarak m\u00fc\u015fterilerimize en iyi hizmeti sunmay\u0131 ama\u00e7l\u0131yor, g\u00fcvenle sat\u0131n alabilmeniz i\u00e7in, ambalaj kalitemize g\u00fcveniyor, her \u00fcr\u00fcn sorunsuz teslimat i\u00e7in \u00f6zenle paketliyor ve resimde belirtilen renk, ebat, \u00f6zelikte \u00fcr\u00fcn g\u00f6ndermeyi taahh\u00fct ediyoruz. Hasarl\u0131 \u00fcr\u00fcn ald\u0131ysan\u0131z veya di\u011fer \u00fcr\u00fcn ve paket teslimat sorunlar\u0131 oldu\u011funda bizimle ileti\u015fime ge\u00e7mekten \u00e7ekinmeyin.<\/p>\n<p>\t<strong>Detayl\u0131 bilgi i\u00e7in ek resimleri inceleyebilirsiniz<\/strong><\/p>\n<p><\/p>\n<p>\t<strong><strong> <\/strong><\/strong><\/p>\n<p>\t\u00a0<\/p>\n","protected":false},"excerpt":{"rendered":"<p>\u00dcr\u00fcn \u00d6zellikleri : Materyal : Cam\u00a0 Adet \/ Renk \/ Tasar\u0131m : 2 Adet, Turk Design olarak tasarlad\u0131\u011f\u0131m\u0131z, resimde yer alan tasar\u0131m\u0131 , s\u00fcrpriz ya\u015famaman\u0131z i\u00e7in birebir g\u00f6nderiyoruz \u00d6l\u00e7\u00fcler (bir cep telefonu ortalama 16 cm dir. K\u0131yaslaman\u0131z i\u00e7in kolayl\u0131k de\u011fil mi ? ) : 10 cm geni\u015flik x 7.5 cm y\u00fckseklik\u00a0 En \u0130yi Hediye Fikirleri&#8230;<\/p>\n","protected":false},"featured_media":0,"comment_status":"open","ping_status":"closed","template":"","meta":{"_kad_post_transparent":"","_kad_post_title":"","_kad_post_layout":"","_kad_post_sidebar_id":"","_kad_post_content_style":"","_kad_post_vertical_padding":"","_kad_post_feature":"","_kad_post_feature_position":"","_kad_post_header":false,"_kad_post_footer":false,"_kad_post_classname":""},"product_brand":[],"product_cat":[7826],"product_tag":[],"class_list":{"0":"post-102769","1":"product","2":"type-product","3":"status-publish","5":"product_cat-endustriyel-mutfak-ekipmanlari-sofra-sofra-mutfak-ev-yasam-endustriyel-mutfak-ekipmanlari","7":"first","8":"instock","9":"purchasable","10":"product-type-simple","11":"entry","12":"content-bg","13":"loop-entry"},"_links":{"self":[{"href":"https:\/\/www.hediyepazar.com\/index.php?rest_route=\/wp\/v2\/product\/102769","targetHints":{"allow":["GET"]}}],"collection":[{"href":"https:\/\/www.hediyepazar.com\/index.php?rest_route=\/wp\/v2\/product"}],"about":[{"href":"https:\/\/www.hediyepazar.com\/index.php?rest_route=\/wp\/v2\/types\/product"}],"replies":[{"embeddable":true,"href":"https:\/\/www.hediyepazar.com\/index.php?rest_route=%2Fwp%2Fv2%2Fcomments&post=102769"}],"wp:attachment":[{"href":"https:\/\/www.hediyepazar.com\/index.php?rest_route=%2Fwp%2Fv2%2Fmedia&parent=102769"}],"wp:term":[{"taxonomy":"product_brand","embeddable":true,"href":"https:\/\/www.hediyepazar.com\/index.php?rest_route=%2Fwp%2Fv2%2Fproduct_brand&post=102769"},{"taxonomy":"product_cat","embeddable":true,"href":"https:\/\/www.hediyepazar.com\/index.php?rest_route=%2Fwp%2Fv2%2Fproduct_cat&post=102769"},{"taxonomy":"product_tag","embeddable":true,"href":"https:\/\/www.hediyepazar.com\/index.php?rest_route=%2Fwp%2Fv2%2Fproduct_tag&post=102769"}],"curies":[{"name":"wp","href":"https:\/\/api.w.org\/{rel}","templated":true}]}}