{"id":102773,"date":"2026-05-04T07:58:19","date_gmt":"2026-05-04T10:58:19","guid":{"rendered":"https:\/\/www.hediyepazar.com\/?product=turk-6li-aile-paketi-tarak-seti-shumei-design"},"modified":"2026-05-04T07:58:19","modified_gmt":"2026-05-04T10:58:19","slug":"turk-6li-aile-paketi-tarak-seti-shumei-design","status":"publish","type":"product","link":"https:\/\/www.hediyepazar.com\/?product=turk-6li-aile-paketi-tarak-seti-shumei-design","title":{"rendered":"Turk 6&#8217;l\u0131 Aile Paketi Tarak Seti Shumei Design"},"content":{"rendered":"<p>\t<strong>\u00dcr\u00fcn \u00d6zellikleri : <\/strong><\/p>\n<p>\t<strong>RENK :\u00a0<\/strong>Renk\/tasar\u0131m\u0131 birebir g\u00f6re g\u00f6nderiyoruz. S\u00fcrpriz ya\u015famazs\u0131n\u0131z.<\/p>\n<p>\t<strong>MATERYAL : Esnek Karbon Plastik <\/strong><\/p>\n<p>\t<strong>ADET : 6 l\u0131 set\u00a0<\/strong><\/p>\n<p>\t<strong>\u00d6L\u00c7\u00dcLER : 12-17 cm aras\u0131\u00a0<\/strong><\/p>\n<p>\t\u00a0Kuru veya \u0131slak, seyrek veya \u00e7ok yo\u011fun sa\u00e7larda g\u00fcnl\u00fck kullan\u0131m i\u00e7indir. Ta\u015f\u0131nabilir Tarak, sa\u00e7a ve deriye zarar vermeden kesikleri ve kepekleri giderir,<\/p>\n<p>\t<strong>PRAT\u0130K VE ERGONOM\u0130K :\u00a0<\/strong>\u00a0Ta\u015f\u0131nmas\u0131 kolayd\u0131r ve size y\u00fck olmaz, ev, ofis ve \u00f6zellikle seyahat veya vitrin al\u0131\u015fveri\u015fi i\u00e7in pratik bir ara\u00e7t\u0131r<\/p>\n<p>\t<strong>GEN\u0130\u015e KULLANIM ALANI : <\/strong>\u015eampuan tara\u011f\u0131, masajl\u0131 sa\u00e7 f\u0131r\u00e7as\u0131 tara\u011f\u0131 veya cep tara\u011f\u0131 vb. olarak kullanabilirsiniz; Tarak, k\u0131sa ve k\u0131v\u0131rc\u0131k sa\u00e7lar dahil \u00e7o\u011fu sa\u00e7 modeli i\u00e7in uygundur,<\/p>\n","protected":false},"excerpt":{"rendered":"<p>\u00dcr\u00fcn \u00d6zellikleri : RENK :\u00a0Renk\/tasar\u0131m\u0131 birebir g\u00f6re g\u00f6nderiyoruz. S\u00fcrpriz ya\u015famazs\u0131n\u0131z. MATERYAL : Esnek Karbon Plastik ADET : 6 l\u0131 set\u00a0 \u00d6L\u00c7\u00dcLER : 12-17 cm aras\u0131\u00a0 \u00a0Kuru veya \u0131slak, seyrek veya \u00e7ok yo\u011fun sa\u00e7larda g\u00fcnl\u00fck kullan\u0131m i\u00e7indir. Ta\u015f\u0131nabilir Tarak, sa\u00e7a ve deriye zarar vermeden kesikleri ve kepekleri giderir, PRAT\u0130K VE ERGONOM\u0130K :\u00a0\u00a0Ta\u015f\u0131nmas\u0131 kolayd\u0131r ve size y\u00fck&#8230;<\/p>\n","protected":false},"featured_media":0,"comment_status":"open","ping_status":"closed","template":"","meta":{"_kad_post_transparent":"","_kad_post_title":"","_kad_post_layout":"","_kad_post_sidebar_id":"","_kad_post_content_style":"","_kad_post_vertical_padding":"","_kad_post_feature":"","_kad_post_feature_position":"","_kad_post_header":false,"_kad_post_footer":false,"_kad_post_classname":""},"product_brand":[],"product_cat":[14302],"product_tag":[],"class_list":{"0":"post-102773","1":"product","2":"type-product","3":"status-publish","5":"product_cat-sac-fircasi-ve-tarak-sac-bakimi-kozmetik-sac-fircasi-ve-tarak-sac-bakimi-kozmetik","7":"first","8":"instock","9":"purchasable","10":"product-type-simple","11":"entry","12":"content-bg","13":"loop-entry"},"_links":{"self":[{"href":"https:\/\/www.hediyepazar.com\/index.php?rest_route=\/wp\/v2\/product\/102773","targetHints":{"allow":["GET"]}}],"collection":[{"href":"https:\/\/www.hediyepazar.com\/index.php?rest_route=\/wp\/v2\/product"}],"about":[{"href":"https:\/\/www.hediyepazar.com\/index.php?rest_route=\/wp\/v2\/types\/product"}],"replies":[{"embeddable":true,"href":"https:\/\/www.hediyepazar.com\/index.php?rest_route=%2Fwp%2Fv2%2Fcomments&post=102773"}],"wp:attachment":[{"href":"https:\/\/www.hediyepazar.com\/index.php?rest_route=%2Fwp%2Fv2%2Fmedia&parent=102773"}],"wp:term":[{"taxonomy":"product_brand","embeddable":true,"href":"https:\/\/www.hediyepazar.com\/index.php?rest_route=%2Fwp%2Fv2%2Fproduct_brand&post=102773"},{"taxonomy":"product_cat","embeddable":true,"href":"https:\/\/www.hediyepazar.com\/index.php?rest_route=%2Fwp%2Fv2%2Fproduct_cat&post=102773"},{"taxonomy":"product_tag","embeddable":true,"href":"https:\/\/www.hediyepazar.com\/index.php?rest_route=%2Fwp%2Fv2%2Fproduct_tag&post=102773"}],"curies":[{"name":"wp","href":"https:\/\/api.w.org\/{rel}","templated":true}]}}