{"id":102775,"date":"2026-05-04T07:58:59","date_gmt":"2026-05-04T10:58:59","guid":{"rendered":"https:\/\/www.hediyepazar.com\/?product=turk-20-metre-silikonlu-bahce-hortumu-sulama-aparati-hediyeli"},"modified":"2026-05-04T07:58:59","modified_gmt":"2026-05-04T10:58:59","slug":"turk-20-metre-silikonlu-bahce-hortumu-sulama-aparati-hediyeli","status":"publish","type":"product","link":"https:\/\/www.hediyepazar.com\/?product=turk-20-metre-silikonlu-bahce-hortumu-sulama-aparati-hediyeli","title":{"rendered":"Turk 20 Metre Silikonlu Bah\u00e7e Hortumu Sulama Aparat\u0131 HED\u0130YEL\u0130"},"content":{"rendered":"<p><strong><span style=\"color:#ff0000;\">Spesifikasyonlar :<br \/>\nHomeCare Silikonlu Bah\u00e7e Hortumu 20 metre 427226<\/p>\n<p> + HomeCare Ayarl\u0131 Lans Sprey Hortum Ucu 423585 HED\u0130YES\u0130YLE g\u00f6nderilir.<\/span><\/strong><\/p>\n<p>\n\t<span style=\"color:#ff0000;\">\u00a0<\/span><strong><span style=\"color:#ff0000;\">\u00dcr\u00fcn \u00d6zellikleri <\/span>:<\/strong> 1\/2 \u201c standart \u00e7\u0131k\u0131\u015fl\u0131d\u0131r.<\/p>\n<p>\n\t<strong><span style=\"color: rgb(255, 0, 0);\">HomeCare Ayarl\u0131 Lans Sprey Hortum Ucu 423585\u00a0<\/span><\/strong><strong><span style=\"color:#ff0000;\">\u00dcr\u00fcn \u00d6zelikleri :<\/span><\/strong> Ayarlanabilir P\u00fcsk\u00fcrtme Ucu klasik p\u00fcsk\u00fcrtme ucunun modelidir<br \/>\n\t1\/2&#8243; Ayarl\u0131 Lans<br \/>\n\t\u0130ster temizlik isterse sulama yap\u0131n, g\u00fc\u00e7l\u00fc sulamadan ince sislemeye istedi\u011finiz su g\u00fcc\u00fcn\u00fc se\u00e7ebilirsiniz<br \/>\n\tHortum ucu man\u015fonu yerinden \u00e7\u0131Kar\u0131lamad\u0131\u011f\u0131ndan kaybolmaz<br \/>\n\tSu p\u00fcsk\u00fcrtme modelini istedi\u011finiz miktarda d\u00fczenler<br \/>\n\tUygulaman\u0131z i\u00e7in ideal sulama modelini se\u00e7ebilirsiniz<br \/>\n\tEntegre yumu\u015fak pLastik eleman sayesinde tabanca elinize iyi oturur ve kaymaz<br \/>\n\tTemizlik i\u00e7in g\u00fc\u00e7l\u00fc sulama ve narin bitkileri sulamak i\u00e7in ince sisleme kullan\u0131n<br \/>\n\tYumu\u015fak pLastik par\u00e7alar\u0131 sayesinde Classic Ayarlanabilir P\u00fcsk\u00fcrtme Ucu elinize iyi oturur ve kaymaz<\/p>\n<p>\n<center><br \/>\n\t<img decoding=\"async\" alt=\"\" src=\"https:\/\/HSNET.com.tr\/PImm\/7430000712342-1.jpg\" \/><\/center><\/p>\n<p>\n\t.<\/p>\n","protected":false},"excerpt":{"rendered":"<p>Spesifikasyonlar : HomeCare Silikonlu Bah\u00e7e Hortumu 20 metre 427226 + HomeCare Ayarl\u0131 Lans Sprey Hortum Ucu 423585 HED\u0130YES\u0130YLE g\u00f6nderilir. \u00a0\u00dcr\u00fcn \u00d6zellikleri : 1\/2 \u201c standart \u00e7\u0131k\u0131\u015fl\u0131d\u0131r. HomeCare Ayarl\u0131 Lans Sprey Hortum Ucu 423585\u00a0\u00dcr\u00fcn \u00d6zelikleri : Ayarlanabilir P\u00fcsk\u00fcrtme Ucu klasik p\u00fcsk\u00fcrtme ucunun modelidir 1\/2&#8243; Ayarl\u0131 Lans \u0130ster temizlik isterse sulama yap\u0131n, g\u00fc\u00e7l\u00fc sulamadan ince sislemeye istedi\u011finiz&#8230;<\/p>\n","protected":false},"featured_media":102774,"comment_status":"open","ping_status":"closed","template":"","meta":{"_kad_post_transparent":"","_kad_post_title":"","_kad_post_layout":"","_kad_post_sidebar_id":"","_kad_post_content_style":"","_kad_post_vertical_padding":"","_kad_post_feature":"","_kad_post_feature_position":"","_kad_post_header":false,"_kad_post_footer":false,"_kad_post_classname":""},"product_brand":[],"product_cat":[14404],"product_tag":[],"class_list":{"0":"post-102775","1":"product","2":"type-product","3":"status-publish","4":"has-post-thumbnail","6":"product_cat-hirdavat-urunleri-yapi-market-bahce-yapi-market-ev-yasam-hortum-ve-toplama-urunleri","8":"first","9":"instock","10":"purchasable","11":"product-type-simple","12":"entry","13":"content-bg","14":"loop-entry"},"_links":{"self":[{"href":"https:\/\/www.hediyepazar.com\/index.php?rest_route=\/wp\/v2\/product\/102775","targetHints":{"allow":["GET"]}}],"collection":[{"href":"https:\/\/www.hediyepazar.com\/index.php?rest_route=\/wp\/v2\/product"}],"about":[{"href":"https:\/\/www.hediyepazar.com\/index.php?rest_route=\/wp\/v2\/types\/product"}],"replies":[{"embeddable":true,"href":"https:\/\/www.hediyepazar.com\/index.php?rest_route=%2Fwp%2Fv2%2Fcomments&post=102775"}],"wp:featuredmedia":[{"embeddable":true,"href":"https:\/\/www.hediyepazar.com\/index.php?rest_route=\/wp\/v2\/media\/102774"}],"wp:attachment":[{"href":"https:\/\/www.hediyepazar.com\/index.php?rest_route=%2Fwp%2Fv2%2Fmedia&parent=102775"}],"wp:term":[{"taxonomy":"product_brand","embeddable":true,"href":"https:\/\/www.hediyepazar.com\/index.php?rest_route=%2Fwp%2Fv2%2Fproduct_brand&post=102775"},{"taxonomy":"product_cat","embeddable":true,"href":"https:\/\/www.hediyepazar.com\/index.php?rest_route=%2Fwp%2Fv2%2Fproduct_cat&post=102775"},{"taxonomy":"product_tag","embeddable":true,"href":"https:\/\/www.hediyepazar.com\/index.php?rest_route=%2Fwp%2Fv2%2Fproduct_tag&post=102775"}],"curies":[{"name":"wp","href":"https:\/\/api.w.org\/{rel}","templated":true}]}}