{"id":102790,"date":"2026-05-04T08:01:31","date_gmt":"2026-05-04T11:01:31","guid":{"rendered":"https:\/\/www.hediyepazar.com\/?product=turk-musluk-baglanti-adaptoru-sulama-tabancasi-baglantisi"},"modified":"2026-05-04T08:01:31","modified_gmt":"2026-05-04T11:01:31","slug":"turk-musluk-baglanti-adaptoru-sulama-tabancasi-baglantisi","status":"publish","type":"product","link":"https:\/\/www.hediyepazar.com\/?product=turk-musluk-baglanti-adaptoru-sulama-tabancasi-baglantisi","title":{"rendered":"Turk Musluk Ba\u011flant\u0131 Adapt\u00f6r\u00fc Sulama Tabancas\u0131 Ba\u011flant\u0131s\u0131"},"content":{"rendered":"<p>\n\t<strong>\u00dcr\u00fcn \u00d6zellikleri : <\/strong><\/p>\n<p>\t<strong>Materyal : Plastik\u00a0<\/strong><\/p>\n<p>\t<strong>Adet \/ Renk \/ Tasar\u0131m : <\/strong> 1 Adet, HSNET olarak tasarlad\u0131\u011f\u0131m\u0131z \u00fcr\u00fcn\u00fc g\u00f6nderiyoruz<\/p>\n<p>\n\t<strong>\u00a0 QUICK CONNECT MODEL GEN\u0130\u015e KULLANIM ALANI :\u00a0<\/strong>2 \u015fekilde kullan\u0131labilir. 1-Di\u015fli bah\u00e7e muslu\u011funuz varsa ve konekt\u00f6r tak\u0131l\u0131ysa, di\u011fer \u00e7\u0131k\u0131\u015f\u0131na tak\u0131larak kullan\u0131labilir. (HomeCare 1\/2 Vidal\u0131 Di\u015fli Musluk Sonu Hortum Ba\u011flant\u0131 Konnekt\u00f6r\u00fc 715993 ). 2- sulama tabancan\u0131z varsa bir ucuna hortumu di\u011fer ucuna tabancay\u0131 takabilirsiniz.<\/p>\n<p>\n\t1\/2 \u201c diye bilinen ,T\u00fcrkiye\u2019de en \u00e7ok kullan\u0131lan(%90) ,hortum i\u00e7 \u00e7ap\u0131 1,27 cm olan hortumlara uygundur.<\/p>\n<p>\n\t<br \/>\n\t<strong>OTOMAT\u0130K STOP&#8217;LU QUICK CONNECT\u00a0<\/strong><strong>Durdurma i\u015flevi,<\/strong> su kayna\u011f\u0131n\u0131 kapatmaya gerek kalmadan sprinkler de\u011fi\u015fimini veya ya\u011fmurlamay\u0131 durdurmay\u0131 sa\u011flar. Ayn\u0131 su bas\u0131nc\u0131 ile otomatik kilitleme sistemi. Basit bir &#8220;t\u0131k&#8221; ile hortumu muslu\u011fa veya noz\u00fcle kolayca ba\u011flaman\u0131z\u0131 ve ay\u0131rman\u0131z\u0131 sa\u011flar.<\/p>\n<p>\t<strong>Dayan\u0131kl\u0131<\/strong>: bu bah\u00e7e hortumu konekt\u00f6rleri plastikten yap\u0131lm\u0131\u015ft\u0131r, paslanmas\u0131 ve k\u0131r\u0131lmas\u0131 kolay de\u011fildir, di\u015fin i\u00e7indeki y\u0131kay\u0131c\u0131 s\u0131z\u0131nt\u0131y\u0131 etkili bir \u015fekilde \u00f6nleyebilir, daha uzun hizmet \u00f6mr\u00fc i\u00e7in a\u015f\u0131nmay\u0131 ve y\u0131pranmay\u0131 \u00f6nleyen beyaz tokalar vard\u0131r; ayr\u0131ca istedi\u011finiz zaman kau\u00e7uk contalar\u0131 da de\u011fi\u015ftirebilirsiniz.<\/p>\n<p>\tEvrensel boyut: \u00bd diye bilinen ve en \u00e7ok kullan\u0131lan konekt\u00f6rlerimiz \u00e7o\u011fu ba\u011flant\u0131 hortumu, musluk, sulama cihaz\u0131 t\u00fcr\u00fc i\u00e7in uygundur<\/p>\n<p>\tKULLANIMI KOLAY &#8211; Bah\u00e7e hortumu ba\u011flant\u0131 aletinin tak\u0131lmas\u0131 ve \u00e7\u0131kar\u0131lmas\u0131 kolayd\u0131r, adapt\u00f6r\u00fc ve u\u00e7 konekt\u00f6r\u00fcn\u00fc istenen par\u00e7aya ba\u011flaman\u0131z yeterlidir, ek alet gerekmez ve karma\u015f\u0131k kurulum i\u015flemleri gerekmez; s\u0131k\u0131ca sabitlemek i\u00e7in paslanmaz \u00e7elik kelep\u00e7e kullanabilirsiniz ve conta s\u0131z\u0131nt\u0131y\u0131 iyi \u00f6nleyebilir<\/p>\n<p>\tGeni\u015f kullan\u0131m: plastik hortum ba\u011flant\u0131lar\u0131, \u00e7o\u011fu bah\u00e7e hortumu ve di\u011fer bah\u00e7e aksesuarlar\u0131 i\u00e7in uygulanabilir; Basit manuel kullan\u0131m, hortumunuzu musluk veya a\u011f\u0131zl\u0131\u011fa ba\u011flarken s\u0131k\u0131 ve g\u00fcvenli bir ba\u011flant\u0131 sa\u011flayarak \u00e7ok zaman kazanabilirsiniz.<\/p>\n<p>\tMalzeme: Sa\u011flam plastikten yap\u0131lm\u0131\u015f, sa\u011flam ve paslanmaya kar\u015f\u0131 dayan\u0131kl\u0131, dayan\u0131kl\u0131 ABS plastik uzun s\u00fcre kullan\u0131ma hizmet edebilir. Bah\u00e7e sulamada, balkonda \u00e7i\u00e7ek sulamada, bah\u00e7e sulamada, araba y\u0131kamada, bah\u00e7e sulamada vb. alanlarda yayg\u0131n olarak kullan\u0131l\u0131r.<\/p>\n<p>\n\t<strong>M\u00dcKEMMEL SATI\u015e SONRASI H\u0130ZMET : <\/strong>HSNET \/ HSNET olarak m\u00fc\u015fterilerimize en iyi hizmeti sunmay\u0131 ama\u00e7l\u0131yor, g\u00fcvenle sat\u0131n alabilmeniz i\u00e7in, ambalaj kalitemize g\u00fcveniyor, her \u00fcr\u00fcn sorunsuz teslimat i\u00e7in \u00f6zenle paketliyor ve resimde belirtilen renk, ebat, \u00f6zelikte \u00fcr\u00fcn g\u00f6ndermeyi taahh\u00fct ediyoruz. Hasarl\u0131 \u00fcr\u00fcn ald\u0131ysan\u0131z veya di\u011fer \u00fcr\u00fcn ve paket teslimat sorunlar\u0131 oldu\u011funda bizimle ileti\u015fime ge\u00e7mekten \u00e7ekinmeyin.<\/p>\n<p>\n\t<strong>Detayl\u0131 bilgi i\u00e7in ek resimleri inceleyebilirsiniz<\/strong><\/p>\n<p><\/p>\n<p>\n\t<strong><img decoding=\"async\"  src=\"https:\/\/hepsicdn.com.tr\/static\/product_detail\/hbnetb5268d9e_4861201.jpg\"><\/strong><\/p>\n<p>\n\t\u00a0<\/p>\n","protected":false},"excerpt":{"rendered":"<p>\u00dcr\u00fcn \u00d6zellikleri : Materyal : Plastik\u00a0 Adet \/ Renk \/ Tasar\u0131m : 1 Adet, HSNET olarak tasarlad\u0131\u011f\u0131m\u0131z \u00fcr\u00fcn\u00fc g\u00f6nderiyoruz \u00a0 QUICK CONNECT MODEL GEN\u0130\u015e KULLANIM ALANI :\u00a02 \u015fekilde kullan\u0131labilir. 1-Di\u015fli bah\u00e7e muslu\u011funuz varsa ve konekt\u00f6r tak\u0131l\u0131ysa, di\u011fer \u00e7\u0131k\u0131\u015f\u0131na tak\u0131larak kullan\u0131labilir. (HomeCare 1\/2 Vidal\u0131 Di\u015fli Musluk Sonu Hortum Ba\u011flant\u0131 Konnekt\u00f6r\u00fc 715993 ). 2- sulama tabancan\u0131z varsa&#8230;<\/p>\n","protected":false},"featured_media":0,"comment_status":"open","ping_status":"closed","template":"","meta":{"_kad_post_transparent":"","_kad_post_title":"","_kad_post_layout":"","_kad_post_sidebar_id":"","_kad_post_content_style":"","_kad_post_vertical_padding":"","_kad_post_feature":"","_kad_post_feature_position":"","_kad_post_header":false,"_kad_post_footer":false,"_kad_post_classname":""},"product_brand":[],"product_cat":[14404],"product_tag":[],"class_list":{"0":"post-102790","1":"product","2":"type-product","3":"status-publish","5":"product_cat-hirdavat-urunleri-yapi-market-bahce-yapi-market-ev-yasam-hortum-ve-toplama-urunleri","7":"first","8":"instock","9":"purchasable","10":"product-type-simple","11":"entry","12":"content-bg","13":"loop-entry"},"_links":{"self":[{"href":"https:\/\/www.hediyepazar.com\/index.php?rest_route=\/wp\/v2\/product\/102790","targetHints":{"allow":["GET"]}}],"collection":[{"href":"https:\/\/www.hediyepazar.com\/index.php?rest_route=\/wp\/v2\/product"}],"about":[{"href":"https:\/\/www.hediyepazar.com\/index.php?rest_route=\/wp\/v2\/types\/product"}],"replies":[{"embeddable":true,"href":"https:\/\/www.hediyepazar.com\/index.php?rest_route=%2Fwp%2Fv2%2Fcomments&post=102790"}],"wp:attachment":[{"href":"https:\/\/www.hediyepazar.com\/index.php?rest_route=%2Fwp%2Fv2%2Fmedia&parent=102790"}],"wp:term":[{"taxonomy":"product_brand","embeddable":true,"href":"https:\/\/www.hediyepazar.com\/index.php?rest_route=%2Fwp%2Fv2%2Fproduct_brand&post=102790"},{"taxonomy":"product_cat","embeddable":true,"href":"https:\/\/www.hediyepazar.com\/index.php?rest_route=%2Fwp%2Fv2%2Fproduct_cat&post=102790"},{"taxonomy":"product_tag","embeddable":true,"href":"https:\/\/www.hediyepazar.com\/index.php?rest_route=%2Fwp%2Fv2%2Fproduct_tag&post=102790"}],"curies":[{"name":"wp","href":"https:\/\/api.w.org\/{rel}","templated":true}]}}