{"id":102799,"date":"2026-05-04T08:05:58","date_gmt":"2026-05-04T11:05:58","guid":{"rendered":"https:\/\/www.hediyepazar.com\/?product=turk-kavanoz-temizleme-fircasi-sise-biberon-dar-bolgetemizleyici-firca"},"modified":"2026-05-04T08:05:58","modified_gmt":"2026-05-04T11:05:58","slug":"turk-kavanoz-temizleme-fircasi-sise-biberon-dar-bolgetemizleyici-firca","status":"publish","type":"product","link":"https:\/\/www.hediyepazar.com\/?product=turk-kavanoz-temizleme-fircasi-sise-biberon-dar-bolgetemizleyici-firca","title":{"rendered":"Turk Kavanoz Temizleme F\u0131r\u00e7as\u0131 \u015ei\u015fe Biberon Dar B\u00f6lgeTemizleyici F\u0131r\u00e7a"},"content":{"rendered":"<p>\t<strong>\u00d6zellikler : <\/strong><\/p>\n<p>\t<strong>ADET : 1 adet <\/strong><\/p>\n<p>\t<strong>\u00d6l\u00e7\u00fcler : 29 cm uzunluk x 3 cm \u00e7ap\u0131nda &#8211;\u00a0<\/strong><\/p>\n<p>\t<strong>GEN\u0130\u015e KULLANIM ALANI : Cam veya plastik \u015fi\u015feler, Vazo, s\u00fct \u015fi\u015fesi, \u00e7aydanl\u0131k ve u\u00e7lar\u0131, Matara, Kavanoz, French press, kahve makinesi gibi dar veya k\u0131vr\u0131ml\u0131 bula\u015f\u0131klar i\u00e7in m\u00fckemmeldir. <\/strong><\/p>\n<p>\t<strong>\u00d6NE \u00c7IKAN \u00d6ZELL\u0130K : Ortas\u0131nda yer alan, esnek,k\u0131vr\u0131ml\u0131 paslanmaz tel ile \u00e7ok zor alanlara\/k\u0131vr\u0131mlara girebilir. <\/strong><\/p>\n<p>\t\u015ei\u015fe temizleme f\u0131r\u00e7am\u0131z fiyat\u0131na k\u0131yasla y\u00fcksek de\u011ferdedir ve \u00e7ok y\u00f6nl\u00fcd\u00fcr. Yukar\u0131da belirtilen materyallerde etkili temizlik yapar.<\/p>\n<p>\tKolayca ve iz b\u0131rakmadan temizlik i\u00e7in m\u00fckemmel bir mutfak aletidir.<\/p>\n<p>\tPlastik sert k\u0131llar kiri, lekeleri ve topra\u011f\u0131 kolayca temizleyecektir.Di\u011fer ula\u015f\u0131lmas\u0131 zor alanlar olan garip yuvarlak a\u00e7\u0131larda bile etkili bir \u015fekilde \u00e7al\u0131\u015f\u0131r.<\/p>\n<p>\tF\u0131r\u00e7alar mutfak veya banyo \u00fcr\u00fcnlerini temizlemek i\u00e7in g\u00fcvenlidir. G\u00fc\u00e7l\u00fc k\u0131llar, dar \u015fi\u015felere yerle\u015ftirmek i\u00e7in dayan\u0131kl\u0131 ve esnektir ve f\u0131r\u00e7ay\u0131 rahat ve kolay bir \u015fekilde kontrol etmek i\u00e7in uzun sap\u0131 bulunur.<\/p>\n<p>\tF\u0131r\u00e7alar\u0131n temizlenmesi kolayd\u0131r, kulland\u0131ktan sonra sabunlu suda durulaman\u0131z yeterlidir.<\/p>\n<p>\tTencereleri, tavalar\u0131 ve daha fazlas\u0131n\u0131 ovmak i\u00e7in ideal Dayan\u0131kl\u0131 naylon k\u0131llar yiyecekleri, lekeleri ve kiri kolayca temizler. Yap\u0131\u015fmaz y\u00fczeylerde kullan\u0131m i\u00e7in g\u00fcvenlidir<\/p>\n<p>\tDetay Temizleme \u015ei\u015fe F\u0131r\u00e7as\u0131 : \u0130nat\u00e7\u0131 i\u00e7 ve d\u0131\u015f kirleri,ula\u015f\u0131lmas\u0131 zor kirleri temizlemede \u00f6zellikle \u00e7ok y\u00f6nl\u00fc olmalar\u0131n\u0131 sa\u011flamak i\u00e7in farkl\u0131 \u00e7e\u015fitleriyle i\u015fi iyi bir \u015fekilde halledecektir.<\/p>\n<p><strong>M\u00dcKEMMEL SATI\u015e SONRASI H\u0130ZMET : <\/strong>Bu \u00fcr\u00fcne daha avantajl\u0131 sahip olabilmeniz i\u00e7in ma\u011fazam\u0131z\u0131 ziyaret ederek, kampanyalar\u0131 inceleyebilirsiniz. Turk \/ Turk olarak m\u00fc\u015fterilerimize en iyi hizmeti sunmay\u0131 ama\u00e7l\u0131yor, g\u00fcvenle sat\u0131n alabilmeniz i\u00e7in, ambalaj kalitemize g\u00fcveniyor, her \u00fcr\u00fcn sorunsuz teslimat i\u00e7in \u00f6zenle paketliyor ve resimde belirtilen renk, ebat, \u00f6zelikte \u00fcr\u00fcn g\u00f6ndermeyi taahh\u00fct ediyoruz. Hasarl\u0131 \u00fcr\u00fcn ald\u0131ysan\u0131z veya di\u011fer \u00fcr\u00fcn ve paket teslimat sorunlar\u0131 oldu\u011funda bizimle ileti\u015fime ge\u00e7mekten \u00e7ekinmeyin.<\/p>\n<p>\t<strong>DETAYLI B\u0130LG\u0130 \u0130\u00c7\u0130N EK RES\u0130MLER\u0130 \u0130NCELEYEB\u0130L\u0130RS\u0130N\u0130Z. <\/strong><\/p>\n","protected":false},"excerpt":{"rendered":"<p>\u00d6zellikler : ADET : 1 adet \u00d6l\u00e7\u00fcler : 29 cm uzunluk x 3 cm \u00e7ap\u0131nda &#8211;\u00a0 GEN\u0130\u015e KULLANIM ALANI : Cam veya plastik \u015fi\u015feler, Vazo, s\u00fct \u015fi\u015fesi, \u00e7aydanl\u0131k ve u\u00e7lar\u0131, Matara, Kavanoz, French press, kahve makinesi gibi dar veya k\u0131vr\u0131ml\u0131 bula\u015f\u0131klar i\u00e7in m\u00fckemmeldir. \u00d6NE \u00c7IKAN \u00d6ZELL\u0130K : Ortas\u0131nda yer alan, esnek,k\u0131vr\u0131ml\u0131 paslanmaz tel ile \u00e7ok&#8230;<\/p>\n","protected":false},"featured_media":102798,"comment_status":"open","ping_status":"closed","template":"","meta":{"_kad_post_transparent":"","_kad_post_title":"","_kad_post_layout":"","_kad_post_sidebar_id":"","_kad_post_content_style":"","_kad_post_vertical_padding":"","_kad_post_feature":"","_kad_post_feature_position":"","_kad_post_header":false,"_kad_post_footer":false,"_kad_post_classname":""},"product_brand":[],"product_cat":[14282],"product_tag":[],"class_list":{"0":"post-102799","1":"product","2":"type-product","3":"status-publish","4":"has-post-thumbnail","6":"product_cat-pratik-mutfak-gerecleri-yemek-hazirlik-sofra-mutfak-ev-yasam-pratik-mutfak-gerecleri","8":"first","9":"instock","10":"purchasable","11":"product-type-simple","12":"entry","13":"content-bg","14":"loop-entry"},"_links":{"self":[{"href":"https:\/\/www.hediyepazar.com\/index.php?rest_route=\/wp\/v2\/product\/102799","targetHints":{"allow":["GET"]}}],"collection":[{"href":"https:\/\/www.hediyepazar.com\/index.php?rest_route=\/wp\/v2\/product"}],"about":[{"href":"https:\/\/www.hediyepazar.com\/index.php?rest_route=\/wp\/v2\/types\/product"}],"replies":[{"embeddable":true,"href":"https:\/\/www.hediyepazar.com\/index.php?rest_route=%2Fwp%2Fv2%2Fcomments&post=102799"}],"wp:featuredmedia":[{"embeddable":true,"href":"https:\/\/www.hediyepazar.com\/index.php?rest_route=\/wp\/v2\/media\/102798"}],"wp:attachment":[{"href":"https:\/\/www.hediyepazar.com\/index.php?rest_route=%2Fwp%2Fv2%2Fmedia&parent=102799"}],"wp:term":[{"taxonomy":"product_brand","embeddable":true,"href":"https:\/\/www.hediyepazar.com\/index.php?rest_route=%2Fwp%2Fv2%2Fproduct_brand&post=102799"},{"taxonomy":"product_cat","embeddable":true,"href":"https:\/\/www.hediyepazar.com\/index.php?rest_route=%2Fwp%2Fv2%2Fproduct_cat&post=102799"},{"taxonomy":"product_tag","embeddable":true,"href":"https:\/\/www.hediyepazar.com\/index.php?rest_route=%2Fwp%2Fv2%2Fproduct_tag&post=102799"}],"curies":[{"name":"wp","href":"https:\/\/api.w.org\/{rel}","templated":true}]}}