{"id":102820,"date":"2026-05-04T08:10:05","date_gmt":"2026-05-04T11:10:05","guid":{"rendered":"https:\/\/www.hediyepazar.com\/?product=turk-6-li-dondurma-kalibi-meybuz-kalibi"},"modified":"2026-05-04T08:10:05","modified_gmt":"2026-05-04T11:10:05","slug":"turk-6-li-dondurma-kalibi-meybuz-kalibi","status":"publish","type":"product","link":"https:\/\/www.hediyepazar.com\/?product=turk-6-li-dondurma-kalibi-meybuz-kalibi","title":{"rendered":"Turk 6 l\u0131 Dondurma Kal\u0131b\u0131 Meybuz Kal\u0131b\u0131"},"content":{"rendered":"<p>\n\t<strong>NEYE SAH\u0130P OLACAKSINIZ ? <\/strong> 1 adet 6 l\u0131 HSNET Bovezzo Design olarak tasarlad\u0131\u011f\u0131m\u0131z \u00fcr\u00fcn\u00fc g\u00f6nderiyoruz. Renk birebir g\u00f6nderilir ve s\u00fcrpriz ya\u015famazs\u0131n\u0131z.\u00a0<\/p>\n<p>\t<strong>\u00dcr\u00fcn \u00d6zellikleri : <\/strong><\/p>\n<p>\tBPA ve di\u011fer zararl\u0131 maddeler i\u00e7ermeyen 5 no plastiktir. Bula\u015f\u0131k makinesinde y\u0131kanabilir.<\/p>\n<p>\tKendi dondurmam\u0131 kendim yapar\u0131m diyorsan\u0131z, i\u015fte tam da arad\u0131\u011f\u0131n\u0131z \u00fcr\u00fcn. Meybuz Dondurma Kal\u0131plar\u0131 \u0130le Pratik Bir \u015eekilde Dondurma Yapacaks\u0131n\u0131z.<\/p>\n<p>\t\u015eimdi \u00e7ocuklu\u011funuza d\u00f6n\u00fcn! Okul kap\u0131s\u0131nda ald\u0131\u011f\u0131n\u0131z ve bay\u0131la bay\u0131la yedi\u011finiz meybuzlar\u0131 hat\u0131rlay\u0131n! Meybuz dondurma kal\u0131plar\u0131yla katk\u0131 maddesi i\u00e7ermeden kendi Meybuzlar\u0131n\u0131z\u0131 kendiniz yap\u0131n!<br \/>\n\tMeyve p\u00fcresi ya da meyve sular\u0131n\u0131 doldurup buzlu\u011fa at\u0131n. \u0130\u015fte bu kadar basit<\/p>\n<p>\tRondodan ge\u00e7irdi\u011finiz meyve p\u00fcrelerini haz\u0131r meyve sular\u0131yla biraz tatland\u0131r\u0131p inan\u0131lmaz g\u00fczel sonu\u00e7lar alabilirsiniz.<\/p>\n<p>\n\t<strong>M\u00dcKEMMEL SATI\u015e SONRASI H\u0130ZMET : <\/strong>HSNET \/ HSNET olarak m\u00fc\u015fterilerimize en iyi hizmeti sunmay\u0131 ama\u00e7l\u0131yor, g\u00fcvenle sat\u0131n alabilmeniz i\u00e7in, ambalaj kalitemize g\u00fcveniyor, her \u00fcr\u00fcn sorunsuz teslimat i\u00e7in \u00f6zenle paketliyor ve resimde belirtilen renk, ebat, \u00f6zelikte \u00fcr\u00fcn g\u00f6ndermeyi taahh\u00fct ediyoruz. Hasarl\u0131 \u00fcr\u00fcn ald\u0131ysan\u0131z veya di\u011fer \u00fcr\u00fcn ve paket teslimat sorunlar\u0131 oldu\u011funda bizimle ileti\u015fime ge\u00e7mekten \u00e7ekinmeyin.<\/p>\n<p>\n\t<strong>Detayl\u0131 bilgi i\u00e7in ek resimleri inceleyebilirsiniz<\/strong><\/p>\n<p><\/p>\n<p>\n\t<strong><img decoding=\"async\"  src=\"https:\/\/hepsicdn.com.tr\/static\/product_detail\/hbnet1b7f7194_4867601.webp\"><\/strong><\/p>\n<p>\n\t\u00a0<\/p>\n","protected":false},"excerpt":{"rendered":"<p>NEYE SAH\u0130P OLACAKSINIZ ? 1 adet 6 l\u0131 HSNET Bovezzo Design olarak tasarlad\u0131\u011f\u0131m\u0131z \u00fcr\u00fcn\u00fc g\u00f6nderiyoruz. Renk birebir g\u00f6nderilir ve s\u00fcrpriz ya\u015famazs\u0131n\u0131z.\u00a0 \u00dcr\u00fcn \u00d6zellikleri : BPA ve di\u011fer zararl\u0131 maddeler i\u00e7ermeyen 5 no plastiktir. Bula\u015f\u0131k makinesinde y\u0131kanabilir. Kendi dondurmam\u0131 kendim yapar\u0131m diyorsan\u0131z, i\u015fte tam da arad\u0131\u011f\u0131n\u0131z \u00fcr\u00fcn. Meybuz Dondurma Kal\u0131plar\u0131 \u0130le Pratik Bir \u015eekilde Dondurma Yapacaks\u0131n\u0131z&#8230;.<\/p>\n","protected":false},"featured_media":102819,"comment_status":"open","ping_status":"closed","template":"","meta":{"_kad_post_transparent":"","_kad_post_title":"","_kad_post_layout":"","_kad_post_sidebar_id":"","_kad_post_content_style":"","_kad_post_vertical_padding":"","_kad_post_feature":"","_kad_post_feature_position":"","_kad_post_header":false,"_kad_post_footer":false,"_kad_post_classname":""},"product_brand":[],"product_cat":[14249],"product_tag":[],"class_list":{"0":"post-102820","1":"product","2":"type-product","3":"status-publish","4":"has-post-thumbnail","6":"product_cat-yemek-hazirlik-sofra-mutfak-ev-yasam-yemek-hazirlik-sofra-mutfak","8":"first","9":"instock","10":"purchasable","11":"product-type-simple","12":"entry","13":"content-bg","14":"loop-entry"},"_links":{"self":[{"href":"https:\/\/www.hediyepazar.com\/index.php?rest_route=\/wp\/v2\/product\/102820","targetHints":{"allow":["GET"]}}],"collection":[{"href":"https:\/\/www.hediyepazar.com\/index.php?rest_route=\/wp\/v2\/product"}],"about":[{"href":"https:\/\/www.hediyepazar.com\/index.php?rest_route=\/wp\/v2\/types\/product"}],"replies":[{"embeddable":true,"href":"https:\/\/www.hediyepazar.com\/index.php?rest_route=%2Fwp%2Fv2%2Fcomments&post=102820"}],"wp:featuredmedia":[{"embeddable":true,"href":"https:\/\/www.hediyepazar.com\/index.php?rest_route=\/wp\/v2\/media\/102819"}],"wp:attachment":[{"href":"https:\/\/www.hediyepazar.com\/index.php?rest_route=%2Fwp%2Fv2%2Fmedia&parent=102820"}],"wp:term":[{"taxonomy":"product_brand","embeddable":true,"href":"https:\/\/www.hediyepazar.com\/index.php?rest_route=%2Fwp%2Fv2%2Fproduct_brand&post=102820"},{"taxonomy":"product_cat","embeddable":true,"href":"https:\/\/www.hediyepazar.com\/index.php?rest_route=%2Fwp%2Fv2%2Fproduct_cat&post=102820"},{"taxonomy":"product_tag","embeddable":true,"href":"https:\/\/www.hediyepazar.com\/index.php?rest_route=%2Fwp%2Fv2%2Fproduct_tag&post=102820"}],"curies":[{"name":"wp","href":"https:\/\/api.w.org\/{rel}","templated":true}]}}