{"id":102824,"date":"2026-05-04T08:10:14","date_gmt":"2026-05-04T11:10:14","guid":{"rendered":"https:\/\/www.hediyepazar.com\/?product=turk-tiras-fircasi-sakal-tiras-fircasi-el-yapimi"},"modified":"2026-05-04T08:10:14","modified_gmt":"2026-05-04T11:10:14","slug":"turk-tiras-fircasi-sakal-tiras-fircasi-el-yapimi","status":"publish","type":"product","link":"https:\/\/www.hediyepazar.com\/?product=turk-tiras-fircasi-sakal-tiras-fircasi-el-yapimi","title":{"rendered":"Turk T\u0131ra\u015f F\u0131r\u00e7as\u0131 Sakal T\u0131ra\u015f F\u0131r\u00e7as\u0131 El Yap\u0131m\u0131"},"content":{"rendered":"<p>\t<strong>\u00dcr\u00fcn \u00d6zellikleri : <\/strong><\/p>\n<p>\t<strong>Materyal :\u00a0\u00a0<\/strong><strong>% 100 Di\u015fbudak A\u011fac\u0131 Ah\u015fap Sap + Do\u011fala yak\u0131nSentetik k\u0131llar\u00a0<\/strong><\/p>\n<p>\t<strong>Adet \/ Renk \/ Tasar\u0131m : <\/strong> 1 Adet, Turk Design olarak tasarlad\u0131\u011f\u0131m\u0131z, resimde yer alan modeli, s\u00fcrpriz ya\u015famaman\u0131z i\u00e7in birebir g\u00f6nderiyoruz. Do\u011fal ah\u015fap oldu\u011fundan sap rrenk tonlar\u0131nda farkl\u0131l\u0131klar olabilir<\/p>\n<p>\t<strong>\u00d6l\u00e7\u00fcler :\u00a0<\/strong>Toplam Uzunluk 5&#215;14 Cm , F\u0131r\u00e7a Uzunlu\u011fu 7 Cm<\/p>\n<p>\t<strong>\u00d6NE \u00c7IKAN \u00d6ZELL\u0130K : K\u0131llar, minimum d\u00fczeyde t\u0131ra\u015f kremi veya t\u0131ra\u015f jeli kullan\u0131m\u0131yla zengin ve p\u00fcr\u00fczs\u00fcz bir k\u00f6p\u00fck \u00fcretmelerini sa\u011flayan ultra emici olacak \u015fekilde tasarlanm\u0131\u015ft\u0131r. P\u00fcr\u00fczs\u00fcz ve yak\u0131n bir t\u0131ra\u015f deneyimi sa\u011flarken daha az su t\u00fcketmeye de yard\u0131mc\u0131 olur. <\/strong><\/p>\n<p>\t<strong>TEKNOLOJ\u0130: <\/strong>El i\u015fi \u00fcretimdir. K\u0131llar\u0131 harika \u015fekildir. D\u00f6k\u00fclme, k\u00f6t\u00fc koku yapmaz.\u00a0 \u00a0P\u00fcr\u00fczs\u00fcz bir t\u0131ra\u015f i\u00e7in T\u0131ra\u015f f\u0131r\u00e7am\u0131z, t\u0131ra\u015f b\u0131\u00e7a\u011f\u0131n\u0131n kaymas\u0131n\u0131 azaltmak i\u00e7in sakal k\u0131llar\u0131n\u0131 yumu\u015fatan ve yumu\u015fatan zengin ve kremsi bir k\u00f6p\u00fck olu\u015fturmaya yard\u0131mc\u0131 olur. Bu da p\u00fcr\u00fczs\u00fcz ve yak\u0131n bir t\u0131ra\u015f deneyimi sunmak i\u00e7in jilet tahri\u015fini, k\u0131zar\u0131kl\u0131\u011f\u0131, kesikleri ve tahri\u015fi \u00f6nler.<\/p>\n<p>\t<strong>KARAKTER: <\/strong>K\u0131llar ipeksi ve s\u0131k\u0131d\u0131r, masaj i\u00e7in harikad\u0131r; su emme ve \u0131s\u0131 tutma \u00f6zelli\u011fi olarak, t\u00fcm t\u0131ra\u015f sabunlar\u0131 ve k\u00f6p\u00fckleri, jelleri veya kremleri ile iyi \u00e7al\u0131\u015f\u0131r, kal\u0131n, parlak k\u00f6p\u00fcrme i\u00e7in m\u00fckemmeldir, temizlenmesi kolayd\u0131r ve olduk\u00e7a h\u0131zl\u0131 kurur. K\u0131llar cilt \u00fczerinde nazik\u00e7e kayar, t\u0131ra\u015f kremini ve sabunu sakal b\u00f6lgesine d\u00fczg\u00fcn bir \u015fekilde da\u011f\u0131tarak hassas ve tahri\u015f olmu\u015f ciltler i\u00e7in de ideal t\u0131ra\u015f f\u0131r\u00e7as\u0131 haline getirir.<\/p>\n<p>\tT\u0131ra\u015f kreminin t\u00fcylerin her santimine ula\u015fmas\u0131na yard\u0131mc\u0131 olarak, t\u0131ra\u015f esnas\u0131nda cildinizin korunmas\u0131n\u0131 sa\u011flar<br \/>\tHer t\u0131ra\u015f deneyimini geli\u015ftirmek i\u00e7in birinci s\u0131n\u0131f kaplama sap\u0131na sahip erkekler i\u00e7in zarif bir t\u0131ra\u015f f\u0131r\u00e7as\u0131.<\/p>\n<p>\t<strong>M\u00dcKEMMEL SATI\u015e SONRASI H\u0130ZMET : <\/strong>Bu \u00fcr\u00fcne daha avantajl\u0131 sahip olabilmeniz i\u00e7in ma\u011fazam\u0131z\u0131 ziyaret ederek, kampanyalar\u0131 inceleyebilirsiniz. Turk \/ Turk olarak m\u00fc\u015fterilerimize en iyi hizmeti sunmay\u0131 ama\u00e7l\u0131yor, g\u00fcvenle sat\u0131n alabilmeniz i\u00e7in, ambalaj kalitemize g\u00fcveniyor, her \u00fcr\u00fcn sorunsuz teslimat i\u00e7in \u00f6zenle paketliyor ve resimde belirtilen renk, ebat, \u00f6zelikte \u00fcr\u00fcn g\u00f6ndermeyi taahh\u00fct ediyoruz. Hasarl\u0131 \u00fcr\u00fcn ald\u0131ysan\u0131z veya di\u011fer \u00fcr\u00fcn ve paket teslimat sorunlar\u0131 oldu\u011funda bizimle ileti\u015fime ge\u00e7mekten \u00e7ekinmeyin.<\/p>\n<p>\n","protected":false},"excerpt":{"rendered":"<p>\u00dcr\u00fcn \u00d6zellikleri : Materyal :\u00a0\u00a0% 100 Di\u015fbudak A\u011fac\u0131 Ah\u015fap Sap + Do\u011fala yak\u0131nSentetik k\u0131llar\u00a0 Adet \/ Renk \/ Tasar\u0131m : 1 Adet, Turk Design olarak tasarlad\u0131\u011f\u0131m\u0131z, resimde yer alan modeli, s\u00fcrpriz ya\u015famaman\u0131z i\u00e7in birebir g\u00f6nderiyoruz. Do\u011fal ah\u015fap oldu\u011fundan sap rrenk tonlar\u0131nda farkl\u0131l\u0131klar olabilir \u00d6l\u00e7\u00fcler :\u00a0Toplam Uzunluk 5&#215;14 Cm , F\u0131r\u00e7a Uzunlu\u011fu 7 Cm \u00d6NE \u00c7IKAN&#8230;<\/p>\n","protected":false},"featured_media":102823,"comment_status":"open","ping_status":"closed","template":"","meta":{"_kad_post_transparent":"","_kad_post_title":"","_kad_post_layout":"","_kad_post_sidebar_id":"","_kad_post_content_style":"","_kad_post_vertical_padding":"","_kad_post_feature":"","_kad_post_feature_position":"","_kad_post_header":false,"_kad_post_footer":false,"_kad_post_classname":""},"product_brand":[],"product_cat":[14227],"product_tag":[],"class_list":{"0":"post-102824","1":"product","2":"type-product","3":"status-publish","4":"has-post-thumbnail","6":"product_cat-kuafor-urunleri-erkek-kuafor-kuafor-urunleri","8":"first","9":"instock","10":"purchasable","11":"product-type-simple","12":"entry","13":"content-bg","14":"loop-entry"},"_links":{"self":[{"href":"https:\/\/www.hediyepazar.com\/index.php?rest_route=\/wp\/v2\/product\/102824","targetHints":{"allow":["GET"]}}],"collection":[{"href":"https:\/\/www.hediyepazar.com\/index.php?rest_route=\/wp\/v2\/product"}],"about":[{"href":"https:\/\/www.hediyepazar.com\/index.php?rest_route=\/wp\/v2\/types\/product"}],"replies":[{"embeddable":true,"href":"https:\/\/www.hediyepazar.com\/index.php?rest_route=%2Fwp%2Fv2%2Fcomments&post=102824"}],"wp:featuredmedia":[{"embeddable":true,"href":"https:\/\/www.hediyepazar.com\/index.php?rest_route=\/wp\/v2\/media\/102823"}],"wp:attachment":[{"href":"https:\/\/www.hediyepazar.com\/index.php?rest_route=%2Fwp%2Fv2%2Fmedia&parent=102824"}],"wp:term":[{"taxonomy":"product_brand","embeddable":true,"href":"https:\/\/www.hediyepazar.com\/index.php?rest_route=%2Fwp%2Fv2%2Fproduct_brand&post=102824"},{"taxonomy":"product_cat","embeddable":true,"href":"https:\/\/www.hediyepazar.com\/index.php?rest_route=%2Fwp%2Fv2%2Fproduct_cat&post=102824"},{"taxonomy":"product_tag","embeddable":true,"href":"https:\/\/www.hediyepazar.com\/index.php?rest_route=%2Fwp%2Fv2%2Fproduct_tag&post=102824"}],"curies":[{"name":"wp","href":"https:\/\/api.w.org\/{rel}","templated":true}]}}