{"id":102828,"date":"2026-05-04T08:10:20","date_gmt":"2026-05-04T11:10:20","guid":{"rendered":"https:\/\/www.hediyepazar.com\/?product=turk-puskurtucu-bos-sprey-sise-100-ml-2-adet"},"modified":"2026-05-04T08:10:20","modified_gmt":"2026-05-04T11:10:20","slug":"turk-puskurtucu-bos-sprey-sise-100-ml-2-adet","status":"publish","type":"product","link":"https:\/\/www.hediyepazar.com\/?product=turk-puskurtucu-bos-sprey-sise-100-ml-2-adet","title":{"rendered":"Turk P\u00fcsk\u00fcrt\u00fcc\u00fc Bo\u015f Sprey \u015ei\u015fe 100 Ml 2 ADET"},"content":{"rendered":"<p>\n\t<strong>\u00dcr\u00fcn \u00d6zellikleri : <\/strong><br \/>\u00fcr\u00fcn bir bo\u015f \u015fi\u015fedir.<br \/>\n\t<br \/>\n\t<strong>Materyal : <\/strong>PET<\/p>\n<p>\t<strong>Adet \/ Renk \/ Tasar\u0131m : <\/strong> 2 Adet,\u00a0 resimde yer alan rengi, s\u00fcrpriz ya\u015famaman\u0131z i\u00e7in birebir g\u00f6nderiyoruz<\/p>\n<p>\t<strong>\u00d6l\u00e7\u00fcler : 100 ml kapasite\u00a0<\/strong><\/p>\n<p>\t<strong>\u00dcST\u00dcN KAL\u0130TE &#8211;<\/strong> Bu k\u00fc\u00e7\u00fck sprey \u015fi\u015feleri, y\u00fcksek kaliteli PET \/ plastikten yap\u0131lm\u0131\u015ft\u0131r, dayan\u0131kl\u0131d\u0131r, k\u0131r\u0131lmas\u0131 kolay de\u011fildir, yeniden doldurulabilir ve tekrar kullan\u0131labilir. Ve bu bo\u015f \u015fi\u015feler \u0131s\u0131dan k\u0131r\u0131lmaya ve b\u00fck\u00fclmeye kar\u015f\u0131 dayan\u0131kl\u0131 olabilir.<\/p>\n<p>\t<strong>100\u00a0<\/strong><strong>\u00a0ML K\u00dc\u00c7\u00dcK BOYUT : <\/strong>Bu k\u00fc\u00e7\u00fck plastik sprey \u015fi\u015feleri mini boyuttad\u0131r ve cebinize, \u00e7antan\u0131za, el \u00e7antan\u0131za, s\u0131rt \u00e7antan\u0131za veya valizinize sorunsuz bir \u015fekilde s\u0131\u011fabilir. Mini kozmetik \u015fi\u015feleri her yere g\u00fcvenle ta\u015f\u0131yabilirsiniz.<\/p>\n<p>\t<strong>\u00c7OKLU SPREY \u015e\u0130\u015eELER\u0130 :<\/strong> T\u00fcm ki\u015fisel ve ev ihtiya\u00e7lar\u0131n\u0131z i\u00e7in m\u00fckemmel saklama ve kullan\u0131labilirli\u011fe sahiptir. Bu plastik sprey \u015fi\u015feleri Alkol, kolonya, dezenfekta n, parf\u00fcmleri, makyaj suyunu, \u00e7i\u00e7ek suyunu ve di\u011fer s\u0131v\u0131lar\u0131 bu\u011fulamak i\u00e7in idealdir. Sadece g\u00fcvenle kullan\u0131n.<\/p>\n<p>\t<strong>ET\u0130KETLEME \u0130\u00c7\u0130N \u015eEFFAF : <\/strong>\u015eeffaf sprey \u015fi\u015feleri, \u00fcr\u00fcnlerinizin kolayca g\u00f6r\u00fclebilmesini sa\u011flar. Ve vidal\u0131 kapaklar, t\u00fcm \u00fcr\u00fcnlerinizin sonsuz bir \u015fekilde yeniden doldurulmas\u0131n\u0131 sa\u011flamak i\u00e7in kolayca a\u00e7\u0131l\u0131r.<\/p>\n<p>\t<strong>NEDEN \u015e\u0130\u015eELER\u0130M\u0130Z\u0130 SE\u00c7MEL\u0130S\u0130N\u0130Z- <\/strong>Yeni tip kal\u0131nla\u015ft\u0131r\u0131c\u0131 PET malzeme, sprey \u015fi\u015felerinin daha \u015feffaf olmas\u0131n\u0131 sa\u011flar. Nano noz\u00fcl tasar\u0131m\u0131, spreyi temiz, ince ve homojen hale getirir. \u015ei\u015fenin a\u011fz\u0131ndaki s\u0131k\u0131 tasar\u0131m ve ince \u00e7izgiler, \u015fi\u015fenin s\u0131zmas\u0131n\u0131 imkans\u0131z hale getirir. Ancak yine de seyahatlerinizde sorun ya\u015famaman\u0131z i\u00e7in kullanmadan \u00f6nce bir miktar su doldurup s\u0131z\u0131nt\u0131 testi yapman\u0131z\u0131 \u00f6neririz.<\/p>\n<p>\n\t<strong>M\u00dcKEMMEL SATI\u015e SONRASI H\u0130ZMET : <\/strong>HSNET \/ HSNET olarak m\u00fc\u015fterilerimize en iyi hizmeti sunmay\u0131 ama\u00e7l\u0131yor, g\u00fcvenle sat\u0131n alabilmeniz i\u00e7in, ambalaj kalitemize g\u00fcveniyor, her \u00fcr\u00fcn sorunsuz teslimat i\u00e7in \u00f6zenle paketliyor ve resimde belirtilen renk, ebat, \u00f6zelikte \u00fcr\u00fcn g\u00f6ndermeyi taahh\u00fct ediyoruz. Hasarl\u0131 \u00fcr\u00fcn ald\u0131ysan\u0131z veya di\u011fer \u00fcr\u00fcn ve paket teslimat sorunlar\u0131 oldu\u011funda bizimle ileti\u015fime ge\u00e7mekten \u00e7ekinmeyin.<\/p>\n<p>\n\t<strong>Detayl\u0131 bilgi i\u00e7in ek resimleri inceleyebilirsiniz<\/strong><\/p>\n<p><\/p>\n<p>\n\t<strong><img decoding=\"async\"  src=\"https:\/\/hepsicdn.com.tr\/static\/product_detail\/hbnetb1010e93_4868301.webp\"><\/strong><\/p>\n<p>\n\t\u00a0<\/p>\n","protected":false},"excerpt":{"rendered":"<p>\u00dcr\u00fcn \u00d6zellikleri : \u00fcr\u00fcn bir bo\u015f \u015fi\u015fedir. Materyal : PET Adet \/ Renk \/ Tasar\u0131m : 2 Adet,\u00a0 resimde yer alan rengi, s\u00fcrpriz ya\u015famaman\u0131z i\u00e7in birebir g\u00f6nderiyoruz \u00d6l\u00e7\u00fcler : 100 ml kapasite\u00a0 \u00dcST\u00dcN KAL\u0130TE &#8211; Bu k\u00fc\u00e7\u00fck sprey \u015fi\u015feleri, y\u00fcksek kaliteli PET \/ plastikten yap\u0131lm\u0131\u015ft\u0131r, dayan\u0131kl\u0131d\u0131r, k\u0131r\u0131lmas\u0131 kolay de\u011fildir, yeniden doldurulabilir ve tekrar kullan\u0131labilir. Ve&#8230;<\/p>\n","protected":false},"featured_media":102827,"comment_status":"open","ping_status":"closed","template":"","meta":{"_kad_post_transparent":"","_kad_post_title":"","_kad_post_layout":"","_kad_post_sidebar_id":"","_kad_post_content_style":"","_kad_post_vertical_padding":"","_kad_post_feature":"","_kad_post_feature_position":"","_kad_post_header":false,"_kad_post_footer":false,"_kad_post_classname":""},"product_brand":[],"product_cat":[7831],"product_tag":[],"class_list":{"0":"post-102828","1":"product","2":"type-product","3":"status-publish","4":"has-post-thumbnail","6":"product_cat-hobi-malzemeleri-hobi-ev-yasam-hobi-malzemeleri-hobi-ev-yasam","8":"first","9":"instock","10":"purchasable","11":"product-type-simple","12":"entry","13":"content-bg","14":"loop-entry"},"_links":{"self":[{"href":"https:\/\/www.hediyepazar.com\/index.php?rest_route=\/wp\/v2\/product\/102828","targetHints":{"allow":["GET"]}}],"collection":[{"href":"https:\/\/www.hediyepazar.com\/index.php?rest_route=\/wp\/v2\/product"}],"about":[{"href":"https:\/\/www.hediyepazar.com\/index.php?rest_route=\/wp\/v2\/types\/product"}],"replies":[{"embeddable":true,"href":"https:\/\/www.hediyepazar.com\/index.php?rest_route=%2Fwp%2Fv2%2Fcomments&post=102828"}],"wp:featuredmedia":[{"embeddable":true,"href":"https:\/\/www.hediyepazar.com\/index.php?rest_route=\/wp\/v2\/media\/102827"}],"wp:attachment":[{"href":"https:\/\/www.hediyepazar.com\/index.php?rest_route=%2Fwp%2Fv2%2Fmedia&parent=102828"}],"wp:term":[{"taxonomy":"product_brand","embeddable":true,"href":"https:\/\/www.hediyepazar.com\/index.php?rest_route=%2Fwp%2Fv2%2Fproduct_brand&post=102828"},{"taxonomy":"product_cat","embeddable":true,"href":"https:\/\/www.hediyepazar.com\/index.php?rest_route=%2Fwp%2Fv2%2Fproduct_cat&post=102828"},{"taxonomy":"product_tag","embeddable":true,"href":"https:\/\/www.hediyepazar.com\/index.php?rest_route=%2Fwp%2Fv2%2Fproduct_tag&post=102828"}],"curies":[{"name":"wp","href":"https:\/\/api.w.org\/{rel}","templated":true}]}}