{"id":102829,"date":"2026-05-04T08:11:19","date_gmt":"2026-05-04T11:11:19","guid":{"rendered":"https:\/\/www.hediyepazar.com\/?product=turk-shark-50-adet-paslanmaz-celik-tiras-jileti"},"modified":"2026-05-04T08:11:19","modified_gmt":"2026-05-04T11:11:19","slug":"turk-shark-50-adet-paslanmaz-celik-tiras-jileti","status":"publish","type":"product","link":"https:\/\/www.hediyepazar.com\/?product=turk-shark-50-adet-paslanmaz-celik-tiras-jileti","title":{"rendered":"Turk Shark 50 Adet Paslanmaz \u00c7elik T\u0131ra\u015f Jileti"},"content":{"rendered":"<p>\t<strong>\u00dcr\u00fcn \u00d6zellikleri : <\/strong><br \/>\t\u00a0<\/p>\n<p>\t<strong>Materyal : % 100 Paslanmaz \u00c7elik <\/strong><\/p>\n<p>\t<strong>Adet : 50 <\/strong><\/p>\n<p>\t\u00c7\u0130FT KENARLI: Jiletlerimiz son derece keskindir ve size harika bir t\u0131ra\u015f deneyimi ya\u015fatacakt\u0131r. Ustura veya \u00c7ift kenarl\u0131 g\u00fcvenli t\u0131ra\u015f makinelerine uyacak \u015fekilde yap\u0131lm\u0131\u015ft\u0131r.<\/p>\n<p>\tPLAT\u0130N KAPLI PASLANMAZ \u00c7EL\u0130KTEN YAPILMI\u015eTIR: \u00c7ift kenarl\u0131 t\u0131ra\u015f b\u0131\u00e7aklar\u0131, keskinli\u011fini ve p\u00fcr\u00fczs\u00fczl\u00fc\u011f\u00fcn\u00fc koruyan, ortalama 2 ila 5 veya daha fazla t\u0131ra\u015f sa\u011flayan Platin Kapl\u0131 Y\u00fcksek Paslanmaz \u00c7elikten yap\u0131lm\u0131\u015ft\u0131r.<\/p>\n<p>\t\u00c7OK YAKIN TIRA\u015eLAR SA\u011eLAR: Hassas bir \u015fekilde \u00f6\u011f\u00fct\u00fclm\u00fc\u015f ve bilenmi\u015f t\u0131ra\u015f kenar\u0131 \u00e7ok yak\u0131n bir t\u0131ra\u015f sa\u011flar, bu da t\u0131ra\u015f s\u0131kl\u0131\u011f\u0131n\u0131z\u0131 azaltabilir. Daha az t\u0131ra\u015f daha az tahri\u015fe neden olur.<br \/>\t\u00a0<\/p>\n","protected":false},"excerpt":{"rendered":"<p>\u00dcr\u00fcn \u00d6zellikleri : \u00a0 Materyal : % 100 Paslanmaz \u00c7elik Adet : 50 \u00c7\u0130FT KENARLI: Jiletlerimiz son derece keskindir ve size harika bir t\u0131ra\u015f deneyimi ya\u015fatacakt\u0131r. Ustura veya \u00c7ift kenarl\u0131 g\u00fcvenli t\u0131ra\u015f makinelerine uyacak \u015fekilde yap\u0131lm\u0131\u015ft\u0131r. PLAT\u0130N KAPLI PASLANMAZ \u00c7EL\u0130KTEN YAPILMI\u015eTIR: \u00c7ift kenarl\u0131 t\u0131ra\u015f b\u0131\u00e7aklar\u0131, keskinli\u011fini ve p\u00fcr\u00fczs\u00fczl\u00fc\u011f\u00fcn\u00fc koruyan, ortalama 2 ila 5 veya daha&#8230;<\/p>\n","protected":false},"featured_media":0,"comment_status":"open","ping_status":"closed","template":"","meta":{"_kad_post_transparent":"","_kad_post_title":"","_kad_post_layout":"","_kad_post_sidebar_id":"","_kad_post_content_style":"","_kad_post_vertical_padding":"","_kad_post_feature":"","_kad_post_feature_position":"","_kad_post_header":false,"_kad_post_footer":false,"_kad_post_classname":""},"product_brand":[],"product_cat":[14227],"product_tag":[],"class_list":{"0":"post-102829","1":"product","2":"type-product","3":"status-publish","5":"product_cat-kuafor-urunleri-erkek-kuafor-kuafor-urunleri","7":"first","8":"instock","9":"purchasable","10":"product-type-simple","11":"entry","12":"content-bg","13":"loop-entry"},"_links":{"self":[{"href":"https:\/\/www.hediyepazar.com\/index.php?rest_route=\/wp\/v2\/product\/102829","targetHints":{"allow":["GET"]}}],"collection":[{"href":"https:\/\/www.hediyepazar.com\/index.php?rest_route=\/wp\/v2\/product"}],"about":[{"href":"https:\/\/www.hediyepazar.com\/index.php?rest_route=\/wp\/v2\/types\/product"}],"replies":[{"embeddable":true,"href":"https:\/\/www.hediyepazar.com\/index.php?rest_route=%2Fwp%2Fv2%2Fcomments&post=102829"}],"wp:attachment":[{"href":"https:\/\/www.hediyepazar.com\/index.php?rest_route=%2Fwp%2Fv2%2Fmedia&parent=102829"}],"wp:term":[{"taxonomy":"product_brand","embeddable":true,"href":"https:\/\/www.hediyepazar.com\/index.php?rest_route=%2Fwp%2Fv2%2Fproduct_brand&post=102829"},{"taxonomy":"product_cat","embeddable":true,"href":"https:\/\/www.hediyepazar.com\/index.php?rest_route=%2Fwp%2Fv2%2Fproduct_cat&post=102829"},{"taxonomy":"product_tag","embeddable":true,"href":"https:\/\/www.hediyepazar.com\/index.php?rest_route=%2Fwp%2Fv2%2Fproduct_tag&post=102829"}],"curies":[{"name":"wp","href":"https:\/\/api.w.org\/{rel}","templated":true}]}}