{"id":102834,"date":"2026-05-04T08:12:57","date_gmt":"2026-05-04T11:12:57","guid":{"rendered":"https:\/\/www.hediyepazar.com\/?product=turk-afro-orgu-ignesi-sac-kaynak-keratin-tigi"},"modified":"2026-05-04T08:12:57","modified_gmt":"2026-05-04T11:12:57","slug":"turk-afro-orgu-ignesi-sac-kaynak-keratin-tigi","status":"publish","type":"product","link":"https:\/\/www.hediyepazar.com\/?product=turk-afro-orgu-ignesi-sac-kaynak-keratin-tigi","title":{"rendered":"Turk Afro \u00d6rg\u00fc \u0130\u011fnesi Sa\u00e7 Kaynak Keratin T\u0131\u011f\u0131"},"content":{"rendered":"<p>\n\t<strong>\u00dcr\u00fcn \u00d6zellikleri : <\/strong><\/p>\n<p>\t<strong>Materyal : Paslanmaz \u00c7elik + Ah\u015fap Sap\u00a0<\/strong><\/p>\n<p>\t<strong>Adet \/ Renk \/ Tasar\u0131m : 1<\/strong>\u00a0Adet\u00a0 \u00a0, HSNET Professional Design olarak tasarlad\u0131\u011f\u0131m\u0131z, resimde yer alan t\u0131\u011f modeli , s\u00fcrpriz ya\u015famaman\u0131z i\u00e7in birebir g\u00f6nderiyoruz<\/p>\n<p>\t<strong>\u00d6l\u00e7\u00fcler (bir cep telefonu ortalama 16 cm dir. K\u0131yaslaman\u0131z i\u00e7in kolayl\u0131k de\u011fil mi ? ) : 10.7 cm\u00a0<\/strong><\/p>\n<p>\tKuaf\u00f6rler ve sa\u00e7 merkezleri i\u00e7in tasarlad\u0131\u011f\u0131m\u0131z \u0130\u011fne Ge\u00e7irici, Silikon mikrolink boncuklar ve t\u00fcyler i\u00e7in \u00c7ekme Kanca Arac\u0131 olarak kullan\u0131lmaktad\u0131r.<br \/>\n\tBu set, sa\u00e7a boncuk ekleme, sa\u00e7 ekleme i\u015flemleri keratin uygulamalar\u0131, sa\u00e7 uzatma vb i\u00e7in \u00f6zel olarak tasarlanm\u0131\u015ft\u0131r. Mikro ba\u011flant\u0131l\u0131 halkalardan sa\u00e7 \u00e7ekmek i\u00e7in i\u011fne aleti uygulanabilir.<\/p>\n<p>\n\t<strong>M\u00dcKEMMEL SATI\u015e SONRASI H\u0130ZMET : <\/strong>Bu \u00fcr\u00fcne daha avantajl\u0131 sahip olabilmeniz i\u00e7in ma\u011fazam\u0131z\u0131 ziyaret ederek, kampanyalar\u0131 inceleyebilirsiniz. HSNET \/ HSNET olarak m\u00fc\u015fterilerimize en iyi hizmeti sunmay\u0131 ama\u00e7l\u0131yor, g\u00fcvenle sat\u0131n alabilmeniz i\u00e7in, ambalaj kalitemize g\u00fcveniyor, her \u00fcr\u00fcn sorunsuz teslimat i\u00e7in \u00f6zenle paketliyor ve resimde belirtilen renk, ebat, \u00f6zelikte \u00fcr\u00fcn g\u00f6ndermeyi taahh\u00fct ediyoruz. Hasarl\u0131 \u00fcr\u00fcn ald\u0131ysan\u0131z veya di\u011fer \u00fcr\u00fcn ve paket teslimat sorunlar\u0131 oldu\u011funda bizimle ileti\u015fime ge\u00e7mekten \u00e7ekinmeyin.<\/p>\n<p>\n\t<strong>Detayl\u0131 bilgi i\u00e7in ek resimleri inceleyebilirsiniz<\/strong><\/p>\n<p><\/p>\n<p>\n\t<strong><img decoding=\"async\"  src=\"https:\/\/hepsicdn.com.tr\/static\/product_detail\/hbnet335a0457_4870501.jpg\"><\/strong><\/p>\n<p>\n\t\u00a0<\/p>\n","protected":false},"excerpt":{"rendered":"<p>\u00dcr\u00fcn \u00d6zellikleri : Materyal : Paslanmaz \u00c7elik + Ah\u015fap Sap\u00a0 Adet \/ Renk \/ Tasar\u0131m : 1\u00a0Adet\u00a0 \u00a0, HSNET Professional Design olarak tasarlad\u0131\u011f\u0131m\u0131z, resimde yer alan t\u0131\u011f modeli , s\u00fcrpriz ya\u015famaman\u0131z i\u00e7in birebir g\u00f6nderiyoruz \u00d6l\u00e7\u00fcler (bir cep telefonu ortalama 16 cm dir. K\u0131yaslaman\u0131z i\u00e7in kolayl\u0131k de\u011fil mi ? ) : 10.7 cm\u00a0 Kuaf\u00f6rler ve sa\u00e7&#8230;<\/p>\n","protected":false},"featured_media":102833,"comment_status":"open","ping_status":"closed","template":"","meta":{"_kad_post_transparent":"","_kad_post_title":"","_kad_post_layout":"","_kad_post_sidebar_id":"","_kad_post_content_style":"","_kad_post_vertical_padding":"","_kad_post_feature":"","_kad_post_feature_position":"","_kad_post_header":false,"_kad_post_footer":false,"_kad_post_classname":""},"product_brand":[],"product_cat":[14227],"product_tag":[],"class_list":{"0":"post-102834","1":"product","2":"type-product","3":"status-publish","4":"has-post-thumbnail","6":"product_cat-kuafor-urunleri-erkek-kuafor-kuafor-urunleri","8":"first","9":"instock","10":"purchasable","11":"product-type-simple","12":"entry","13":"content-bg","14":"loop-entry"},"_links":{"self":[{"href":"https:\/\/www.hediyepazar.com\/index.php?rest_route=\/wp\/v2\/product\/102834","targetHints":{"allow":["GET"]}}],"collection":[{"href":"https:\/\/www.hediyepazar.com\/index.php?rest_route=\/wp\/v2\/product"}],"about":[{"href":"https:\/\/www.hediyepazar.com\/index.php?rest_route=\/wp\/v2\/types\/product"}],"replies":[{"embeddable":true,"href":"https:\/\/www.hediyepazar.com\/index.php?rest_route=%2Fwp%2Fv2%2Fcomments&post=102834"}],"wp:featuredmedia":[{"embeddable":true,"href":"https:\/\/www.hediyepazar.com\/index.php?rest_route=\/wp\/v2\/media\/102833"}],"wp:attachment":[{"href":"https:\/\/www.hediyepazar.com\/index.php?rest_route=%2Fwp%2Fv2%2Fmedia&parent=102834"}],"wp:term":[{"taxonomy":"product_brand","embeddable":true,"href":"https:\/\/www.hediyepazar.com\/index.php?rest_route=%2Fwp%2Fv2%2Fproduct_brand&post=102834"},{"taxonomy":"product_cat","embeddable":true,"href":"https:\/\/www.hediyepazar.com\/index.php?rest_route=%2Fwp%2Fv2%2Fproduct_cat&post=102834"},{"taxonomy":"product_tag","embeddable":true,"href":"https:\/\/www.hediyepazar.com\/index.php?rest_route=%2Fwp%2Fv2%2Fproduct_tag&post=102834"}],"curies":[{"name":"wp","href":"https:\/\/api.w.org\/{rel}","templated":true}]}}