{"id":102841,"date":"2026-05-04T08:19:18","date_gmt":"2026-05-04T11:19:18","guid":{"rendered":"https:\/\/www.hediyepazar.com\/?product=turk-aluminyum-sac-kesim-taragi-sac-sekillendirme-duzeltme-taragi-rose"},"modified":"2026-05-04T08:19:18","modified_gmt":"2026-05-04T11:19:18","slug":"turk-aluminyum-sac-kesim-taragi-sac-sekillendirme-duzeltme-taragi-rose","status":"publish","type":"product","link":"https:\/\/www.hediyepazar.com\/?product=turk-aluminyum-sac-kesim-taragi-sac-sekillendirme-duzeltme-taragi-rose","title":{"rendered":"Turk Al\u00fcminyum Sa\u00e7 Kesim Tara\u011f\u0131 Sa\u00e7 \u015eekillendirme D\u00fczeltme Tara\u011f\u0131 ROSE"},"content":{"rendered":"<p>\t<strong>\u00dcr\u00fcn \u00d6zellikleri : <\/strong><\/p>\n<p>\t<strong>Materyal :\u00a0<\/strong><strong>Al\u00fcminyum<\/strong><\/p>\n<p>\t<strong>Adet \/ Renk \/ Tasar\u0131m : <\/strong> 1 Adet, Turk\u00a0 \u00a0Design olarak tasarlad\u0131\u011f\u0131m\u0131z, resimde yer alan rengi, s\u00fcrpriz ya\u015famaman\u0131z i\u00e7in birebir g\u00f6nderiyoruz<\/p>\n<p>\t<strong>\u00d6l\u00e7\u00fcler (bir cep telefonu ortalama 16 cm dir. K\u0131yaslaman\u0131z i\u00e7in kolayl\u0131k de\u011fil mi ? ) : 21 CM\u00a0<\/strong><\/p>\n<p>\t<strong>Bu tarak, anti-statik karbon-ion teknolojisine sahiptir ve normal plastik taraklara g\u00f6re 5 kat daha uzun \u00f6m\u00fcrl\u00fc ve 4 kat daha az statik elektri\u011fe sahiptir. <\/strong><\/p>\n<p>\t<strong>T\u00dcM SA\u00c7 T\u0130PLER\u0130 \u0130\u00c7\u0130N UYGUN:<\/strong>\u00a0Profesyonel tasar\u0131m ve kullan\u0131ma tam uygunlu\u011fa sahiptir. Berber\/Kuaf\u00f6rler sa\u00e7 kesiminde m\u00fckemmel i\u015flev g\u00f6recektir.\u00a0\u00a0<\/p>\n<p>\t<strong>Malzeme: <\/strong>Antistatik ve \u0131s\u0131ya dayan\u0131kl\u0131, neredeyse k\u0131r\u0131lmaz, hafif ve dayan\u0131kl\u0131, uzun s\u00fcreli kullan\u0131ma hizmet edebilir<\/p>\n<p>\t<strong>\u0130\u015flev: <\/strong>Sakal, b\u0131y\u0131k, sa\u00e7 tarama , sa\u00e7 boyama ve di\u011fer i\u015fleri daha iyi yapmak i\u00e7in uygundur, d\u00fczenli kullan\u0131m, donuk sa\u00e7lara parlak parlakl\u0131k ve parlakl\u0131k katar, sa\u00e7lar\u0131 p\u00fcr\u00fczs\u00fcz ve ipeksi yumu\u015fak b\u0131rak\u0131r, sa\u00e7\u0131n\u0131z ve sa\u00e7 deriniz daha sa\u011fl\u0131kl\u0131 olur<\/p>\n<p>\t<strong>M\u00dcKEMMEL SATI\u015e SONRASI H\u0130ZMET : <\/strong>Bu \u00fcr\u00fcne daha avantajl\u0131 sahip olabilmeniz i\u00e7in ma\u011fazam\u0131z\u0131 ziyaret ederek, kampanyalar\u0131 inceleyebilirsiniz. Turk \/ Turk olarak m\u00fc\u015fterilerimize en iyi hizmeti sunmay\u0131 ama\u00e7l\u0131yor, g\u00fcvenle sat\u0131n alabilmeniz i\u00e7in, ambalaj kalitemize g\u00fcveniyor, her \u00fcr\u00fcn sorunsuz teslimat i\u00e7in \u00f6zenle paketliyor ve resimde belirtilen renk, ebat, \u00f6zelikte \u00fcr\u00fcn g\u00f6ndermeyi taahh\u00fct ediyoruz. Hasarl\u0131 \u00fcr\u00fcn ald\u0131ysan\u0131z veya di\u011fer \u00fcr\u00fcn ve paket teslimat sorunlar\u0131 oldu\u011funda bizimle ileti\u015fime ge\u00e7mekten \u00e7ekinmeyin.<\/p>\n<p>\t\u00a0<\/p>\n<p>\t<strong>M\u00dcKEMMEL SATI\u015e SONRASI H\u0130ZMET : <\/strong>Bu \u00fcr\u00fcne daha avantajl\u0131 sahip olabilmeniz i\u00e7in ma\u011fazam\u0131z\u0131 ziyaret ederek, kampanyalar\u0131 inceleyebilirsiniz. Turk \/ Turk olarak m\u00fc\u015fterilerimize en iyi hizmeti sunmay\u0131 ama\u00e7l\u0131yor, g\u00fcvenle sat\u0131n alabilmeniz i\u00e7in, ambalaj kalitemize g\u00fcveniyor, her \u00fcr\u00fcn sorunsuz teslimat i\u00e7in \u00f6zenle paketliyor ve resimde belirtilen renk, ebat, \u00f6zelikte \u00fcr\u00fcn g\u00f6ndermeyi taahh\u00fct ediyoruz. Hasarl\u0131 \u00fcr\u00fcn ald\u0131ysan\u0131z veya di\u011fer \u00fcr\u00fcn ve paket teslimat sorunlar\u0131 oldu\u011funda bizimle ileti\u015fime ge\u00e7mekten \u00e7ekinmeyin.<\/p>\n<p>\t<strong>Detayl\u0131 bilgi i\u00e7in ek resimleri inceleyebilirsiniz<\/strong><\/p>\n<p><\/p>\n<p>\t<strong><strong> <\/strong><\/strong><\/p>\n<p>\t\u00a0<\/p>\n","protected":false},"excerpt":{"rendered":"<p>\u00dcr\u00fcn \u00d6zellikleri : Materyal :\u00a0Al\u00fcminyum Adet \/ Renk \/ Tasar\u0131m : 1 Adet, Turk\u00a0 \u00a0Design olarak tasarlad\u0131\u011f\u0131m\u0131z, resimde yer alan rengi, s\u00fcrpriz ya\u015famaman\u0131z i\u00e7in birebir g\u00f6nderiyoruz \u00d6l\u00e7\u00fcler (bir cep telefonu ortalama 16 cm dir. K\u0131yaslaman\u0131z i\u00e7in kolayl\u0131k de\u011fil mi ? ) : 21 CM\u00a0 Bu tarak, anti-statik karbon-ion teknolojisine sahiptir ve normal plastik taraklara g\u00f6re&#8230;<\/p>\n","protected":false},"featured_media":0,"comment_status":"open","ping_status":"closed","template":"","meta":{"_kad_post_transparent":"","_kad_post_title":"","_kad_post_layout":"","_kad_post_sidebar_id":"","_kad_post_content_style":"","_kad_post_vertical_padding":"","_kad_post_feature":"","_kad_post_feature_position":"","_kad_post_header":false,"_kad_post_footer":false,"_kad_post_classname":""},"product_brand":[],"product_cat":[14302],"product_tag":[],"class_list":{"0":"post-102841","1":"product","2":"type-product","3":"status-publish","5":"product_cat-sac-fircasi-ve-tarak-sac-bakimi-kozmetik-sac-fircasi-ve-tarak-sac-bakimi-kozmetik","7":"first","8":"instock","9":"purchasable","10":"product-type-simple","11":"entry","12":"content-bg","13":"loop-entry"},"_links":{"self":[{"href":"https:\/\/www.hediyepazar.com\/index.php?rest_route=\/wp\/v2\/product\/102841","targetHints":{"allow":["GET"]}}],"collection":[{"href":"https:\/\/www.hediyepazar.com\/index.php?rest_route=\/wp\/v2\/product"}],"about":[{"href":"https:\/\/www.hediyepazar.com\/index.php?rest_route=\/wp\/v2\/types\/product"}],"replies":[{"embeddable":true,"href":"https:\/\/www.hediyepazar.com\/index.php?rest_route=%2Fwp%2Fv2%2Fcomments&post=102841"}],"wp:attachment":[{"href":"https:\/\/www.hediyepazar.com\/index.php?rest_route=%2Fwp%2Fv2%2Fmedia&parent=102841"}],"wp:term":[{"taxonomy":"product_brand","embeddable":true,"href":"https:\/\/www.hediyepazar.com\/index.php?rest_route=%2Fwp%2Fv2%2Fproduct_brand&post=102841"},{"taxonomy":"product_cat","embeddable":true,"href":"https:\/\/www.hediyepazar.com\/index.php?rest_route=%2Fwp%2Fv2%2Fproduct_cat&post=102841"},{"taxonomy":"product_tag","embeddable":true,"href":"https:\/\/www.hediyepazar.com\/index.php?rest_route=%2Fwp%2Fv2%2Fproduct_tag&post=102841"}],"curies":[{"name":"wp","href":"https:\/\/api.w.org\/{rel}","templated":true}]}}