{"id":102843,"date":"2026-05-04T08:20:58","date_gmt":"2026-05-04T11:20:58","guid":{"rendered":"https:\/\/www.hediyepazar.com\/?product=turk-capa-tarak-fransiz-tip-2-adet"},"modified":"2026-05-04T08:20:58","modified_gmt":"2026-05-04T11:20:58","slug":"turk-capa-tarak-fransiz-tip-2-adet","status":"publish","type":"product","link":"https:\/\/www.hediyepazar.com\/?product=turk-capa-tarak-fransiz-tip-2-adet","title":{"rendered":"Turk \u00c7apa Tarak Frans\u0131z Tip 2 ADET"},"content":{"rendered":"<p>\t<strong>\u00dcr\u00fcn \u00d6zellikleri :\u00a0<\/strong><\/p>\n<p>\t<strong>AKSESUARLAR \u00dcR\u00dcNE DAH\u0130L DE\u011e\u0130LD\u0130R.\u00a0<\/strong><br \/>\t\u00a0<br \/>\t<strong>NE G\u00d6NDER\u0130YORUZ ? <\/strong> 2 ADET, 11 X 5 CM \u00d6L\u00c7\u00dcLER\u0130NDE Frans\u0131z tip \u00e7apa tarak g\u00f6nderiyoruz. Renk birebir g\u00f6nderilir ve s\u00fcrpriz ya\u015famazs\u0131n\u0131z.<\/p>\n<p>\tKuru veya \u0131slak, seyrek veya \u00e7ok yo\u011fun sa\u00e7larda g\u00fcnl\u00fck kullan\u0131m i\u00e7indir. Ta\u015f\u0131nabilir Tarak, sa\u00e7a ve deriye zarar vermeden kesikleri ve kepekleri giderir,<\/p>\n<p>\t<strong>4 ADET : Hem \u00e7antan\u0131zda ta\u015f\u0131man\u0131z hem evinizde kullanman\u0131z i\u00e7imn ekonomik paket olu\u015fturduk\u00a0<\/strong><\/p>\n<p>\t<strong>PRAT\u0130K VE ERGONOM\u0130K : <\/strong> Cep f\u0131r\u00e7as\u0131n\u0131n ta\u015f\u0131nmas\u0131 kolayd\u0131r ve size y\u00fck olmaz, ev, ofis ve \u00f6zellikle seyahat veya vitrin al\u0131\u015fveri\u015fi i\u00e7in pratik bir ara\u00e7t\u0131r<\/p>\n<p>\t<strong>GEN\u0130\u015e KULLANIM ALANI : <\/strong>\u015eampuan tara\u011f\u0131, masajl\u0131 sa\u00e7 f\u0131r\u00e7as\u0131 tara\u011f\u0131 veya cep tara\u011f\u0131 vb. olarak kullanabilirsiniz; Tarak, k\u0131sa ve k\u0131v\u0131rc\u0131k sa\u00e7lar dahil \u00e7o\u011fu sa\u00e7 modeli i\u00e7in uygundur,<\/p>\n<p>\t<strong>M\u00dcKEMMEL SATI\u015e SONRASI H\u0130ZMET : <\/strong>Turk \/ Turk m\u00fc\u015fterilerimize en iyi hizmeti sunmay\u0131 ama\u00e7l\u0131yor ve resimde belirtilen renk, ebat, \u00f6zelikte \u00fcr\u00fcn g\u00f6ndermeyi taahh\u00fct ediyoruz. G\u00fcvenle sat\u0131n alabilirsiniz. Hasarl\u0131 \u00fcr\u00fcn ald\u0131ysan\u0131z veya di\u011fer \u00fcr\u00fcn ve paket teslimat sorunlar\u0131 oldu\u011funda bizimle ileti\u015fime ge\u00e7mekten \u00e7ekinmeyin.<\/p>\n","protected":false},"excerpt":{"rendered":"<p>\u00dcr\u00fcn \u00d6zellikleri :\u00a0 AKSESUARLAR \u00dcR\u00dcNE DAH\u0130L DE\u011e\u0130LD\u0130R.\u00a0 \u00a0 NE G\u00d6NDER\u0130YORUZ ? 2 ADET, 11 X 5 CM \u00d6L\u00c7\u00dcLER\u0130NDE Frans\u0131z tip \u00e7apa tarak g\u00f6nderiyoruz. Renk birebir g\u00f6nderilir ve s\u00fcrpriz ya\u015famazs\u0131n\u0131z. Kuru veya \u0131slak, seyrek veya \u00e7ok yo\u011fun sa\u00e7larda g\u00fcnl\u00fck kullan\u0131m i\u00e7indir. Ta\u015f\u0131nabilir Tarak, sa\u00e7a ve deriye zarar vermeden kesikleri ve kepekleri giderir, 4 ADET : Hem&#8230;<\/p>\n","protected":false},"featured_media":102842,"comment_status":"open","ping_status":"closed","template":"","meta":{"_kad_post_transparent":"","_kad_post_title":"","_kad_post_layout":"","_kad_post_sidebar_id":"","_kad_post_content_style":"","_kad_post_vertical_padding":"","_kad_post_feature":"","_kad_post_feature_position":"","_kad_post_header":false,"_kad_post_footer":false,"_kad_post_classname":""},"product_brand":[],"product_cat":[14302],"product_tag":[],"class_list":{"0":"post-102843","1":"product","2":"type-product","3":"status-publish","4":"has-post-thumbnail","6":"product_cat-sac-fircasi-ve-tarak-sac-bakimi-kozmetik-sac-fircasi-ve-tarak-sac-bakimi-kozmetik","8":"first","9":"instock","10":"purchasable","11":"product-type-simple","12":"entry","13":"content-bg","14":"loop-entry"},"_links":{"self":[{"href":"https:\/\/www.hediyepazar.com\/index.php?rest_route=\/wp\/v2\/product\/102843","targetHints":{"allow":["GET"]}}],"collection":[{"href":"https:\/\/www.hediyepazar.com\/index.php?rest_route=\/wp\/v2\/product"}],"about":[{"href":"https:\/\/www.hediyepazar.com\/index.php?rest_route=\/wp\/v2\/types\/product"}],"replies":[{"embeddable":true,"href":"https:\/\/www.hediyepazar.com\/index.php?rest_route=%2Fwp%2Fv2%2Fcomments&post=102843"}],"wp:featuredmedia":[{"embeddable":true,"href":"https:\/\/www.hediyepazar.com\/index.php?rest_route=\/wp\/v2\/media\/102842"}],"wp:attachment":[{"href":"https:\/\/www.hediyepazar.com\/index.php?rest_route=%2Fwp%2Fv2%2Fmedia&parent=102843"}],"wp:term":[{"taxonomy":"product_brand","embeddable":true,"href":"https:\/\/www.hediyepazar.com\/index.php?rest_route=%2Fwp%2Fv2%2Fproduct_brand&post=102843"},{"taxonomy":"product_cat","embeddable":true,"href":"https:\/\/www.hediyepazar.com\/index.php?rest_route=%2Fwp%2Fv2%2Fproduct_cat&post=102843"},{"taxonomy":"product_tag","embeddable":true,"href":"https:\/\/www.hediyepazar.com\/index.php?rest_route=%2Fwp%2Fv2%2Fproduct_tag&post=102843"}],"curies":[{"name":"wp","href":"https:\/\/api.w.org\/{rel}","templated":true}]}}