{"id":102844,"date":"2026-05-04T08:21:23","date_gmt":"2026-05-04T11:21:23","guid":{"rendered":"https:\/\/www.hediyepazar.com\/?product=turk-genis-disli-masaj-etkili-sac-acma-taragi"},"modified":"2026-05-04T08:21:23","modified_gmt":"2026-05-04T11:21:23","slug":"turk-genis-disli-masaj-etkili-sac-acma-taragi","status":"publish","type":"product","link":"https:\/\/www.hediyepazar.com\/?product=turk-genis-disli-masaj-etkili-sac-acma-taragi","title":{"rendered":"Turk Geni\u015f Di\u015fli Masaj Etkili Sa\u00e7 A\u00e7ma Tara\u011f\u0131"},"content":{"rendered":"<p>\n\tRenk : BUZLU BEYAZ (S\u00fcrpriz ya\u015famaman\u0131z i\u00e7in birebir g\u00f6nderiyoruz.)<\/p>\n<p>\n\tMateryal : Karbon Plastik\u00a0<\/p>\n<p>\n\t1 Adet<\/p>\n<p>\t\u00d6l\u00e7\u00fcler (bir cep telefonu ortalama 16 cm&#8217;dir. K\u0131yaslaman\u0131z i\u00e7in kolayl\u0131k de\u011fil mi?) :\u00a0 23,5 x 6 cm<\/p>\n<p>\t\u00dcr\u00fcn A\u00e7\u0131klamas\u0131 :  K\u0131v\u0131rc\u0131k ve Dalgal\u0131 Sa\u00e7lar \u0130\u00e7in \u00d6zel Tasar\u0131m \u2013 Esnek ve ergonomik yap\u0131s\u0131 sayesinde sa\u00e7lar\u0131 k\u0131rmadan kolayca tarar.  Dola\u015f\u0131kl\u0131klar\u0131 A\u00e7an \u00d6zel Yap\u0131 \u2013 Sa\u00e7lar\u0131n\u0131za zarar vermeden rahat bir tarama deneyimi sunar.  Masaj Etkisi \u2013 Tarama s\u0131ras\u0131nda sa\u00e7 derinize hafif masaj yaparak kan dola\u015f\u0131m\u0131n\u0131 art\u0131r\u0131r.  \u015eekillendirici \u00d6zelli\u011fi \u2013 Sa\u00e7lar\u0131n\u0131z\u0131 do\u011fal bukleler halinde \u015fekillendirmenize yard\u0131mc\u0131 olur.  Islak ve Kuru Kullan\u0131ma Uygun \u2013 Du\u015f sonras\u0131 ya da kuru sa\u00e7larda rahatl\u0131kla kullan\u0131labilir.<\/p>\n<p>\tM\u00dcKEMMEL SATI\u015e SONRASI H\u0130ZMET : Bu \u00fcr\u00fcne daha avantajl\u0131 sahip olabilmeniz i\u00e7in ma\u011fazam\u0131z\u0131 ziyaret ederek, kampanyalar\u0131 inceleyebilirsiniz. HSNET \/ HSNET olarak m\u00fc\u015fterilerimize en iyi hizmeti sunmay\u0131 ama\u00e7l\u0131yor, g\u00fcvenle sat\u0131n alabilmeniz i\u00e7in, ambalaj kalitemize g\u00fcveniyor, her \u00fcr\u00fcn sorunsuz teslimat i\u00e7in \u00f6zenle paketliyor ve resimde belirtilen renk, ebat, \u00f6zelikte \u00fcr\u00fcn g\u00f6ndermeyi taahh\u00fct ediyoruz. Hasarl\u0131 \u00fcr\u00fcn ald\u0131ysan\u0131z veya di\u011fer \u00fcr\u00fcn ve paket teslimat sorunlar\u0131 oldu\u011funda bizimle ileti\u015fime ge\u00e7mekten \u00e7ekinmeyin.<\/p>\n<p>\tDetayl\u0131 bilgi i\u00e7in ek resimleri inceleyebilirsiniz<br \/>\n\t<img decoding=\"async\"  src=\"https:\/\/hepsicdn.com.tr\/static\/product_detail\/hbnet2c1285c4_4872201.jpg\"><\/p>\n","protected":false},"excerpt":{"rendered":"<p>Renk : BUZLU BEYAZ (S\u00fcrpriz ya\u015famaman\u0131z i\u00e7in birebir g\u00f6nderiyoruz.) Materyal : Karbon Plastik\u00a0 1 Adet \u00d6l\u00e7\u00fcler (bir cep telefonu ortalama 16 cm&#8217;dir. K\u0131yaslaman\u0131z i\u00e7in kolayl\u0131k de\u011fil mi?) :\u00a0 23,5 x 6 cm \u00dcr\u00fcn A\u00e7\u0131klamas\u0131 : K\u0131v\u0131rc\u0131k ve Dalgal\u0131 Sa\u00e7lar \u0130\u00e7in \u00d6zel Tasar\u0131m \u2013 Esnek ve ergonomik yap\u0131s\u0131 sayesinde sa\u00e7lar\u0131 k\u0131rmadan kolayca tarar. Dola\u015f\u0131kl\u0131klar\u0131 A\u00e7an \u00d6zel&#8230;<\/p>\n","protected":false},"featured_media":0,"comment_status":"open","ping_status":"closed","template":"","meta":{"_kad_post_transparent":"","_kad_post_title":"","_kad_post_layout":"","_kad_post_sidebar_id":"","_kad_post_content_style":"","_kad_post_vertical_padding":"","_kad_post_feature":"","_kad_post_feature_position":"","_kad_post_header":false,"_kad_post_footer":false,"_kad_post_classname":""},"product_brand":[],"product_cat":[14302],"product_tag":[],"class_list":{"0":"post-102844","1":"product","2":"type-product","3":"status-publish","5":"product_cat-sac-fircasi-ve-tarak-sac-bakimi-kozmetik-sac-fircasi-ve-tarak-sac-bakimi-kozmetik","7":"first","8":"instock","9":"purchasable","10":"product-type-simple","11":"entry","12":"content-bg","13":"loop-entry"},"_links":{"self":[{"href":"https:\/\/www.hediyepazar.com\/index.php?rest_route=\/wp\/v2\/product\/102844","targetHints":{"allow":["GET"]}}],"collection":[{"href":"https:\/\/www.hediyepazar.com\/index.php?rest_route=\/wp\/v2\/product"}],"about":[{"href":"https:\/\/www.hediyepazar.com\/index.php?rest_route=\/wp\/v2\/types\/product"}],"replies":[{"embeddable":true,"href":"https:\/\/www.hediyepazar.com\/index.php?rest_route=%2Fwp%2Fv2%2Fcomments&post=102844"}],"wp:attachment":[{"href":"https:\/\/www.hediyepazar.com\/index.php?rest_route=%2Fwp%2Fv2%2Fmedia&parent=102844"}],"wp:term":[{"taxonomy":"product_brand","embeddable":true,"href":"https:\/\/www.hediyepazar.com\/index.php?rest_route=%2Fwp%2Fv2%2Fproduct_brand&post=102844"},{"taxonomy":"product_cat","embeddable":true,"href":"https:\/\/www.hediyepazar.com\/index.php?rest_route=%2Fwp%2Fv2%2Fproduct_cat&post=102844"},{"taxonomy":"product_tag","embeddable":true,"href":"https:\/\/www.hediyepazar.com\/index.php?rest_route=%2Fwp%2Fv2%2Fproduct_tag&post=102844"}],"curies":[{"name":"wp","href":"https:\/\/api.w.org\/{rel}","templated":true}]}}