{"id":102845,"date":"2026-05-04T08:22:19","date_gmt":"2026-05-04T11:22:19","guid":{"rendered":"https:\/\/www.hediyepazar.com\/?product=turk-metal-disli-masaj-etkili-sac-acma-taragi"},"modified":"2026-05-04T08:22:19","modified_gmt":"2026-05-04T11:22:19","slug":"turk-metal-disli-masaj-etkili-sac-acma-taragi","status":"publish","type":"product","link":"https:\/\/www.hediyepazar.com\/?product=turk-metal-disli-masaj-etkili-sac-acma-taragi","title":{"rendered":"Turk Metal Di\u015fli Masaj Etkili Sa\u00e7 A\u00e7ma Tara\u011f\u0131"},"content":{"rendered":"<p>\n\tRenk : S\u0130YAH (S\u00fcrpriz ya\u015famaman\u0131z i\u00e7in birebir g\u00f6nderiyoruz.)<\/p>\n<p>\n\tMateryal : Metal di\u015fli, dayan\u0131kl\u0131 plastik g\u00f6vde<br \/>\n\t\u00a0<br \/>\n\t1 Adet<\/p>\n<p>\t\u00d6l\u00e7\u00fcler (bir cep telefonu ortalama 16 cm&#8217;dir. K\u0131yaslaman\u0131z i\u00e7in kolayl\u0131k de\u011fil mi?) : 25 x 7 cm<\/p>\n<p>\t\u00dcr\u00fcn A\u00e7\u0131klamas\u0131 :<br \/>\n\tProfesyonel Sa\u00e7 A\u00e7ma Tara\u011f\u0131 \u2013 Metal di\u015fleri sayesinde sa\u00e7lar\u0131n\u0131za nazik\u00e7e masaj yaparak dola\u015f\u0131kl\u0131klar\u0131 kolayca a\u00e7ar.<br \/>\n\tSa\u00e7 Derisi Masaj\u0131 \u2013 Sa\u00e7 diplerine hafif bas\u0131n\u00e7 uygulayarak kan dola\u015f\u0131m\u0131n\u0131 art\u0131r\u0131r ve sa\u011fl\u0131kl\u0131 sa\u00e7 b\u00fcy\u00fcmesini destekler.<br \/>\n\tGeni\u015f ve Ergonomik Tasar\u0131m \u2013 B\u00fcy\u00fck boyutlar\u0131 sayesinde uzun ve g\u00fcr sa\u00e7larda rahat kullan\u0131m sa\u011flar.<br \/>\n\tDayan\u0131kl\u0131 Malzeme \u2013 Metal di\u015fler ve sa\u011flam plastik g\u00f6vde uzun \u00f6m\u00fcrl\u00fc kullan\u0131m sunar.<br \/>\n\t\u00c7ok Y\u00f6nl\u00fc Kullan\u0131m \u2013 Evde, kuaf\u00f6rde veya berberlerde profesyonel sa\u00e7 \u015fekillendirme i\u00e7in ideal.<\/p>\n<p>\tM\u00dcKEMMEL SATI\u015e SONRASI H\u0130ZMET : Bu \u00fcr\u00fcne daha avantajl\u0131 sahip olabilmeniz i\u00e7in ma\u011fazam\u0131z\u0131 ziyaret ederek, kampanyalar\u0131 inceleyebilirsiniz. HSNET \/ HSNET olarak m\u00fc\u015fterilerimize en iyi hizmeti sunmay\u0131 ama\u00e7l\u0131yor, g\u00fcvenle sat\u0131n alabilmeniz i\u00e7in, ambalaj kalitemize g\u00fcveniyor, her \u00fcr\u00fcn sorunsuz teslimat i\u00e7in \u00f6zenle paketliyor ve resimde belirtilen renk, ebat, \u00f6zelikte \u00fcr\u00fcn g\u00f6ndermeyi taahh\u00fct ediyoruz. Hasarl\u0131 \u00fcr\u00fcn ald\u0131ysan\u0131z veya di\u011fer \u00fcr\u00fcn ve paket teslimat sorunlar\u0131 oldu\u011funda bizimle ileti\u015fime ge\u00e7mekten \u00e7ekinmeyin.<\/p>\n<p>\tDetayl\u0131 bilgi i\u00e7in ek resimleri inceleyebilirsiniz<br \/>\n\t<img decoding=\"async\"  src=\"https:\/\/hepsicdn.com.tr\/static\/product_detail\/hbnete13a6a5b_4872301.jpg\"><\/p>\n","protected":false},"excerpt":{"rendered":"<p>Renk : S\u0130YAH (S\u00fcrpriz ya\u015famaman\u0131z i\u00e7in birebir g\u00f6nderiyoruz.) Materyal : Metal di\u015fli, dayan\u0131kl\u0131 plastik g\u00f6vde \u00a0 1 Adet \u00d6l\u00e7\u00fcler (bir cep telefonu ortalama 16 cm&#8217;dir. K\u0131yaslaman\u0131z i\u00e7in kolayl\u0131k de\u011fil mi?) : 25 x 7 cm \u00dcr\u00fcn A\u00e7\u0131klamas\u0131 : Profesyonel Sa\u00e7 A\u00e7ma Tara\u011f\u0131 \u2013 Metal di\u015fleri sayesinde sa\u00e7lar\u0131n\u0131za nazik\u00e7e masaj yaparak dola\u015f\u0131kl\u0131klar\u0131 kolayca a\u00e7ar. Sa\u00e7 Derisi&#8230;<\/p>\n","protected":false},"featured_media":0,"comment_status":"open","ping_status":"closed","template":"","meta":{"_kad_post_transparent":"","_kad_post_title":"","_kad_post_layout":"","_kad_post_sidebar_id":"","_kad_post_content_style":"","_kad_post_vertical_padding":"","_kad_post_feature":"","_kad_post_feature_position":"","_kad_post_header":false,"_kad_post_footer":false,"_kad_post_classname":""},"product_brand":[],"product_cat":[14302],"product_tag":[],"class_list":{"0":"post-102845","1":"product","2":"type-product","3":"status-publish","5":"product_cat-sac-fircasi-ve-tarak-sac-bakimi-kozmetik-sac-fircasi-ve-tarak-sac-bakimi-kozmetik","7":"first","8":"instock","9":"purchasable","10":"product-type-simple","11":"entry","12":"content-bg","13":"loop-entry"},"_links":{"self":[{"href":"https:\/\/www.hediyepazar.com\/index.php?rest_route=\/wp\/v2\/product\/102845","targetHints":{"allow":["GET"]}}],"collection":[{"href":"https:\/\/www.hediyepazar.com\/index.php?rest_route=\/wp\/v2\/product"}],"about":[{"href":"https:\/\/www.hediyepazar.com\/index.php?rest_route=\/wp\/v2\/types\/product"}],"replies":[{"embeddable":true,"href":"https:\/\/www.hediyepazar.com\/index.php?rest_route=%2Fwp%2Fv2%2Fcomments&post=102845"}],"wp:attachment":[{"href":"https:\/\/www.hediyepazar.com\/index.php?rest_route=%2Fwp%2Fv2%2Fmedia&parent=102845"}],"wp:term":[{"taxonomy":"product_brand","embeddable":true,"href":"https:\/\/www.hediyepazar.com\/index.php?rest_route=%2Fwp%2Fv2%2Fproduct_brand&post=102845"},{"taxonomy":"product_cat","embeddable":true,"href":"https:\/\/www.hediyepazar.com\/index.php?rest_route=%2Fwp%2Fv2%2Fproduct_cat&post=102845"},{"taxonomy":"product_tag","embeddable":true,"href":"https:\/\/www.hediyepazar.com\/index.php?rest_route=%2Fwp%2Fv2%2Fproduct_tag&post=102845"}],"curies":[{"name":"wp","href":"https:\/\/api.w.org\/{rel}","templated":true}]}}