{"id":102850,"date":"2026-05-04T08:23:35","date_gmt":"2026-05-04T11:23:35","guid":{"rendered":"https:\/\/www.hediyepazar.com\/?product=turk-yildiz-torx-combination-9-parca-alyan-seti"},"modified":"2026-05-04T08:23:35","modified_gmt":"2026-05-04T11:23:35","slug":"turk-yildiz-torx-combination-9-parca-alyan-seti","status":"publish","type":"product","link":"https:\/\/www.hediyepazar.com\/?product=turk-yildiz-torx-combination-9-parca-alyan-seti","title":{"rendered":"Turk Y\u0131ld\u0131z Torx Combination 9 Par\u00e7a Alyan Seti"},"content":{"rendered":"<p>\n\t<span style=\"color:#ff0000;\"><strong>Spesifikasyonlar : <\/strong><\/span><\/p>\n<p>\n\t<span style=\"color:#008000;\"><strong>Renk : Resimdeki Renk-Desen Kombinasyonu birebir g\u00f6nderilir. <\/strong><\/span><\/p>\n<p>\n\t<span style=\"color:#ff0000;\"><strong>Materyal : s2 \u00e7elik &#8211; CRV<\/strong><\/span><\/p>\n<p>\n\t<span style=\"color:#ff0000;\"><strong>Adet : 9 lu set <\/strong><\/span><\/p>\n<p>\n\tU\u00e7 \u00f6zellikleri: T10, T15, T20, T25, T27, T30, T40, T45, T50<\/p>\n<p>\n\tTa\u015f\u0131nabilir plastik braket, g\u00fczel ve ta\u015f\u0131mas\u0131 kolay<br \/>\n\tAlt\u0131gen anahtar, \u00fcst\u00fcn performansa sahip Cr-V malzemeden yap\u0131lm\u0131\u015ft\u0131r<br \/>\n\tY\u00fczey kromdur &#8211; kaplama, paslanmas\u0131 kolay de\u011fil<br \/>\n\tIs\u0131l i\u015flem g\u00f6rm\u00fc\u015f S2 \u00e7elikten imal edilmi\u015ftir, manganez fosfat kaplamaya sahiptir ve uzun kollara ve hassas yivli u\u00e7lara sahiptir. Is\u0131l i\u015flem g\u00f6rm\u00fc\u015f S2 \u00e7eli\u011fi, krom vanadyumdan daha g\u00fc\u00e7l\u00fcd\u00fcr. Manganez fosfat kaplama korozyona dayan\u0131kl\u0131d\u0131r ve siyah<br \/>\n\tTorx u\u00e7lu geli\u015ftirilen alt\u0131gen anahtar, bu alt\u0131gen anahtar seti, arabalarda, mobilyalarda, ekipmanda ve daha fazlas\u0131nda bulunan lokma ba\u015fl\u0131 vidalar\u0131n \u00e7o\u011funu kolayca \u00e7\u0131karabilir ve takabilir. Ula\u015f\u0131lmas\u0131 zor alanlara daha kolay eri\u015fim sa\u011flar ve her a\u00e7\u0131dan ayarlamay\u0131 kolayla\u015ft\u0131r\u0131r.<br \/>\n\tTam olarak boyutland\u0131r\u0131lm\u0131\u015f, yivli u\u00e7lar, ba\u011flant\u0131 eleman\u0131 kafas\u0131na sorunsuz bir \u015fekilde yerle\u015ferek a\u015f\u0131nmay\u0131 azalt\u0131r. Alyan anahtarlar\u0131, herhangi bir amat\u00f6r veya profesyonel i\u00e7in en b\u00fcy\u00fck ara\u00e7lard\u0131r. Bisikletler, mobilyalar, motosikletler, rc arabalar, makineler, ara\u00e7lar, silahlar vb. \u00fczerinde \u00e7al\u0131\u015fmak i\u00e7in m\u00fckemmeldirler.<br \/>\n\tDETAYLI B\u0130LG\u0130 \u0130\u00c7\u0130N EK RES\u0130MLER\u0130 \u0130NCELEYEB\u0130L\u0130RS\u0130N\u0130Z.<br \/>\n\t<img decoding=\"async\"  src=\"https:\/\/hepsicdn.com.tr\/static\/product_detail\/hbnetf32c9806_4873201.webp\"><\/p>\n","protected":false},"excerpt":{"rendered":"<p>Spesifikasyonlar : Renk : Resimdeki Renk-Desen Kombinasyonu birebir g\u00f6nderilir. Materyal : s2 \u00e7elik &#8211; CRV Adet : 9 lu set U\u00e7 \u00f6zellikleri: T10, T15, T20, T25, T27, T30, T40, T45, T50 Ta\u015f\u0131nabilir plastik braket, g\u00fczel ve ta\u015f\u0131mas\u0131 kolay Alt\u0131gen anahtar, \u00fcst\u00fcn performansa sahip Cr-V malzemeden yap\u0131lm\u0131\u015ft\u0131r Y\u00fczey kromdur &#8211; kaplama, paslanmas\u0131 kolay de\u011fil Is\u0131l i\u015flem&#8230;<\/p>\n","protected":false},"featured_media":102849,"comment_status":"open","ping_status":"closed","template":"","meta":{"_kad_post_transparent":"","_kad_post_title":"","_kad_post_layout":"","_kad_post_sidebar_id":"","_kad_post_content_style":"","_kad_post_vertical_padding":"","_kad_post_feature":"","_kad_post_feature_position":"","_kad_post_header":false,"_kad_post_footer":false,"_kad_post_classname":""},"product_brand":[],"product_cat":[14438],"product_tag":[],"class_list":{"0":"post-102850","1":"product","2":"type-product","3":"status-publish","4":"has-post-thumbnail","6":"product_cat-hirdavat-urunleri-yapi-market-bahce-yapi-market-ev-yasam-tork-ve-lokma-anahtar","8":"first","9":"instock","10":"purchasable","11":"product-type-simple","12":"entry","13":"content-bg","14":"loop-entry"},"_links":{"self":[{"href":"https:\/\/www.hediyepazar.com\/index.php?rest_route=\/wp\/v2\/product\/102850","targetHints":{"allow":["GET"]}}],"collection":[{"href":"https:\/\/www.hediyepazar.com\/index.php?rest_route=\/wp\/v2\/product"}],"about":[{"href":"https:\/\/www.hediyepazar.com\/index.php?rest_route=\/wp\/v2\/types\/product"}],"replies":[{"embeddable":true,"href":"https:\/\/www.hediyepazar.com\/index.php?rest_route=%2Fwp%2Fv2%2Fcomments&post=102850"}],"wp:featuredmedia":[{"embeddable":true,"href":"https:\/\/www.hediyepazar.com\/index.php?rest_route=\/wp\/v2\/media\/102849"}],"wp:attachment":[{"href":"https:\/\/www.hediyepazar.com\/index.php?rest_route=%2Fwp%2Fv2%2Fmedia&parent=102850"}],"wp:term":[{"taxonomy":"product_brand","embeddable":true,"href":"https:\/\/www.hediyepazar.com\/index.php?rest_route=%2Fwp%2Fv2%2Fproduct_brand&post=102850"},{"taxonomy":"product_cat","embeddable":true,"href":"https:\/\/www.hediyepazar.com\/index.php?rest_route=%2Fwp%2Fv2%2Fproduct_cat&post=102850"},{"taxonomy":"product_tag","embeddable":true,"href":"https:\/\/www.hediyepazar.com\/index.php?rest_route=%2Fwp%2Fv2%2Fproduct_tag&post=102850"}],"curies":[{"name":"wp","href":"https:\/\/api.w.org\/{rel}","templated":true}]}}