{"id":102860,"date":"2026-05-04T08:23:52","date_gmt":"2026-05-04T11:23:52","guid":{"rendered":"https:\/\/www.hediyepazar.com\/?product=turk-klozet-kapagi-kilifi-hijyenik-tek-kullanimlik-100-adet"},"modified":"2026-05-04T08:23:52","modified_gmt":"2026-05-04T11:23:52","slug":"turk-klozet-kapagi-kilifi-hijyenik-tek-kullanimlik-100-adet","status":"publish","type":"product","link":"https:\/\/www.hediyepazar.com\/?product=turk-klozet-kapagi-kilifi-hijyenik-tek-kullanimlik-100-adet","title":{"rendered":"Turk Klozet Kapa\u011f\u0131 K\u0131l\u0131f\u0131 Hijyenik Tek Kullan\u0131ml\u0131k 100 ADET"},"content":{"rendered":"<p>\n\t<strong>\u00dcr\u00fcn \u00d6zellikleri : <\/strong><\/p>\n<p>\t<strong>Adet : 100\u00a0<\/strong>Adet<\/p>\n<p>\t<strong>\u00d6l\u00e7\u00fcler (bir cep telefonu ortalama 16 cm dir. K\u0131yaslaman\u0131z i\u00e7in kolayl\u0131k de\u011fil mi ? ) : %99 oran\u0131nda klozet kapaklar\u0131na uyumlu tasarlanm\u0131\u015ft\u0131r.\u00a0 48 x 40 cm\u00a0<\/strong><\/p>\n<p>\n\tTEK KULLANIMLIK VE H\u0130JYEN\u0130K: Tuvalet koltuk k\u0131l\u0131flar\u0131 tek kullan\u0131ml\u0131kt\u0131r, m\u00fckemmel tuvalet koltuk k\u0131l\u0131f\u0131 yeti\u015fkinler ve \u00e7ocuklar\u0131 i\u00e7in hareket halindeyken m\u00fckemmeldir; ayr\u0131ca laz\u0131ml\u0131k e\u011fitimine yard\u0131mc\u0131 olmas\u0131 i\u00e7in evde kullanmay\u0131 deneyebilirsiniz.<\/p>\n<p>\tSU GE\u00c7\u0130RMEZ ve KAYMAZ: Koltuk koruyucular\u0131 PE malzemeden ve su ge\u00e7irmez \u015fekilde \u00fcretilmi\u015ftir; klozet kapa\u011f\u0131 k\u0131l\u0131flar\u0131, klozet kapa\u011f\u0131na yerle\u015ftirildi\u011finden kaymaz , b\u00f6ylece d\u00fc\u015fmez, aileniz i\u00e7in koruma sa\u011flar.<\/p>\n<p>\tAKILLI SEYAHAT KULLANIMI: Tuvalet koltuk k\u0131l\u0131flar\u0131 seyahat ederken ve halka a\u00e7\u0131k tuvaletleri kullan\u0131rken de harikad\u0131r! Bunlar\u0131 tatile veya u\u00e7a\u011fa g\u00f6t\u00fcr\u00fcn veya a\u00e7\u0131k hava etkinliklerinde kullan\u0131n.<\/p>\n<p>\tCep tasar\u0131m\u0131 tamamen izole edilmi\u015ftir, kaymaz ve d\u00fc\u015fmez, kokusuzdur ve kullan\u0131m\u0131 g\u00fcvenlidir. Katlanabilir ve hafif, t\u0131pk\u0131 bir cep boyutu gibi. Ceplere, omuz \u00e7antalar\u0131na, s\u0131rt \u00e7antalar\u0131na, i\u015f \u00e7antalar\u0131na veya seyahat \u00e7antalar\u0131na kolayca s\u0131\u011far.<\/p>\n<p>\tYumu\u015fak dokunu\u015flu ve rahat, dayan\u0131kl\u0131, ta\u015f\u0131nabilir, yeniden kullan\u0131labilir ve ak\u0131ll\u0131ca tasarlanm\u0131\u015f, g\u00f6r\u00fcn\u00fcm\u00fc \u00e7o\u011fu banyo dekoruna uyar ve evinize daha fazla ne\u015fe getirir.<\/p>\n<p>\n\t<strong>M\u00dcKEMMEL SATI\u015e SONRASI H\u0130ZMET : <\/strong>Bu \u00fcr\u00fcne daha avantajl\u0131 sahip olabilmeniz i\u00e7in ma\u011fazam\u0131z\u0131 ziyaret ederek, kampanyalar\u0131 inceleyebilirsiniz. HSNET \/ HSNET olarak m\u00fc\u015fterilerimize en iyi hizmeti sunmay\u0131 ama\u00e7l\u0131yor, g\u00fcvenle sat\u0131n alabilmeniz i\u00e7in, ambalaj kalitemize g\u00fcveniyor, her \u00fcr\u00fcn sorunsuz teslimat i\u00e7in \u00f6zenle paketliyor ve resimde belirtilen renk, ebat, \u00f6zelikte \u00fcr\u00fcn g\u00f6ndermeyi taahh\u00fct ediyoruz. Hasarl\u0131 \u00fcr\u00fcn ald\u0131ysan\u0131z veya di\u011fer \u00fcr\u00fcn ve paket teslimat sorunlar\u0131 oldu\u011funda bizimle ileti\u015fime ge\u00e7mekten \u00e7ekinmeyin.<\/p>\n<p>\n\t<strong>Detayl\u0131 bilgi i\u00e7in ek resimleri inceleyebilirsiniz<\/strong><\/p>\n<p><\/p>\n<p>\n\t<strong><img decoding=\"async\"  src=\"https:\/\/hepsicdn.com.tr\/static\/product_detail\/hbnetb17095ea_4873901.jpg\"><\/strong><\/p>\n<p>\n\t\u00a0<\/p>\n","protected":false},"excerpt":{"rendered":"<p>\u00dcr\u00fcn \u00d6zellikleri : Adet : 100\u00a0Adet \u00d6l\u00e7\u00fcler (bir cep telefonu ortalama 16 cm dir. K\u0131yaslaman\u0131z i\u00e7in kolayl\u0131k de\u011fil mi ? ) : %99 oran\u0131nda klozet kapaklar\u0131na uyumlu tasarlanm\u0131\u015ft\u0131r.\u00a0 48 x 40 cm\u00a0 TEK KULLANIMLIK VE H\u0130JYEN\u0130K: Tuvalet koltuk k\u0131l\u0131flar\u0131 tek kullan\u0131ml\u0131kt\u0131r, m\u00fckemmel tuvalet koltuk k\u0131l\u0131f\u0131 yeti\u015fkinler ve \u00e7ocuklar\u0131 i\u00e7in hareket halindeyken m\u00fckemmeldir; ayr\u0131ca laz\u0131ml\u0131k e\u011fitimine&#8230;<\/p>\n","protected":false},"featured_media":102859,"comment_status":"open","ping_status":"closed","template":"","meta":{"_kad_post_transparent":"","_kad_post_title":"","_kad_post_layout":"","_kad_post_sidebar_id":"","_kad_post_content_style":"","_kad_post_vertical_padding":"","_kad_post_feature":"","_kad_post_feature_position":"","_kad_post_header":false,"_kad_post_footer":false,"_kad_post_classname":""},"product_brand":[],"product_cat":[14289],"product_tag":[],"class_list":{"0":"post-102860","1":"product","2":"type-product","3":"status-publish","4":"has-post-thumbnail","6":"product_cat-diger-saglik-urunleri-genel-saglik-saglik-supermarket-diger-saglik-urunleri","8":"first","9":"instock","10":"purchasable","11":"product-type-simple","12":"entry","13":"content-bg","14":"loop-entry"},"_links":{"self":[{"href":"https:\/\/www.hediyepazar.com\/index.php?rest_route=\/wp\/v2\/product\/102860","targetHints":{"allow":["GET"]}}],"collection":[{"href":"https:\/\/www.hediyepazar.com\/index.php?rest_route=\/wp\/v2\/product"}],"about":[{"href":"https:\/\/www.hediyepazar.com\/index.php?rest_route=\/wp\/v2\/types\/product"}],"replies":[{"embeddable":true,"href":"https:\/\/www.hediyepazar.com\/index.php?rest_route=%2Fwp%2Fv2%2Fcomments&post=102860"}],"wp:featuredmedia":[{"embeddable":true,"href":"https:\/\/www.hediyepazar.com\/index.php?rest_route=\/wp\/v2\/media\/102859"}],"wp:attachment":[{"href":"https:\/\/www.hediyepazar.com\/index.php?rest_route=%2Fwp%2Fv2%2Fmedia&parent=102860"}],"wp:term":[{"taxonomy":"product_brand","embeddable":true,"href":"https:\/\/www.hediyepazar.com\/index.php?rest_route=%2Fwp%2Fv2%2Fproduct_brand&post=102860"},{"taxonomy":"product_cat","embeddable":true,"href":"https:\/\/www.hediyepazar.com\/index.php?rest_route=%2Fwp%2Fv2%2Fproduct_cat&post=102860"},{"taxonomy":"product_tag","embeddable":true,"href":"https:\/\/www.hediyepazar.com\/index.php?rest_route=%2Fwp%2Fv2%2Fproduct_tag&post=102860"}],"curies":[{"name":"wp","href":"https:\/\/api.w.org\/{rel}","templated":true}]}}