{"id":102861,"date":"2026-05-04T08:24:15","date_gmt":"2026-05-04T11:24:15","guid":{"rendered":"https:\/\/www.hediyepazar.com\/?product=turk-metal-toka-sac-pensi-24-adet"},"modified":"2026-05-04T08:24:15","modified_gmt":"2026-05-04T11:24:15","slug":"turk-metal-toka-sac-pensi-24-adet","status":"publish","type":"product","link":"https:\/\/www.hediyepazar.com\/?product=turk-metal-toka-sac-pensi-24-adet","title":{"rendered":"Turk Metal Toka Sa\u00e7 Pensi 24 ADET"},"content":{"rendered":"<p>\n\t<strong>\u00dcr\u00fcn \u00d6zellikleri : <\/strong><\/p>\n<p>\n\t<strong>Renk : Resimdeki Silver Renk\/tasar\u0131m birebir g\u00f6nderilir ve s\u00fcrpriz ya\u015famazs\u0131n\u0131z.<\/strong><\/p>\n<p>\n\t<strong>Materyal : Al\u00fcminyum <\/strong><\/p>\n<p>\n\t<strong>Adet : 24<\/strong><\/p>\n<p>\n\t<strong>\u00d6l\u00e7\u00fcler : 5 cm <\/strong><\/p>\n<p>\n\t<strong>AL\u00dcM\u0130NYUM MATERYAL :<\/strong> Bu tokalar, p\u00fcr\u00fczs\u00fcz y\u00fczeyli kaliteli metalden yap\u0131lm\u0131\u015ft\u0131r; Paslanmalar\u0131 ve a\u015f\u0131nmalar\u0131 kolay de\u011fildir, bu da onlar\u0131 uzun s\u00fcre kullanman\u0131za izin verir.<\/p>\n<p>\n\t<strong>KL\u0130PS TASARIMI :<\/strong> Benzersiz d\u0131\u015fb\u00fckey tasar\u0131m, sa\u00e7\u0131n\u0131z\u0131 kaymadan g\u00fcvenli bir \u015fekilde tutmak i\u00e7in iyidir; Ve alt k\u0131s\u0131mdaki metal k\u0131s\u0131m ince ama g\u00fc\u00e7l\u00fcd\u00fcr. Bu sa\u00e7 tokalar\u0131n\u0131n di\u015fleri yoktur, sa\u00e7\u0131n\u0131z\u0131 \u00e7izmeden iyi \u00e7al\u0131\u015fabilirler, bukleler olu\u015fturmak veya \u015fekillendirmek i\u00e7in uygundurlar.<\/p>\n<p>\n\t<strong>KOLAY KULLANIM :<\/strong> T\u00fcm sa\u00e7lar klipslerle sabitlenir ve sa\u00e7\u0131n kurumas\u0131 ve \u015fekillendirilmesi i\u00e7in yeterli zaman tan\u0131r; Ard\u0131ndan her bir klipsi \u00e7\u0131kar\u0131n ve g\u00f6z al\u0131c\u0131 bir g\u00f6r\u00fcn\u00fcm elde etmek i\u00e7in \u015fekillendirici bir tarakla i\u011fne buklelerini nazik\u00e7e taray\u0131n<br \/>\n\t<strong>Ekran fark\u0131 nedeniyle, renk tonlar\u0131 %0,5 oran\u0131nda fark, Manuel \u00f6l\u00e7\u00fcm nedeniyle Milimetre fark olabilir. anlay\u0131\u015f g\u00f6stermenizi rica ederiz. <\/strong><\/p>\n<p>\n\tDETAYLI B\u0130LG\u0130 \u0130\u00c7\u0130N EK RES\u0130MLER\u0130 \u0130NCELEYEB\u0130L\u0130RS\u0130N\u0130Z.<br \/>\n\t<img decoding=\"async\"  src=\"https:\/\/hepsicdn.com.tr\/static\/product_detail\/hbnetf582043c_4874201.webp\"><\/p>\n","protected":false},"excerpt":{"rendered":"<p>\u00dcr\u00fcn \u00d6zellikleri : Renk : Resimdeki Silver Renk\/tasar\u0131m birebir g\u00f6nderilir ve s\u00fcrpriz ya\u015famazs\u0131n\u0131z. Materyal : Al\u00fcminyum Adet : 24 \u00d6l\u00e7\u00fcler : 5 cm AL\u00dcM\u0130NYUM MATERYAL : Bu tokalar, p\u00fcr\u00fczs\u00fcz y\u00fczeyli kaliteli metalden yap\u0131lm\u0131\u015ft\u0131r; Paslanmalar\u0131 ve a\u015f\u0131nmalar\u0131 kolay de\u011fildir, bu da onlar\u0131 uzun s\u00fcre kullanman\u0131za izin verir. KL\u0130PS TASARIMI : Benzersiz d\u0131\u015fb\u00fckey tasar\u0131m, sa\u00e7\u0131n\u0131z\u0131 kaymadan g\u00fcvenli&#8230;<\/p>\n","protected":false},"featured_media":0,"comment_status":"open","ping_status":"closed","template":"","meta":{"_kad_post_transparent":"","_kad_post_title":"","_kad_post_layout":"","_kad_post_sidebar_id":"","_kad_post_content_style":"","_kad_post_vertical_padding":"","_kad_post_feature":"","_kad_post_feature_position":"","_kad_post_header":false,"_kad_post_footer":false,"_kad_post_classname":""},"product_brand":[],"product_cat":[7813],"product_tag":[],"class_list":{"0":"post-102861","1":"product","2":"type-product","3":"status-publish","5":"product_cat-toka-tac-sac-bandi-toka-aksesuar-kadin-toka","7":"first","8":"instock","9":"purchasable","10":"product-type-simple","11":"entry","12":"content-bg","13":"loop-entry"},"_links":{"self":[{"href":"https:\/\/www.hediyepazar.com\/index.php?rest_route=\/wp\/v2\/product\/102861","targetHints":{"allow":["GET"]}}],"collection":[{"href":"https:\/\/www.hediyepazar.com\/index.php?rest_route=\/wp\/v2\/product"}],"about":[{"href":"https:\/\/www.hediyepazar.com\/index.php?rest_route=\/wp\/v2\/types\/product"}],"replies":[{"embeddable":true,"href":"https:\/\/www.hediyepazar.com\/index.php?rest_route=%2Fwp%2Fv2%2Fcomments&post=102861"}],"wp:attachment":[{"href":"https:\/\/www.hediyepazar.com\/index.php?rest_route=%2Fwp%2Fv2%2Fmedia&parent=102861"}],"wp:term":[{"taxonomy":"product_brand","embeddable":true,"href":"https:\/\/www.hediyepazar.com\/index.php?rest_route=%2Fwp%2Fv2%2Fproduct_brand&post=102861"},{"taxonomy":"product_cat","embeddable":true,"href":"https:\/\/www.hediyepazar.com\/index.php?rest_route=%2Fwp%2Fv2%2Fproduct_cat&post=102861"},{"taxonomy":"product_tag","embeddable":true,"href":"https:\/\/www.hediyepazar.com\/index.php?rest_route=%2Fwp%2Fv2%2Fproduct_tag&post=102861"}],"curies":[{"name":"wp","href":"https:\/\/api.w.org\/{rel}","templated":true}]}}