{"id":102864,"date":"2026-05-04T08:26:25","date_gmt":"2026-05-04T11:26:25","guid":{"rendered":"https:\/\/www.hediyepazar.com\/?product=turk-90-kullanim-kirpik-perma-lifting-kaldirma-seti"},"modified":"2026-05-04T08:26:25","modified_gmt":"2026-05-04T11:26:25","slug":"turk-90-kullanim-kirpik-perma-lifting-kaldirma-seti","status":"publish","type":"product","link":"https:\/\/www.hediyepazar.com\/?product=turk-90-kullanim-kirpik-perma-lifting-kaldirma-seti","title":{"rendered":"Turk 90 Kullan\u0131m Kirpik Perma Lifting Kald\u0131rma Seti"},"content":{"rendered":"<p>\n\t<strong>\u00dcr\u00fcn \u00d6zellikleri : <\/strong><\/p>\n<p>\t<strong>DEKOR AKSESUARLAR \u00dcR\u00dcNE DAH\u0130L DE\u011e\u0130LD\u0130R. <\/strong><\/p>\n<p>\t<strong>Adet\u00a0 \u00a0: <\/strong> 1 SET\u00a0<\/p>\n<p>\tNano Absolute Professional taraf\u0131ndan %100 Original kit olarak ithal edilmi\u015ftir.<\/p>\n<p>\n\tKendi evinizin rahatl\u0131\u011f\u0131nda profesyonel bir kirpik kald\u0131rma elde etmenize olanak tan\u0131r. Geleneksel kirpik k\u0131v\u0131r\u0131c\u0131lara elveda, uzun \u00f6m\u00fcrl\u00fc, do\u011fal g\u00f6r\u00fcn\u00fcml\u00fc k\u0131vr\u0131k kirpiklere merhaba deyin.<\/p>\n<p>\tBu perma seti \u00e7arp\u0131c\u0131 sonu\u00e7lar sunarak kirpiklerinize kalk\u0131k ve k\u0131vr\u0131k bir g\u00f6r\u00fcn\u00fcm kazand\u0131rarak g\u00f6zlerinizin daha a\u00e7\u0131k ve canl\u0131 g\u00f6r\u00fcnmesini sa\u011flar.<\/p>\n<p>\tHaftalarca kirpik kald\u0131rma i\u015fleminin etkilerinin tad\u0131n\u0131 \u00e7\u0131kar\u0131n. G\u00fcnl\u00fck k\u0131v\u0131rmaya gerek yok; kirpikleriniz ek bak\u0131m gerektirmeden g\u00fczel bir \u015fekilde kalk\u0131k kalacakt\u0131r.<\/p>\n<p>\tKit, istenen sonu\u00e7lara ula\u015fmay\u0131 basit ve kullan\u0131\u015fl\u0131 hale getiren ad\u0131m ad\u0131m talimatlar i\u00e7erir. Profesyonel bir salon ziyaretine gerek yok.<\/p>\n<p>\tHem yeni ba\u015flayanlar hem de deneyimli kullan\u0131c\u0131lar i\u00e7in uygun olan bu kit, ba\u015far\u0131l\u0131 bir kirpik kald\u0131rma i\u00e7in gereken t\u00fcm temel ara\u00e7lar\u0131 ve \u00e7\u00f6z\u00fcmleri i\u00e7erir. ><\/p>\n<p>\tKirpik k\u0131v\u0131r\u0131c\u0131lar \u00e7ok yap\u0131\u015fkand\u0131r ve kolay kullan\u0131m i\u00e7in bir \u00e7ekirdekle birlikte gelir.<br \/>\n\t\u0130lk Doz (Demir, Mavi 3): Kirpiklerinize do\u011fal, siyah ve parlak perma yap\u0131n.<br \/>\n\t\u0130kinci doz (sabitleyici, beyaz 3): Kirpik k\u0131v\u0131r\u0131c\u0131y\u0131 yakla\u015f\u0131k 3 ay saklay\u0131n.<br \/>\n\t\u00dc\u00e7\u00fcnc\u00fc DOZ (nemlendirici, 2 \u015feffaf renk): kirpiklerin i\u00e7 katman\u0131n\u0131 nemlendirme etkisine sahiptir.<br \/>\n\tD\u00f6rd\u00fcnc\u00fc doz (temizleyici, 2 sar\u0131): Kirpik k\u0131v\u0131r\u0131c\u0131n\u0131n kolayca \u00e7\u0131kar\u0131labilmesi i\u00e7in kirpik k\u0131v\u0131r\u0131c\u0131n\u0131n \u00fczerindeki yap\u0131\u015ft\u0131r\u0131c\u0131y\u0131 temizleyin.<\/p>\n<p>\tKullan\u0131m talimatlar\u0131: (Alerjik ciltlerde dikkatli kullan\u0131n)<br \/>\n\t1. \u00d6ncelikle kirpiklerinizi temizleyip kurulay\u0131n.<br \/>\n\t2. Kirpik uzunlu\u011funuza g\u00f6re uygun bir rulo se\u00e7in. (Kirpikleriniz uzunsa, do\u011fal bir k\u0131vr\u0131lma etkisi yaratmak i\u00e7in b\u00fcy\u00fck bir rulo kullanmal\u0131s\u0131n\u0131z. Uzunluk, ka\u011f\u0131t \u00fczerindeki kirpik f\u0131r\u00e7as\u0131yla ayn\u0131 olmal\u0131 veya rulo \u00fczerinde olmamal\u0131d\u0131r. Setteki rulo orta ve k\u0131sa i\u00e7in uygundur. kirpikler.Kullan\u0131m)<br \/>\n\t3. G\u00f6zlerinize uygulay\u0131n (alt kirpiklerinize bir miktar pamuk s\u00fcrmeniz, tercihen pamu\u011fu g\u00f6z kapaklar\u0131n\u0131zla nazik\u00e7e tutman\u0131z tavsiye edilir. G\u00f6z \u00e7evresindeki cilt ile do\u011frudan temas\u0131ndan ka\u00e7\u0131n\u0131n), ard\u0131ndan kirpikleri dikkatlice g\u00f6z\u00fcn\u00fcz\u00fcn topu\u011funa tak\u0131n. kirpiklerinizi ay\u0131r\u0131p g\u00f6z kapaklar\u0131n\u0131za yap\u0131\u015ft\u0131r\u0131n. (Bunun kirpiklerin \u00fcst k\u0131sm\u0131na yak\u0131n olmas\u0131 gerekti\u011fini unutmay\u0131n)<br \/>\n\t4. Kirpikleri ka\u011f\u0131t \u00fczerinde yukar\u0131 ve a\u015fa\u011f\u0131 \u00e7evirmek i\u00e7in bir k\u00fcrdan kullan\u0131n.<br \/>\n\t5. Kirpiklere uygulanan ilk dozu rulo \u00fczerinde pamuklu \u00e7ubukla \u00e7\u0131kar\u0131n, g\u00f6zleri plastik filmle sabitleyin, havluyla \u00f6rt\u00fcn ve k\u0131\u015f\u0131n s\u0131cak havlu kullan\u0131n. Biraz bekleyin (ince kirpikler 10-15 dakika, orta kirpikler 20 dakika, kal\u0131n kirpikler 25 dakika) ve ard\u0131ndan silin.<br \/>\n\t6. Kirpiklere uygulanan ikinci dozu rulo halinde \u00e7\u0131karmak i\u00e7in pamuklu \u00e7ubuk kullan\u0131n. Ayr\u0131ca g\u00f6zlerinizi plastik film ile sabitleyin, ard\u0131ndan bir havluyla \u00f6rt\u00fcn ve bir s\u00fcre bekleyin (ince kirpikler i\u00e7in 10-15 dakika, orta boy kirpikler i\u00e7in 15-18 dakika, kal\u0131n kirpikler i\u00e7in 18-20 dakika), ard\u0131ndan silin.<br \/>\n\t7. Kirpiklere uygulanan \u00fc\u00e7\u00fcnc\u00fc dozu rulo halinde \u00e7\u0131karmak i\u00e7in pamuklu \u00e7ubuk kullan\u0131n ve 3 dakika sonra silin.<br \/>\n\t8. D\u00f6rd\u00fcnc\u00fc dozu \u00e7\u0131karmak i\u00e7in pamuklu \u00e7ubuk kullan\u0131n ve sevimli g\u00fczel kirpikleri yakmak i\u00e7in ovalayarak ruloyu \u00e7\u0131kar\u0131n.<\/p>\n<p>\tD\u0130KKAT :<br \/>\n\t1. Kulland\u0131ktan sonra buzdolab\u0131na girmesini engellemeyin ve serin bir yere koyun.<br \/>\n\t2. Her bir ajan\u0131 alan pamuklu \u00e7ubuklar ayr\u0131lmal\u0131 ve kar\u0131\u015ft\u0131r\u0131lmamal\u0131d\u0131r. Pamuk \u00e7ubu\u011fu ilk dozu ald\u0131ktan sonra tekrar kullan\u0131lamaz.<br \/>\n\t3. \u0130lk dozu uygulamak i\u00e7in demir kullanmay\u0131n\u0131z.<br \/>\n\t4. Yanl\u0131\u015fl\u0131kla g\u00f6z\u00fcn\u00fcze ka\u00e7arsa, l\u00fctfen suni g\u00f6zya\u015flar\u0131yla veya dam\u0131t\u0131lm\u0131\u015f suyla y\u0131kay\u0131n.<br \/>\n\t5. Y\u00fcz\u00fcn\u00fcz\u00fc ancak ertesi g\u00fcn \u00fct\u00fcledikten sonra buharlayabilirsiniz. Do\u011fal buklelerinizin zarar g\u00f6rmemesi i\u00e7in 6 saat boyunca suya dokunulmamas\u0131 tavsiye edilir.<br \/>\n\t\u00a0<br \/>\n\tLosyonun kazara g\u00f6ze ka\u00e7mas\u0131 durumunda g\u00f6zleri su veya tuzlu su ile y\u0131kay\u0131n. 1 kit 90 DEFA kullan\u0131labilir<\/p>\n<p>\n\t1. Kulland\u0131ktan sonra buzdolab\u0131na girmesini engellemeyin ve serin bir yere koyun. 2. Her bir ajan\u0131 alan pamuklu \u00e7ubuklar ayr\u0131lmal\u0131 ve kar\u0131\u015ft\u0131r\u0131lmamal\u0131d\u0131r. Pamuk \u00e7ubu\u011fu ilk dozu ald\u0131ktan sonra tekrar kullan\u0131lamaz. 3. \u0130lk dozu uygulamak i\u00e7in demir kullanmay\u0131n\u0131z. 4. Yanl\u0131\u015fl\u0131kla g\u00f6z\u00fcn\u00fcze ka\u00e7arsa, l\u00fctfen suni g\u00f6zya\u015flar\u0131yla veya dam\u0131t\u0131lm\u0131\u015f suyla y\u0131kay\u0131n. 5. Y\u00fcz\u00fcn\u00fcz\u00fc ancak ertesi g\u00fcn \u00fct\u00fcledikten sonra buharlayabilirsiniz. Do\u011fal buklelerinizin zarar g\u00f6rmemesi i\u00e7in 6 saat boyunca suya dokunulmamas\u0131 tavsiye edilir.<\/p>\n<p>\n\t<strong>M\u00dcKEMMEL SATI\u015e SONRASI H\u0130ZMET : <\/strong>Bu \u00fcr\u00fcne daha avantajl\u0131 sahip olabilmeniz i\u00e7in ma\u011fazam\u0131z\u0131 ziyaret ederek, kampanyalar\u0131 inceleyebilirsiniz. HSNET \/ HSNET olarak m\u00fc\u015fterilerimize en iyi hizmeti sunmay\u0131 ama\u00e7l\u0131yor, g\u00fcvenle sat\u0131n alabilmeniz i\u00e7in, ambalaj kalitemize g\u00fcveniyor, her \u00fcr\u00fcn sorunsuz teslimat i\u00e7in \u00f6zenle paketliyor ve resimde belirtilen renk, ebat, \u00f6zelikte \u00fcr\u00fcn g\u00f6ndermeyi taahh\u00fct ediyoruz. Hasarl\u0131 \u00fcr\u00fcn ald\u0131ysan\u0131z veya di\u011fer \u00fcr\u00fcn ve paket teslimat sorunlar\u0131 oldu\u011funda bizimle ileti\u015fime ge\u00e7mekten \u00e7ekinmeyin.<\/p>\n<p>\n\t<strong>Detayl\u0131 bilgi i\u00e7in ek resimleri inceleyebilirsiniz<\/strong><\/p>\n<p><\/p>\n<p>\n\t<strong><img decoding=\"async\"  src=\"https:\/\/hepsicdn.com.tr\/static\/product_detail\/hbnet3b1e642e_4874901.webp\"><\/strong><\/p>\n<p>\n\t\u00a0<\/p>\n","protected":false},"excerpt":{"rendered":"<p>\u00dcr\u00fcn \u00d6zellikleri : DEKOR AKSESUARLAR \u00dcR\u00dcNE DAH\u0130L DE\u011e\u0130LD\u0130R. Adet\u00a0 \u00a0: 1 SET\u00a0 Nano Absolute Professional taraf\u0131ndan %100 Original kit olarak ithal edilmi\u015ftir. Kendi evinizin rahatl\u0131\u011f\u0131nda profesyonel bir kirpik kald\u0131rma elde etmenize olanak tan\u0131r. Geleneksel kirpik k\u0131v\u0131r\u0131c\u0131lara elveda, uzun \u00f6m\u00fcrl\u00fc, do\u011fal g\u00f6r\u00fcn\u00fcml\u00fc k\u0131vr\u0131k kirpiklere merhaba deyin. Bu perma seti \u00e7arp\u0131c\u0131 sonu\u00e7lar sunarak kirpiklerinize kalk\u0131k ve k\u0131vr\u0131k&#8230;<\/p>\n","protected":false},"featured_media":0,"comment_status":"open","ping_status":"closed","template":"","meta":{"_kad_post_transparent":"","_kad_post_title":"","_kad_post_layout":"","_kad_post_sidebar_id":"","_kad_post_content_style":"","_kad_post_vertical_padding":"","_kad_post_feature":"","_kad_post_feature_position":"","_kad_post_header":false,"_kad_post_footer":false,"_kad_post_classname":""},"product_brand":[],"product_cat":[14273],"product_tag":[],"class_list":{"0":"post-102864","1":"product","2":"type-product","3":"status-publish","5":"product_cat-kas-kirpik-uygulama-kisisel-bakim-aletleri-elektronik-kas-kirpik-uygulama","7":"first","8":"instock","9":"purchasable","10":"product-type-simple","11":"entry","12":"content-bg","13":"loop-entry"},"_links":{"self":[{"href":"https:\/\/www.hediyepazar.com\/index.php?rest_route=\/wp\/v2\/product\/102864","targetHints":{"allow":["GET"]}}],"collection":[{"href":"https:\/\/www.hediyepazar.com\/index.php?rest_route=\/wp\/v2\/product"}],"about":[{"href":"https:\/\/www.hediyepazar.com\/index.php?rest_route=\/wp\/v2\/types\/product"}],"replies":[{"embeddable":true,"href":"https:\/\/www.hediyepazar.com\/index.php?rest_route=%2Fwp%2Fv2%2Fcomments&post=102864"}],"wp:attachment":[{"href":"https:\/\/www.hediyepazar.com\/index.php?rest_route=%2Fwp%2Fv2%2Fmedia&parent=102864"}],"wp:term":[{"taxonomy":"product_brand","embeddable":true,"href":"https:\/\/www.hediyepazar.com\/index.php?rest_route=%2Fwp%2Fv2%2Fproduct_brand&post=102864"},{"taxonomy":"product_cat","embeddable":true,"href":"https:\/\/www.hediyepazar.com\/index.php?rest_route=%2Fwp%2Fv2%2Fproduct_cat&post=102864"},{"taxonomy":"product_tag","embeddable":true,"href":"https:\/\/www.hediyepazar.com\/index.php?rest_route=%2Fwp%2Fv2%2Fproduct_tag&post=102864"}],"curies":[{"name":"wp","href":"https:\/\/api.w.org\/{rel}","templated":true}]}}