{"id":102865,"date":"2026-05-04T08:27:22","date_gmt":"2026-05-04T11:27:22","guid":{"rendered":"https:\/\/www.hediyepazar.com\/?product=turk-cicek-bitki-bakimi-basincli-puskurtme-pompasi"},"modified":"2026-05-04T08:27:22","modified_gmt":"2026-05-04T11:27:22","slug":"turk-cicek-bitki-bakimi-basincli-puskurtme-pompasi","status":"publish","type":"product","link":"https:\/\/www.hediyepazar.com\/?product=turk-cicek-bitki-bakimi-basincli-puskurtme-pompasi","title":{"rendered":"Turk \u00c7i\u00e7ek Bitki Bak\u0131m\u0131 Bas\u0131n\u00e7l\u0131 P\u00fcsk\u00fcrtme Pompas\u0131"},"content":{"rendered":"<p>\n\t<strong>\u00dcr\u00fcn \u00d6zellikleri :\u00a0 1 adet g\u00f6nderilir<\/strong><\/p>\n<p>\t<strong>Materyal :\u00a0<\/strong>PP Sertle\u015ftirilmi\u015f darbelere dayan\u0131kl\u0131 plastik<\/p>\n<p>\n\t<strong>\u00d6l\u00e7\u00fcler : <\/strong> Y 32 CM X D\u0130P \u00c7API: 14 CM &#8211; Ekran yan\u0131lmalar\u0131na kar\u015f\u0131 l\u00fctfen \u00f6l\u00e7\u00fcleri kar\u015f\u0131la\u015ft\u0131r\u0131n.<\/p>\n<p>\t<strong>GEN\u0130\u015e KULLANIM ALANI : El tipi p\u00fcsk\u00fcrt\u00fcc\u00fc bah\u00e7ecilikte, seralarda ve bah\u00e7e bitkileri sulama ve ila\u00e7lamada, g\u00fcbreleme, evcil hayvan banyosu, ev temizli\u011fi ve araba y\u0131kama i\u00e7in i\u00e7in kullan\u0131labilir <\/strong><\/p>\n<p>\t<strong>\u00d6NE \u00c7IKAN \u00d6ZELL\u0130K : Elektrik gerektirmeden kendi bas\u0131nc\u0131 ile \u00e7al\u0131\u015f\u0131r. Pompalama ile komut sizde. Bas\u0131nc\u0131 siz ayarlayabilirsiniz. <\/strong><\/p>\n<p>\t<strong>P\u0130R\u0130N\u00c7 U\u00c7LU POMPA : <\/strong>Uzun \u00f6m\u00fcrl\u00fc, ergonomik sap, uzun s\u00fcre kullan\u0131mda yormayan tasar\u0131m. Pirin\u00e7 p\u00fcsk\u00fcrtme ba\u015fl\u0131\u011f\u0131, bir ya\u011fmurlama etkisi ve do\u011frudan bir jet etkisi i\u00e7in ayarlanabilir, \u00e7\u0131k\u0131\u015f \u00e7ap\u0131 1 mm&#8217;dir, bu da m\u00fckemmel atomizasyon etkisi sa\u011flar.<\/p>\n<p>\t<strong>KULP \u0130LE YERLE\u015eT\u0130R\u0130LM\u0130\u015e TET\u0130K: <\/strong>kullan\u0131m\u0131 kolay kullan\u0131m i\u00e7in tetik, daha uzun bir s\u00fcre i\u00e7in kullanmay\u0131 kolayla\u015ft\u0131r\u0131r.<\/p>\n<p>\t<strong>A\u011eIR H\u0130ZMET PLAST\u0130K YAPI :<\/strong> Bu p\u00fcsk\u00fcrt\u00fcc\u00fc, y\u00fcksek kaliteli PP malzemeden, kal\u0131nla\u015ft\u0131r\u0131lm\u0131\u015f g\u00f6vde tasar\u0131m\u0131ndan yap\u0131lm\u0131\u015ft\u0131r ve a\u015f\u0131nmaya dayan\u0131kl\u0131 ve anti-darbe \u00f6zeliklidir.<\/p>\n<p>\t<strong>2000 ML KAPAS\u0130TE : <\/strong>G\u00f6vde \u00fczerinde net \u00e7izgiler vard\u0131r, s\u0131v\u0131 seviyesi kolayca okunur. Bu p\u00fcsk\u00fcrt\u00fcc\u00fcn\u00fcn kapasitesi 2L&#8217;dir.<\/p>\n<p>\t<strong>ZAMAN TASARRUFU :<\/strong> Bu p\u00fcsk\u00fcrt\u00fcc\u00fc ile i\u015finizi daha da kolayla\u015ft\u0131r\u0131n. Bu verimli ara\u00e7larla zamandan ve enerjiden tasarruf edin.<\/p>\n<p>\t<strong>G\u00dcVENL\u0130K DE\u011eER\u0130 : S\u0131\u0131y\u0131 koyduktan sonra, pompas\u0131yla havas\u0131n\u0131 alarak ona bas\u0131n\u00e7 kazand\u0131r\u0131n, teti\u011fi \u00e7ekerek i\u015fleme ba\u015flay\u0131n.\u00a0<\/strong>Bah\u00e7e p\u00fcsk\u00fcrt\u00fcc\u00fc, 2,5-3 Bar&#8217;\u0131 a\u015ft\u0131\u011f\u0131nda a\u015f\u0131r\u0131 bas\u0131nc\u0131 otomatik olarak serbest b\u0131rakan bir emniyet valfi ile donat\u0131lm\u0131\u015ft\u0131r. P\u00fcsk\u00fcrt\u00fcc\u00fc \u015fi\u015fesinin hizmet \u00f6mr\u00fcn\u00fc uzatabilir.<\/p>\n<p>\n\t<strong>M\u00dcKEMMEL SATI\u015e SONRASI H\u0130ZMET : <\/strong>HSNET \/ HSNET olarak m\u00fc\u015fterilerimize en iyi hizmeti sunmay\u0131 ama\u00e7l\u0131yor, g\u00fcvenle sat\u0131n alabilmeniz i\u00e7in, ambalaj kalitemize g\u00fcveniyor, her \u00fcr\u00fcn sorunsuz teslimat i\u00e7in \u00f6zenle paketliyor ve resimde belirtilen renk, ebat, \u00f6zelikte \u00fcr\u00fcn g\u00f6ndermeyi taahh\u00fct ediyoruz. Hasarl\u0131 \u00fcr\u00fcn ald\u0131ysan\u0131z veya di\u011fer \u00fcr\u00fcn ve paket teslimat sorunlar\u0131 oldu\u011funda bizimle ileti\u015fime ge\u00e7mekten \u00e7ekinmeyin.<\/p>\n<p>\n\t<strong>Detayl\u0131 bilgi i\u00e7in ek resimleri inceleyebilirsiniz<\/strong><\/p>\n<p><\/p>\n<p>\n\t<img decoding=\"async\"  src=\"https:\/\/hepsicdn.com.tr\/static\/product_detail\/hbnet5b537559_4875001.jpg\"><\/p>\n<p>\n\t\u00a0<\/p>\n","protected":false},"excerpt":{"rendered":"<p>\u00dcr\u00fcn \u00d6zellikleri :\u00a0 1 adet g\u00f6nderilir Materyal :\u00a0PP Sertle\u015ftirilmi\u015f darbelere dayan\u0131kl\u0131 plastik \u00d6l\u00e7\u00fcler : Y 32 CM X D\u0130P \u00c7API: 14 CM &#8211; Ekran yan\u0131lmalar\u0131na kar\u015f\u0131 l\u00fctfen \u00f6l\u00e7\u00fcleri kar\u015f\u0131la\u015ft\u0131r\u0131n. GEN\u0130\u015e KULLANIM ALANI : El tipi p\u00fcsk\u00fcrt\u00fcc\u00fc bah\u00e7ecilikte, seralarda ve bah\u00e7e bitkileri sulama ve ila\u00e7lamada, g\u00fcbreleme, evcil hayvan banyosu, ev temizli\u011fi ve araba y\u0131kama i\u00e7in i\u00e7in&#8230;<\/p>\n","protected":false},"featured_media":0,"comment_status":"open","ping_status":"closed","template":"","meta":{"_kad_post_transparent":"","_kad_post_title":"","_kad_post_layout":"","_kad_post_sidebar_id":"","_kad_post_content_style":"","_kad_post_vertical_padding":"","_kad_post_feature":"","_kad_post_feature_position":"","_kad_post_header":false,"_kad_post_footer":false,"_kad_post_classname":""},"product_brand":[],"product_cat":[7848],"product_tag":[],"class_list":{"0":"post-102865","1":"product","2":"type-product","3":"status-publish","5":"product_cat-saksi-cicek-bakimi-bitki-yetistirme-bahce-ev-yasam-saksi","7":"first","8":"instock","9":"purchasable","10":"product-type-simple","11":"entry","12":"content-bg","13":"loop-entry"},"_links":{"self":[{"href":"https:\/\/www.hediyepazar.com\/index.php?rest_route=\/wp\/v2\/product\/102865","targetHints":{"allow":["GET"]}}],"collection":[{"href":"https:\/\/www.hediyepazar.com\/index.php?rest_route=\/wp\/v2\/product"}],"about":[{"href":"https:\/\/www.hediyepazar.com\/index.php?rest_route=\/wp\/v2\/types\/product"}],"replies":[{"embeddable":true,"href":"https:\/\/www.hediyepazar.com\/index.php?rest_route=%2Fwp%2Fv2%2Fcomments&post=102865"}],"wp:attachment":[{"href":"https:\/\/www.hediyepazar.com\/index.php?rest_route=%2Fwp%2Fv2%2Fmedia&parent=102865"}],"wp:term":[{"taxonomy":"product_brand","embeddable":true,"href":"https:\/\/www.hediyepazar.com\/index.php?rest_route=%2Fwp%2Fv2%2Fproduct_brand&post=102865"},{"taxonomy":"product_cat","embeddable":true,"href":"https:\/\/www.hediyepazar.com\/index.php?rest_route=%2Fwp%2Fv2%2Fproduct_cat&post=102865"},{"taxonomy":"product_tag","embeddable":true,"href":"https:\/\/www.hediyepazar.com\/index.php?rest_route=%2Fwp%2Fv2%2Fproduct_tag&post=102865"}],"curies":[{"name":"wp","href":"https:\/\/api.w.org\/{rel}","templated":true}]}}