{"id":102867,"date":"2026-05-04T08:28:57","date_gmt":"2026-05-04T11:28:57","guid":{"rendered":"https:\/\/www.hediyepazar.com\/?product=turk-kobalt-manikur-pedikur-tirnak-makasi-solingen-profesyonel"},"modified":"2026-05-04T08:28:57","modified_gmt":"2026-05-04T11:28:57","slug":"turk-kobalt-manikur-pedikur-tirnak-makasi-solingen-profesyonel","status":"publish","type":"product","link":"https:\/\/www.hediyepazar.com\/?product=turk-kobalt-manikur-pedikur-tirnak-makasi-solingen-profesyonel","title":{"rendered":"Turk Kobalt Manik\u00fcr Pedik\u00fcr T\u0131rnak Makas\u0131 Solingen Profesyonel"},"content":{"rendered":"<p>\t<strong>\u00dcr\u00fcn \u00d6zellikleri : <\/strong><\/p>\n<p>\t<strong>RENK : <\/strong> Turk Solingen Professional serisi olarak tasarlad\u0131\u011f\u0131m\u0131z bu \u00fcr\u00fcn\u00fc Renk\/tasar\u0131m\u0131 birebir g\u00f6re g\u00f6nderiyoruz. S\u00fcrpriz ya\u015famazs\u0131n\u0131z.<\/p>\n<p>\t<strong>MATERYAL : % 100 Kobalt<\/strong><\/p>\n<p>\t<strong>ADET : 1\u00a0<\/strong><\/p>\n<p>\t<strong>\u00d6L\u00c7\u00dcLER : 12,7 x 6,7 cm &#8211; a\u011f\u0131z y\u00fckseklik 2.2 geni\u015flik 1.3 cm<\/strong><\/p>\n<p>\t<strong>\u00d6NE \u00c7IKAN \u00d6ZELL\u0130K : <\/strong>M\u00fckemmel ergonomik tasar\u0131m<\/p>\n<p>\tKullan\u0131m\u0131 kolayla\u015ft\u0131ran i\u00e7 yay sistemi.<\/p>\n<p>\tSudan ve korozyondan etkilenmez.<\/p>\n<p>\tAyakt\u0131rnaklar\u0131 ve \u00f6l\u00fc deri i\u00e7in ideal kullan\u0131ma sahiptir.\u00a0<\/p>\n<p>\t<strong>M\u00dcKEMMEL SATI\u015e SONRASI H\u0130ZMET : <\/strong>Turk \/ Turk olarak m\u00fc\u015fterilerimize en iyi hizmeti sunmay\u0131 ama\u00e7l\u0131yor, g\u00fcvenle sat\u0131n alabilmeniz i\u00e7in, ambalaj kalitemize g\u00fcveniyor, her \u00fcr\u00fcn sorunsuz teslimat i\u00e7in \u00f6zenle paketliyor ve resimde belirtilen renk, ebat, \u00f6zelikte \u00fcr\u00fcn g\u00f6ndermeyi taahh\u00fct ediyoruz. Hasarl\u0131 \u00fcr\u00fcn ald\u0131ysan\u0131z veya di\u011fer \u00fcr\u00fcn ve paket teslimat sorunlar\u0131 oldu\u011funda bizimle ileti\u015fime ge\u00e7mekten \u00e7ekinmeyin.<\/p>\n<p>\t<strong>Detayl\u0131 bilgi i\u00e7in ek resimleri inceleyebilirsiniz<\/strong><\/p>\n<p><\/p>\n<p>\t<strong><strong> <\/strong><\/strong><\/p>\n<p>\t\u00a0<\/p>\n","protected":false},"excerpt":{"rendered":"<p>\u00dcr\u00fcn \u00d6zellikleri : RENK : Turk Solingen Professional serisi olarak tasarlad\u0131\u011f\u0131m\u0131z bu \u00fcr\u00fcn\u00fc Renk\/tasar\u0131m\u0131 birebir g\u00f6re g\u00f6nderiyoruz. S\u00fcrpriz ya\u015famazs\u0131n\u0131z. MATERYAL : % 100 Kobalt ADET : 1\u00a0 \u00d6L\u00c7\u00dcLER : 12,7 x 6,7 cm &#8211; a\u011f\u0131z y\u00fckseklik 2.2 geni\u015flik 1.3 cm \u00d6NE \u00c7IKAN \u00d6ZELL\u0130K : M\u00fckemmel ergonomik tasar\u0131m Kullan\u0131m\u0131 kolayla\u015ft\u0131ran i\u00e7 yay sistemi. Sudan ve korozyondan&#8230;<\/p>\n","protected":false},"featured_media":102866,"comment_status":"open","ping_status":"closed","template":"","meta":{"_kad_post_transparent":"","_kad_post_title":"","_kad_post_layout":"","_kad_post_sidebar_id":"","_kad_post_content_style":"","_kad_post_vertical_padding":"","_kad_post_feature":"","_kad_post_feature_position":"","_kad_post_header":false,"_kad_post_footer":false,"_kad_post_classname":""},"product_brand":[],"product_cat":[7853],"product_tag":[],"class_list":{"0":"post-102867","1":"product","2":"type-product","3":"status-publish","4":"has-post-thumbnail","6":"product_cat-ayak-tirnak-ve-bakim-malzemeleri-kisisel-bakim-aletleri-elektronik-ayak-tirnak-ve-bakim-malzemeleri","8":"first","9":"instock","10":"purchasable","11":"product-type-simple","12":"entry","13":"content-bg","14":"loop-entry"},"_links":{"self":[{"href":"https:\/\/www.hediyepazar.com\/index.php?rest_route=\/wp\/v2\/product\/102867","targetHints":{"allow":["GET"]}}],"collection":[{"href":"https:\/\/www.hediyepazar.com\/index.php?rest_route=\/wp\/v2\/product"}],"about":[{"href":"https:\/\/www.hediyepazar.com\/index.php?rest_route=\/wp\/v2\/types\/product"}],"replies":[{"embeddable":true,"href":"https:\/\/www.hediyepazar.com\/index.php?rest_route=%2Fwp%2Fv2%2Fcomments&post=102867"}],"wp:featuredmedia":[{"embeddable":true,"href":"https:\/\/www.hediyepazar.com\/index.php?rest_route=\/wp\/v2\/media\/102866"}],"wp:attachment":[{"href":"https:\/\/www.hediyepazar.com\/index.php?rest_route=%2Fwp%2Fv2%2Fmedia&parent=102867"}],"wp:term":[{"taxonomy":"product_brand","embeddable":true,"href":"https:\/\/www.hediyepazar.com\/index.php?rest_route=%2Fwp%2Fv2%2Fproduct_brand&post=102867"},{"taxonomy":"product_cat","embeddable":true,"href":"https:\/\/www.hediyepazar.com\/index.php?rest_route=%2Fwp%2Fv2%2Fproduct_cat&post=102867"},{"taxonomy":"product_tag","embeddable":true,"href":"https:\/\/www.hediyepazar.com\/index.php?rest_route=%2Fwp%2Fv2%2Fproduct_tag&post=102867"}],"curies":[{"name":"wp","href":"https:\/\/api.w.org\/{rel}","templated":true}]}}