{"id":102872,"date":"2026-05-04T08:32:24","date_gmt":"2026-05-04T11:32:24","guid":{"rendered":"https:\/\/www.hediyepazar.com\/?product=turk-twin-fircali-ve-silikon-uclu-cam-sil-cekcek"},"modified":"2026-05-04T08:32:24","modified_gmt":"2026-05-04T11:32:24","slug":"turk-twin-fircali-ve-silikon-uclu-cam-sil-cekcek","status":"publish","type":"product","link":"https:\/\/www.hediyepazar.com\/?product=turk-twin-fircali-ve-silikon-uclu-cam-sil-cekcek","title":{"rendered":"Turk Twin F\u0131r\u00e7al\u0131 ve Silikon U\u00e7lu Cam Sil \u00c7ek\u00e7ek"},"content":{"rendered":"<p>\n\t<strong>\u00dcr\u00fcn \u00d6zellikleri : <\/strong><\/p>\n<p>\t<strong>Adet \/ Renk \/ Tasar\u0131m : <\/strong> 1 Adet, HSNET Blazina Bores Design olarak tasarlad\u0131\u011f\u0131m\u0131z, resimde yer alan tasar\u0131m\u0131 , s\u00fcrpriz ya\u015famaman\u0131z i\u00e7in birebir g\u00f6nderiyoruz<\/p>\n<p>\t<strong>\u00d6l\u00e7\u00fcler :\u00a0<\/strong><span style=\"color: rgb(255, 0, 0);\"><strong>\u00a0<\/strong><\/span>35 cm uzunlu\u011funda x 22 cm geni\u015flikte<\/p>\n<p>\n\tOtomobilinizde,evinizde,ofisinizde,banyonuzda VB<\/p>\n<p>\n\tSuyu \u00e7ekerek al\u0131rs\u0131n\u0131z, F\u0131r\u00e7al\u0131 di\u011fer taraf\u0131yla temizlik yap\u0131labilir<br \/>\n\tHortum ba\u011flanabilme \u00f6zellikli,bir taraf\u0131 f\u0131r\u00e7al\u0131 bir taraf\u0131 cam \u00e7ek tasar\u0131m\u0131nda \u00fcretilmi\u015ftir.<br \/>\n\tG\u00fc\u00e7l\u00fc,temizleyici f\u0131r\u00e7al\u0131 k\u0131s\u0131m ile temizlik yapabilir,kesinlikle iz b\u0131rakmayacak yumu\u015fakl\u0131k ve \u00f6zellikteki cam\u00e7ek taraf\u0131ylada cam\u0131 temizleyebilirsiniz.<br \/>\n\t\u00dcr\u00fcne su hortumu ba\u011flanabilir ve sopa tak\u0131labilir \u00f6zelliktedir.<span style=\"color:#ff0000;\"><span style=\"color:#ff0000;\"> <\/span><\/span><\/p>\n<p>\n\t<strong>M\u00dcKEMMEL SATI\u015e SONRASI H\u0130ZMET : <\/strong>HSNET \/ HSNET olarak m\u00fc\u015fterilerimize en iyi hizmeti sunmay\u0131 ama\u00e7l\u0131yor, g\u00fcvenle sat\u0131n alabilmeniz i\u00e7in, ambalaj kalitemize g\u00fcveniyor, her \u00fcr\u00fcn sorunsuz teslimat i\u00e7in \u00f6zenle paketliyor ve resimde belirtilen renk, ebat, \u00f6zelikte \u00fcr\u00fcn g\u00f6ndermeyi taahh\u00fct ediyoruz. Hasarl\u0131 \u00fcr\u00fcn ald\u0131ysan\u0131z veya di\u011fer \u00fcr\u00fcn ve paket teslimat sorunlar\u0131 oldu\u011funda bizimle ileti\u015fime ge\u00e7mekten \u00e7ekinmeyin.<\/p>\n","protected":false},"excerpt":{"rendered":"<p>\u00dcr\u00fcn \u00d6zellikleri : Adet \/ Renk \/ Tasar\u0131m : 1 Adet, HSNET Blazina Bores Design olarak tasarlad\u0131\u011f\u0131m\u0131z, resimde yer alan tasar\u0131m\u0131 , s\u00fcrpriz ya\u015famaman\u0131z i\u00e7in birebir g\u00f6nderiyoruz \u00d6l\u00e7\u00fcler :\u00a0\u00a035 cm uzunlu\u011funda x 22 cm geni\u015flikte Otomobilinizde,evinizde,ofisinizde,banyonuzda VB Suyu \u00e7ekerek al\u0131rs\u0131n\u0131z, F\u0131r\u00e7al\u0131 di\u011fer taraf\u0131yla temizlik yap\u0131labilir Hortum ba\u011flanabilme \u00f6zellikli,bir taraf\u0131 f\u0131r\u00e7al\u0131 bir taraf\u0131 cam \u00e7ek tasar\u0131m\u0131nda&#8230;<\/p>\n","protected":false},"featured_media":0,"comment_status":"open","ping_status":"closed","template":"","meta":{"_kad_post_transparent":"","_kad_post_title":"","_kad_post_layout":"","_kad_post_sidebar_id":"","_kad_post_content_style":"","_kad_post_vertical_padding":"","_kad_post_feature":"","_kad_post_feature_position":"","_kad_post_header":false,"_kad_post_footer":false,"_kad_post_classname":""},"product_brand":[],"product_cat":[14360],"product_tag":[],"class_list":{"0":"post-102872","1":"product","2":"type-product","3":"status-publish","5":"product_cat-temizlik-gerecleri-ev-temizlik-supermarket-temizlik-gerecleri-ev-temizlik-supermarket","7":"first","8":"instock","9":"purchasable","10":"product-type-simple","11":"entry","12":"content-bg","13":"loop-entry"},"_links":{"self":[{"href":"https:\/\/www.hediyepazar.com\/index.php?rest_route=\/wp\/v2\/product\/102872","targetHints":{"allow":["GET"]}}],"collection":[{"href":"https:\/\/www.hediyepazar.com\/index.php?rest_route=\/wp\/v2\/product"}],"about":[{"href":"https:\/\/www.hediyepazar.com\/index.php?rest_route=\/wp\/v2\/types\/product"}],"replies":[{"embeddable":true,"href":"https:\/\/www.hediyepazar.com\/index.php?rest_route=%2Fwp%2Fv2%2Fcomments&post=102872"}],"wp:attachment":[{"href":"https:\/\/www.hediyepazar.com\/index.php?rest_route=%2Fwp%2Fv2%2Fmedia&parent=102872"}],"wp:term":[{"taxonomy":"product_brand","embeddable":true,"href":"https:\/\/www.hediyepazar.com\/index.php?rest_route=%2Fwp%2Fv2%2Fproduct_brand&post=102872"},{"taxonomy":"product_cat","embeddable":true,"href":"https:\/\/www.hediyepazar.com\/index.php?rest_route=%2Fwp%2Fv2%2Fproduct_cat&post=102872"},{"taxonomy":"product_tag","embeddable":true,"href":"https:\/\/www.hediyepazar.com\/index.php?rest_route=%2Fwp%2Fv2%2Fproduct_tag&post=102872"}],"curies":[{"name":"wp","href":"https:\/\/api.w.org\/{rel}","templated":true}]}}