{"id":102880,"date":"2026-05-04T08:33:12","date_gmt":"2026-05-04T11:33:12","guid":{"rendered":"https:\/\/www.hediyepazar.com\/?product=turk-tiras-tasi-cabrera-design-plastik"},"modified":"2026-05-04T08:33:12","modified_gmt":"2026-05-04T11:33:12","slug":"turk-tiras-tasi-cabrera-design-plastik","status":"publish","type":"product","link":"https:\/\/www.hediyepazar.com\/?product=turk-tiras-tasi-cabrera-design-plastik","title":{"rendered":"Turk T\u0131ra\u015f Tas\u0131 Cabrera Design Plastik"},"content":{"rendered":"<p>\t<strong>\u00dcr\u00fcn \u00d6zellikleri :\u00a0<\/strong><b>TIRA\u015e FIR\u00c7ASI veya di\u011fer aksesuarlar \u00fcr\u00fcne dahil de\u011fildir<\/b><\/p>\n<p>\t<strong>Materyal : Plastik\u00a0<\/strong><\/p>\n<p>\t<strong>Adet \/ Renk \/ Tasar\u0131m : <\/strong> 1 Adet, Turk\u00a0<span style=\"color: rgb(1, 15, 38); font-family: Roboto, sans-serif; font-size: 13px; background-color: rgb(247, 247, 247);\">Cabrera\u00a0<\/span>\u00a0Design olarak tasarlad\u0131\u011f\u0131m\u0131z, resimde yer alan S\u0130YAH rengi, s\u00fcrpriz ya\u015famaman\u0131z i\u00e7in birebir g\u00f6nderiyoruz<\/p>\n<p>\t<strong>\u00d6l\u00e7\u00fcler : 9 x 5 cm<\/strong><\/p>\n<p>\t<b>\u00a0<\/b><br \/>\tGeleneksel t\u0131ra\u015f b\u0131\u00e7a\u011f\u0131 stiline al\u0131\u015fk\u0131nsan\u0131z, p\u00fcr\u00fczs\u00fcz ve zarif bir t\u0131ra\u015f sa\u011flamak i\u00e7in do\u011fru aletlerle donat\u0131lm\u0131\u015f olman\u0131z gerekir. T\u0131ra\u015f kasesi, \u0131slak t\u0131ra\u015f setinize m\u00fckemmel bir ektir \u00e7\u00fcnk\u00fc asla k\u0131r\u0131lmaz, \u00e7atlamaz veya k\u0131r\u0131lmaz!<\/p>\n<p>\t<strong>HER T\u00dcRL\u00dc KLAS\u0130K TIRA\u015e SABUNU \u0130LE KULLANIN:<\/strong> Bu t\u0131ra\u015f sabunlu\u011funa en sevdi\u011finiz t\u0131ra\u015f sabunu yede\u011finizi ekleyin ve k\u00f6p\u00fc\u011f\u00fcn\u00fcz\u00fc \u00e7al\u0131\u015ft\u0131rmak i\u00e7in t\u0131ra\u015f f\u0131r\u00e7an\u0131z\u0131 kullan\u0131n.<\/p>\n<p>\t<strong>HER G\u00dcN K\u00d6P\u00dcK B\u0130R K\u00d6P\u00dcKLE SICAK T\u0131ra\u015f <\/strong>&#8211;\u00a0 \u00a0s\u0131cakl\u0131\u011f\u0131 normal t\u0131ra\u015f kupalar\u0131ndan daha uzun s\u00fcre korur. En sevdi\u011finiz sabunlar\u0131 ve kremleri do\u011frudan yeni t\u0131ra\u015f kupan\u0131zda k\u00f6p\u00fcrt\u00fcn ve t\u0131pk\u0131 berberde oldu\u011fu gibi s\u0131cak bir t\u0131ra\u015f\u0131n keyfini \u00e7\u0131kar\u0131n. &#8220;\u015eimdiye kadarki en iyi s\u0131cak t\u0131ra\u015f. Tonlarca \u0131l\u0131k, k\u00f6p\u00fckl\u00fc k\u00f6p\u00fck.<\/p>\n<p>\tM\u00dcKEMMEL \u015eEK\u0130L VE TIRA\u015e: Du\u015f ba\u015fl\u0131\u011f\u0131n\u0131n geni\u015f duda\u011f\u0131 ve k\u0131sa kenarlar\u0131, en sevdi\u011finiz t\u0131ra\u015f sabunu veya kremini k\u00f6p\u00fcrtmek i\u00e7in m\u00fckemmeldir.<\/p>\n<p>\t\u00a0<\/p>\n<p>\t<strong>M\u00dcKEMMEL SATI\u015e SONRASI H\u0130ZMET : <\/strong>Turk \/ Turk olarak m\u00fc\u015fterilerimize en iyi hizmeti sunmay\u0131 ama\u00e7l\u0131yor, g\u00fcvenle sat\u0131n alabilmeniz i\u00e7in, ambalaj kalitemize g\u00fcveniyor, her \u00fcr\u00fcn sorunsuz teslimat i\u00e7in \u00f6zenle paketliyor ve resimde belirtilen renk, ebat, \u00f6zelikte \u00fcr\u00fcn g\u00f6ndermeyi taahh\u00fct ediyoruz. Hasarl\u0131 \u00fcr\u00fcn ald\u0131ysan\u0131z veya di\u011fer \u00fcr\u00fcn ve paket teslimat sorunlar\u0131 oldu\u011funda bizimle ileti\u015fime ge\u00e7mekten \u00e7ekinmeyin.<\/p>\n<p>\t<strong>Detayl\u0131 bilgi i\u00e7in ek resimleri inceleyebilirsiniz<\/strong><\/p>\n<p><\/p>\n<p>\t<strong><strong> <\/strong><\/strong><\/p>\n<p>\t\u00a0<\/p>\n","protected":false},"excerpt":{"rendered":"<p>\u00dcr\u00fcn \u00d6zellikleri :\u00a0TIRA\u015e FIR\u00c7ASI veya di\u011fer aksesuarlar \u00fcr\u00fcne dahil de\u011fildir Materyal : Plastik\u00a0 Adet \/ Renk \/ Tasar\u0131m : 1 Adet, Turk\u00a0Cabrera\u00a0\u00a0Design olarak tasarlad\u0131\u011f\u0131m\u0131z, resimde yer alan S\u0130YAH rengi, s\u00fcrpriz ya\u015famaman\u0131z i\u00e7in birebir g\u00f6nderiyoruz \u00d6l\u00e7\u00fcler : 9 x 5 cm \u00a0 Geleneksel t\u0131ra\u015f b\u0131\u00e7a\u011f\u0131 stiline al\u0131\u015fk\u0131nsan\u0131z, p\u00fcr\u00fczs\u00fcz ve zarif bir t\u0131ra\u015f sa\u011flamak i\u00e7in do\u011fru aletlerle&#8230;<\/p>\n","protected":false},"featured_media":102879,"comment_status":"open","ping_status":"closed","template":"","meta":{"_kad_post_transparent":"","_kad_post_title":"","_kad_post_layout":"","_kad_post_sidebar_id":"","_kad_post_content_style":"","_kad_post_vertical_padding":"","_kad_post_feature":"","_kad_post_feature_position":"","_kad_post_header":false,"_kad_post_footer":false,"_kad_post_classname":""},"product_brand":[],"product_cat":[14227],"product_tag":[],"class_list":{"0":"post-102880","1":"product","2":"type-product","3":"status-publish","4":"has-post-thumbnail","6":"product_cat-kuafor-urunleri-erkek-kuafor-kuafor-urunleri","8":"first","9":"instock","10":"purchasable","11":"product-type-simple","12":"entry","13":"content-bg","14":"loop-entry"},"_links":{"self":[{"href":"https:\/\/www.hediyepazar.com\/index.php?rest_route=\/wp\/v2\/product\/102880","targetHints":{"allow":["GET"]}}],"collection":[{"href":"https:\/\/www.hediyepazar.com\/index.php?rest_route=\/wp\/v2\/product"}],"about":[{"href":"https:\/\/www.hediyepazar.com\/index.php?rest_route=\/wp\/v2\/types\/product"}],"replies":[{"embeddable":true,"href":"https:\/\/www.hediyepazar.com\/index.php?rest_route=%2Fwp%2Fv2%2Fcomments&post=102880"}],"wp:featuredmedia":[{"embeddable":true,"href":"https:\/\/www.hediyepazar.com\/index.php?rest_route=\/wp\/v2\/media\/102879"}],"wp:attachment":[{"href":"https:\/\/www.hediyepazar.com\/index.php?rest_route=%2Fwp%2Fv2%2Fmedia&parent=102880"}],"wp:term":[{"taxonomy":"product_brand","embeddable":true,"href":"https:\/\/www.hediyepazar.com\/index.php?rest_route=%2Fwp%2Fv2%2Fproduct_brand&post=102880"},{"taxonomy":"product_cat","embeddable":true,"href":"https:\/\/www.hediyepazar.com\/index.php?rest_route=%2Fwp%2Fv2%2Fproduct_cat&post=102880"},{"taxonomy":"product_tag","embeddable":true,"href":"https:\/\/www.hediyepazar.com\/index.php?rest_route=%2Fwp%2Fv2%2Fproduct_tag&post=102880"}],"curies":[{"name":"wp","href":"https:\/\/api.w.org\/{rel}","templated":true}]}}